{"id":83,"date":"2017-02-13T12:37:59","date_gmt":"2017-02-13T12:37:59","guid":{"rendered":"http:\/\/blogs.magicjudges.org\/benelux\/?page_id=83"},"modified":"2018-11-06T14:59:42","modified_gmt":"2018-11-06T14:59:42","slug":"bienvenue-dans-la-communaute-arbitrale-du-benelux","status":"publish","type":"page","link":"https:\/\/blogs.magicjudges.org\/benelux\/bienvenue-dans-la-communaute-arbitrale-du-benelux\/","title":{"rendered":"Bienvenue dans la communaut\u00e9 arbitrale du Benelux"},"content":{"rendered":"<p><em><strong><br \/>\nNote:<\/strong> This was translated from <a href=\"http:\/\/blogs.magicjudges.org\/benelux\/welcome-to-the-benelux-judge-community\/\">English<\/a>\u00a0by Sylvain Boisbourdin with the help of Ga\u00ebl Lafen\u00eatre and further refined by Alexandre Darras<br \/>\n<\/em><\/p>\n<p><i><span style=\"font-weight: 400\">Tu as r\u00e9ussi ton test pour le Niveau 1 et ton entretien. F\u00e9licitations!<\/span><\/i><i><span style=\"font-weight: 400\"><br \/>\n<\/span><\/i><i><span style=\"font-weight: 400\">En tant que nouveau membre de la communaut\u00e9 arbitrale du Benelux, tu as probablement encore beaucoup de choses \u00e0 d\u00e9couvrir.<\/span><\/i><i><span style=\"font-weight: 400\"><br \/>\n<\/span><\/i><i><span style=\"font-weight: 400\">Ce document est l\u00e0 pour t\u2019y aider.<\/span><\/i><i><span style=\"font-weight: 400\"><br \/>\n<\/span><\/i><br \/>\nEn premier lieu, <span style=\"font-weight: 400\">tu pourrais<\/span> jeter un oeil au message g\u00e9n\u00e9ral de <a href=\"http:\/\/blogs.magicjudges.org\/o\/judge-levels\/welcome-to-level-1\/\">bienvenue au Niveau 1<\/a>.<br \/>\n<span style=\"font-weight: 400\">Au-del\u00e0 de ces informations de bases, le Benelux offre bon nombre de plateformes d\u2019informations :<\/span><\/p>\n<h2>JudgeApps<\/h2>\n<p><span style=\"font-weight: 400\">Les <a href=\"http:\/\/apps.magicjudges.org\/forum\/\">forums<\/a> sont un moyen de communication tr\u00e8s important au sein de notre r\u00e9gion. Toutes les annonces officielles y sont publi\u00e9es. Cette plateforme contient \u00e9galement de nombreuses informations sur les \u00e9v\u00e9nements li\u00e9s \u00e0 la vie arbitrale (tels que les conf\u00e9rences, les d\u00eeners, etc.) ainsi que les moyens d\u2019y postuler. Pour plus d\u2019informations, voir la section \u00ab<strong>\u00c9v\u00e9nements<\/strong>\u00bb ci-dessous.<\/span><\/p>\n<p><span style=\"font-weight: 400\">De nombreux organisateurs publient \u00e9galement les tournois pour lesquels ils recherchent un arbitre sur cette plateforme. Tu peux directement postuler pour ceux-ci sur ces forums.<\/span><\/p>\n<p><i><span style=\"font-weight: 400\"><strong>Petite astuce<\/strong>: Assure-toi de mettre une photo en ligne d\u00e8s que possible. Postuler pour des tournois est toujours mieux quand l\u2019organisateur peut reconna\u00eetre ton visage.<\/span><\/i><span style=\"font-weight: 400\"><br \/>\n<\/span><\/p>\n<h2>Groupe Facebook<\/h2>\n<p>Notre Groupe <a href=\"https:\/\/www.facebook.com\/groups\/BeNeLuxMagicJudges\/\">Facebook Benelux Magic Judges<\/a> est assez actif. <span style=\"font-weight: 400\">De nombreux articles int\u00e9ressants li\u00e9s \u00e0 l\u2019arbitrage y sont partag\u00e9s. Occasionnellement, y sont pos\u00e9es des questions de r\u00e8gles ou de r\u00e8glements, ainsi que des rappels pour certains des \u00e9v\u00e9nements r\u00e9gionaux.<\/span><span style=\"font-weight: 400\"><br \/>\n<\/span><span style=\"font-weight: 400\">Si tu rencontres un souci sur un \u00e9v\u00e9nement, c\u2019est probablement le canal via lequel tu trouvera l\u2019aide la plus rapide, puisque la majorit\u00e9 des personnes qui ont activ\u00e9 les notifications r\u00e9pondent tr\u00e8s rapidement.<\/span><span style=\"font-weight: 400\"><br \/>\n<\/span><\/p>\n<h2>Blog R\u00e9gional BeNeLux<\/h2>\n<p><span style=\"font-weight: 400\">Si tu es en train de lire ceci, tu l\u2019as d\u00e9j\u00e0 trouv\u00e9 !\u00a0<\/span><span style=\"font-weight: 400\">Ce blog est utilis\u00e9 pour publier des articles ou des rapports de tournoi, et contient des pages informatives telles que celle-ci.\u00a0<\/span>Toute contribution au <a href=\"http:\/\/apps.magicjudges.org\/projects\/506\/\">Projet du Blog BeNeLux<\/a> est la bienvenue.<\/p>\n<h2>\u00c9v\u00e9nements<\/h2>\n<p><span style=\"font-weight: 400\">J\u2019ai mentionn\u00e9 ci-dessus que nous avons des \u00e9v\u00e9nements r\u00e9gionaux qui pourraient t\u2019int\u00e9resser, en voici un aper\u00e7u :<\/span><span style=\"font-weight: 400\"><br \/>\n<\/span><\/p>\n<p><strong>Conf\u00e9rences<\/strong><br \/>\n<span style=\"font-weight: 400\">Les conf\u00e9rences sont un excellent moyen de rencontrer les autres arbitres, de partager ses connaissances, et plus g\u00e9n\u00e9ralement de passer un bon moment avec des gens sympas. Le BeNeLux a 3 conf\u00e9rences annuelles. Il y a une petite Conf\u00e9rence d\u2019une journ\u00e9e aux \u00a0alentours du mois de novembre, et une plus grande Conf\u00e9rence d\u2019un week-end aux alentours du mois de juin. Les deux sont limit\u00e9es en places disponibles, assure-toi de postuler d\u00e8s que possible. La derni\u00e8re conf\u00e9rence est la \u00abLeadership Conference\u00bb, qui est seulement sur invitation. Les conf\u00e9rences sont un excellent moyen de gagner de l\u2019exp\u00e9rience en tant qu\u2019arbitre et nous serons toujours heureux de t\u2019y rencontrer.<\/span><\/p>\n<p><strong>Judge Dinners<\/strong><br \/>\n<span style=\"font-weight: 400\">Chaque mercredi pr\u00e9c\u00e9dant une avant-premi\u00e8re, deux mini-conf\u00e9rences sont organis\u00e9es (l\u2019une en Belgique, et l\u2019autre au Pays-Bas). Nous nous rejoignons pour y partager un bon repas, assister \u00e0 quelques s\u00e9minaires et ateliers. Ensuite, certains prolongent la discussion ou jouent quelques parties. Ce sont des rassemblements informels qui ont souvent lieu dans un restaurant ou un endroit qui puisse nous accueillir. Tant les candidats arbitres que les arbitres certifi\u00e9s sont les bienvenus. Garde un oeil sur JudgeApps quand la prochaine avant-premi\u00e8re approchera, car c\u2019est \u00e0 ce moment-l\u00e0 que les inscriptions ouvrent.<\/span><\/p>\n<p><span style=\"font-weight: 400\">Maintenant que tu es compl\u00e8tement inform\u00e9 sur les canaux d\u2019informations et les \u00e9v\u00e9nements dans ta r\u00e9gion, jetons un oeil aux personnes que tu devrais conna\u00eetre :<\/span><\/p>\n<h2>Capitaines de Zone<\/h2>\n<p><span style=\"font-weight: 400\">Notre r\u00e9gion est divis\u00e9e en zones, et chaque zone a un Capitaine. Les informations \u00e0 propos des Capitaines de Zone ainsi que leurs responsabilit\u00e9s peuvent \u00eatre trouv\u00e9es sur la page<\/span>\u00a0<a href=\"http:\/\/blogs.magicjudges.org\/benelux\/area-captains\/\">Capitaines de zone du blog BeNeLux<\/a>.<\/p>\n<h2>Coordinateur R\u00e9gional<\/h2>\n<p><span style=\"font-weight: 400\">Si jamais vous rencontrez un probl\u00e8me li\u00e9 \u00e0 l\u2019arbitrage et ne savez pas vers qui vous tourner, votre Coordinateur R\u00e9gional doit \u00eatre votre point de contact. Ce poste est actuellement occup\u00e9 par Niels Viaene. Il est responsable des tous les Arbitres Magic et des activit\u00e9s dans notre r\u00e9gion. En plus de ces responsabilit\u00e9, il est responsable de l\u2019organisation des Conf\u00e9rences Arbitrales. Il participe aussi r\u00e9guli\u00e8rement aux d\u00eeners, si tu souhaites simplement discuter avec lui.<\/span><\/p>\n<h2>Leaders de Projets pour des Projets R\u00e9gionaux<\/h2>\n<p><span style=\"font-weight: 400\">Si tu es int\u00e9ress\u00e9 par l\u2019un de nos projets r\u00e9gionaux, voici les leaders actuels de ces projets :<\/span><\/p>\n<ul>\n<li><strong>Projets des Capitaines de Zone :<\/strong> Niels Viaene<\/li>\n<li><strong>Blog BeNeLux :<\/strong> Jonas Drieghe<\/li>\n<li><strong>Groupe Facebook :<\/strong> Emilien Wild<\/li>\n<li><strong>Mentorat (L1 \u2192 L2) :<\/strong> Dustin de Leeuw<\/li>\n<\/ul>\n<h2><strong>Tapis de jeu d\u2019arbitre<\/strong><\/h2>\n<p><span style=\"font-weight: 400\">Notre r\u00e9gion poss\u00e8de son propre tapis de jeu d\u2019arbitre, disponible <\/span><a href=\"https:\/\/www.mijnwebwinkel.nl\/winkel\/benelux-magic-judges\/a-49310280\/products\/playmat\/\"><span style=\"font-weight: 400\">via notre boutique web<\/span><\/a><\/p>\n<h2><strong>Traduction<\/strong><\/h2>\n<p><span style=\"font-weight: 400\">Cette page est \u00e9galement disponible en <\/span><a href=\"https:\/\/blogs.magicjudges.org\/benelux\/welcome-to-the-benelux-judge-community\/\"><span style=\"font-weight: 400\">anglais<\/span><\/a><span style=\"font-weight: 400\">.<\/span><\/p>\n","protected":false},"excerpt":{"rendered":"<p>Note: This was translated from English\u00a0by Sylvain Boisbourdin with the help of Ga\u00ebl Lafen\u00eatre and further refined by Alexandre Darras Tu as r\u00e9ussi ton test pour le Niveau 1 et ton entretien. F\u00e9licitations! En tant que nouveau membre de la communaut\u00e9 arbitrale du Benelux, tu as probablement encore beaucoup de choses \u00e0 d\u00e9couvrir. Ce document [&hellip;]<\/p>\n","protected":false},"author":283,"featured_media":0,"parent":0,"menu_order":0,"comment_status":"closed","ping_status":"closed","template":"","meta":{"footnotes":"","_links_to":"","_links_to_target":""},"language":[],"class_list":["post-83","page","type-page","status-publish","hentry"],"_links":{"self":[{"href":"https:\/\/blogs.magicjudges.org\/benelux\/wp-json\/wp\/v2\/pages\/83","targetHints":{"allow":["GET"]}}],"collection":[{"href":"https:\/\/blogs.magicjudges.org\/benelux\/wp-json\/wp\/v2\/pages"}],"about":[{"href":"https:\/\/blogs.magicjudges.org\/benelux\/wp-json\/wp\/v2\/types\/page"}],"author":[{"embeddable":true,"href":"https:\/\/blogs.magicjudges.org\/benelux\/wp-json\/wp\/v2\/users\/283"}],"replies":[{"embeddable":true,"href":"https:\/\/blogs.magicjudges.org\/benelux\/wp-json\/wp\/v2\/comments?post=83"}],"version-history":[{"count":5,"href":"https:\/\/blogs.magicjudges.org\/benelux\/wp-json\/wp\/v2\/pages\/83\/revisions"}],"predecessor-version":[{"id":284,"href":"https:\/\/blogs.magicjudges.org\/benelux\/wp-json\/wp\/v2\/pages\/83\/revisions\/284"}],"wp:attachment":[{"href":"https:\/\/blogs.magicjudges.org\/benelux\/wp-json\/wp\/v2\/media?parent=83"}],"wp:term":[{"taxonomy":"language","embeddable":true,"href":"https:\/\/blogs.magicjudges.org\/benelux\/wp-json\/wp\/v2\/language?post=83"}],"curies":[{"name":"wp","href":"https:\/\/api.w.org\/{rel}","templated":true}]}}