{"id":1009,"date":"2016-10-14T11:39:23","date_gmt":"2016-10-14T14:39:23","guid":{"rendered":"http:\/\/blogs.magicjudges.org\/brasil\/?page_id=1009"},"modified":"2016-10-30T21:28:41","modified_gmt":"2016-10-31T00:28:41","slug":"ipg","status":"publish","type":"page","link":"https:\/\/blogs.magicjudges.org\/brasil\/regras\/ipg\/","title":{"rendered":"IPG"},"content":{"rendered":"<p>Conte\u00fado<\/p>\n<p><a href=\"http:\/\/blogs.magicjudges.org\/brasil\/regras\/ipg\/ipg1\/\">1. Filosofia Geral<\/a><br \/>\n<a href=\"http:\/\/blogs.magicjudges.org\/brasil\/regras\/ipg\/ipg1\/ipg1-1\/\">1.1. Defini\u00e7\u00f5es de Penalidades<\/a><br \/>\n<a href=\"http:\/\/blogs.magicjudges.org\/brasil\/regras\/ipg\/ipg1\/ipg1-2\/\">1.2. Aplicando Penalidades<\/a><br \/>\n<a href=\"http:\/\/blogs.magicjudges.org\/brasil\/regras\/ipg\/ipg1\/ipg1-3\/\">1.3. Embaralhando um Deck<\/a><br \/>\n<a href=\"http:\/\/blogs.magicjudges.org\/brasil\/regras\/ipg\/ipg1\/ipg1-4\/\">1.4. Retrocesso<\/a><\/p>\n<p><a href=\"http:\/\/blogs.magicjudges.org\/brasil\/regras\/ipg\/ipg2-0\/\">2. Erros de Jogo<\/a><br \/>\n<a href=\"http:\/\/blogs.magicjudges.org\/brasil\/regras\/ipg\/ipg2-0\/ipg2-1\/\">2.1. Erro de Jogo \u2014 Habilidade Desencadeada Esquecida<\/a><br \/>\n<a href=\"http:\/\/blogs.magicjudges.org\/brasil\/regras\/ipg\/ipg2-0\/ipg2-2\/\">2.2. Erro de Jogo \u2014 Olhar Cards Extras<\/a><br \/>\n<a href=\"http:\/\/blogs.magicjudges.org\/brasil\/regras\/ipg\/ipg2-0\/ipg2-3\/\">2.3. Erro de Jogo \u2014 Erro de Card Oculto<\/a><br \/>\n<a href=\"http:\/\/blogs.magicjudges.org\/brasil\/regras\/ipg\/ipg2-0\/ipg2-4\/\">2.4. Erro de Jogo \u2014 Erro no Procedimento de Mulligan<\/a><br \/>\n<a href=\"http:\/\/blogs.magicjudges.org\/brasil\/regras\/ipg\/ipg2-0\/ipg2-5\/\">2.5. Erro de Jogo \u2014 Viola\u00e7\u00e3o da Regra do Jogo<\/a><br \/>\n<a href=\"http:\/\/blogs.magicjudges.org\/brasil\/regras\/ipg\/ipg2-0\/ipg2-6\/\">2.6. Erro de Jogo \u2014 Falha em Manter o Estado de Jogo<\/a><\/p>\n<p><a href=\"http:\/\/blogs.magicjudges.org\/brasil\/regras\/ipg\/ipg3-0\/\">3.\u00a0Erros de Torneio<\/a><br \/>\n<a href=\"http:\/\/blogs.magicjudges.org\/brasil\/regras\/ipg\/ipg3-0\/ipg3-1\/\">3.1. Erro de Torneio \u2014\u00a0Atraso<\/a><br \/>\n<a href=\"http:\/\/blogs.magicjudges.org\/brasil\/regras\/ipg\/ipg3-0\/ipg-3-2-erro-de-torneio-ajuda-externa\/\">3.2. Erro de Torneio \u2014 Assist\u00eancia Externa<\/a><br \/>\n<a href=\"http:\/\/blogs.magicjudges.org\/brasil\/regras\/ipg\/ipg3-0\/ipg3-3\/\">3.3. Erro de Torneio \u2014\u00a0Jogo Lento<\/a><br \/>\n<a href=\"http:\/\/blogs.magicjudges.org\/brasil\/regras\/ipg\/ipg3-0\/ipg3-4\/\">3.4. Erro de Torneio \u2014 Embaralhamento Insuficiente<\/a><br \/>\n<a href=\"http:\/\/blogs.magicjudges.org\/brasil\/regras\/ipg\/ipg3-0\/ipg3-5\/\">3.5. Erro de Torneio \u2014\u00a0Problema de Deck\/Listagem de Deck<\/a><br \/>\n<a href=\"http:\/\/blogs.magicjudges.org\/brasil\/regras\/ipg\/ipg3-0\/ipg3-6\/\">3.6. Erro de Torneio \u2014\u00a0Viola\u00e7\u00e3o do Procedimento de Limitado<\/a><br \/>\n<a href=\"http:\/\/blogs.magicjudges.org\/brasil\/regras\/ipg\/ipg3-0\/ipg3-7\/\">3.7. Erro de Torneio \u2014\u00a0Viola\u00e7\u00e3o da Politica de Comunica\u00e7\u00e3o<\/a><br \/>\n<a href=\"http:\/\/blogs.magicjudges.org\/brasil\/regras\/ipg\/ipg3-0\/ipg3-8\/\">3.8. Erro de Torneio\u00a0\u2014\u00a0Cards Marcados<\/a><\/p>\n<p><a href=\"http:\/\/blogs.magicjudges.org\/brasil\/regras\/ipg\/ipg4\/\">4.\u00a0Condutas Antidesportivas<\/a><br \/>\n<a href=\"http:\/\/blogs.magicjudges.org\/brasil\/regras\/ipg\/ipg4\/ipg4-1\/\">4.1. Condutas Antidesportivas \u2014\u00a0Leve<\/a><br \/>\n<a href=\"http:\/\/blogs.magicjudges.org\/brasil\/regras\/ipg\/ipg4\/ipg4-2\/\">4.2. Condutas Antidesportivas \u2014\u00a0Grave<\/a><br \/>\n<a href=\"http:\/\/blogs.magicjudges.org\/brasil\/regras\/ipg\/ipg4\/ipg4-3\/\">4.3. Condutas Antidesportivas \u2014 Determinar um Vencedor de Forma Impr\u00f3pria<\/a><br \/>\n<a href=\"http:\/\/blogs.magicjudges.org\/brasil\/regras\/ipg\/ipg4\/ipg4-4\/\">4.4. Condutas Antidesportivas \u2014\u00a0Suborno e Aposta<\/a><br \/>\n<a href=\"http:\/\/blogs.magicjudges.org\/brasil\/regras\/ipg\/ipg4\/ipg4-5\/\">4.5. Condutas Antidesportivas \u2014\u00a0Comportamento Agressivo<\/a><br \/>\n<a href=\"http:\/\/blogs.magicjudges.org\/brasil\/regras\/ipg\/ipg4\/ipg4-6\/\">4.6. Condutas Antidesportivas \u2014\u00a0Roubo de Material de Torneio<\/a><br \/>\n<a href=\"http:\/\/blogs.magicjudges.org\/brasil\/regras\/ipg\/ipg4\/ipg4-7\/\">4.7. Condutas Antidesportivas \u2014\u00a0Protelar<\/a><br \/>\n<a href=\"http:\/\/blogs.magicjudges.org\/brasil\/regras\/ipg\/ipg4\/ipg4-8\/\">4.8. Condutas Antidesportivas \u2014\u00a0Trapa\u00e7a<\/a><\/p>\n","protected":false},"excerpt":{"rendered":"<p>Conte\u00fado 1. Filosofia Geral 1.1. Defini\u00e7\u00f5es de Penalidades 1.2. Aplicando Penalidades 1.3. Embaralhando um Deck 1.4. Retrocesso 2. Erros de Jogo 2.1. Erro de Jogo \u2014 Habilidade Desencadeada Esquecida 2.2. Erro de Jogo \u2014 Olhar Cards Extras 2.3. Erro de Jogo \u2014 Erro de Card Oculto 2.4. Erro de Jogo \u2014 Erro no Procedimento de [&hellip;]<\/p>\n","protected":false},"author":149,"featured_media":0,"parent":1007,"menu_order":0,"comment_status":"closed","ping_status":"closed","template":"","meta":{"footnotes":"","_links_to":"","_links_to_target":""},"language":[],"class_list":["post-1009","page","type-page","status-publish","hentry"],"_links":{"self":[{"href":"https:\/\/blogs.magicjudges.org\/brasil\/wp-json\/wp\/v2\/pages\/1009","targetHints":{"allow":["GET"]}}],"collection":[{"href":"https:\/\/blogs.magicjudges.org\/brasil\/wp-json\/wp\/v2\/pages"}],"about":[{"href":"https:\/\/blogs.magicjudges.org\/brasil\/wp-json\/wp\/v2\/types\/page"}],"author":[{"embeddable":true,"href":"https:\/\/blogs.magicjudges.org\/brasil\/wp-json\/wp\/v2\/users\/149"}],"replies":[{"embeddable":true,"href":"https:\/\/blogs.magicjudges.org\/brasil\/wp-json\/wp\/v2\/comments?post=1009"}],"version-history":[{"count":7,"href":"https:\/\/blogs.magicjudges.org\/brasil\/wp-json\/wp\/v2\/pages\/1009\/revisions"}],"predecessor-version":[{"id":1144,"href":"https:\/\/blogs.magicjudges.org\/brasil\/wp-json\/wp\/v2\/pages\/1009\/revisions\/1144"}],"up":[{"embeddable":true,"href":"https:\/\/blogs.magicjudges.org\/brasil\/wp-json\/wp\/v2\/pages\/1007"}],"wp:attachment":[{"href":"https:\/\/blogs.magicjudges.org\/brasil\/wp-json\/wp\/v2\/media?parent=1009"}],"wp:term":[{"taxonomy":"language","embeddable":true,"href":"https:\/\/blogs.magicjudges.org\/brasil\/wp-json\/wp\/v2\/language?post=1009"}],"curies":[{"name":"wp","href":"https:\/\/api.w.org\/{rel}","templated":true}]}}