{"id":1015,"date":"2016-10-14T12:39:59","date_gmt":"2016-10-14T15:39:59","guid":{"rendered":"http:\/\/blogs.magicjudges.org\/brasil\/?page_id=1015"},"modified":"2016-10-30T20:32:04","modified_gmt":"2016-10-30T23:32:04","slug":"ipg1","status":"publish","type":"page","link":"https:\/\/blogs.magicjudges.org\/brasil\/regras\/ipg\/ipg1\/","title":{"rendered":"IPG 1 Filosofia Geral"},"content":{"rendered":"<p>Ju\u00edzes s\u00e3o \u00e1rbitros neutros que seguem as pol\u00edticas e regras.<br \/>\n<div class=\"alert alert-info\" role=\"alert\"> <em>Este \u00e9, provavelmente, o conceito mais importante presente neste documento &#8211; ju\u00edzes devem ser neutros. Um juiz favorecer algum dos jogadores durante uma chamada, seja por esse jogador ser seu amigo ou porque o juiz de alguma maneira gosta mais de um dos jogadores \u00e9 algo impens\u00e1vel. Ser imparcial \u00e9 um conceito fundamental no C\u00f3digo de Conduta dos Ju\u00edzes. Ju\u00edzes s\u00e3o vistos com respeito pois atuam de maneira neutra e aplicam as regras de forma igual a todos.<\/em><\/div><\/p>\n<p>Um juiz n\u00e3o deve intervir em um jogo a n\u00e3o ser que ele acredite que uma viola\u00e7\u00e3o de regras tenha ocorrido, um jogador com uma preocupa\u00e7\u00e3o ou d\u00favida pe\u00e7a assist\u00eancia, ou o juiz deseje prevenir que uma situa\u00e7\u00e3o se intensifique<br \/>\n<div class=\"alert alert-info\" role=\"alert\"> <em>Os ju\u00edzes est\u00e3o presentes para os jogadores. Nossos servi\u00e7os s\u00e3o necess\u00e1rios quando uma regra \u00e9 violada, um jogador precisa de ajuda ou quando alguma situa\u00e7\u00e3o delicada est\u00e1 ocorrendo e \u00e9 necess\u00e1rio acalmar os jogadores. Quando sua assist\u00eancia n\u00e3o \u00e9 necess\u00e1ria, ju\u00edzes n\u00e3o devem interferir em jogos. Ou seja, nenhum coment\u00e1rio sobre a\u00e7\u00f5es de jogo, nenhum tipo de conselho e nenhuma distra\u00e7\u00e3o para os jogadores. Deixe os jogadores jogarem. Tenha em mente que isso n\u00e3o significa que voc\u00ea tenha que se comportar como um rob\u00f4. Voc\u00ea ainda pode conversar com os jogadores, fazer piadas e dar risadas, s\u00f3 n\u00e3o interrompa os jogos.<\/em><\/div><\/p>\n<p>Ju\u00edzes n\u00e3o impedem que erros de jogo aconte\u00e7am, ao inv\u00e9s disso, eles lidam com aqueles que ocorreram, penalizam quem violou regras ou pol\u00edticas e promovem o jogo justo, a conduta desportiva e a diplomacia.<br \/>\n<div class=\"alert alert-info\" role=\"alert\"> <em>Como em diversos esportes, ju\u00edzes n\u00e3o previnem erros. No entanto, assim que uma infra\u00e7\u00e3o ocorre, os ju\u00edzes devem se apresentar e aplicar as corre\u00e7\u00f5es e puni\u00e7\u00f5es necess\u00e1rias. Os jogadores n\u00e3o devem depender dos ju\u00edzes para que algo ilegal n\u00e3o aconte\u00e7a, pois ju\u00edzes n\u00e3o podem prever o futuro e as a\u00e7\u00f5es de jogo acontecem de maneira acelerada. Na maioria dos casos, solucionar uma infra\u00e7\u00e3o ap\u00f3s ela ter ocorrido restaura o andamento correto do jogo. Esta pol\u00edtica tamb\u00e9m se aplica quando se est\u00e1 observando uma partida no fim da rodada ou durante o Top 8. Tamb\u00e9m \u00e9 importante que os ju\u00edzes sirvam de bom exemplo de comportamento. Sua atitude e suas a\u00e7\u00f5es tem um impacto profundo no tom do evento. As pessoas devem ver em voc\u00ea o tipo de comportamento a ser espelhado.<\/em><\/div><\/p>\n<p>Ju\u00edzes podem intervir de modo a prevenir ou antecipar que erros ocorram fora de um jogo.<br \/>\n<div class=\"alert alert-info\" role=\"alert\"> <em>Apesar de ser quase imposs\u00edvel prever que uma infra\u00e7\u00e3o dentro do jogo esteja para acontecer, algumas vezes \u00e9 poss\u00edvel notar que uma infra\u00e7\u00e3o fora do jogo est\u00e1 para acontecer. Nestes casos os ju\u00edzes devem intervir e evitar que a infra\u00e7\u00e3o ocorra. O \u201cpodem\u201d na senten\u00e7a n\u00e3o quer dizer que \u201co juiz pode fazer uma escolha\u201d mas quer dizer que \u201co IPG\/MTR permite que o juiz intervenha\u201d. Isto demonstra a import\u00e2ncia do servi\u00e7o de atendimento ao consumidor e deixa bem claro que os ju\u00edzes n\u00e3o tem uma escolha de quando intervir e prevenir este tipo de erro. Fora de um jogo, ju\u00edzes sempre devem intervir para prevenir infra\u00e7\u00f5es, por\u00e9m entendemos que nem sempre os ju\u00edzes as percebem.<br \/>\nAqui est\u00e3o alguns exemplos:<br \/>\nUm juiz v\u00ea um jogador embaralhando seu deck ap\u00f3s o primeiro jogo, percebe que uma criatura que havia sido exilada se encontra na mesa e percebe que o jogador havia esquecido de retorn\u00e1-la ao seu deck. O juiz interv\u00e9m e lembra ao jogador de colocar a carta de volta no deck.<br \/>\nEm um torneio de formato selado, um jogador entrega uma lista de deck para o juiz, o juiz percebe que o jogador esqueceu de listar seus terrenos b\u00e1sicos; o juiz pede que o jogador liste os terrenos que est\u00e3o sendo utilizados em seu deck.<br \/>\nAntes do in\u00edcio da rodada, um jogador vai aos ju\u00edzes e entrega uma carta (como Pacifismo) que pertence ao seu oponente da rodada anterior, os ju\u00edzes se esfor\u00e7am para encontrar o dono do card porque assim poder\u00e1 ser evitado que o jogador apresente um deck ilegal.<br \/>\nAntes do evento, um juiz percebe uma carta com uma altera\u00e7\u00e3o de arte question\u00e1vel. O juiz lembra ao jogador que todas as cartas alteradas devem ter aprova\u00e7\u00e3o do juiz-mor antes do evento.<\/em><\/div><\/p>\n<p>O conhecimento do hist\u00f3rico de um jogador ou da habilidade do mesmo n\u00e3o altera a infra\u00e7\u00e3o, mas pode ser considerado durante uma investiga\u00e7\u00e3o.<br \/>\n<div class=\"alert alert-info\" role=\"alert\"> <em>N\u00f3s n\u00e3o mudamos a infra\u00e7\u00e3o baseados em qu\u00e3o bem um jogador \u00e9 visto pela comunidade. Uma viola\u00e7\u00e3o de regra de jogo gera uma advert\u00eancia independente do jogador ser um veterano ou um iniciante. Uma vez que determinamos a infra\u00e7\u00e3o, as puni\u00e7\u00f5es s\u00e3o aplicadas sem nenhum enviesamento pr\u00e9vio. Um jogador que tem uma m\u00e1 reputa\u00e7\u00e3o tem sua Viola\u00e7\u00e3o de Regra de Jogo tratada da mesma maneira que um Juiz n\u00edvel 3 jogando no evento. Uma vez reconhecida a infra\u00e7\u00e3o, quem \u00e9 o jogador n\u00e3o deve influenciar em nada. Por\u00e9m o hist\u00f3rico do jogador pode influenciar na investiga\u00e7\u00e3o. Por exemplo, um novato entendendo de maneira err\u00f4nea como atropelar funciona \u00e9 muito mais cr\u00edvel do que um jogador com experi\u00eancia com o qual voc\u00ea j\u00e1 discutiu diversas vezes sobre como atropelar funciona. \u00c9 poss\u00edvel que erros leg\u00edtimos aconte\u00e7am, por\u00e9m, as quest\u00f5es a serem levantadas durante a investiga\u00e7\u00e3o poder\u00e3o ser influenciadas pelo seu conhecimento do jogador.<\/em><\/div><\/p>\n<p>O prop\u00f3sito de uma penalidade \u00e9 educar o jogador a n\u00e3o cometer erros similares no futuro.<br \/>\n<div class=\"alert alert-info\" role=\"alert\"> <em>Penalidades n\u00e3o existem para que ju\u00edzes s\u00e1dicos usem suas habilidades de infringir dor em jogadores indefesos. Elas existem para reduzir a chance de um mesmo erro acontecer novamente. Um jogador que recebe uma penalidade por uma infra\u00e7\u00e3o apresenta menor probabilidade de cometer o mesmo erro no futuro. De maneira geral, elas tem o intuito de atuarem de maneira tang\u00edvel a refor\u00e7ar a li\u00e7\u00e3o \u201ceu perdi um jogo uma vez por este erro e n\u00e3o quero que isto ocorra novamente por algo que eu posso evitar facilmente, eu vou contar 60 toda vez que escrever minha lista de deck\u201d. O intuito principal de uma penalidade n\u00e3o \u00e9 acompanhamento, apesar de isto ser conveniente e aproveit\u00e1vel, a proposta \u00e9 educativa.<\/em><\/div><\/p>\n<p>Isto \u00e9 feito atrav\u00e9s de uma explica\u00e7\u00e3o de onde as regras ou pol\u00edticas foram violadas e de uma penalidade para refor\u00e7ar a educa\u00e7\u00e3o.<br \/>\n<div class=\"alert alert-info\" role=\"alert\"> <em>Na senten\u00e7a acima n\u00f3s estamos refor\u00e7ando a import\u00e2ncia da educa\u00e7\u00e3o. Uma penalidade sozinha n\u00e3o alcan\u00e7a este objetivo. Voc\u00ea deve explicar brevemente o que o jogador fez de errado. De outra maneira, eles talvez n\u00e3o entendam o que ocorreu.<\/em><\/div><\/p>\n<p>Penalidades servem tamb\u00e9m para inibir que outros jogadores fa\u00e7am o mesmo, para educar cada outro jogador no evento e tamb\u00e9m s\u00e3o utilizadas para rastrear o comportamento de um jogador ao longo do tempo.<br \/>\n<div class=\"alert alert-info\" role=\"alert\"> <em>\u00c9 importante notar que voc\u00ea n\u00e3o necessita receber uma penalidade para reconhecer que voc\u00ea n\u00e3o quer receb\u00ea-la. Se um amigo perde um jogo importante por conta de uma penalidade, n\u00f3s com certeza n\u00e3o queremos perder da mesma maneira. N\u00f3s aprendemos com os erros de nossos amigos assim como aprendemos com os nossos.<br \/>\nExiste um arquivo, privado, de todas as penalidades. Assim como um arquivo, p\u00fablico, de todos os resultados. Este arquivo se torna interessante nos casos onde o jogador comete um n\u00famero excessivo da mesma infra\u00e7\u00e3o. Se um jogador recebe uma advert\u00eancia por \u201cOlhar Cards Extra &#8211; ele revelou os cards do deck do oponente enquanto cortava o deck antes do in\u00edcio da partida\u201d vinte vezes consecutivas em um torneio, bom, voc\u00ea n\u00e3o acreditaria que ele est\u00e1 realizando isso de prop\u00f3sito e abusando da \u201ca primeira vez \u00e9 apenas uma advert\u00eancia\u201d?<\/em><\/div><\/p>\n<p>Se uma pequena viola\u00e7\u00e3o \u00e9 rapidamente resolvida pelos jogadores com a satisfa\u00e7\u00e3o de ambos, o juiz n\u00e3o precisa intervir.<br \/>\n<div class=\"alert alert-info\" role=\"alert\"> <em>Ju\u00edzes devem ser vistos como benef\u00edcios para os jogadores e existem pequenos erros que ocorrem durante os jogos que os pr\u00f3prios jogadores podem arrumar sem a ajuda de um juiz. Se o erro \u00e9 pequeno e os jogadores o arrumam e se sentem satisfeitos, ent\u00e3o os ju\u00edzes n\u00e3o devem interferir no jogo.<\/em><\/div><\/p>\n<p>Se os jogadores est\u00e3o jogando de uma maneira que \u00e9 clara a eles mas pode causar confus\u00e3o para um observador externo, o juiz pode pedir que os jogadores tornem a situa\u00e7\u00e3o clara, mas sem aplicar nenhuma penalidade.<br \/>\n<div class=\"alert alert-info\" role=\"alert\"> <em>Jogadores podem utilizar certos atalhos, ou usar marcadores para representar coisas estranhas, ou fichas erradas para determinada criatura. Estas a\u00e7\u00f5es podem ser claras para eles, mas n\u00e3o para os observadores (incluindo ju\u00edzes). Se um jogador entende o que est\u00e1 ocorrendo e tudo est\u00e1 certo, n\u00e3o aplique uma penalidade, apenas pe\u00e7a que os jogadores joguem de maneira mais clara. \u00c9 comum espectadores relatarem problemas que n\u00e3o s\u00e3o problemas de verdade. Por esta raz\u00e3o n\u00f3s devemos encorajar os jogadores a serem claros n\u00e3o somente entre eles, mas tamb\u00e9m para qualquer pessoa que esteja observando o jogo.<\/em><\/div><\/p>\n<p>Em ambas as situa\u00e7\u00f5es, o juiz deve assegurar que o jogo flua normalmente.<br \/>\n<div class=\"alert alert-info\" role=\"alert\"> <em>Se os jogadores arrumam um pequeno erro por conta pr\u00f3pria de maneira que seja clara para eles, mas n\u00e3o seja clara para os observadores, fique perto e garanta que nada fora do esperado esteja ocorrendo e que um dos jogadores n\u00e3o esteja tomando vantagem da confus\u00e3o ou o erro por si s\u00f3 n\u00e3o esteja a causando.<\/em><\/div><\/p>\n<p>Viola\u00e7\u00f5es mais graves s\u00e3o tratadas primeiro identificando-se qual a infra\u00e7\u00e3o \u00e9 aplic\u00e1vel e ent\u00e3o procedendo com as instru\u00e7\u00f5es correspondentes.<br \/>\n<div class=\"alert alert-info\" role=\"alert\"> <em>Esta senten\u00e7a requer aten\u00e7\u00e3o dobrada. \u00c9 um lembrete para que analisemos bem a situa\u00e7\u00e3o antes de aplicar a penalidade. N\u00f3s identificamos as a\u00e7\u00f5es ocorridas, qual foi a infra\u00e7\u00e3o e somente ent\u00e3o determinamos a penalidade. N\u00f3s n\u00e3o aplicamos uma perda de jogo somente porque o erro de algu\u00e9m parece valer uma Perda de Jogo.<\/em><\/div><\/p>\n<p>Somente o Juiz-Mor \u00e9 autorizado a aplicar penalidades que desviam dessas diretrizes.<br \/>\n<div class=\"alert alert-info\" role=\"alert\"> <em>Quando na presen\u00e7a de diversos ju\u00edzes, o Juiz-Mor \u00e9 o juiz respons\u00e1vel por todo o torneio; \u00e9 o \u00fanico com autoridade para determinar se uma penalidade ou solu\u00e7\u00e3o especifica n\u00e3o se aplica bem na situa\u00e7\u00e3o atual. Juizes-Mor, geralmente, s\u00e3o os ju\u00edzes com maior experi\u00eancia e quando decidem desviar do IPG geralmente \u00e9 por uma boa raz\u00e3o.<\/em><\/div><\/p>\n<p> O Juiz-Mor n\u00e3o pode desviar dos procedimentos deste guia exceto em situa\u00e7\u00f5es significativas e excepcionais ou em uma situa\u00e7\u00e3o que n\u00e3o possui filosofia aplic\u00e1vel para orienta\u00e7\u00e3o.<br \/>\n<div class=\"alert alert-info\" role=\"alert\"> <em>Mesmo o juiz-mor tendo autoridade para desviar do IPG a qualquer momento que ele queria, ele tamb\u00e9m deve saber quando \u00e9 apropriado realizar o desvio. O principal motivo para desvios \u00e9 quando uma situa\u00e7\u00e3o espec\u00edfica n\u00e3o se encaixa bem em nenhuma das categorias listadas nas vinte p\u00e1ginas do IPG. O \u00fanico caso onde um desvio \u00e9 justific\u00e1vel e aceit\u00e1vel \u00e9 quando uma situa\u00e7\u00e3o \u00e9 significante e excepcional.<\/em><\/div><\/p>\n<p>Circunst\u00e2ncias significativas e excepcionais s\u00e3o raras &#8211; uma mesa vira, um booster possui cards de uma cole\u00e7\u00e3o diferente, etc.<br \/>\n<div class=\"alert alert-info\" role=\"alert\"> <em>Aqui voc\u00ea tem alguns exemplos de \u201ccircunst\u00e2ncias excepcionais\u201d. Nestes casos, usamos o senso comum e tentamos encontrar a \u201cmelhor solu\u00e7\u00e3o\u201d poss\u00edvel com os jogadores. Ambos exemplos s\u00e3o significantes e excepcionais. Tenha certeza que a situa\u00e7\u00e3o que voc\u00ea est\u00e1 lidando seja ambas antes de considerar um desvio.<\/em><\/div><\/p>\n<p>O N\u00edvel de Aplica\u00e7\u00e3o de Regras, a rodada do torneio, a idade ou n\u00edvel de experi\u00eancia de um jogador, o desejo de educar o jogador, n\u00edvel de certifica\u00e7\u00e3o de um juiz N\u00c3O s\u00e3o circunst\u00e2ncias excepcionais.<br \/>\n<div class=\"alert alert-info\" role=\"alert\"> <em>Em alguns destes casos pode parecer ok realizar um desvio, mas n\u00e3o \u00e9. N\u00f3s devemos manter as pol\u00edticas independente de ser a primeira ou \u00faltima rodada, se \u00e9 uma chamada na mesa 1 ou na mesa 101. O oponente pode ser excepcionalmente jovem, mas a diferen\u00e7a de idade n\u00e3o \u00e9 significante em termos de politica. O jogador pode ser novato e n\u00e3o sabe que rolar um dado para determinar o resultado de um jogo \u00e9 proibido; aquele jogador ainda ser\u00e1 desqualificado independente se voc\u00ea pensa se \u00e9 justo ou n\u00e3o. E finalmente, ser um juiz n\u00edvel 3 n\u00e3o d\u00e1 o direito absoluto de desviar. Na verdade, eles est\u00e3o associados a padr\u00f5es mais estritos, pois juizes de n\u00edvel menor est\u00e3o observando e aprendendo com suas a\u00e7\u00f5es.<\/em><\/div><\/p>\n<p>Se outro juiz acredita que desviar seja adequado, ele deve consultar o Juiz-Mor.<br \/>\n<div class=\"alert alert-info\" role=\"alert\"> <em>S\u00f3 porque o \u00fanico autorizado a desviar seja o juiz-mor, isso n\u00e3o significa que os juizes de sal\u00e3o n\u00e3o possam sugerir um desvio. Por\u00e9m, como um juiz de sal\u00e3o, voc\u00ea nunca deve desviar. <\/em><\/div><\/p>\n<p>Ju\u00edzes s\u00e3o humanos e cometem erros. Quando um juiz cometer um erro, ele deve reconhecer o erro, pedir desculpas aos jogadores e corrigi-lo, se n\u00e3o for tarde demais<br \/>\n<div class=\"alert alert-info\" role=\"alert\"> <em>Apesar de todos os esfor\u00e7os para sermos perfeitos, n\u00f3s ju\u00edzes ainda somos apenas humanos. Por enquanto.<br \/>\nHumanos cometem erros. \u00c9 um fato da vida. Ningu\u00e9m consegue ser 100% correto o tempo todo, e \u00e9 surreal esperar o contr\u00e1rio. Por\u00e9m, quando voc\u00ea cometer um erro voc\u00ea precisa assumi-lo e corrigi-lo, se poss\u00edvel. Os jogadores n\u00e3o podem pensar que algo incorreto que o juiz lhes disse \u00e9 correto. Em todos casos, voc\u00ea precisa se desculpar pelo seu erro. Em alguns casos \u00e9 melhor fazer isso imediatamente, em outros \u00e9 melhor esperar o fim da partida. Mas se desculpe com ambos jogadores o mais r\u00e1pido poss\u00edvel e corrija a situa\u00e7\u00e3o. Jogadores, de maneira geral, s\u00e3o bem compreens\u00edveis mesmo quando recebem o pior lado de uma a\u00e7\u00e3o errada.<\/em><\/div><\/p>\n<p>Se um membro da organiza\u00e7\u00e3o do torneio fornecer informa\u00e7\u00e3o err\u00f4nea que leve um jogador a cometer uma viola\u00e7\u00e3o, o Juiz-Mor \u00e9 autorizado a diminuir a penalidade.<br \/>\n<div class=\"alert alert-info\" role=\"alert\"> <em>N\u00f3s esperamos que os jogadores confiem nos organizadores do torneio e sejam capazes de seguir as instru\u00e7\u00f5es\/informa\u00e7\u00f5es que fornecemos. Seria injusto penaliz\u00e1-los por confiar nas pessoas que dizem a eles o que eles devem fazer. Por\u00e9m, a decis\u00e3o de diminuir a penalidade cabe apenas ao juiz-mor. Para esta cl\u00e1usula n\u00f3s necessitamos de duas coisas: 1) o juiz\/oficial que forneceu a informa\u00e7\u00e3o errada; 2) uma viola\u00e7\u00e3o derivada diretamente de uma informa\u00e7\u00e3o err\u00f4nea.<\/em><\/div><\/p>\n<p>Por exemplo, se um jogador pergunta a um juiz se um card \u00e9 legal em um formato e lhe \u00e9 dito que sim. Quando se descobre que o deck daquele jogador \u00e9 ilegal por causa deste card, o Juiz-Mor aplica o procedimento comum para corrigir a lista de deck, mas pode diminuir a penalidade para uma Advert\u00eancia por causa do erro direto de um juiz.<br \/>\n<div class=\"alert alert-info\" role=\"alert\"> <em>Outros exemplos incluem:<br \/>\nDiminuir uma Viola\u00e7\u00e3o de Regra de Jogo para nenhuma penalidade se um juiz diz para uma jogadora que ela pode usar Harm\u2019s Way em um Lightning Bolt do oponente para redirecionar o dano a um planinalta do oponente.<br \/>\nDiminuir uma perda de jogo originada de um problema de Deck\/Listagem de Deck para uma advert\u00eancia se um juiz anterior disse que registrar somente  \u201cJace\u201d em sua lista era ok em um formato com mais de um card lend\u00e1rio com nome \u201cJace\u201d.<\/em><\/div><\/p>\n","protected":false},"excerpt":{"rendered":"<p>Ju\u00edzes s\u00e3o \u00e1rbitros neutros que seguem as pol\u00edticas e regras. Um juiz n\u00e3o deve intervir em um jogo a n\u00e3o ser que ele acredite que uma viola\u00e7\u00e3o de regras tenha ocorrido, um jogador com uma preocupa\u00e7\u00e3o ou d\u00favida pe\u00e7a assist\u00eancia, ou o juiz deseje prevenir que uma situa\u00e7\u00e3o se intensifique Ju\u00edzes n\u00e3o impedem que erros [&hellip;]<\/p>\n","protected":false},"author":149,"featured_media":0,"parent":1009,"menu_order":0,"comment_status":"closed","ping_status":"closed","template":"","meta":{"footnotes":"","_links_to":"","_links_to_target":""},"language":[],"class_list":["post-1015","page","type-page","status-publish","hentry"],"_links":{"self":[{"href":"https:\/\/blogs.magicjudges.org\/brasil\/wp-json\/wp\/v2\/pages\/1015","targetHints":{"allow":["GET"]}}],"collection":[{"href":"https:\/\/blogs.magicjudges.org\/brasil\/wp-json\/wp\/v2\/pages"}],"about":[{"href":"https:\/\/blogs.magicjudges.org\/brasil\/wp-json\/wp\/v2\/types\/page"}],"author":[{"embeddable":true,"href":"https:\/\/blogs.magicjudges.org\/brasil\/wp-json\/wp\/v2\/users\/149"}],"replies":[{"embeddable":true,"href":"https:\/\/blogs.magicjudges.org\/brasil\/wp-json\/wp\/v2\/comments?post=1015"}],"version-history":[{"count":3,"href":"https:\/\/blogs.magicjudges.org\/brasil\/wp-json\/wp\/v2\/pages\/1015\/revisions"}],"predecessor-version":[{"id":1124,"href":"https:\/\/blogs.magicjudges.org\/brasil\/wp-json\/wp\/v2\/pages\/1015\/revisions\/1124"}],"up":[{"embeddable":true,"href":"https:\/\/blogs.magicjudges.org\/brasil\/wp-json\/wp\/v2\/pages\/1009"}],"wp:attachment":[{"href":"https:\/\/blogs.magicjudges.org\/brasil\/wp-json\/wp\/v2\/media?parent=1015"}],"wp:term":[{"taxonomy":"language","embeddable":true,"href":"https:\/\/blogs.magicjudges.org\/brasil\/wp-json\/wp\/v2\/language?post=1015"}],"curies":[{"name":"wp","href":"https:\/\/api.w.org\/{rel}","templated":true}]}}