{"id":1040,"date":"2016-10-27T17:51:26","date_gmt":"2016-10-27T20:51:26","guid":{"rendered":"http:\/\/blogs.magicjudges.org\/brasil\/?page_id=1040"},"modified":"2016-10-27T17:51:26","modified_gmt":"2016-10-27T20:51:26","slug":"ipg1-2","status":"publish","type":"page","link":"https:\/\/blogs.magicjudges.org\/brasil\/regras\/ipg\/ipg1\/ipg1-2\/","title":{"rendered":"IPG 1.2 Aplicando Penalidades"},"content":{"rendered":"<p><span style=\"font-weight: 400\">Penalidades s\u00e3o inclu\u00eddas no relat\u00f3rio do torneio para que um registro permanente possa ser mantido na base de dados da DCI. <\/span><\/p>\n<p><span style=\"font-weight: 400\"><div class=\"alert alert-info\" role=\"alert\"> <\/span><i><span style=\"font-weight: 400\">Penalidades precisam ser colocadas no sistema. Para controle durante o evento ou para qualquer prop\u00f3sito que a Wizards of the Coast tenha para elas uma vez adentram o buraco negro. Esta senten\u00e7a est\u00e1 aqui mais como um gentil lembrete para inserir as penalidades do evento no WER. <\/span><\/i><span style=\"font-weight: 400\"><\/div><\/span><\/p>\n<p><span style=\"font-weight: 400\">Adicionalmente, qualquer penalidade de Perda de Jogo ou maior deve ser relatada ao Juiz Mor, e \u00e9 recomendado que somente o Juiz Mor aplique penalidades dessa natureza (com exce\u00e7\u00e3o de Atraso (2.1) e Problemas com o deck\/Listagem do Deck (3.5)<\/span><\/p>\n<p><span style=\"font-weight: 400\"><div class=\"alert alert-info\" role=\"alert\"> <\/span><i><span style=\"font-weight: 400\">Perdas de Jogo t\u00eam um grande impacto e s\u00e3o dif\u00edceis de corrigir, se forem aplicadas por engano. Em consequ\u00eancia disso, \u00e9 recomendado que o Juiz Mor seja consultado antes de qualquer penalidade de Perda de Jogo ou de Perda de Partida. Quanto a Desqualifica\u00e7\u00f5es, somente Ju\u00edzes Mores podem aplic\u00e1-las. Puni\u00e7\u00f5es por Atrasos e Erros de Deck s\u00e3o exce\u00e7\u00f5es pelo fato de haver pouco julgamento envolvido em uma Perda de Jogo por Atraso (al\u00e9m de estas serem extremamente comuns), e o mesmo \u00e9 verdade para Erros de Deck. Entretanto, em torneios maiores em que existe uma estrutura de equipes, \u00e9 recomend\u00e1vel que o juiz cheque mesmo essas duas infra\u00e7\u00f5es com o L\u00edder de Equipe. Em alguns eventos, o Juiz Mor pode modificar essa pol\u00edtica de que somente o ele pode aplicar Perdas de Jogo. Uma modifica\u00e7\u00e3o comum adotada em eventos do tipo Grand Prix \u00e9 fazer com que qualquer juiz n\u00edvel 3 possa aplicar Perdas de Jogo sem ter de consultar o Juiz Mor. Em Qualificat\u00f3rios para Pro Tour ou Abertos da StarcityGames n\u00e3o \u00e9 incomum que L\u00edderes de Equipe possuam autoridade para aplicar Perdas de Jogo.<\/span><\/i><span style=\"font-weight: 400\"><\/div><\/span><\/p>\n<p><span style=\"font-weight: 400\">Estar inscrito no torneio n\u00e3o \u00e9 um requerimento para receber uma penalidade . Embora esse guia se refira aos jogadores, outras pessoas no local, como espectadores, organizadores, ou ju\u00edzes podem ser inscritos (e retirados do) torneio para receber uma penalidade.<\/span><\/p>\n<p><span style=\"font-weight: 400\"><div class=\"alert alert-info\" role=\"alert\"> <\/span><i><span style=\"font-weight: 400\">O maior prop\u00f3sito deste trecho \u00e9 responder explicitamente \u00e0 pergunta: \u201cO que eu fa\u00e7o se uma pessoa que n\u00e3o est\u00e1 inscrita no torneio est\u00e1 cometendo uma infra\u00e7\u00e3o?\u201d N\u00e3o existem diferen\u00e7as entre os que est\u00e3o no torneio e os que n\u00e3o est\u00e3o, quando se trata de penalidades. Se algu\u00e9m comete uma infra\u00e7\u00e3o sem estar inscrito no torneio, esta pessoa ser\u00e1 adicionada ao torneio, e a penalidade apropriada ser\u00e1 aplicada. Se um espectador est\u00e1 agindo agressivamente, isso \u00e9 algo que deve ser registrado. Inclusive suspens\u00f5es podem resultar de a\u00e7\u00f5es de uma pessoa que n\u00e3o esteja jogando o torneio. Se um espectador comete Assist\u00eancia Externa por exemplo, \u00e9 necess\u00e1rio manter registro disso.<\/span><\/i><span style=\"font-weight: 400\"><\/div><\/span><\/p>\n<p><span style=\"font-weight: 400\">A qualquer momento em que uma penalidade \u00e9 dada, o juiz precisa explicar a infra\u00e7\u00e3o, o procedimento para consertar a situa\u00e7\u00e3o e a penalidade aos jogadores envolvidos.<\/span><\/p>\n<p><span style=\"font-weight: 400\"><div class=\"alert alert-info\" role=\"alert\"> <\/span><i><span style=\"font-weight: 400\">Se um juiz aplica uma penalidade a um jogador, ele deve dedicar algum tempo para explicar qual \u00e9 a infra\u00e7\u00e3o e qual \u00e9 a corre\u00e7\u00e3o. O juiz deve ser cordial e profissional, assim como responder a qualquer pergunta pertinente que os jogadores possam fazer. Jogadores o chamaram para ajudar, ent\u00e3o seja prestativo. Certifique-se de que os jogadores entendam o que voc\u00ea est\u00e1 dizendo a eles para fazer. Algumas vezes eles n\u00e3o entender\u00e3o o \u2018porqu\u00ea\u2019. Nessas situa\u00e7\u00f5es, fa\u00e7a uma tentativa de explicar, mas se a explica\u00e7\u00e3o estiver tomando tempo demais, diga aos jogadores para continuar e mostre-se dispon\u00edvel para uma explica\u00e7\u00e3o mais detalhada ao final da partida.<\/span><\/i><span style=\"font-weight: 400\"><\/div><\/span><\/p>\n<p><span style=\"font-weight: 400\">Se o Juiz Mor decidir modificar a aplica\u00e7\u00e3o do Guia de Procedimentos para Infra\u00e7\u00f5es de Magic, \u00e9 esperado que ele explique a penalidade padr\u00e3o e o motivo para a modifica\u00e7\u00e3o.<\/span><\/p>\n<p><span style=\"font-weight: 400\"><div class=\"alert alert-info\" role=\"alert\"> <\/span><i><span style=\"font-weight: 400\">Como o IPG j\u00e1 instruiu antes, somente o Juiz Mor pode desviar do IPG. Se o Juiz Mor o fizer, deve ser explicado aos jogadores qual seria o procedimento padr\u00e3o, e por que est\u00e1 sendo modificada. Isso possui dois prop\u00f3sitos: primeiro, requer que o Juiz Mor saiba defender o seu desvio. Se o Juiz Mor n\u00e3o puder explicar o desvio que adotou, ent\u00e3o ele provavelmente precisa repensar sua posi\u00e7\u00e3o. Segundo, o Juiz Mor n\u00e3o deve transmitir aos jogadores que um desvio \u00e9 algo que se faz o tempo todo. Ele est\u00e1 fazendo uma exce\u00e7\u00e3o, apenas desta vez e por um bom motivo, e deixando isto claro para os jogadores e quaisquer ju\u00edzes que possam estar assistindo e aprendendo com a situa\u00e7\u00e3o.<\/span><\/i><span style=\"font-weight: 400\"><\/div><\/span><\/p>\n<p><span style=\"font-weight: 400\">Algumas infra\u00e7\u00f5es incluem solu\u00e7\u00f5es para lidar com a ofensa al\u00e9m da penalidade padr\u00e3o. Esses procedimentos existem para proteger oficiais de acusa\u00e7\u00f5es de injusti\u00e7a, vi\u00e9s e favoritismo. Se um juiz aplica uma regra de forma consistente com o texto, as reclama\u00e7\u00f5es dos jogadores passam de acusa\u00e7\u00f5es de injusti\u00e7a por parte do juiz a acusa\u00e7\u00f5es de pol\u00edtica injusta. Modificar estes procedimentos pode levantar acusa\u00e7\u00f5es contra o juiz por parte do(s) jogador(es) envolvido(s), ou de quem ouvir falar do caso.<\/span><\/p>\n<p><span style=\"font-weight: 400\"><div class=\"alert alert-info\" role=\"alert\"> <\/span><i><span style=\"font-weight: 400\">Algumas penalidades v\u00eam com alguma solu\u00e7\u00e3o adicional. Estas s\u00e3o normalmente listadas ap\u00f3s a se\u00e7\u00e3o de Filosofia, em suas descri\u00e7\u00f5es. Use-as, n\u00e3o as ignore. Elas est\u00e3o l\u00e1 para ajudar a corrigir os jogos da melhor forma poss\u00edvel. Elas precisam ser realizadas consistentemente em todos os eventos. Isso n\u00e3o s\u00f3 imp\u00f5e a consist\u00eancia que os ju\u00edzes querem no n\u00edvel competitivo, como tamb\u00e9m os protege. Se os ju\u00edzes seguem os documentos, um jogador n\u00e3o pode (racionalmente) acusar aquele juiz de persegui\u00e7\u00e3o, ou de ter mudado as regras em favor do oponente. Quando um juiz desvia, ele se exp\u00f5e a rumores: \u201cAbe teve uma diminui\u00e7\u00e3o de penalidade por cards extras na sua caixa em que guardava seu deck, mas eu n\u00e3o recebi o mesmo benef\u00edcio porque o juiz sempre deixa Abe se safar.\u201d Em suma: n\u00e3o desvie. N\u00e3o se torne objeto de declara\u00e7\u00f5es raivosas em algum f\u00f3rum da internet.<\/span><\/i><span style=\"font-weight: 400\"><\/div><\/span><\/p>\n<p><span style=\"font-weight: 400\">Estes procedimentos n\u00e3o levam, e n\u00e3o devem levar em considera\u00e7\u00e3o o jogo sendo jogado, e a situa\u00e7\u00e3o atual em que o jogo est\u00e1, ou quem vai se beneficiar estrategicamente do procedimento associado com a penalidade. <\/span><\/p>\n<p><span style=\"font-weight: 400\"><div class=\"alert alert-info\" role=\"alert\"> <\/span><i><span style=\"font-weight: 400\">Muitas vezes, ju\u00edzes questionam esta linha. Quando somos chamados a uma mesa, n\u00e3o devemos considerar o estado de jogo? Sim e n\u00e3o. N\u00f3s, enquanto ju\u00edzes, temos permiss\u00e3o para avaliar o estado de jogo ao determinar a ocorr\u00eancia de uma infra\u00e7\u00e3o. Isso nos ajuda a saber o que perguntar. Por exemplo, em uma investiga\u00e7\u00e3o por Protelar, o resultado corrente da partida \u00e9 de extrema import\u00e2ncia. Entretanto, uma vez determinada a infra\u00e7\u00e3o, n\u00f3s n\u00e3o mais consideramos esses fatores para aplicar a solu\u00e7\u00e3o. Ao se aplicar a solu\u00e7\u00e3o adicional, pouco importa se ela decidir\u00e1 o jogo ou se permitir\u00e1 a um jogador se beneficiar estrategicamente de um erro. Sempre que houver um erro, algu\u00e9m ganhar\u00e1 alguma vantagem ou informa\u00e7\u00e3o com ele. N\u00f3s n\u00e3o pedimos aos ju\u00edzes para que avaliem quem ser\u00e1 esse beneficiado, uma vez que isso n\u00e3o pode ser feito com consist\u00eancia alguma.<\/span><\/i><span style=\"font-weight: 400\"><\/div><\/span><\/p>\n<p><span style=\"font-weight: 400\">Mesmo que se pare\u00e7a oportuno tentar \u201cconsertar\u201d as situa\u00e7\u00f5es de jogo, o risco de perder algum pequeno detalhe ou mostrar favoritismo a um jogador (mesmo que n\u00e3o intencionalmente) faz disso uma m\u00e1 ideia.<\/span><\/p>\n<p><span style=\"font-weight: 400\"><div class=\"alert alert-info\" role=\"alert\"> <\/span><i><span style=\"font-weight: 400\">Ju\u00edzes devem se ater \u00e0s solu\u00e7\u00f5es prescritas. Elas foram testadas cuidadosamente e, com exce\u00e7\u00e3o de casos excepcionais e extremos, tendem a funcionar de forma ampla. Quando tenta criar sua pr\u00f3pria solu\u00e7\u00e3o, o juiz incorre no risco de n\u00e3o corrigir tudo apropriadamente ou de dar a um jogador uma vantagem excessiva. Isto \u00e9 especialmente importante para ju\u00edzes que apitam FNMs, nos quais permite-se que os ju\u00edzes sejam mais inventivos em suas solu\u00e7\u00f5es.<\/span><\/i><span style=\"font-weight: 400\"><\/div><\/span><\/p>\n<p><span style=\"font-weight: 400\">Infra\u00e7\u00f5es com uma mesma causa raiz ou m\u00faltiplas inst\u00e2ncias da mesma infra\u00e7\u00e3o descobertas no mesmo tempo s\u00e3o tratadas como uma \u00fanica infra\u00e7\u00e3o. <\/span><\/p>\n<p><span style=\"font-weight: 400\"><div class=\"alert alert-info\" role=\"alert\"> <\/span><i><span style=\"font-weight: 400\">Isto cobre os casos em que ju\u00edzes chegam a uma mesa e descobrem m\u00faltiplos erros. Em muitos casos, os erros s\u00e3o separados, como achar cards marcados em um deck de 59 cards. Ainda que ambos os erros tenham sido detectados simultaneamente, a causa raiz deles \u00e9 distinta. Contudo, algumas vezes m\u00faltiplos erros se originam de uma mesma causa raiz, como jogadores pensando que habilidades desencadeiam a habilidade de \u201cheroico\u201d, e repetidamente usando equipamentos para desencade\u00e1-la. Nesse caso, a causa raiz \u00e9 a mesma, o que re\u00fane esses diversos erros em uma \u00fanica infra\u00e7\u00e3o. Caso os jogadores tenham feito o erro tr\u00eas vezes, trate todas eles como uma \u00fanica infra\u00e7\u00e3o, para o prop\u00f3sito de solucionar o problema e para aumentos na penalidade.<\/span><\/i><\/p>\n<p><i><span style=\"font-weight: 400\">Caso as infra\u00e7\u00f5es sejam diferentes, mas ainda possuam a mesma causa raiz, aplique todas as corre\u00e7\u00f5es apropriadas, a despeito de trat\u00e1-las como uma \u00fanica infra\u00e7\u00e3o e aplicar apenas uma penalidade. Tenha em mente que comprar um card seguindo corretamente as instru\u00e7\u00f5es de uma m\u00e1gica conjurada de forma ilegal n\u00e3o configura duas infra\u00e7\u00f5es.<\/span><\/i><span style=\"font-weight: 400\"><\/div><\/span><\/p>\n","protected":false},"excerpt":{"rendered":"<p>Penalidades s\u00e3o inclu\u00eddas no relat\u00f3rio do torneio para que um registro permanente possa ser mantido na base de dados da DCI. Adicionalmente, qualquer penalidade de Perda de Jogo ou maior deve ser relatada ao Juiz Mor, e \u00e9 recomendado que somente o Juiz Mor aplique penalidades dessa natureza (com exce\u00e7\u00e3o de Atraso (2.1) e Problemas [&hellip;]<\/p>\n","protected":false},"author":249,"featured_media":0,"parent":1015,"menu_order":0,"comment_status":"closed","ping_status":"closed","template":"page_width-index.php","meta":{"footnotes":"","_links_to":"","_links_to_target":""},"language":[],"class_list":["post-1040","page","type-page","status-publish","hentry"],"_links":{"self":[{"href":"https:\/\/blogs.magicjudges.org\/brasil\/wp-json\/wp\/v2\/pages\/1040","targetHints":{"allow":["GET"]}}],"collection":[{"href":"https:\/\/blogs.magicjudges.org\/brasil\/wp-json\/wp\/v2\/pages"}],"about":[{"href":"https:\/\/blogs.magicjudges.org\/brasil\/wp-json\/wp\/v2\/types\/page"}],"author":[{"embeddable":true,"href":"https:\/\/blogs.magicjudges.org\/brasil\/wp-json\/wp\/v2\/users\/249"}],"replies":[{"embeddable":true,"href":"https:\/\/blogs.magicjudges.org\/brasil\/wp-json\/wp\/v2\/comments?post=1040"}],"version-history":[{"count":3,"href":"https:\/\/blogs.magicjudges.org\/brasil\/wp-json\/wp\/v2\/pages\/1040\/revisions"}],"predecessor-version":[{"id":1043,"href":"https:\/\/blogs.magicjudges.org\/brasil\/wp-json\/wp\/v2\/pages\/1040\/revisions\/1043"}],"up":[{"embeddable":true,"href":"https:\/\/blogs.magicjudges.org\/brasil\/wp-json\/wp\/v2\/pages\/1015"}],"wp:attachment":[{"href":"https:\/\/blogs.magicjudges.org\/brasil\/wp-json\/wp\/v2\/media?parent=1040"}],"wp:term":[{"taxonomy":"language","embeddable":true,"href":"https:\/\/blogs.magicjudges.org\/brasil\/wp-json\/wp\/v2\/language?post=1040"}],"curies":[{"name":"wp","href":"https:\/\/api.w.org\/{rel}","templated":true}]}}