{"id":1075,"date":"2016-10-27T18:21:19","date_gmt":"2016-10-27T21:21:19","guid":{"rendered":"http:\/\/blogs.magicjudges.org\/brasil\/?page_id=1075"},"modified":"2016-10-30T20:55:13","modified_gmt":"2016-10-30T23:55:13","slug":"ipg3-0","status":"publish","type":"page","link":"https:\/\/blogs.magicjudges.org\/brasil\/regras\/ipg\/ipg3-0\/","title":{"rendered":"IPG 3.0 Erros de Torneio"},"content":{"rendered":"<h2>3.0 Erros de Torneio<\/h2>\n<p>Erros de torneio s\u00e3o viola\u00e7\u00f5es das Regras de Torneio de Magic.<br \/>\n<div class=\"alert alert-info\" role=\"alert\"> <em>Assim como Erros de Jogo s\u00e3o viola\u00e7\u00f5es das Regras Abrangentes, os Erros de Torneio s\u00e3o viola\u00e7\u00f5es das Regras de Torneio. No entanto, nem toda viola\u00e7\u00e3o das regras de torneio resulta em uma infra\u00e7\u00e3o. <\/em><\/div><\/p>\n<p>Se o juiz entender que o erro foi intencional, ele deve considerar Conduta Antidesportiva \u2013 Trapa\u00e7a. (Vers\u00f5es anteriores do IPG faziam refer\u00eancia em cada se\u00e7\u00e3o \u00e0 forma como lidar com uma viola\u00e7\u00e3o intencional. Com a exce\u00e7\u00e3o de Jogo Lento, todas as viola\u00e7\u00f5es intencionais ser\u00e3o agora interpretadas como potencial Conduta Antidesportiva \u2013 Trapa\u00e7a.)<br \/>\n<div class=\"alert alert-info\" role=\"alert\"> <em>Este par\u00e1grafo contempla casos em que um jogador quebra uma regra de torneio intencionalmente. O jogador pode estar cometendo uma infra\u00e7\u00e3o (at\u00e9 mesmo propositalmente), por\u00e9m esta pode n\u00e3o constituir Trapa\u00e7a segundo as defini\u00e7\u00f5es do IPG. Certifique-se de revisar a se\u00e7\u00e3o 4.8 Conduta Antidesportiva \u2013 Trapa\u00e7a antes de tomar alguma atitude. <\/em><\/div><\/p>\n<p>Se um jogador viola as Regras de Torneio de Magic de uma forma que n\u00e3o est\u00e1 prevista neste documento, o Juiz deve explicar o procedimento correto para o jogador mas n\u00e3o aplicar nenhuma penalidade.<br \/>\n<div class=\"alert alert-info\" role=\"alert\"> <em>Somente as Regras de Torneio de Magic mais importantes exigem uma penalidade quando quebradas. Viola\u00e7\u00f5es dessas regras podem atrapalhar o andamento geral do torneio, provocando atrasos, ou podem conferir vantagem indevida a algum jogador. Se uma viola\u00e7\u00e3o das Regras de Torneio de Magic n\u00e3o \u00e9 considerada prejudicial ao andamento do torneio (e, portanto, n\u00e3o estiver coberta neste documento), ent\u00e3o nenhuma penalidade se faz necess\u00e1ria, e o juiz deve adotar uma postura puramente educativa. <\/em><\/div><\/p>\n<p>Se o comportamento continuar inadequado ou se o jogador desdenhar as instru\u00e7\u00f5es, uma investiga\u00e7\u00e3o pode ser necess\u00e1ria.<br \/>\n<div class=\"alert alert-info\" role=\"alert\"> <em>Ainda que nem toda viola\u00e7\u00e3o das Regras de Torneio de Magic seja pass\u00edvel de penaliza\u00e7\u00e3o, mesmo o menor dos deslizes praticado de maneira repetitiva pode atrapalhar o evento. Se isto acontecer, uma investiga\u00e7\u00e3o pode ser necess\u00e1ria para verificar se a a\u00e7\u00e3o est\u00e1 sendo praticada de forma deliberada, de maneira a atrapalhar o evento, ou se um jogador apenas necessita de um melhor direcionamento. <\/em><\/div><\/p>\n<p>A segunda ou subsequente Advert\u00eancias por ocasi\u00e3o de um Erro de torneio da mesma categoria \u00e9 aumentada para uma Perda de Jogo.<br \/>\n<div class=\"alert alert-info\" role=\"alert\"> <em>Erros de Torneio s\u00e3o tipicamente mais prejudiciais e mais dif\u00edceis de se cometer que Erros de Jogo. Como resultado, a segunda inst\u00e2ncia de uma Advert\u00eancia originada do mesmo Erro de Torneio deve ser convertida em uma Perda de Jogo. Todas as inst\u00e2ncias subsequentes ser\u00e3o penalizadas por Perda de Jogo. O aumento da penalidade n\u00e3o progride at\u00e9 se chegar a uma Desqualifica\u00e7\u00e3o. <\/em><\/div><\/p>\n<p>Para eventos realizados em mais de um dia, a contagem de penalidade para essas infra\u00e7\u00f5es \u00e9 zerada entre os dias<br \/>\n<div class=\"alert alert-info\" role=\"alert\"> <em>Assim como se verifica com Erros de Jogo, existe uma chance maior de que um jogador repita um Erro de Torneio em um Grand Prix de 15 rodadas do que em um PPTQ de 5. Reiniciar a contagem de penalidades entre dias reflete esse entendimento. <\/em><\/div><\/p>\n","protected":false},"excerpt":{"rendered":"<p>3.0 Erros de Torneio Erros de torneio s\u00e3o viola\u00e7\u00f5es das Regras de Torneio de Magic. Se o juiz entender que o erro foi intencional, ele deve considerar Conduta Antidesportiva \u2013 Trapa\u00e7a. (Vers\u00f5es anteriores do IPG faziam refer\u00eancia em cada se\u00e7\u00e3o \u00e0 forma como lidar com uma viola\u00e7\u00e3o intencional. Com a exce\u00e7\u00e3o de Jogo Lento, todas [&hellip;]<\/p>\n","protected":false},"author":249,"featured_media":0,"parent":1009,"menu_order":0,"comment_status":"closed","ping_status":"closed","template":"page_width-index.php","meta":{"footnotes":"","_links_to":"","_links_to_target":""},"language":[],"class_list":["post-1075","page","type-page","status-publish","hentry"],"_links":{"self":[{"href":"https:\/\/blogs.magicjudges.org\/brasil\/wp-json\/wp\/v2\/pages\/1075","targetHints":{"allow":["GET"]}}],"collection":[{"href":"https:\/\/blogs.magicjudges.org\/brasil\/wp-json\/wp\/v2\/pages"}],"about":[{"href":"https:\/\/blogs.magicjudges.org\/brasil\/wp-json\/wp\/v2\/types\/page"}],"author":[{"embeddable":true,"href":"https:\/\/blogs.magicjudges.org\/brasil\/wp-json\/wp\/v2\/users\/249"}],"replies":[{"embeddable":true,"href":"https:\/\/blogs.magicjudges.org\/brasil\/wp-json\/wp\/v2\/comments?post=1075"}],"version-history":[{"count":1,"href":"https:\/\/blogs.magicjudges.org\/brasil\/wp-json\/wp\/v2\/pages\/1075\/revisions"}],"predecessor-version":[{"id":1076,"href":"https:\/\/blogs.magicjudges.org\/brasil\/wp-json\/wp\/v2\/pages\/1075\/revisions\/1076"}],"up":[{"embeddable":true,"href":"https:\/\/blogs.magicjudges.org\/brasil\/wp-json\/wp\/v2\/pages\/1009"}],"wp:attachment":[{"href":"https:\/\/blogs.magicjudges.org\/brasil\/wp-json\/wp\/v2\/media?parent=1075"}],"wp:term":[{"taxonomy":"language","embeddable":true,"href":"https:\/\/blogs.magicjudges.org\/brasil\/wp-json\/wp\/v2\/language?post=1075"}],"curies":[{"name":"wp","href":"https:\/\/api.w.org\/{rel}","templated":true}]}}