{"id":1077,"date":"2016-10-27T18:23:04","date_gmt":"2016-10-27T21:23:04","guid":{"rendered":"http:\/\/blogs.magicjudges.org\/brasil\/?page_id=1077"},"modified":"2016-10-27T18:25:11","modified_gmt":"2016-10-27T21:25:11","slug":"ipg3-1","status":"publish","type":"page","link":"https:\/\/blogs.magicjudges.org\/brasil\/regras\/ipg\/ipg3-0\/ipg3-1\/","title":{"rendered":"IPG 3.1 Erro de Torneio &#8211; Atraso"},"content":{"rendered":"<h2>3.1 Erro de Torneio &#8211; Atraso<\/h2>\n<div class=\"alert alert-warning\" role=\"alert\">  <\/p>\n<h2> Penalidade: Perda de Jogo <\/h2>\n<p> <\/div>\n<h2>Defini\u00e7\u00e3o <\/h2>\n<p>Um jogador n\u00e3o est\u00e1 na sua mesa no come\u00e7o da rodada ou n\u00e3o completou uma tarefa ou instru\u00e7\u00e3o no tempo adequado.<br \/>\n<div class=\"alert alert-info\" role=\"alert\"> <em>Existem diversas etapas de um Torneio de Magic que funcionam com intervalos de tempo espec\u00edficos \u2013 20 minutos para isso, 10 minutos para aquilo. Os jogadores recebem tempo suficiente para completar suas tarefas e a falha em termin\u00e1-las dentro deste tempo atrasa o torneio. A maior parte da explica\u00e7\u00e3o de porque esta \u00e9 uma infra\u00e7\u00e3o est\u00e1 na se\u00e7\u00e3o de Filosofia. <\/em><\/div><\/p>\n<p>Se uma rodada come\u00e7ar antes do hor\u00e1rio agendado para o fim da rodada anterior (porque todos os jogadores terminaram mais cedo), Atraso n\u00e3o se aplicar\u00e1 at\u00e9 que esse hor\u00e1rio seja atingido.<br \/>\n<div class=\"alert alert-info\" role=\"alert\"> <em>Isto \u00e9 muito raro em eventos competitivos, mas ocasionalmente acontece de todos os resultados das partidas serem entregues com 10 minutos sobrando no rel\u00f3gio. A rodada come\u00e7ou \u00e0s 13:00 e \u00e0s 13:40 tudo foi terminado. Vamos come\u00e7ar a pr\u00f3xima rodada! O problema \u00e9 que o fim da rodada foi anunciado sendo \u00e0s 13:50. N\u00e3o \u00e9 razo\u00e1vel esperar que um jogador que tenha terminado mais cedo e sa\u00eddo para buscar comida saiba que a rodada come\u00e7ar\u00e1 antes. Deste modo, se voc\u00ea come\u00e7ou a rodada com anteced\u00eancia, os jogadores n\u00e3o estar\u00e3o atrasados at\u00e9 que chegue o hor\u00e1rio anunciado anteriormente. Assim que os jogadores se apresentarem, conceda a extens\u00e3o de tempo necess\u00e1ria. Isto significa que \u00e9 poss\u00edvel que, mesmo come\u00e7ando uma rodada mais cedo, nenhum tempo seja economizado, muito embora seja mais prov\u00e1vel que uma economia se verifique. <\/em><\/div><\/p>\n<p>Um jogador n\u00e3o est\u00e1 Atrasado para a rodada caso ele tenha avisado um Juiz sobre o atraso, desde que o atraso n\u00e3o seja excessivo. Tempo adicional pode ser dado nessas situa\u00e7\u00f5es.<br \/>\n<div class=\"alert alert-info\" role=\"alert\"> <em>Esta parte deve ser auto-explicativa. Se o jogador precisa fazer uma tarefa leg\u00edtima, deixe que ele a fa\u00e7a. Fumar, comprar lanches ou terminar uma troca n\u00e3o s\u00e3o tarefas leg\u00edtimas. Isto tamb\u00e9m n\u00e3o significa que ele ter\u00e1 tempo infinito. Na realidade, ele precisa terminar sua tarefa sem se demorar. Deixe claro que ele precisa se apressar para estar de volta. Ele tem 10 minutos para terminar sua tarefa, tempo ap\u00f3s o qual ele receber\u00e1 uma Perda de Partida e ser\u00e1 removido do torneio, como normalmente se faz em qualquer aumento de penalidade por Atraso. Isto se presta a reduzir o impacto sobre o torneio, uma vez que grandes extens\u00f5es afetam todos os envolvidos no torneio. Tamb\u00e9m \u00e9 importante para estabelecer um limite m\u00e1ximo de tempo de que os jogadores v\u00e3o dispor para realizar suas tarefas. Isto n\u00e3o significa que os jogadores podem ficar vagando e fazendo outras coisas. Se eles receberam tempo para ir ao banheiro, isso n\u00e3o inclui uma parada para comprar comida. Quando o jogador retornar, d\u00ea a extens\u00e3o de tempo apropriada. <\/em><\/div><\/p>\n<h2>Exemplos <\/h2>\n<p>A. Um jogador chega a sua mesa de jogo 5 minutos ap\u00f3s a rodada come\u00e7ar.<br \/>\n<div class=\"alert alert-info\" role=\"alert\"> <em>Se um jogador n\u00e3o est\u00e1 em seu assento quando a rodada inicia, ele est\u00e1 atrasado. Como veremos abaixo, o Organizador do Torneio\/Juiz Mor pode fornecer tempo adicional antes de esta penalidade ser aplicada, por\u00e9m mais do que 5 minutos \u00e9 fora do que \u00e9 razo\u00e1vel permitir. <\/em><\/div><\/p>\n<p>B. Um jogador entrega sua lista de deck ap\u00f3s o hor\u00e1rio designado pelo juiz ou organizador.<br \/>\n<div class=\"alert alert-info\" role=\"alert\"> <em>Novamente, os limites de tempo est\u00e3o l\u00e1 por uma raz\u00e3o. Espera-se que os jogadores entreguem suas listas no hor\u00e1rio apropriado. Conceder tempo extra para que eles ajustem suas listas pode fornecer vantagens em rela\u00e7\u00e3o a outros jogadores. <\/em><\/div><\/p>\n<p>C. Um jogador perde seu deck n\u00e3o consegue encontrar cards substitutos dentro dos primeiros 10 minutos da rodada.<br \/>\n<div class=\"alert alert-info\" role=\"alert\"> <em>Al\u00e9m de estarem presentes a tempo para sua partida, espera-se que os jogadores estejam presentes a tempo com seu material de jogo. Entretanto, se um jogador chega a tempo e descobre que perdeu seu deck ou alguns cards deste, n\u00f3s damos permiss\u00e3o para que ele os procure ou encontre substitutos. Nesse momento, a penalidade de Perda de Jogo n\u00e3o ser\u00e1 aplicada. Contudo, o jogador ter\u00e1 o m\u00e1ximo de 10 minutos transcorridos do tempo da rodada para achar os itens perdidos ou seus substitutos. Excedido esse limite, o jogador dever\u00e1 ser penalizado por Atraso com o respectivo aumento de penalidade. <\/em><\/div><\/p>\n<p>D. Um jogador se senta em uma mesa de jogo incorreto e joga com o advers\u00e1rio errado.<br \/>\n<div class=\"alert alert-info\" role=\"alert\"> <em>Apesar de podermos argumentar que o jogador estava presente no tempo correto, ele n\u00e3o se encontrava no lugar correto. <\/em><\/div><\/p>\n<h2>Filosofia <\/h2>\n<p>Os jogadores s\u00e3o respons\u00e1veis por estar na hora certa e no lugar certo para os seus jogos, al\u00e9m disso, devem finalizar suas inscri\u00e7\u00f5es em tempo h\u00e1bil.<br \/>\n<div class=\"alert alert-info\" role=\"alert\"> <em>N\u00f3s queremos que os jogadores se apresentem a tempo. Os jogadores n\u00e3o devem ficar sentados esperando por seus oponentes. \u00c9 injusto com as pessoas que seguem as regras. Al\u00e9m disso, as partidas t\u00eam 50 minutos, ent\u00e3o, se um jogador est\u00e1 atrasado n\u00f3s damos tempo extra para que eles tenham 50 minutos. Isto significa que o torneio inteiro pode atrasar. Ju\u00edzes gostam que o torneio ande nos conformes, portanto tratamos Atraso de maneira r\u00edgida: aplicamos a ele uma penalidade de Perda de Jogo. Desse modo, asseguramos que os jogadores tratar\u00e3o o assunto com a mesma seriedade. Se a penalidade para Atraso fosse somente uma Advert\u00eancia, n\u00e3o haveria grande incentivo para voc\u00ea estar no seu assento no hor\u00e1rio correto, depois de ter decidido sair para pegar comida. A mesma l\u00f3gica se aplica \u00e0 entrega das listas de deck. Os jogadores respondem a incentivos, e a Perda de Jogo aplicada a casos em que a lista n\u00e3o \u00e9 registrada a tempo \u00e9 um incentivo para ser pontual. <\/em><\/div><\/p>\n<p>O organizador de torneio pode anunciar que est\u00e1 sendo dado um tempo adicional antes da aplica\u00e7\u00e3o de penalidades, caso contr\u00e1rio, a penalidade \u00e9 aplicada assim que a rodada come\u00e7ar.<br \/>\n<div class=\"alert alert-info\" role=\"alert\"> <em>Ocasionalmente, o Organizador do Torneio (ou o Juiz Mor) fornecer\u00e1 mais tempo para que os jogadores tomem seus assentos. Isto geralmente ocorre quando h\u00e1 algum problema de log\u00edstica que esteja atrapalhando a movimenta\u00e7\u00e3o dos jogadores no ambiente (p\u00fablico demais para a loja, pareamentos postados em pontos de gargalo, uso de mais de um c\u00f4modo, etc). Se este for o caso, o tempo adicional deve ser anunciado no in\u00edcio do evento e n\u00e3o deve mudar. O tempo adicional pode ser vari\u00e1vel. Costumava-se dar 3 minutos, mas agora os Organizadores de Torneio podem optar. No entanto, n\u00e3o \u00e9 recomendado que voc\u00ea ultrapasse os 3 minutos. <\/em><\/div><\/p>\n<h2>Solu\u00e7\u00e3o Adicional <\/h2>\n<p>Os jogadores recebem uma extens\u00e3o de tempo correspondente \u00e0 dura\u00e7\u00e3o do atraso.<br \/>\n<div class=\"alert alert-info\" role=\"alert\"> <em>Se o jogador atrasado se apresenta, conceda uma extens\u00e3o de tempo, mesmo que uma Perda de Jogo tenha sido aplicada. Os jogadores ainda recebem os 50 minutos pelos quais pagaram. Provavelmente n\u00e3o ser\u00e1 necess\u00e1rio, mas eles ainda t\u00eam esse direito. <\/em><\/div><\/p>\n<p>Aumento: Um jogador que n\u00e3o se encontrar em seu assento ap\u00f3s 10 minutos de rodada receber\u00e1 uma Perda de Partida e ser\u00e1 removido do torneio a n\u00e3o ser que ele se reporte ao Juiz Mor antes do fim da rodada.<br \/>\n<div class=\"alert alert-info\" role=\"alert\"> <em>Aos 10 minutos da rodada o jogador recebe outra penalidade por Atraso, neste caso a penalidade passa a uma Perda de Partida. Assume-se que o jogador n\u00e3o retornar\u00e1, ent\u00e3o marque que ele ser\u00e1 retirado o evento. \u00c9 boa pr\u00e1tica deixar que o jogador que recebeu a vit\u00f3ria preencha a ficha de resultados. O juiz deve escrever \u201cNo Show\u201d pr\u00f3ximo \u00e0 coluna de \u201cretirada\u201d do jogador atrasado e assinar no espa\u00e7o que estava reservado para o jogador punido. <\/em><\/div><\/p>\n","protected":false},"excerpt":{"rendered":"<p>3.1 Erro de Torneio &#8211; Atraso Defini\u00e7\u00e3o Um jogador n\u00e3o est\u00e1 na sua mesa no come\u00e7o da rodada ou n\u00e3o completou uma tarefa ou instru\u00e7\u00e3o no tempo adequado. Se uma rodada come\u00e7ar antes do hor\u00e1rio agendado para o fim da rodada anterior (porque todos os jogadores terminaram mais cedo), Atraso n\u00e3o se aplicar\u00e1 at\u00e9 que [&hellip;]<\/p>\n","protected":false},"author":249,"featured_media":0,"parent":1075,"menu_order":0,"comment_status":"closed","ping_status":"closed","template":"page_width-index.php","meta":{"footnotes":"","_links_to":"","_links_to_target":""},"language":[],"class_list":["post-1077","page","type-page","status-publish","hentry"],"_links":{"self":[{"href":"https:\/\/blogs.magicjudges.org\/brasil\/wp-json\/wp\/v2\/pages\/1077","targetHints":{"allow":["GET"]}}],"collection":[{"href":"https:\/\/blogs.magicjudges.org\/brasil\/wp-json\/wp\/v2\/pages"}],"about":[{"href":"https:\/\/blogs.magicjudges.org\/brasil\/wp-json\/wp\/v2\/types\/page"}],"author":[{"embeddable":true,"href":"https:\/\/blogs.magicjudges.org\/brasil\/wp-json\/wp\/v2\/users\/249"}],"replies":[{"embeddable":true,"href":"https:\/\/blogs.magicjudges.org\/brasil\/wp-json\/wp\/v2\/comments?post=1077"}],"version-history":[{"count":1,"href":"https:\/\/blogs.magicjudges.org\/brasil\/wp-json\/wp\/v2\/pages\/1077\/revisions"}],"predecessor-version":[{"id":1078,"href":"https:\/\/blogs.magicjudges.org\/brasil\/wp-json\/wp\/v2\/pages\/1077\/revisions\/1078"}],"up":[{"embeddable":true,"href":"https:\/\/blogs.magicjudges.org\/brasil\/wp-json\/wp\/v2\/pages\/1075"}],"wp:attachment":[{"href":"https:\/\/blogs.magicjudges.org\/brasil\/wp-json\/wp\/v2\/media?parent=1077"}],"wp:term":[{"taxonomy":"language","embeddable":true,"href":"https:\/\/blogs.magicjudges.org\/brasil\/wp-json\/wp\/v2\/language?post=1077"}],"curies":[{"name":"wp","href":"https:\/\/api.w.org\/{rel}","templated":true}]}}