{"id":271,"date":"2015-07-02T09:47:11","date_gmt":"2015-07-02T12:47:11","guid":{"rendered":"http:\/\/blogs.magicjudges.org\/brasil\/?page_id=271"},"modified":"2019-01-10T10:42:47","modified_gmt":"2019-01-10T13:42:47","slug":"juizes-nivel-3","status":"publish","type":"page","link":"https:\/\/blogs.magicjudges.org\/brasil\/recursos\/juizes-nivel-3\/","title":{"rendered":"Judges N\u00edvel 3 do Brasil"},"content":{"rendered":"<br style=\"clear: both; height: 1px; margin: -1px 0pt 0pt; overflow: hidden;\">\n<p>Nossa regi\u00e3o conta atualmente com quatro ju\u00edzes N\u00edvel 3. Eles coordenam diversos aspectos do programa no pa\u00eds, e voc\u00ea pode entrar em contato com qualquer um deles atrav\u00e9s do JudgeApps.<\/p>\n<p><div class=\"wp-caption alignleft judgeimg\"><a href=\"https:\/\/apps.magicjudges.org\/judges\/dci\/1201995502\"><img src=https:\/\/apps.magicjudges.org\/dci\/avatar?dci=1201995502&size=200 alt=\"Thales Bittencourt\nN\u00edvel 3, Petr\u00f3polis, RJ\"><\/a><p class=\"wp-caption-text\">Thales Bittencourt<br \/>\nN\u00edvel 3, Petr\u00f3polis, RJ<\/p><\/div>Thales \u00e9 um dos ju\u00edzes de n\u00edvel 3 do Brasil. Professor de filosofia e cara legal, Thales \u00e9 juiz desde 2006, e j\u00e1 foi o Coordenador Regional de ju\u00edzes do Brasil.<br \/>\nEle adora viajar de carro, principalmente quando vai para um torneio, independente da dist\u00e2ncia. Seu maior desafio atualmente \u00e9 descobrir como ir dirigindo para um Grand Prix na Austr\u00e1lia.<\/p>\n<p>Card preferido: <a href=\"https:\/\/blogs.magicjudges.org\/brasil\/wp-content\/plugins\/lems-mtg-helper\/lems-mtg-helper-cardfinder.php?find=Coalition+Victory&width=223&height=310\" class=\"jTip\" name=\"\">Coalition Victory<\/a><br \/>\nCommander preferido: <a href=\"https:\/\/blogs.magicjudges.org\/brasil\/wp-content\/plugins\/lems-mtg-helper\/lems-mtg-helper-cardfinder.php?find=Edric%2C+Spymaster+of+Trest&width=223&height=310\" class=\"jTip\" name=\"\">Edric, Spymaster of Trest<\/a><\/p>\n<hr \/>\n<p><div class=\"wp-caption alignleft judgeimg\"><a href=\"https:\/\/apps.magicjudges.org\/judges\/dci\/70130949\"><img src=https:\/\/apps.magicjudges.org\/dci\/avatar?dci=70130949&size=200 alt=\"Rafael Dei Svaldi\nN\u00edvel 3, Porto Alegre, RS\"><\/a><p class=\"wp-caption-text\">Rafael Dei Svaldi<br \/>\nN\u00edvel 3, Porto Alegre, RS<\/p><\/div>Rafael \u00e9 um dos ju\u00edzes de n\u00edvel 3 do Brasil. Ele foi certificado em 2000, quando ainda existiam cards com borda branca, n\u00e3o existiam raras m\u00edticas e formar bando era uma das melhores habilidades de combate do jogo.<br \/>\nViciado em chocolate, RPG e videogames, Rafael mora em Porto Alegre, mas j\u00e1 viajou para v\u00e1rios cantos do mundo participando de todos os tipos de torneio. Ele adora os rumos que Magic est\u00e1 tomando, mas ainda sente saudades de formar bando.<\/p>\n<p>Card preferido: <a href=\"https:\/\/blogs.magicjudges.org\/brasil\/wp-content\/plugins\/lems-mtg-helper\/lems-mtg-helper-cardfinder.php?find=Shahrazad&width=223&height=310\" class=\"jTip\" name=\"\">Shahrazad<\/a><br \/>\nCommander preferido: <a href=\"https:\/\/blogs.magicjudges.org\/brasil\/wp-content\/plugins\/lems-mtg-helper\/lems-mtg-helper-cardfinder.php?find=Edric%2C+Spymaster+of+Trest&width=223&height=310\" class=\"jTip\" name=\"\">Edric, Spymaster of Trest<\/a><\/p>\n<hr \/>\n<p><div class=\"wp-caption alignleft judgeimg\"><a href=\"https:\/\/apps.magicjudges.org\/judges\/dci\/1307426\"><img src=https:\/\/apps.magicjudges.org\/dci\/avatar?dci=1307426&size=200 alt=\"Carlos Rangon\nN\u00edvel 3, Santo Andr\u00e9, SP\"><\/a><p class=\"wp-caption-text\">Carlos Rangon<br \/>\nN\u00edvel 3, Santo Andr\u00e9, SP<\/p><\/div>Charlie apitou seu primeiro torneio em 1997, mas s\u00f3 em 2004 resolveu se certificar. Desde ent\u00e3o, esteve sempre presente na comunidade brasileira e seus projetos.<br \/>\nCharlie \u00e9 um amante da boa comida, vinhos e iguarias finas, pois acredita que o requinte e o prazer devem fazer parte da experi\u00eancia de consumo. Gosta de longas caminhadas ao por-do-sol e dan\u00e7as ao luar. Paciente e complexo, ele \u00e9 daquelas pessoas que sempre tem uma palavra divertida para os momentos mais inusitados.<\/p>\n<p>Card preferido: <a href=\"https:\/\/blogs.magicjudges.org\/brasil\/wp-content\/plugins\/lems-mtg-helper\/lems-mtg-helper-cardfinder.php?find=Balance&width=223&height=310\" class=\"jTip\" name=\"\">Balance<\/a><br \/>\nCommander preferido: <a href=\"https:\/\/blogs.magicjudges.org\/brasil\/wp-content\/plugins\/lems-mtg-helper\/lems-mtg-helper-cardfinder.php?find=Anax+and+Cymede&width=223&height=310\" class=\"jTip\" name=\"\">Anax and Cymede<\/a><\/p>\n<hr \/>\n<p><div class=\"wp-caption alignleft judgeimg\"><a href=\"https:\/\/apps.magicjudges.org\/judges\/dci\/6103632176\"><img src=https:\/\/apps.magicjudges.org\/dci\/avatar?dci=6103632176&size=200 alt=\"Vinicius Quaiato\nN\u00edvel 3 e Coordenador Regional, S\u00e3o Paulo, SP\"><\/a><p class=\"wp-caption-text\">Vinicius Quaiato<br \/>\nN\u00edvel 3 e Coordenador Regional, S\u00e3o Paulo, SP<\/p><\/div>Quaiato ainda est\u00e1 escrevendo a sua biografia.<\/p>\n<p>Card preferido: <a href=\"https:\/\/blogs.magicjudges.org\/brasil\/wp-content\/plugins\/lems-mtg-helper\/lems-mtg-helper-cardfinder.php?find=&width=223&height=310\" class=\"jTip\" name=\"\"><\/a><br \/>\nCommander preferido: <a href=\"https:\/\/blogs.magicjudges.org\/brasil\/wp-content\/plugins\/lems-mtg-helper\/lems-mtg-helper-cardfinder.php?find=&width=223&height=310\" class=\"jTip\" name=\"\"><\/a><\/p>\n<hr \/>\n<p>&nbsp;<\/p>\n","protected":false},"excerpt":{"rendered":"<p>Nossa regi\u00e3o conta atualmente com quatro ju\u00edzes N\u00edvel 3. Eles coordenam diversos aspectos do programa no pa\u00eds, e voc\u00ea pode entrar em contato com qualquer um deles atrav\u00e9s do JudgeApps. Thales \u00e9 um dos ju\u00edzes de n\u00edvel 3 do Brasil. Professor de filosofia e cara legal, Thales \u00e9 juiz desde 2006, e j\u00e1 foi o [&hellip;]<\/p>\n","protected":false},"author":149,"featured_media":0,"parent":6,"menu_order":1,"comment_status":"open","ping_status":"open","template":"","meta":{"footnotes":"","_links_to":"","_links_to_target":""},"language":[],"class_list":["post-271","page","type-page","status-publish","hentry"],"_links":{"self":[{"href":"https:\/\/blogs.magicjudges.org\/brasil\/wp-json\/wp\/v2\/pages\/271","targetHints":{"allow":["GET"]}}],"collection":[{"href":"https:\/\/blogs.magicjudges.org\/brasil\/wp-json\/wp\/v2\/pages"}],"about":[{"href":"https:\/\/blogs.magicjudges.org\/brasil\/wp-json\/wp\/v2\/types\/page"}],"author":[{"embeddable":true,"href":"https:\/\/blogs.magicjudges.org\/brasil\/wp-json\/wp\/v2\/users\/149"}],"replies":[{"embeddable":true,"href":"https:\/\/blogs.magicjudges.org\/brasil\/wp-json\/wp\/v2\/comments?post=271"}],"version-history":[{"count":42,"href":"https:\/\/blogs.magicjudges.org\/brasil\/wp-json\/wp\/v2\/pages\/271\/revisions"}],"predecessor-version":[{"id":2121,"href":"https:\/\/blogs.magicjudges.org\/brasil\/wp-json\/wp\/v2\/pages\/271\/revisions\/2121"}],"up":[{"embeddable":true,"href":"https:\/\/blogs.magicjudges.org\/brasil\/wp-json\/wp\/v2\/pages\/6"}],"wp:attachment":[{"href":"https:\/\/blogs.magicjudges.org\/brasil\/wp-json\/wp\/v2\/media?parent=271"}],"wp:term":[{"taxonomy":"language","embeddable":true,"href":"https:\/\/blogs.magicjudges.org\/brasil\/wp-json\/wp\/v2\/language?post=271"}],"curies":[{"name":"wp","href":"https:\/\/api.w.org\/{rel}","templated":true}]}}