{"id":6,"date":"2014-04-23T22:23:23","date_gmt":"2014-04-24T01:23:23","guid":{"rendered":"http:\/\/blogs.magicjudges.org\/brasil\/?page_id=6"},"modified":"2015-06-11T22:18:40","modified_gmt":"2015-06-12T01:18:40","slug":"recursos","status":"publish","type":"page","link":"https:\/\/blogs.magicjudges.org\/brasil\/recursos\/","title":{"rendered":"Recursos"},"content":{"rendered":"<p>Recursos de interesse de ju\u00edzes e organizadores, em portugu\u00eas.<\/p>\n<p><a href=\"http:\/\/blogs.magicjudges.org\/translatedrules\/?lang=pt_br\" target=\"_blank\">Documentos de Regras em Portugu\u00eas<\/a><\/p>\n<p><a href=\"http:\/\/blogs.magicjudges.org\/brasil\/files\/2014\/04\/Decksheet_Portugues_v2.pdf\" target=\"_blank\">Folha de Registro de Deck<\/a><\/p>\n<p><a href=\"http:\/\/bit.ly\/GanheiUmPPTQ\" target=\"_blank\">Informa\u00e7\u00f5es a vencedores de PPTQs<\/a><\/p>\n","protected":false},"excerpt":{"rendered":"<p>Recursos de interesse de ju\u00edzes e organizadores, em portugu\u00eas. Documentos de Regras em Portugu\u00eas Folha de Registro de Deck Informa\u00e7\u00f5es a vencedores de PPTQs<\/p>\n","protected":false},"author":125,"featured_media":0,"parent":0,"menu_order":0,"comment_status":"closed","ping_status":"closed","template":"","meta":{"footnotes":"","_links_to":"","_links_to_target":""},"language":[],"class_list":["post-6","page","type-page","status-publish","hentry"],"_links":{"self":[{"href":"https:\/\/blogs.magicjudges.org\/brasil\/wp-json\/wp\/v2\/pages\/6","targetHints":{"allow":["GET"]}}],"collection":[{"href":"https:\/\/blogs.magicjudges.org\/brasil\/wp-json\/wp\/v2\/pages"}],"about":[{"href":"https:\/\/blogs.magicjudges.org\/brasil\/wp-json\/wp\/v2\/types\/page"}],"author":[{"embeddable":true,"href":"https:\/\/blogs.magicjudges.org\/brasil\/wp-json\/wp\/v2\/users\/125"}],"replies":[{"embeddable":true,"href":"https:\/\/blogs.magicjudges.org\/brasil\/wp-json\/wp\/v2\/comments?post=6"}],"version-history":[{"count":15,"href":"https:\/\/blogs.magicjudges.org\/brasil\/wp-json\/wp\/v2\/pages\/6\/revisions"}],"predecessor-version":[{"id":270,"href":"https:\/\/blogs.magicjudges.org\/brasil\/wp-json\/wp\/v2\/pages\/6\/revisions\/270"}],"wp:attachment":[{"href":"https:\/\/blogs.magicjudges.org\/brasil\/wp-json\/wp\/v2\/media?parent=6"}],"wp:term":[{"taxonomy":"language","embeddable":true,"href":"https:\/\/blogs.magicjudges.org\/brasil\/wp-json\/wp\/v2\/language?post=6"}],"curies":[{"name":"wp","href":"https:\/\/api.w.org\/{rel}","templated":true}]}}