{"id":25,"date":"2016-10-23T16:26:04","date_gmt":"2016-10-23T16:26:04","guid":{"rendered":"http:\/\/blogs.magicjudges.org\/deatch\/?page_id=25"},"modified":"2025-11-07T12:52:10","modified_gmt":"2025-11-07T11:52:10","slug":"die-areas","status":"publish","type":"page","link":"https:\/\/blogs.magicjudges.org\/deatch\/die-areas\/","title":{"rendered":"Die Areas"},"content":{"rendered":"<p>Die deutschsprachige Region ist hinsichtlich lokaler Abstimmung von Judges in mehrere Organisationseinheiten eingeteilt: Die Areas. Jede Area hat eine Area-Kontakt-Person (AKP) mit der Aufgabe, die Judges in der entsprechenden Gegend zu koordinieren und zu unterst\u00fctzen. Au\u00dferdem sind die AKPs die ersten Ansprechpartner in ihrer Area f\u00fcr alles, was sich um das Thema Judgen bzw. Judges dreht. Hier findet ihr eine Auflistung aller Areas der Region und ihrer jeweiligen Kontaktperson.<\/p>\n<h2>\u00d6sterreich<\/h2>\n<div class=\"wp-caption alignleft judgeimg\"><a href=\"https:\/\/apps.magicjudges.org\/judges\/dci\/7081073123\"><img src=https:\/\/apps.magicjudges.org\/dci\/avatar?dci=7081073123&size=200 alt=\"Joachim Berger\"><\/a><p class=\"wp-caption-text\">Joachim Berger<\/p><\/div>\n<p>Die Alpenrepublik ist eine einzige Area und wird von AKP Joachim Berger koordiniert.<\/p>\n<h2>Baden-W\u00fcrttemberg<\/h2>\n<div class=\"wp-caption alignleft judgeimg\"><a href=\"https:\/\/apps.magicjudges.org\/judges\/dci\/231856\"><img src=https:\/\/apps.magicjudges.org\/dci\/avatar?dci=231856&size=200 alt=\"Christian Gienger\"><\/a><p class=\"wp-caption-text\">Christian Gienger<\/p><\/div>\n<p>Baden-W\u00fcrttemberg ist die Area im S\u00fcdwesten Deutschlands und ist deckungsgleich mit dem Bundesland desselben Namens. Die Kontaktperson f\u00fcr diese Area ist Christian Gienger.<\/p>\n<h2>Bayern<\/h2>\n<div class=\"wp-caption alignleft judgeimg\"><a href=\"https:\/\/apps.magicjudges.org\/judges\/dci\/9213576107\"><img src=https:\/\/apps.magicjudges.org\/dci\/avatar?dci=9213576107&size=200 alt=\"Daniel Schuster\"><\/a><p class=\"wp-caption-text\">Daniel Schuster<\/p><\/div>\n<p>Das fl\u00e4chenm\u00e4\u00dfig gr\u00f6\u00dfte deutsche Bundesland bildet die Area Bayern. Die Kontaktperson von Franken bis zu den Alpen ist Daniel Schuster.<\/p>\n<h2>Rhein-Main-Mosel-Saar<\/h2>\n<div class=\"wp-caption alignleft judgeimg\"><a href=\"https:\/\/apps.magicjudges.org\/judges\/dci\/9318792788\"><img src=https:\/\/apps.magicjudges.org\/dci\/avatar?dci=9318792788&size=200 alt=\"Tuan Dinh\"><\/a><p class=\"wp-caption-text\">Tuan Dinh<\/p><\/div>\n<p>Diese Area im Westen von Deutschland umfasst die Bundesl\u00e4nder Hessen, Rheinland-Pfalz und Saarland. AKP des Westens ist Tuan Dinh.<\/p>\n<h2>NRW<\/h2>\n<div class=\"wp-caption alignleft judgeimg\"><a href=\"https:\/\/apps.magicjudges.org\/judges\/dci\/6115011294\"><img src=https:\/\/apps.magicjudges.org\/dci\/avatar?dci=6115011294&size=200 alt=\"Betim Kai Gecaj\"><\/a><p class=\"wp-caption-text\">Betim Kai Gecaj<\/p><\/div>\n<p>Die Area Nordrhein-Westfalen ist gleichzeitig das bev\u00f6lkerungsreichste deutsche Bundesland. AKP von NRW ist Betim Kai Gecaj.<\/p>\n<h2>Nord-Ost<\/h2>\n<div class=\"wp-caption alignleft judgeimg\"><a href=\"https:\/\/apps.magicjudges.org\/judges\/dci\/9319081369\"><img src=https:\/\/apps.magicjudges.org\/dci\/avatar?dci=9319081369&size=200 alt=\"Katharina Utecht\"><\/a><p class=\"wp-caption-text\">Katharina Utecht<\/p><\/div>\n<p>Die Bundesl\u00e4nder Mecklenburg-Vorpommern, Brandenburg und Berlin bilden die Area Nord-Ost mit Kontaktperson Katharina Utecht.<\/p>\n<h2>Nord-West<\/h2>\n<div class=\"wp-caption alignleft judgeimg\"><a href=\"https:\/\/apps.magicjudges.org\/judges\/dci\/1203413505\"><img src=https:\/\/apps.magicjudges.org\/dci\/avatar?dci=1203413505&size=200 alt=\"Max Tiedemann\"><\/a><p class=\"wp-caption-text\">Max Tiedemann<\/p><\/div>\n<p>Schleswig-Holstein, Hamburg, Niedersachsen und Bremen werden zur Area Nord-West zusammengefasst. Zust\u00e4ndige AKP ist Max Tiedemann.<\/p>\n<h2>Mitteldeutschland<\/h2>\n<div class=\"wp-caption alignleft judgeimg\"><a href=\"https:\/\/apps.magicjudges.org\/judges\/dci\/1204070722\"><img src=https:\/\/apps.magicjudges.org\/dci\/avatar?dci=1204070722&size=200 alt=\"Sebastian Braune\"><\/a><p class=\"wp-caption-text\">Sebastian Braune<\/p><\/div>\n<p>Die Bundesl\u00e4nder Sachsen, Sachsen Anhalt und Th\u00fcringen bilden die Area Mitteldeutschland. Daf\u00fcr ist als AKP Sebastian Braune zust\u00e4ndig.<\/p>\n","protected":false},"excerpt":{"rendered":"<p>Die deutschsprachige Region ist hinsichtlich lokaler Abstimmung von Judges in mehrere Organisationseinheiten eingeteilt: Die Areas. Jede Area hat eine Area-Kontakt-Person (AKP) mit der Aufgabe, die Judges in der entsprechenden Gegend zu koordinieren und zu unterst\u00fctzen. Au\u00dferdem sind die AKPs die ersten Ansprechpartner in ihrer Area f\u00fcr alles, was sich um das Thema Judgen bzw. Judges [&hellip;]<\/p>\n","protected":false},"author":98,"featured_media":0,"parent":0,"menu_order":0,"comment_status":"closed","ping_status":"closed","template":"","meta":{"footnotes":"","_links_to":"","_links_to_target":""},"language":[],"class_list":["post-25","page","type-page","status-publish","hentry"],"_links":{"self":[{"href":"https:\/\/blogs.magicjudges.org\/deatch\/wp-json\/wp\/v2\/pages\/25","targetHints":{"allow":["GET"]}}],"collection":[{"href":"https:\/\/blogs.magicjudges.org\/deatch\/wp-json\/wp\/v2\/pages"}],"about":[{"href":"https:\/\/blogs.magicjudges.org\/deatch\/wp-json\/wp\/v2\/types\/page"}],"author":[{"embeddable":true,"href":"https:\/\/blogs.magicjudges.org\/deatch\/wp-json\/wp\/v2\/users\/98"}],"replies":[{"embeddable":true,"href":"https:\/\/blogs.magicjudges.org\/deatch\/wp-json\/wp\/v2\/comments?post=25"}],"version-history":[{"count":11,"href":"https:\/\/blogs.magicjudges.org\/deatch\/wp-json\/wp\/v2\/pages\/25\/revisions"}],"predecessor-version":[{"id":3419,"href":"https:\/\/blogs.magicjudges.org\/deatch\/wp-json\/wp\/v2\/pages\/25\/revisions\/3419"}],"wp:attachment":[{"href":"https:\/\/blogs.magicjudges.org\/deatch\/wp-json\/wp\/v2\/media?parent=25"}],"wp:term":[{"taxonomy":"language","embeddable":true,"href":"https:\/\/blogs.magicjudges.org\/deatch\/wp-json\/wp\/v2\/language?post=25"}],"curies":[{"name":"wp","href":"https:\/\/api.w.org\/{rel}","templated":true}]}}