{"id":46,"date":"2016-11-10T11:56:53","date_gmt":"2016-11-10T10:56:53","guid":{"rendered":"http:\/\/blogs.magicjudges.org\/deatch\/?page_id=46"},"modified":"2016-11-10T12:38:02","modified_gmt":"2016-11-10T11:38:02","slug":"judge-helpline","status":"publish","type":"page","link":"https:\/\/blogs.magicjudges.org\/deatch\/judge-helpline\/","title":{"rendered":"Judge Helpline"},"content":{"rendered":"<h2>Was ist die Judge Helpline (JHL)?<\/h2>\n<p><p><img  style='float:left'  class='lems-mtg-cardimg' src='http:\/\/gatherer.wizards.com\/Handlers\/Image.ashx?size=small&type=card&name=Relief Captain'><\/p>Die JHL ist ein Programm, welches euch \u2013 den Judges aus der Region \u2013 die M\u00f6glichkeit f\u00fcr direkte, pers\u00f6nliche und insbesondere auch vertrauliche Hilfestellung geben m\u00f6chte. Diese Hilfe kann zu allem sein, was mit dem judgen und dem Judge Programm zusammenh\u00e4ngt: Eine problematische Situation auf einem Turnier, die ihr gerne noch einmal durchsprechen m\u00f6chtet. Ein Problem mit einem Spieler, oder einem anderen Judge. Fragen zur Policy, zum Programm, zu Projekten, zu Turnierabl\u00e4ufen. Aber auch wenn ihr einfach nur Feedback ben\u00f6tigt, aber selten mit anderen Judges zusammen arbeiten k\u00f6nnt, oder ihr einfach nur ein Ohr braucht, welches euch zuh\u00f6rt, und eure Fragen und Sorgen ernst nimmt \u2013 oder alles andere, was euch sonst noch einf\u00e4llt.<\/p>\n<h2>Das klingt ja schon mal gut \u2013 aber wie soll das passieren?<\/h2>\n<p><p><img  style='float:right'  class='lems-mtg-cardimg' src='http:\/\/gatherer.wizards.com\/Handlers\/Image.ashx?size=small&type=card&name=Ajani, Mentor of Heroes'><\/p>Das ist eine gute Frage. Im Prinzip ist das ganze ganz einfach. Wir haben einen Stab an Mentoren \u2013 die Namen aller aktiver Mentoren findet ihr stets im Post direkt hier drunter \u2013 welche euch bei euren Problemen im 1-zu-1 Gespr\u00e4ch helfen. Wenn ihr die JHL in Anspruch nehmen m\u00f6chtet, gibt es dazu ein <a href=\"https:\/\/goo.gl\/forms\/68hhqIJokriuJMHw2\">Google Formular<\/a>. Dieses f\u00fcllt ihr mit so viel oder so wenig Information, wie ihr m\u00f6chtet aus \u2013 je mehr Informationen ihr hier angebt, desto besser kann ich euch danach einen Mentor zuteilen. Die Antworten dieses Formulars kann nur der Lead des Projektes einsehen \u2013 derzeit Philip K\u00f6rte. Anhand der Information aus dem Formular teile ich euch dann einem Mentor zu, der euch \u00fcber die von euch angegebene Kommunikationsm\u00f6glichkeit kontaktiert, und mit welchem ihr dann euer Anliegen besprechen k\u00f6nnt.<br \/>\nAlternativ k\u00f6nnt ihr auch einfach unseren <a href=\"https:\/\/discord.gg\/ZCSpZS9\">\u00f6ffentlichen Discordserver<\/a> besuchen.<br \/>\nDort k\u00f6nnt ihr direkt einen Mentor finden, und mit diesem euer Problem angehen \u2013 allerdings kann es da nat\u00fcrlich sein, dass zuf\u00e4llig auch gerade jemand anderes dort ist, und mitbekommt, dass ihr euch an uns wendet. Und alle Mentoren bekommen mit, dass ihr euch an uns gewendet habt.<\/p>\n<h2>Was bedeutet vertraulich?<\/h2>\n<p>Vertraulich bedeutet genau das, was man vermuten k\u00f6nnte. Alle Mentoren dieses Projektes haben sich zur Verschwiegenheit \u00fcber alles, was in den Gespr\u00e4chen f\u00e4llt, verpflichtet \u2013 es sei denn, ihr gebt die explizite Erlaubnis dazu. Das bedeutet auch zwischen den einzelnen Mentoren!<br \/>\nAlles, was ihr im Rahmen der JHL besprecht, bleibt zwischen euch und dem Mentor. Auch mir geben die Mentoren keine R\u00fcckmeldung dar\u00fcber, was in einem Gespr\u00e4ch beredet wurde. Und alle Angaben, die ihr in dem Formular macht, bleiben nat\u00fcrlich selbstverst\u00e4ndlich auch zwischen euch und mir, und werden nicht weitergegeben \u2013 auch nicht, dass ihr die JHL \u00fcberhaupt genutzt habt.<\/p>\n<h2>Aber wenn ich da jetzt mein Problem in das Formular schreibe, dann wei\u00dft du doch worum es geht, und woher wei\u00df ich, dass du das nicht einfach weitergibst?<\/h2>\n<p>Guter Punkt! Deshalb m\u00fcsst ihr \u2013 au\u00dfer einem Weg, wie euch euer Mentor kontaktieren kann \u2013 auch nichts weiter angeben. Wenn ihr anonym bleiben wollt, ist das kein Problem. Wenn ihr mir nicht sagen wollt, \u00fcber was ihr reden wollt, ist das auch kein Problem (eurem Mentor werden ihr das wohl sagen m\u00fcssen, damit er helfen kann ). Ihr k\u00f6nnt auch bestimmte Mentoren erfragen, denen ihr Vertraut, oder Mentoren ausschlie\u00dfen, von denen ihr nicht m\u00f6chtet, dass sie euch zugeteilt werden \u2013 auch auf diese W\u00fcnsche werde ich eingehen (wenn ihr einen bestimmten Mentor m\u00f6chtet, dann kann es nat\u00fcrlich etwas dauern, bis dieser Zeit f\u00fcr euch findet).<\/p>\n<h2>Ich hab die JHL genutzt, und war nicht zufrieden\/habe ein Problem! Was tun wir da jetzt?<\/h2>\n<p>Wenn euer Mentor euch einfach nur nicht weiterhelfen konnte, dann k\u00f6nnt ihr nat\u00fcrlich gerne, jederzeit, und ohne Angabe von Gr\u00fcnden, ihn bzw. mich darum bitten, einem anderen Mentor zugeteilt zu werden. Wenn ihr mit eurem Mentor unzufrieden wart, k\u00f6nnt ihr mir davon erz\u00e4hlen, damit ich mich um das Problem k\u00fcmmern kann \u2013 mit den Informationen, die ihr mir daf\u00fcr gebt. Gerne auch in eurem Beisein, um sicher zu stellen, das nichts gesagt wird, was ihr nicht m\u00f6chtet \u2013 ganz wie ihr das wollt. Wenn ihr mit mir unzufrieden seid, dann k\u00f6nnt ihr das nat\u00fcrlich auch sagen \u2013 mir direkt, oder auch euren RC <span class='judge-tooltip'><a href='https:\/\/apps.magicjudges.org\/judges\/dci\/1204199802' >Stefan Ladst\u00e4tter<\/a><span class='avatar'><img width='200' height='200' src='https:\/\/apps.magicjudges.org\/dci\/avatar?dci=1204199802&size=200'><\/span><\/span>, der mir dann entsprechend die Leviten lesen wird ;). Die Option, euch direkt an Stefan\u00a0zu wenden, habt ihr nat\u00fcrlich sowieso immer \u2013 als RC hat er f\u00fcr euch da immer ein offenes Ohr.<\/p>\n<h2>Cool, und wie benutze ich das jetzt?<\/h2>\n<p>Hier ist der Link zum Formular: <a href=\"https:\/\/goo.gl\/forms\/68hhqIJokriuJMHw2\">https:\/\/goo.gl\/forms\/68hhqIJokriuJMHw2<\/a>.<br \/>\nUnd hier der Link zum Discordserver: <a href=\"https:\/\/discord.gg\/ZCSpZS9\">https:\/\/discord.gg\/ZCSpZS9<\/a>.<\/p>\n<p>Ich hoffe, das wir euch mit Rat und Tat zur Seite stehen k\u00f6nnen, euer<\/p>\n<p>Philip K\u00f6rte<\/p>\n<p>Projekt\u2013Lead Judge Helpline<\/p>\n<p>&nbsp;<\/p>\n<h1>FAQ<\/h1>\n<p>[expand title=&#8221;Mentor in der JHL &#8211; Was hei\u00dft das?&#8221;]<\/p>\n<p><p><img  style='float:left'  class='lems-mtg-cardimg' src='http:\/\/gatherer.wizards.com\/Handlers\/Image.ashx?size=small&type=card&name=Linvala, Keeper of Silence'><\/p>Es bedeutet zu zuallererst Verschwiegenheit. Die Basis der JHL ist Vertrauen. Die JHL wurde ins Leben gerufen, um Judges mit ihren Fragen und Problemen zu helfen &#8211; auch, und insbesondere, mit denen, die sie nicht \u00f6ffentlich diskutieren oder ansprechen wollen &#8211; aus welchen Gr\u00fcnden auch immer. Wir wollen diesen Judges eine M\u00f6glichkeit geben, diese Anliegen im pers\u00f6nlichen zu besprechen &#8211; in der Sicherheit, dass diese nicht weitergetragen werden.<br \/>\nVon daher f\u00e4llt zun\u00e4chst alles, was im Rahmen den JHL besprochen wird, in den Bereich der vertraulichen Information. Das bedeutet insbesondere auch, nicht mit den anderen Mentoren, dem RC, oder dem JHL-Lead dar\u00fcber zu sprechen. Alles diskutierte bleibt zwischen dem Teilnehmer und dem Mentor.<br \/>\nDie einzige Ausnahme hiervor ist, wenn der Teilnehmer dem Mentor explizit die Erlaubnis gibt, bestimmte Teile des Gespr\u00e4chs (ggf. anonymisiert) zu verwenden &#8211; wenn es z.B. um einen Konflikt geht, und der Teilnehmer den Mentor explizit darum bittet, z.B. als Mittelsmann f\u00fcr die L\u00f6sung dieses zu vermitteln; oder wenn der Mentor den Teilnehmer fragt, ob er eine besprochene Situation (anonymisiert!) zur offenen Diskussion stellen darf. Wichtig ist hierbei zum eine die explizite Erlaubnis, zum anderen, dass der Teilnehmer jederzeit und ohne Grund nein sagen darf.<\/p>\n<p>[\/expand]<\/p>\n<p>&nbsp;<\/p>\n<p>[expand title=&#8221;Probleme zwischen Mentor und Teilnehmer&#8221;]<\/p>\n<p>Auch hier gilt wiederum, das der Teilnehmer jederzeit und ohne Grund das Gespr\u00e4ch, oder um einen anderen Mentor bitten darf &#8211; das Projekt ist dazu da, den Teilnehmern zu helfen &#8211; auf jede Weise, die uns m\u00f6glich ist.<br \/>\nWenn der Mentor ein Gespr\u00e4ch nicht fortf\u00fchren will oder kann, so ist dies nat\u00fcrlich auch m\u00f6glich &#8211; das sollte jedoch die Ausnahme bleiben.<br \/>\nDie Teilnehmer k\u00f6nnen sich bei Problemen mit dem Projekt, oder den Mentoren, jederzeit an den Projekt-Lead wenden.<\/p>\n<p>[\/expand]<\/p>\n<p>&nbsp;<\/p>\n<p>[expand title=&#8221;Die JHL und ihre Mentoren&#8221;]<\/p>\n<p><p><img  style='float:right'  class='lems-mtg-cardimg' src='http:\/\/gatherer.wizards.com\/Handlers\/Image.ashx?size=small&type=card&name=Shoulder to Shoulder'><\/p>Wo die Teilnehmer anonym bleiben k\u00f6nnen, ihre Inhalte vertraulich behandelt werden, und das nutzen dieses Projektes ebenfalls nicht \u00f6ffentlich gemacht wird, wollen wir als Projekt entsprechend so transparent wie m\u00f6glich sein. Das bedeutet unter anderem, das die Mentoren des Projektes \u00f6ffentlich bekannt sind. Im Anschluss findet sich hierzu eine Liste aller Mentoren, wo sie sich und ihre besonderen St\u00e4rken vorstellen.<br \/>\nDer Projekt-Lead ist in aller Regel selbst kein Mentor, damit er oder sie nicht im Problemfall sowohl das Problem, als auch die Ansprechperson f\u00fcr das Problem darstellt.<\/p>\n<p>[\/expand]<\/p>\n<p>&nbsp;<\/p>\n<p>[expand title=&#8221;Wie werde ich Mentor?&#8221;]<\/p>\n<p><p><img  style='float:left'  class='lems-mtg-cardimg' src='http:\/\/gatherer.wizards.com\/Handlers\/Image.ashx?size=small&type=card&name=Monastery Mentor'><\/p>Wenn du Mentor werden willst, melde dich einfach direkt beim Projekt-Lead (derzeit Philip K\u00f6rte, vorzugsweise per Direktnachricht in Discord). Dabei solltest du dich kurz vorstellen, und zumindest auf folgende Punkte eingehen:<br \/>\n(i) Wer bist du?<br \/>\n(ii) Wieso h\u00e4ltst du dich f\u00fcr eine gute Wahl als Mentor der JHL?<br \/>\n(iii) Eine kurze Zusammenfassung \u00fcber dich als Judge im Judgeprogramm<br \/>\n(iv)Warum m\u00f6chtest du an der JHL als Mentor teilnehmen?<br \/>\nIch werde mir das dann anschauen, mit dir und anderen Judges &#8211; insbesondere auch dem RC, deinem AC, den L3 der Region, und den anderen Mentoren &#8211; \u00fcber dich reden, und schlussendlich (in R\u00fccksprache mit diesen) eine Entscheidung dazu f\u00e4llen, ob und warum ich dich f\u00fcr eine sinnvolle Addition zum Projekt halte, oder nicht.<br \/>\nSolltest du noch irgendeine Frage zu diesem Projekt haben, immer raus damit &#8211; entweder direkt hier, oder gerne auch im pers\u00f6nlichen Gespr\u00e4ch ;).<\/p>\n<p>[\/expand]<\/p>\n","protected":false},"excerpt":{"rendered":"<p>Was ist die Judge Helpline (JHL)? Die JHL ist ein Programm, welches euch \u2013 den Judges aus der Region \u2013 die M\u00f6glichkeit f\u00fcr direkte, pers\u00f6nliche und insbesondere auch vertrauliche Hilfestellung geben m\u00f6chte. Diese Hilfe kann zu allem sein, was mit dem judgen und dem Judge Programm zusammenh\u00e4ngt: Eine problematische Situation auf einem Turnier, die ihr [&hellip;]<\/p>\n","protected":false},"author":20,"featured_media":0,"parent":0,"menu_order":0,"comment_status":"closed","ping_status":"closed","template":"","meta":{"footnotes":"","_links_to":"","_links_to_target":""},"language":[],"class_list":["post-46","page","type-page","status-publish","hentry"],"_links":{"self":[{"href":"https:\/\/blogs.magicjudges.org\/deatch\/wp-json\/wp\/v2\/pages\/46","targetHints":{"allow":["GET"]}}],"collection":[{"href":"https:\/\/blogs.magicjudges.org\/deatch\/wp-json\/wp\/v2\/pages"}],"about":[{"href":"https:\/\/blogs.magicjudges.org\/deatch\/wp-json\/wp\/v2\/types\/page"}],"author":[{"embeddable":true,"href":"https:\/\/blogs.magicjudges.org\/deatch\/wp-json\/wp\/v2\/users\/20"}],"replies":[{"embeddable":true,"href":"https:\/\/blogs.magicjudges.org\/deatch\/wp-json\/wp\/v2\/comments?post=46"}],"version-history":[{"count":5,"href":"https:\/\/blogs.magicjudges.org\/deatch\/wp-json\/wp\/v2\/pages\/46\/revisions"}],"predecessor-version":[{"id":63,"href":"https:\/\/blogs.magicjudges.org\/deatch\/wp-json\/wp\/v2\/pages\/46\/revisions\/63"}],"wp:attachment":[{"href":"https:\/\/blogs.magicjudges.org\/deatch\/wp-json\/wp\/v2\/media?parent=46"}],"wp:term":[{"taxonomy":"language","embeddable":true,"href":"https:\/\/blogs.magicjudges.org\/deatch\/wp-json\/wp\/v2\/language?post=46"}],"curies":[{"name":"wp","href":"https:\/\/api.w.org\/{rel}","templated":true}]}}