{"id":218,"date":"2015-07-30T20:41:31","date_gmt":"2015-07-30T17:41:31","guid":{"rendered":"http:\/\/blogs.magicjudges.org\/dli\/?page_id=218"},"modified":"2016-07-06T11:31:19","modified_gmt":"2016-07-06T08:31:19","slug":"gallery","status":"publish","type":"page","link":"https:\/\/blogs.magicjudges.org\/dli\/gallery\/","title":{"rendered":"Gallery"},"content":{"rendered":"<p>&nbsp;<\/p>\n<div id='gallery-1' class='gallery galleryid-218 gallery-columns-3 gallery-size-thumbnail'><figure class='gallery-item'>\n\t\t\t<div class='gallery-icon landscape'>\n\t\t\t\t<a href='https:\/\/blogs.magicjudges.org\/dli\/files\/2015\/07\/GP-Madrid-2014-1.jpg'><img loading=\"lazy\" decoding=\"async\" width=\"150\" height=\"150\" src=\"https:\/\/blogs.magicjudges.org\/dli\/files\/2015\/07\/GP-Madrid-2014-1-150x150.jpg\" class=\"attachment-thumbnail size-thumbnail\" alt=\"GP Madrid 2014 \u2014 with Nuno Falc\u00e3o, Ismael Alvarez and Patricia Fern\u00e1ndez\" aria-describedby=\"gallery-1-428\" \/><\/a>\n\t\t\t<\/div>\n\t\t\t\t<figcaption class='wp-caption-text gallery-caption' id='gallery-1-428'>\n\t\t\t\tGP Madrid 2014\n\t\t\t\t<\/figcaption><\/figure><figure class='gallery-item'>\n\t\t\t<div class='gallery-icon landscape'>\n\t\t\t\t<a href='https:\/\/blogs.magicjudges.org\/dli\/files\/2015\/07\/GP-Utrecht-2014.jpg'><img loading=\"lazy\" decoding=\"async\" width=\"150\" height=\"150\" src=\"https:\/\/blogs.magicjudges.org\/dli\/files\/2015\/07\/GP-Utrecht-2014-150x150.jpg\" class=\"attachment-thumbnail size-thumbnail\" alt=\"GP Utrecht 2014 \u2014 with Emilien Wild\" aria-describedby=\"gallery-1-264\" \/><\/a>\n\t\t\t<\/div>\n\t\t\t\t<figcaption class='wp-caption-text gallery-caption' id='gallery-1-264'>\n\t\t\t\tGP Utrecht 2014\n\t\t\t\t<\/figcaption><\/figure><figure class='gallery-item'>\n\t\t\t<div class='gallery-icon landscape'>\n\t\t\t\t<a href='https:\/\/blogs.magicjudges.org\/dli\/files\/2015\/07\/SCG-Invi-Columbus-2014.jpg'><img loading=\"lazy\" decoding=\"async\" width=\"150\" height=\"150\" src=\"https:\/\/blogs.magicjudges.org\/dli\/files\/2015\/07\/SCG-Invi-Columbus-2014-150x150.jpg\" class=\"attachment-thumbnail size-thumbnail\" alt=\"SCG Invi Columbus 2014 \u2014 with Meg Stephens, Stefan Mackiewicz and Bret Siakel.\" aria-describedby=\"gallery-1-260\" \/><\/a>\n\t\t\t<\/div>\n\t\t\t\t<figcaption class='wp-caption-text gallery-caption' id='gallery-1-260'>\n\t\t\t\tSCG Invi Columbus 2014\n\t\t\t\t<\/figcaption><\/figure><figure class='gallery-item'>\n\t\t\t<div class='gallery-icon landscape'>\n\t\t\t\t<a href='https:\/\/blogs.magicjudges.org\/dli\/files\/2015\/07\/GP-Sao-Paulo-2014.jpg'><img loading=\"lazy\" decoding=\"async\" width=\"150\" height=\"84\" src=\"https:\/\/blogs.magicjudges.org\/dli\/files\/2015\/07\/GP-Sao-Paulo-2014.jpg\" class=\"attachment-thumbnail size-thumbnail\" alt=\"GP S\u00e3o Paulo 2014 \u2014 with Andr\u00e9 Tepedino, Thiago Vinicius Santos Trad, Thales Bittencourt, Alejandro Raggio and Darlam Porto\" aria-describedby=\"gallery-1-219\" \/><\/a>\n\t\t\t<\/div>\n\t\t\t\t<figcaption class='wp-caption-text gallery-caption' id='gallery-1-219'>\n\t\t\t\tGP S\u00e3o Paulo 2014\n\t\t\t\t<\/figcaption><\/figure><figure class='gallery-item'>\n\t\t\t<div class='gallery-icon landscape'>\n\t\t\t\t<a href='https:\/\/blogs.magicjudges.org\/dli\/files\/2015\/07\/GP-Beijing-2014-e1438282162656.jpg'><img loading=\"lazy\" decoding=\"async\" width=\"150\" height=\"100\" src=\"https:\/\/blogs.magicjudges.org\/dli\/files\/2015\/07\/GP-Beijing-2014-e1438282162656.jpg\" class=\"attachment-thumbnail size-thumbnail\" alt=\"GP Beijing 2014 \u2014 with Sebastian Rittau, Sebastian Reinfeldt, Frank Karsten and Joel Krebs\" aria-describedby=\"gallery-1-232\" \/><\/a>\n\t\t\t<\/div>\n\t\t\t\t<figcaption class='wp-caption-text gallery-caption' id='gallery-1-232'>\n\t\t\t\tGP Beijing 2014\n\t\t\t\t<\/figcaption><\/figure><figure class='gallery-item'>\n\t\t\t<div class='gallery-icon landscape'>\n\t\t\t\t<a href='https:\/\/blogs.magicjudges.org\/dli\/files\/2015\/07\/GP-Richmond-2014.jpg'><img loading=\"lazy\" decoding=\"async\" width=\"150\" height=\"150\" src=\"https:\/\/blogs.magicjudges.org\/dli\/files\/2015\/07\/GP-Richmond-2014-150x150.jpg\" class=\"attachment-thumbnail size-thumbnail\" alt=\"GP Richmond 2014 \u2014 with Steve Guillerm, Adam White, Casey Brefka, Alexei Gousev, Jordan Johnston, Brogan Elizabeth King, Bret Siakel, Paul Baranay, Stefan Mackiewicz, Jeph Foster, Elliot Raff and Gustavo A. Otero.\" aria-describedby=\"gallery-1-262\" \/><\/a>\n\t\t\t<\/div>\n\t\t\t\t<figcaption class='wp-caption-text gallery-caption' id='gallery-1-262'>\n\t\t\t\tGP Richmond 2014\n\t\t\t\t<\/figcaption><\/figure><figure class='gallery-item'>\n\t\t\t<div class='gallery-icon portrait'>\n\t\t\t\t<a href='https:\/\/blogs.magicjudges.org\/dli\/files\/2015\/07\/Pro-Tour-Valencia-2014.jpg'><img loading=\"lazy\" decoding=\"async\" width=\"150\" height=\"150\" src=\"https:\/\/blogs.magicjudges.org\/dli\/files\/2015\/07\/Pro-Tour-Valencia-2014-150x150.jpg\" class=\"attachment-thumbnail size-thumbnail\" alt=\"Pro Tour Valencia 2014 \u2014 with Niko Skartvedt\" aria-describedby=\"gallery-1-261\" \/><\/a>\n\t\t\t<\/div>\n\t\t\t\t<figcaption class='wp-caption-text gallery-caption' id='gallery-1-261'>\n\t\t\t\tPro Tour Valencia 2014\n\t\t\t\t<\/figcaption><\/figure><figure class='gallery-item'>\n\t\t\t<div class='gallery-icon portrait'>\n\t\t\t\t<a href='https:\/\/blogs.magicjudges.org\/dli\/files\/2015\/07\/GP-Madrid-2014.jpg'><img loading=\"lazy\" decoding=\"async\" width=\"150\" height=\"150\" src=\"https:\/\/blogs.magicjudges.org\/dli\/files\/2015\/07\/GP-Madrid-2014-150x150.jpg\" class=\"attachment-thumbnail size-thumbnail\" alt=\"Madrid, while in Spain for GP Barcelona and PT Valencia 2014 \u2014 with Steven Zwanger and Steven Briggs\" aria-describedby=\"gallery-1-265\" \/><\/a>\n\t\t\t<\/div>\n\t\t\t\t<figcaption class='wp-caption-text gallery-caption' id='gallery-1-265'>\n\t\t\t\tMadrid 2014\n\t\t\t\t<\/figcaption><\/figure><figure class='gallery-item'>\n\t\t\t<div class='gallery-icon landscape'>\n\t\t\t\t<a href='https:\/\/blogs.magicjudges.org\/dli\/files\/2015\/07\/GP-Vienna-2013.jpg'><img loading=\"lazy\" decoding=\"async\" width=\"150\" height=\"150\" src=\"https:\/\/blogs.magicjudges.org\/dli\/files\/2015\/07\/GP-Vienna-2013-150x150.jpg\" class=\"attachment-thumbnail size-thumbnail\" alt=\"GP Vienna 2013 \u2014 with Giorgos Trichopoulos, Jani Havukainen and Patrick Ericsson\" aria-describedby=\"gallery-1-266\" \/><\/a>\n\t\t\t<\/div>\n\t\t\t\t<figcaption class='wp-caption-text gallery-caption' id='gallery-1-266'>\n\t\t\t\tGP Vienna 2013\n\t\t\t\t<\/figcaption><\/figure><figure class='gallery-item'>\n\t\t\t<div class='gallery-icon landscape'>\n\t\t\t\t<a href='https:\/\/blogs.magicjudges.org\/dli\/files\/2015\/07\/GP-Prague-2013.jpg'><img loading=\"lazy\" decoding=\"async\" width=\"150\" height=\"113\" src=\"https:\/\/blogs.magicjudges.org\/dli\/files\/2015\/07\/GP-Prague-2013.jpg\" class=\"attachment-thumbnail size-thumbnail\" alt=\"GP Prague 2013 \u2014 with Antonio Jos\u00e9 Rodr\u00edguez Jim\u00e9nez\" aria-describedby=\"gallery-1-220\" \/><\/a>\n\t\t\t<\/div>\n\t\t\t\t<figcaption class='wp-caption-text gallery-caption' id='gallery-1-220'>\n\t\t\t\tGP Prague 2013\n\t\t\t\t<\/figcaption><\/figure><figure class='gallery-item'>\n\t\t\t<div class='gallery-icon landscape'>\n\t\t\t\t<a href='https:\/\/blogs.magicjudges.org\/dli\/files\/2015\/07\/GP-Verona-2013-e1438282225152.jpg'><img loading=\"lazy\" decoding=\"async\" width=\"150\" height=\"113\" src=\"https:\/\/blogs.magicjudges.org\/dli\/files\/2015\/07\/GP-Verona-2013-e1438282225152.jpg\" class=\"attachment-thumbnail size-thumbnail\" alt=\"GP Verona 2013 \u2014 with Carlos Ho\" aria-describedby=\"gallery-1-221\" \/><\/a>\n\t\t\t<\/div>\n\t\t\t\t<figcaption class='wp-caption-text gallery-caption' id='gallery-1-221'>\n\t\t\t\tGP Verona 2013\n\t\t\t\t<\/figcaption><\/figure><figure class='gallery-item'>\n\t\t\t<div class='gallery-icon portrait'>\n\t\t\t\t<a href='https:\/\/blogs.magicjudges.org\/dli\/files\/2015\/07\/GP-Bilbao-2013-e1438534902791.jpg'><img loading=\"lazy\" decoding=\"async\" width=\"150\" height=\"150\" src=\"https:\/\/blogs.magicjudges.org\/dli\/files\/2015\/07\/GP-Bilbao-2013-150x150.jpg\" class=\"attachment-thumbnail size-thumbnail\" alt=\"GP Bilbao 2013 \u2014 with Niels Viaene\" aria-describedby=\"gallery-1-268\" \/><\/a>\n\t\t\t<\/div>\n\t\t\t\t<figcaption class='wp-caption-text gallery-caption' id='gallery-1-268'>\n\t\t\t\tGP Bilbao 2013\n\t\t\t\t<\/figcaption><\/figure><figure class='gallery-item'>\n\t\t\t<div class='gallery-icon landscape'>\n\t\t\t\t<a href='https:\/\/blogs.magicjudges.org\/dli\/files\/2015\/07\/GP-Lisbon-2012-e1438282209648.jpg'><img loading=\"lazy\" decoding=\"async\" width=\"150\" height=\"91\" src=\"https:\/\/blogs.magicjudges.org\/dli\/files\/2015\/07\/GP-Lisbon-2012-e1438282209648.jpg\" class=\"attachment-thumbnail size-thumbnail\" alt=\"GP Lisbon 2012 \u2014 with John Alderfer\" aria-describedby=\"gallery-1-222\" \/><\/a>\n\t\t\t<\/div>\n\t\t\t\t<figcaption class='wp-caption-text gallery-caption' id='gallery-1-222'>\n\t\t\t\tGP Lisbon 2012\n\t\t\t\t<\/figcaption><\/figure><figure class='gallery-item'>\n\t\t\t<div class='gallery-icon landscape'>\n\t\t\t\t<a href='https:\/\/blogs.magicjudges.org\/dli\/files\/2015\/07\/GP-Chicago-2012-e1438282063471.jpg'><img loading=\"lazy\" decoding=\"async\" width=\"150\" height=\"100\" src=\"https:\/\/blogs.magicjudges.org\/dli\/files\/2015\/07\/GP-Chicago-2012-e1438282063471.jpg\" class=\"attachment-thumbnail size-thumbnail\" alt=\"GP Chicago 2012 \u2014 with Maddi Wall, Kristen Nicoson and Eric Wall\" aria-describedby=\"gallery-1-223\" \/><\/a>\n\t\t\t<\/div>\n\t\t\t\t<figcaption class='wp-caption-text gallery-caption' id='gallery-1-223'>\n\t\t\t\tGP Chicago 2012\n\t\t\t\t<\/figcaption><\/figure><figure class='gallery-item'>\n\t\t\t<div class='gallery-icon landscape'>\n\t\t\t\t<a href='https:\/\/blogs.magicjudges.org\/dli\/files\/2015\/07\/SCG-Indianapolis-2012-e1438282179831.jpg'><img loading=\"lazy\" decoding=\"async\" width=\"150\" height=\"113\" src=\"https:\/\/blogs.magicjudges.org\/dli\/files\/2015\/07\/SCG-Indianapolis-2012-e1438282179831.jpg\" class=\"attachment-thumbnail size-thumbnail\" alt=\"SCG Indianapolis 2012 \u2014 with Steven Briggs and James Elliott\" aria-describedby=\"gallery-1-234\" \/><\/a>\n\t\t\t<\/div>\n\t\t\t\t<figcaption class='wp-caption-text gallery-caption' id='gallery-1-234'>\n\t\t\t\tSCG Indianapolis 2012\n\t\t\t\t<\/figcaption><\/figure><figure class='gallery-item'>\n\t\t\t<div class='gallery-icon landscape'>\n\t\t\t\t<a href='https:\/\/blogs.magicjudges.org\/dli\/files\/2015\/07\/Prerelease-Return-to-Ravnica-at-Endgame-Oakland-CA.jpg'><img loading=\"lazy\" decoding=\"async\" width=\"150\" height=\"150\" src=\"https:\/\/blogs.magicjudges.org\/dli\/files\/2015\/07\/Prerelease-Return-to-Ravnica-at-Endgame-Oakland-CA-150x150.jpg\" class=\"attachment-thumbnail size-thumbnail\" alt=\"Prerelease Return to Ravnica at Endgame, Oakland (CA) 2012 \u2014 with Lindsay Brown\" aria-describedby=\"gallery-1-263\" \/><\/a>\n\t\t\t<\/div>\n\t\t\t\t<figcaption class='wp-caption-text gallery-caption' id='gallery-1-263'>\n\t\t\t\tPrerelease Return to Ravnica at Endgame, Oakland (CA) 2012\n\t\t\t\t<\/figcaption><\/figure><figure class='gallery-item'>\n\t\t\t<div class='gallery-icon portrait'>\n\t\t\t\t<a href='https:\/\/blogs.magicjudges.org\/dli\/files\/2015\/07\/GP-Moscow-2012-e1438282081868.jpg'><img loading=\"lazy\" decoding=\"async\" width=\"150\" height=\"150\" src=\"https:\/\/blogs.magicjudges.org\/dli\/files\/2015\/07\/GP-Moscow-2012-e1438282081868.jpg\" class=\"attachment-thumbnail size-thumbnail\" alt=\"GP Moscow 2012 \u2014 with Martin K\u00f6hler, Davide Succi, Sebastian Reinfeldt, Riccardo Tessitori, Oli Bird, Mark Mc Govern, Matteo Callegari and Scott Marshall\" aria-describedby=\"gallery-1-224\" \/><\/a>\n\t\t\t<\/div>\n\t\t\t\t<figcaption class='wp-caption-text gallery-caption' id='gallery-1-224'>\n\t\t\t\tGP Moscow 2012\n\t\t\t\t<\/figcaption><\/figure><figure class='gallery-item'>\n\t\t\t<div class='gallery-icon landscape'>\n\t\t\t\t<a href='https:\/\/blogs.magicjudges.org\/dli\/files\/2015\/07\/GP-Malm\u00f6-2012.jpg'><img loading=\"lazy\" decoding=\"async\" width=\"150\" height=\"113\" src=\"https:\/\/blogs.magicjudges.org\/dli\/files\/2015\/07\/GP-Malm\u00f6-2012.jpg\" class=\"attachment-thumbnail size-thumbnail\" alt=\"GP Malm\u00f6 2012 \u2014 with Gianluca Bonacchi and Frank Wareman\" aria-describedby=\"gallery-1-225\" \/><\/a>\n\t\t\t<\/div>\n\t\t\t\t<figcaption class='wp-caption-text gallery-caption' id='gallery-1-225'>\n\t\t\t\tGP Malm\u00f6 2012\n\t\t\t\t<\/figcaption><\/figure><figure class='gallery-item'>\n\t\t\t<div class='gallery-icon landscape'>\n\t\t\t\t<a href='https:\/\/blogs.magicjudges.org\/dli\/files\/2015\/07\/GP-Mexico-2012.jpg'><img loading=\"lazy\" decoding=\"async\" width=\"150\" height=\"150\" src=\"https:\/\/blogs.magicjudges.org\/dli\/files\/2015\/07\/GP-Mexico-2012-150x150.jpg\" class=\"attachment-thumbnail size-thumbnail\" alt=\"GP Mexico 2012 \u2014 with Damian Hiller\" aria-describedby=\"gallery-1-276\" \/><\/a>\n\t\t\t<\/div>\n\t\t\t\t<figcaption class='wp-caption-text gallery-caption' id='gallery-1-276'>\n\t\t\t\tGP Mexico 2012\n\t\t\t\t<\/figcaption><\/figure><figure class='gallery-item'>\n\t\t\t<div class='gallery-icon landscape'>\n\t\t\t\t<a href='https:\/\/blogs.magicjudges.org\/dli\/files\/2015\/07\/GP-Madrid-2012-e1438535029339.jpg'><img loading=\"lazy\" decoding=\"async\" width=\"150\" height=\"150\" src=\"https:\/\/blogs.magicjudges.org\/dli\/files\/2015\/07\/GP-Madrid-2012-150x150.jpg\" class=\"attachment-thumbnail size-thumbnail\" alt=\"GP Madrid 2012 \u2014 with Miguel Calvo Paniego, Jurgen Baert, Alfonso Bueno Ruiz-Rivas, Bryan Prillaman, Richard Drijvers and Sandra Regalado\" aria-describedby=\"gallery-1-269\" \/><\/a>\n\t\t\t<\/div>\n\t\t\t\t<figcaption class='wp-caption-text gallery-caption' id='gallery-1-269'>\n\t\t\t\tGP Madrid 2012\n\t\t\t\t<\/figcaption><\/figure><figure class='gallery-item'>\n\t\t\t<div class='gallery-icon portrait'>\n\t\t\t\t<a href='https:\/\/blogs.magicjudges.org\/dli\/files\/2015\/07\/PT-Honolulu-2012-e1438282114976.jpg'><img loading=\"lazy\" decoding=\"async\" width=\"112\" height=\"150\" src=\"https:\/\/blogs.magicjudges.org\/dli\/files\/2015\/07\/PT-Honolulu-2012-e1438282114976.jpg\" class=\"attachment-thumbnail size-thumbnail\" alt=\"PT Honolulu 2012 \u2014 with Jeff Morrow, Sean Catanese, Steven Zwanger, Bryan Prillaman and Steven Briggs\" aria-describedby=\"gallery-1-226\" \/><\/a>\n\t\t\t<\/div>\n\t\t\t\t<figcaption class='wp-caption-text gallery-caption' id='gallery-1-226'>\n\t\t\t\tPT Honolulu 2012\n\t\t\t\t<\/figcaption><\/figure><figure class='gallery-item'>\n\t\t\t<div class='gallery-icon landscape'>\n\t\t\t\t<a href='https:\/\/blogs.magicjudges.org\/dli\/files\/2015\/07\/PT-Honolulu-20121.jpg'><img loading=\"lazy\" decoding=\"async\" width=\"150\" height=\"150\" src=\"https:\/\/blogs.magicjudges.org\/dli\/files\/2015\/07\/PT-Honolulu-20121-150x150.jpg\" class=\"attachment-thumbnail size-thumbnail\" alt=\"PT Honolulu 2012 \u2014 with Kevin Desprez\" aria-describedby=\"gallery-1-271\" \/><\/a>\n\t\t\t<\/div>\n\t\t\t\t<figcaption class='wp-caption-text gallery-caption' id='gallery-1-271'>\n\t\t\t\tPT Honolulu 2012\n\t\t\t\t<\/figcaption><\/figure><figure class='gallery-item'>\n\t\t\t<div class='gallery-icon landscape'>\n\t\t\t\t<a href='https:\/\/blogs.magicjudges.org\/dli\/files\/2015\/07\/PT-Honolulu-20122.jpg'><img loading=\"lazy\" decoding=\"async\" width=\"150\" height=\"150\" src=\"https:\/\/blogs.magicjudges.org\/dli\/files\/2015\/07\/PT-Honolulu-20122-150x150.jpg\" class=\"attachment-thumbnail size-thumbnail\" alt=\"PT Honolulu 2012 \u2014 with Sean Catanese\" aria-describedby=\"gallery-1-277\" \/><\/a>\n\t\t\t<\/div>\n\t\t\t\t<figcaption class='wp-caption-text gallery-caption' id='gallery-1-277'>\n\t\t\t\tPT Honolulu 2012\n\t\t\t\t<\/figcaption><\/figure><figure class='gallery-item'>\n\t\t\t<div class='gallery-icon landscape'>\n\t\t\t\t<a href='https:\/\/blogs.magicjudges.org\/dli\/files\/2015\/07\/SCG-Las-Vegas-2011.jpg'><img loading=\"lazy\" decoding=\"async\" width=\"150\" height=\"100\" src=\"https:\/\/blogs.magicjudges.org\/dli\/files\/2015\/07\/SCG-Las-Vegas-2011.jpg\" class=\"attachment-thumbnail size-thumbnail\" alt=\"SCG Las Vegas 2011 \u2014 with Fabian Peck and Morgan Meehan-Lam.\" aria-describedby=\"gallery-1-227\" \/><\/a>\n\t\t\t<\/div>\n\t\t\t\t<figcaption class='wp-caption-text gallery-caption' id='gallery-1-227'>\n\t\t\t\tSCG Las Vegas 2011\n\t\t\t\t<\/figcaption><\/figure><figure class='gallery-item'>\n\t\t\t<div class='gallery-icon landscape'>\n\t\t\t\t<a href='https:\/\/blogs.magicjudges.org\/dli\/files\/2015\/07\/GP-Amsterdam-2011-e1438282147810.jpg'><img loading=\"lazy\" decoding=\"async\" width=\"150\" height=\"90\" src=\"https:\/\/blogs.magicjudges.org\/dli\/files\/2015\/07\/GP-Amsterdam-2011-e1438282147810.jpg\" class=\"attachment-thumbnail size-thumbnail\" alt=\"GP Amsterdam 2011 \u2014 with Alexis Rassel, Richard Drijvers, Jason Lems, Johanna Virtanen and Nick Sephton\" aria-describedby=\"gallery-1-228\" \/><\/a>\n\t\t\t<\/div>\n\t\t\t\t<figcaption class='wp-caption-text gallery-caption' id='gallery-1-228'>\n\t\t\t\tGP Amsterdam 2011\n\t\t\t\t<\/figcaption><\/figure><figure class='gallery-item'>\n\t\t\t<div class='gallery-icon landscape'>\n\t\t\t\t<a href='https:\/\/blogs.magicjudges.org\/dli\/files\/2015\/07\/Spanish-Nationals-2011-in-Alcoy-e1438535572323.jpg'><img loading=\"lazy\" decoding=\"async\" width=\"150\" height=\"150\" src=\"https:\/\/blogs.magicjudges.org\/dli\/files\/2015\/07\/Spanish-Nationals-2011-in-Alcoy-150x150.jpg\" class=\"attachment-thumbnail size-thumbnail\" alt=\"Spanish Nationals 2011 in Alcoy \u2014 with Carlos Ho and Alfonso Bueno Ruiz-Rivas.\" aria-describedby=\"gallery-1-272\" \/><\/a>\n\t\t\t<\/div>\n\t\t\t\t<figcaption class='wp-caption-text gallery-caption' id='gallery-1-272'>\n\t\t\t\tSpanish Nationals 2011 in Alcoy\n\t\t\t\t<\/figcaption><\/figure><figure class='gallery-item'>\n\t\t\t<div class='gallery-icon landscape'>\n\t\t\t\t<a href='https:\/\/blogs.magicjudges.org\/dli\/files\/2015\/07\/GP-Milan-2011-e1438535752562.jpg'><img loading=\"lazy\" decoding=\"async\" width=\"150\" height=\"100\" src=\"https:\/\/blogs.magicjudges.org\/dli\/files\/2015\/07\/GP-Milan-2011-e1438535752562.jpg\" class=\"attachment-thumbnail size-thumbnail\" alt=\"GP Milan 2011 \u2014 with Sergio P\u00e9rez and Daniel Menc\u00eda\" aria-describedby=\"gallery-1-273\" \/><\/a>\n\t\t\t<\/div>\n\t\t\t\t<figcaption class='wp-caption-text gallery-caption' id='gallery-1-273'>\n\t\t\t\tGP Milan 2011\n\t\t\t\t<\/figcaption><\/figure><figure class='gallery-item'>\n\t\t\t<div class='gallery-icon landscape'>\n\t\t\t\t<a href='https:\/\/blogs.magicjudges.org\/dli\/files\/2015\/07\/GP-London-2011.jpg'><img loading=\"lazy\" decoding=\"async\" width=\"150\" height=\"150\" src=\"https:\/\/blogs.magicjudges.org\/dli\/files\/2015\/07\/GP-London-2011-150x150.jpg\" class=\"attachment-thumbnail size-thumbnail\" alt=\"GP London 2011 \u2014 with Carlos Ho, Alfonso Bueno and Giorgos Trichopoulos\" aria-describedby=\"gallery-1-281\" \/><\/a>\n\t\t\t<\/div>\n\t\t\t\t<figcaption class='wp-caption-text gallery-caption' id='gallery-1-281'>\n\t\t\t\tGP London 2011\n\t\t\t\t<\/figcaption><\/figure><figure class='gallery-item'>\n\t\t\t<div class='gallery-icon landscape'>\n\t\t\t\t<a href='https:\/\/blogs.magicjudges.org\/dli\/files\/2015\/07\/GP-Providence-2011.jpg'><img loading=\"lazy\" decoding=\"async\" width=\"150\" height=\"150\" src=\"https:\/\/blogs.magicjudges.org\/dli\/files\/2015\/07\/GP-Providence-2011-150x150.jpg\" class=\"attachment-thumbnail size-thumbnail\" alt=\"GP Providence 2011 \u2014 with Eric Shukan\" aria-describedby=\"gallery-1-274\" \/><\/a>\n\t\t\t<\/div>\n\t\t\t\t<figcaption class='wp-caption-text gallery-caption' id='gallery-1-274'>\n\t\t\t\tGP Providence 2011\n\t\t\t\t<\/figcaption><\/figure><figure class='gallery-item'>\n\t\t\t<div class='gallery-icon landscape'>\n\t\t\t\t<a href='https:\/\/blogs.magicjudges.org\/dli\/files\/2015\/07\/GP-Nashville-2010.jpg'><img loading=\"lazy\" decoding=\"async\" width=\"150\" height=\"150\" src=\"https:\/\/blogs.magicjudges.org\/dli\/files\/2015\/07\/GP-Nashville-2010-150x150.jpg\" class=\"attachment-thumbnail size-thumbnail\" alt=\"GP Nashville 2010 \u2014 with the Florida Judges\" aria-describedby=\"gallery-1-282\" \/><\/a>\n\t\t\t<\/div>\n\t\t\t\t<figcaption class='wp-caption-text gallery-caption' id='gallery-1-282'>\n\t\t\t\tGP Nashville 2010\n\t\t\t\t<\/figcaption><\/figure><figure class='gallery-item'>\n\t\t\t<div class='gallery-icon landscape'>\n\t\t\t\t<a href='https:\/\/blogs.magicjudges.org\/dli\/files\/2015\/07\/GP-Bochum-2010.jpg'><img loading=\"lazy\" decoding=\"async\" width=\"150\" height=\"150\" src=\"https:\/\/blogs.magicjudges.org\/dli\/files\/2015\/07\/GP-Bochum-2010-150x150.jpg\" class=\"attachment-thumbnail size-thumbnail\" alt=\"GP Bochum 2010 \u2014 with Carlos Ho\" aria-describedby=\"gallery-1-280\" \/><\/a>\n\t\t\t<\/div>\n\t\t\t\t<figcaption class='wp-caption-text gallery-caption' id='gallery-1-280'>\n\t\t\t\tGP Bochum 2010\n\t\t\t\t<\/figcaption><\/figure><figure class='gallery-item'>\n\t\t\t<div class='gallery-icon landscape'>\n\t\t\t\t<a href='https:\/\/blogs.magicjudges.org\/dli\/files\/2015\/07\/PT-Amsterdam-2010.jpg'><img loading=\"lazy\" decoding=\"async\" width=\"150\" height=\"150\" src=\"https:\/\/blogs.magicjudges.org\/dli\/files\/2015\/07\/PT-Amsterdam-2010-150x150.jpg\" class=\"attachment-thumbnail size-thumbnail\" alt=\"PT Amsterdam 2010 \u2014 with Andreas Quvang Jepsen and Eric Levine\" aria-describedby=\"gallery-1-233\" \/><\/a>\n\t\t\t<\/div>\n\t\t\t\t<figcaption class='wp-caption-text gallery-caption' id='gallery-1-233'>\n\t\t\t\tPT Amsterdam 2010\n\t\t\t\t<\/figcaption><\/figure><figure class='gallery-item'>\n\t\t\t<div class='gallery-icon landscape'>\n\t\t\t\t<a href='https:\/\/blogs.magicjudges.org\/dli\/files\/2015\/07\/GP-Prague-2009.jpg'><img loading=\"lazy\" decoding=\"async\" width=\"150\" height=\"150\" src=\"https:\/\/blogs.magicjudges.org\/dli\/files\/2015\/07\/GP-Prague-2009-150x150.jpg\" class=\"attachment-thumbnail size-thumbnail\" alt=\"GP Prague 2009 \u2014 with Andreas Q. Jepsen\" aria-describedby=\"gallery-1-294\" \/><\/a>\n\t\t\t<\/div>\n\t\t\t\t<figcaption class='wp-caption-text gallery-caption' id='gallery-1-294'>\n\t\t\t\tGP Prague 2009\n\t\t\t\t<\/figcaption><\/figure><figure class='gallery-item'>\n\t\t\t<div class='gallery-icon landscape'>\n\t\t\t\t<a href='https:\/\/blogs.magicjudges.org\/dli\/files\/2015\/07\/PT-Kyoto-2009.jpg'><img loading=\"lazy\" decoding=\"async\" width=\"150\" height=\"150\" src=\"https:\/\/blogs.magicjudges.org\/dli\/files\/2015\/07\/PT-Kyoto-2009-150x150.jpg\" class=\"attachment-thumbnail size-thumbnail\" alt=\"PT Kyoto 2009 \u2014 with Tobias Fjellander, David Lyford-Smith and famous L0 judge Kim Warren\" aria-describedby=\"gallery-1-284\" \/><\/a>\n\t\t\t<\/div>\n\t\t\t\t<figcaption class='wp-caption-text gallery-caption' id='gallery-1-284'>\n\t\t\t\tPT Kyoto 2009\n\t\t\t\t<\/figcaption><\/figure><figure class='gallery-item'>\n\t\t\t<div class='gallery-icon landscape'>\n\t\t\t\t<a href='https:\/\/blogs.magicjudges.org\/dli\/files\/2015\/07\/GP-Paris-2008.jpg'><img loading=\"lazy\" decoding=\"async\" width=\"150\" height=\"150\" src=\"https:\/\/blogs.magicjudges.org\/dli\/files\/2015\/07\/GP-Paris-2008-150x150.jpg\" class=\"attachment-thumbnail size-thumbnail\" alt=\"GP Paris 2008 \u2014 with Jurgen Baert\" aria-describedby=\"gallery-1-235\" \/><\/a>\n\t\t\t<\/div>\n\t\t\t\t<figcaption class='wp-caption-text gallery-caption' id='gallery-1-235'>\n\t\t\t\tGP Paris 2008\n\t\t\t\t<\/figcaption><\/figure><figure class='gallery-item'>\n\t\t\t<div class='gallery-icon landscape'>\n\t\t\t\t<a href='https:\/\/blogs.magicjudges.org\/dli\/files\/2015\/07\/PT-Berlin-2008-e1438281456247.jpg'><img loading=\"lazy\" decoding=\"async\" width=\"150\" height=\"113\" src=\"https:\/\/blogs.magicjudges.org\/dli\/files\/2015\/07\/PT-Berlin-2008-e1438281456247.jpg\" class=\"attachment-thumbnail size-thumbnail\" alt=\"PT Berlin 2008 \u2014 with Giorgos Trichopoulos and Carlos Ho\" aria-describedby=\"gallery-1-236\" \/><\/a>\n\t\t\t<\/div>\n\t\t\t\t<figcaption class='wp-caption-text gallery-caption' id='gallery-1-236'>\n\t\t\t\tPT Berlin 2008\n\t\t\t\t<\/figcaption><\/figure><figure class='gallery-item'>\n\t\t\t<div class='gallery-icon landscape'>\n\t\t\t\t<a href='https:\/\/blogs.magicjudges.org\/dli\/files\/2015\/07\/GP-Rimini-2008.jpg'><img loading=\"lazy\" decoding=\"async\" width=\"150\" height=\"150\" src=\"https:\/\/blogs.magicjudges.org\/dli\/files\/2015\/07\/GP-Rimini-2008-150x150.jpg\" class=\"attachment-thumbnail size-thumbnail\" alt=\"GP Rimini 2008 \u2014 my first GP as L1\" aria-describedby=\"gallery-1-283\" \/><\/a>\n\t\t\t<\/div>\n\t\t\t\t<figcaption class='wp-caption-text gallery-caption' id='gallery-1-283'>\n\t\t\t\tGP Rimini 2008\n\t\t\t\t<\/figcaption><\/figure>\n\t\t<\/div>\n\n","protected":false},"excerpt":{"rendered":"<p>&nbsp;<\/p>\n","protected":false},"author":13,"featured_media":0,"parent":0,"menu_order":4,"comment_status":"closed","ping_status":"closed","template":"","meta":{"footnotes":"","_links_to":"","_links_to_target":""},"language":[],"class_list":["post-218","page","type-page","status-publish","hentry"],"_links":{"self":[{"href":"https:\/\/blogs.magicjudges.org\/dli\/wp-json\/wp\/v2\/pages\/218","targetHints":{"allow":["GET"]}}],"collection":[{"href":"https:\/\/blogs.magicjudges.org\/dli\/wp-json\/wp\/v2\/pages"}],"about":[{"href":"https:\/\/blogs.magicjudges.org\/dli\/wp-json\/wp\/v2\/types\/page"}],"author":[{"embeddable":true,"href":"https:\/\/blogs.magicjudges.org\/dli\/wp-json\/wp\/v2\/users\/13"}],"replies":[{"embeddable":true,"href":"https:\/\/blogs.magicjudges.org\/dli\/wp-json\/wp\/v2\/comments?post=218"}],"version-history":[{"count":17,"href":"https:\/\/blogs.magicjudges.org\/dli\/wp-json\/wp\/v2\/pages\/218\/revisions"}],"predecessor-version":[{"id":429,"href":"https:\/\/blogs.magicjudges.org\/dli\/wp-json\/wp\/v2\/pages\/218\/revisions\/429"}],"wp:attachment":[{"href":"https:\/\/blogs.magicjudges.org\/dli\/wp-json\/wp\/v2\/media?parent=218"}],"wp:term":[{"taxonomy":"language","embeddable":true,"href":"https:\/\/blogs.magicjudges.org\/dli\/wp-json\/wp\/v2\/language?post=218"}],"curies":[{"name":"wp","href":"https:\/\/api.w.org\/{rel}","templated":true}]}}