{"id":129,"date":"2014-10-01T17:48:32","date_gmt":"2014-10-01T17:48:32","guid":{"rendered":"http:\/\/blogs.magicjudges.org\/exemplar\/?page_id=129"},"modified":"2015-06-29T02:25:48","modified_gmt":"2015-06-29T02:25:48","slug":"exemplar-1-brazil","status":"publish","type":"page","link":"https:\/\/blogs.magicjudges.org\/exemplar\/exemplar-1-recognitions\/exemplar-1-brazil\/","title":{"rendered":"Exemplar 1 &#8211; Brazil"},"content":{"rendered":"<p><a title=\"Exemplar 1 Recognitions\" href=\"http:\/\/blogs.magicjudges.org\/exemplar\/exemplar-1-recognitions\/\">View Other Regions<\/a><\/p>\n<table width=\"1204\">\n<tbody>\n<tr>\n<td width=\"706\">To Alice Araujo, L1 from Brazil<br \/>\nRecognized by Thales Bittencourt, L3<\/td>\n<td width=\"498\">Alice is always volunteering to many events in all regions in Brazil. She is exemplar to her peers because of the zealous and relentless way she judges those evens, always striving to be better and better.<\/td>\n<\/tr>\n<tr>\n<td width=\"706\">To Alice Ara\u00fajo, L1 from Brazil<br \/>\nRecognized by Carlos Rangon, L3<\/td>\n<td>Durante o WMCQ que trabalhamos juntos, voc\u00ea fez muito mais do que era esperado do seu trabalho. Voc\u00ea surgiu com \u00f3timas ideias pra agilizar o processo de inscri\u00e7\u00e3o e em todos os momentos esbanjava bom humor, apesar das situa\u00e7\u00f5es adversas que surgiam.<\/td>\n<\/tr>\n<tr>\n<td width=\"706\">To Alice Araujo , L2 from Brazil<br \/>\nRecognized by Rafael Dei Svaldi, L3<\/td>\n<td>Alice is the first woman to be certified as a judge in Brazil. She is also constantly volunteering to events in all regions in Brazil, being an example of commitment and hard work.<\/td>\n<\/tr>\n<tr>\n<td width=\"706\">To Antonio Zanutto, L1 from Brazil<br \/>\nRecognized by Thales Bittencourt, L3<\/td>\n<td>Antonio has been a great help making many articles available in Portuguese. He is exemplar to his peers when he is always ready to volunteer and always concerned that information is spread to judges in Brazil in a fast and efficient way.<\/td>\n<\/tr>\n<tr>\n<td width=\"706\">To Antonio Zanutto , L2 from Brazil<br \/>\nRecognized by Rafael Dei Svaldi, L3<\/td>\n<td>I meet Antonio a few weeks ago, and it was a pleasure to see his professionalism and commitment to judging. He also has a lot of experience from judging at the US, and he is always willing to share this with his peers.<\/td>\n<\/tr>\n<tr>\n<td width=\"706\">To Carlos Rangon, L3 from Brazil<br \/>\nRecognized by Juan Del Compare, L3<\/td>\n<td>I believe it&#8217;s a model to copy the way to managed to first work VERY hard to create portuguese translations for the Judge Center and the rules documents, and then managed to inspire judges around you to pick up on your work, continue and expand it.<\/td>\n<\/tr>\n<tr>\n<td width=\"706\">To Carlos Rangon, L3 from Brazil<br \/>\nRecognized by Thales Bittencourt, L3<\/td>\n<td>Carlos is a leader in S\u00e3o Paulo region. He is exemplar to his peers because of his dedication and leadership in many localization projects over the years, and also for being a zealous and dedicated reference in coordinating regional judge conferences.<\/td>\n<\/tr>\n<tr>\n<td width=\"706\">To Carlos Rangon , L3 from Brazil<br \/>\nRecognized by Rafael Dei Svaldi, L3<\/td>\n<td>Carlos has been walking the path of judging for many years. He is an example to his peers for his professionalism and intelligence. Also, he reached level 3 hits year, so he deserves my congrats for that as well.<\/td>\n<\/tr>\n<tr>\n<td width=\"706\">To Daniel Magalh\u00e3es, L2 from Brazil<br \/>\nRecognized by Thales Bittencourt, L3<\/td>\n<td>Daniel has been a great help with community building in his main local areas. He is exemplar to his peers when he devotes himself to certification with great understanding to the program&#8217;s priorities and always with zealous dedication to contribute with everyone, by offering great feedback.<\/td>\n<\/tr>\n<tr>\n<td width=\"706\">To Darlam da Costa, L1 from Brazil<br \/>\nRecognized by Thales Bittencourt, L3<\/td>\n<td>Darlam has been in charge of several regional projects to judges in Brazil. He is exemplar to his peers when is always bringing a pragmatical line of thought to those projects, and is always concern that the execution is done with hastiness and efficiency.<\/td>\n<\/tr>\n<tr>\n<td width=\"706\">To Darlam da Costa , L2 from Brazil<br \/>\nRecognized by Rafael Dei Svaldi, L3<\/td>\n<td>Darlam is one of the biggest friends I had the honor to make in the program. He is serious, dedicated to the events he judges, and an example of professionalism to his peers. And also a great guy!<\/td>\n<\/tr>\n<tr>\n<td width=\"706\">To Dimmy Magalh\u00e3es, L1 from Brazil<br \/>\nRecognized by Thales Bittencourt, L3<\/td>\n<td>Dimmy is a judge in a very isolated area. He is exemplar to his peers because he doesn&#8217;t let his work be isolated, and is always trying to reach out the whole community, often asking for help and guidance.<\/td>\n<\/tr>\n<tr>\n<td width=\"706\">To Dimmy Magalh\u00e3es , L2 from Brazil<br \/>\nRecognized by Rafael Dei Svaldi, L3<\/td>\n<td>Dimmy lives on the north, an area with few judges. By using the internet to reach out his peers for information and advice, he is an example of how commitment and hard work can make someone bypass the difficulties of being geographically isolated.<\/td>\n<\/tr>\n<tr>\n<td width=\"706\">To Eduardo Beraldo, L1 from Brazil<br \/>\nRecognized by Alejandro Raggio, L3<\/td>\n<td>Your participation at any event is great for everyone attending. You make the long days of working at an event go faster because everyone is influenced by your highly positive attitude.<\/td>\n<\/tr>\n<tr>\n<td width=\"706\">To Eduardo Beraldo, L1 from Brazil<br \/>\nRecognized by Carlos Rangon, L3<\/td>\n<td>Os anos de estrada de estrada por si s\u00f3 j\u00e1 valeriam o reconhecimento. Mas al\u00e9m disso voc\u00ea voltou manteve-se um juiz atuante e vibrante. Parab\u00e9ns pela continuidade no trabalho.<\/td>\n<\/tr>\n<tr>\n<td width=\"706\">To Eduardo Beraldo, L1 from Brazil<br \/>\nRecognized by Rafael Dei Svaldi, L3<\/td>\n<td>It is hard to point just one moment where you make the difference to our community. Since the early days of the program, you were always a strong presence and a trustworthy team member. You are the guy we know we can always count on.<br \/>\nThanks for being awesome!<\/td>\n<\/tr>\n<tr>\n<td width=\"706\">To Eduardo Beraldo, L1 from Brazil<br \/>\nRecognized by Thales Bittencourt, L3<\/td>\n<td>Eduardo is a long time presence in the Magic scene in S\u00e3o Paulo. He is exemplar to his peers because of his charisma and selflessness he displays to everybody, always concerned that everyone has a better experience playing all kinds of events, from FNM in his local store, to the grand prixes in the Latin America.<\/td>\n<\/tr>\n<tr>\n<td width=\"706\">To Eduardo Beraldo , L1 from Brazil<br \/>\nRecognized by Rafael Dei Svaldi, L3<\/td>\n<td>Eduardo has been an active judge in Brazil for longer than most people. He is a model of diplomacy, and through his work has earned the respect of judges and players on Brazil.<\/td>\n<\/tr>\n<tr>\n<td width=\"706\">To Gregory De Bonis, L2 from Brazil<br \/>\nRecognized by Thales Bittencourt, L3<\/td>\n<td>Gregory has been always concerned that everyone has a good experience playing Magic events. He is exemplar to his peers when he voices out concerns with the minorities in the Magic community, and step up to propose solutions by creating a safe environment to everyone around the game.<\/td>\n<\/tr>\n<tr>\n<td width=\"706\">To Gregory De Bonis , L2 from Brazil<br \/>\nRecognized by Rafael Dei Svaldi, L3<\/td>\n<td>Gregory is an awesome guy, and a very reliable friend. A few months ago I had the need of someone to take care of a series of events that I was invited to run, and he managed the event and its staff perfectly.<\/td>\n<\/tr>\n<tr>\n<td width=\"706\">To Leonardo Martins, L2 from Brazil<br \/>\nRecognized by Carlos Rangon, L3<\/td>\n<td>Nossa comunidade s\u00f3 \u00e9 o que \u00e9 porque temos ju\u00edzes dispostos a treinar e certificar pessoas. Reconhe\u00e7o esse aspecto do seu trabalho e parabenizo pelos recentes avan\u00e7os conduzidos direta ou indiretamente por voc\u00ea.<\/td>\n<\/tr>\n<tr>\n<td width=\"706\">To Leonardo Martins, L2 from Brazil<br \/>\nRecognized by Thales Bittencourt, L3<\/td>\n<td>Leonardo is one of the faces of the judge program in Brazil. He is exemplar to his peers because of the passion he displays not only inside events, but also when he is contributing in the local communication channels.<\/td>\n<\/tr>\n<tr>\n<td width=\"706\">To Leonardo Martins , L2 from Brazil<br \/>\nRecognized by Rafael Dei Svaldi, L3<\/td>\n<td>Leonardo is very passionate for the game and for judging. He is an example because he is always encouraging all of us to make our better.<\/td>\n<\/tr>\n<tr>\n<td width=\"706\">To Lucas Horta, L2 from Brazil<br \/>\nRecognized by Carlos Rangon, L3<\/td>\n<td>Pelos esfor\u00e7os que em muito fugiram de suas obriga\u00e7\u00f5es como juiz num torneio. Reconhe\u00e7o seus esfor\u00e7os na \u00e1rea de tradu\u00e7\u00e3o e a elabora\u00e7\u00e3o de outros projetos. Esse reconhecimento n\u00e3o deveria ser s\u00f3 meu, mas sim de toda comunidade. Obrigado.<\/td>\n<\/tr>\n<tr>\n<td width=\"706\">To Lucas Horta, L2 from Brazil<br \/>\nRecognized by Thales Bittencourt, L3<\/td>\n<td>Lucas is ever present in web based projects and discussions. He is exemplar to his peers because of the availability he displays, and because of his leadership in Northeast region.<\/td>\n<\/tr>\n<tr>\n<td width=\"706\">To Mauro Rodrigo Thibes, L1 from Brazil<br \/>\nRecognized by Thales Bittencourt, L3<\/td>\n<td>Mauro judges primarily in his local community. He is exemplar to his peers because of his concern to always run events in top standards of quality, while also sharing with all the judges his best practices in form of reports.<\/td>\n<\/tr>\n<tr>\n<td width=\"706\">To Mauro Rodrigo Thibes , L2 from Brazil<br \/>\nRecognized by Rafael Dei Svaldi, L3<\/td>\n<td>Mauro is the only certified judge on his community, a large state capitol city in Brazil. Despite being alone, he is always concerned with the quality of the events he runs or judges at.<\/td>\n<\/tr>\n<tr>\n<td width=\"706\">To Nicolau Maldonado, L2 from Brazil<br \/>\nRecognized by Thales Bittencourt, L3<\/td>\n<td>Nicolau has been a centerpoint to the judge program in Rio de Janeiro. He is exemplar to his peers because he manages to be a reference without shading out otter members in his community, always being concerned that everyone has a chance to contribute both in events and in local projects.<\/td>\n<\/tr>\n<tr>\n<td width=\"706\">To Paulo Costa, L1 from Brazil<br \/>\nRecognized by Thales Bittencourt, L3<\/td>\n<td>Paulo helps with events in Rio Grande do Sum, even when he&#8217;s not in the staff. He is exemplar to his peers because he does that with joy and always in an inspiring mood.<\/td>\n<\/tr>\n<tr>\n<td width=\"706\">To Paulo Costa , L1 from Brazil<br \/>\nRecognized by Rafael Dei Svaldi, L3<\/td>\n<td>Paulo is a very active judge at his area. He is exemplar to this peers for his dedication to improve the quality of local events, even when he is not judging.<\/td>\n<\/tr>\n<tr>\n<td width=\"706\">To Rafael Dei Svaldi, L3 from Brazil<br \/>\nRecognized by Carlos Rangon, L3<\/td>\n<td>Os anos de estrada de estrada por si s\u00f3 j\u00e1 valeriam o reconhecimento. Mas al\u00e9m disso voc\u00ea voltou a ser um juiz atuante e vibrante, com aquele mesmo g\u00e1s do &#8220;jovem&#8221; juiz que conheci em 1993. Parab\u00e9ns pela lideran\u00e7a na comunidade e ao processo de certifica\u00e7\u00e3o e manuten\u00e7\u00e3o dos L2 no Brasil.<\/td>\n<\/tr>\n<tr>\n<td width=\"706\">To Rafael Dei Svaldi, L3 from Brazil<br \/>\nRecognized by Thales Bittencourt, L3<\/td>\n<td>Rafael is a reference and a mentor to many long time judges in Brazil. He is exemplar to his peers because of his devotion to judge development and acquisition in all regions in Brazil, always mentoring L2 candidates in remote areas.<\/td>\n<\/tr>\n<tr>\n<td width=\"706\">To Thales Bittencourt, L3 from Brazil<br \/>\nRecognized by Carlos Rangon, L3<\/td>\n<td>O que \u00e9 um exercito sem um general? N\u00e3o sei, mas sei que n\u00e3o \u00e9 nossa comunidade, pois nestes \u00faltimos anos voc\u00ea fez com que a comunidade tenha um caminho a seguir, conduzindo nossos passos para o crescimento e fortalecimento. Obrigado.<\/td>\n<\/tr>\n<tr>\n<td width=\"706\">To Thales Bittencourt, L3 from Brazil<br \/>\nRecognized by Kevin Binswanger, L3<\/td>\n<td>Thales, your passion for Magic is inspiring. Both at the Pro Tour and at the conference, you took some positions and defended them strongly. We could use more people willing to say things that everyone is thinking and not back down.<\/td>\n<\/tr>\n<tr>\n<td width=\"706\">To Thales Bittencourt, L3 from Brazil<br \/>\nRecognized by Steven Briggs, L3<\/td>\n<td>\n<p>While you and I may not always agree on issues, I believe that how you are approaching developing judges in Brazil is exemplary. You are working with cultural, language, and spatial challenges in a developing market, and are making great leaps in improving judging there. Well done!<\/p>\n<p>Steven<\/td>\n<\/tr>\n<tr>\n<td width=\"706\">To Thales Bittencourt , L3 from Brazil<br \/>\nRecognized by Rafael Dei Svaldi, L3<\/td>\n<td>Thales is the guy! He brought order and professionalism to our community, being an example of all aspects of judging.<\/td>\n<\/tr>\n<tr>\n<td width=\"706\">To Thiago Vinicius Santos Trad, L1 from Brazil<br \/>\nRecognized by David de la Iglesia, L3<\/td>\n<td>Thank you for yout hospitality, warmth and welcoming attitude during GP Sao Paulo. You went above and beyond to make me feel like home in Brazil!<\/td>\n<\/tr>\n<tr>\n<td width=\"706\">To Tom\u00e1s Paim, L2 from Brazil<br \/>\nRecognized by Thales Bittencourt, L3<\/td>\n<td>Tom\u00e1s is one of the most dedicated judges in S\u00e3o Paulo region. He is exemplar to his peers because he is always concerned with resolving the disputes between judges and players in an amicable way.<\/td>\n<\/tr>\n<tr>\n<td width=\"706\">To Vinicius Quaiato, L2 from Brazil<br \/>\nRecognized by Carlos Rangon, L3<\/td>\n<td>Esse reconhecimento \u00e9 pelo aportuguesamento que voc\u00ea tem se empenhado tanto em fazer. Seu envolvimento com quase todos os projetos de tradu\u00e7\u00e3o \u00e9 chocante e vibrante ao mesmo tempo. Acredito muito que esse \u00e9 um dos caminhos para que mais pessoas possam ter acesso tanto ao jogo como \u00e0 arbitragem.<\/td>\n<\/tr>\n<tr>\n<td width=\"706\">To Vinicius Quaiato, L2 from Brazil<br \/>\nRecognized by Thales Bittencourt, L3<\/td>\n<td>Vinicius has been a strong presence in the judge community. He is exemplar to his peers when he displays courage to follow the correct procedures, even when that would be perceived as too harsh by the community. He is also being an exemplar judge when he works diligently in translation projects, and when he is concerned with improving the communication and spreading information between the judges of all Brazil, by organizing online meetings.<\/td>\n<\/tr>\n<\/tbody>\n<\/table>\n<p>&nbsp;<\/p>\n","protected":false},"excerpt":{"rendered":"<p>View Other Regions To Alice Araujo, L1 from Brazil Recognized by Thales Bittencourt, L3 Alice is always volunteering to many events in all regions in Brazil. She is exemplar to her peers because of the zealous and relentless way she judges those evens, always striving to be better and better. To Alice Ara\u00fajo, L1 from [&hellip;]<\/p>\n","protected":false},"author":1,"featured_media":0,"parent":120,"menu_order":0,"comment_status":"closed","ping_status":"closed","template":"","meta":{"footnotes":"","_links_to":"","_links_to_target":""},"language":[9],"class_list":["post-129","page","type-page","status-publish","hentry","language-en"],"_links":{"self":[{"href":"https:\/\/blogs.magicjudges.org\/exemplar\/wp-json\/wp\/v2\/pages\/129","targetHints":{"allow":["GET"]}}],"collection":[{"href":"https:\/\/blogs.magicjudges.org\/exemplar\/wp-json\/wp\/v2\/pages"}],"about":[{"href":"https:\/\/blogs.magicjudges.org\/exemplar\/wp-json\/wp\/v2\/types\/page"}],"author":[{"embeddable":true,"href":"https:\/\/blogs.magicjudges.org\/exemplar\/wp-json\/wp\/v2\/users\/1"}],"replies":[{"embeddable":true,"href":"https:\/\/blogs.magicjudges.org\/exemplar\/wp-json\/wp\/v2\/comments?post=129"}],"version-history":[{"count":2,"href":"https:\/\/blogs.magicjudges.org\/exemplar\/wp-json\/wp\/v2\/pages\/129\/revisions"}],"predecessor-version":[{"id":375,"href":"https:\/\/blogs.magicjudges.org\/exemplar\/wp-json\/wp\/v2\/pages\/129\/revisions\/375"}],"up":[{"embeddable":true,"href":"https:\/\/blogs.magicjudges.org\/exemplar\/wp-json\/wp\/v2\/pages\/120"}],"wp:attachment":[{"href":"https:\/\/blogs.magicjudges.org\/exemplar\/wp-json\/wp\/v2\/media?parent=129"}],"wp:term":[{"taxonomy":"language","embeddable":true,"href":"https:\/\/blogs.magicjudges.org\/exemplar\/wp-json\/wp\/v2\/language?post=129"}],"curies":[{"name":"wp","href":"https:\/\/api.w.org\/{rel}","templated":true}]}}