{"id":142,"date":"2014-10-01T17:53:44","date_gmt":"2014-10-01T17:53:44","guid":{"rendered":"http:\/\/blogs.magicjudges.org\/exemplar\/?page_id=142"},"modified":"2015-06-29T02:25:49","modified_gmt":"2015-06-29T02:25:49","slug":"exemplar-1-france","status":"publish","type":"page","link":"https:\/\/blogs.magicjudges.org\/exemplar\/exemplar-1-recognitions\/exemplar-1-france\/","title":{"rendered":"Exemplar 1 &#8211; France"},"content":{"rendered":"<p><a title=\"Exemplar 1 Recognitions\" href=\"http:\/\/blogs.magicjudges.org\/exemplar\/exemplar-1-recognitions\/\">View Other Regions<\/a><\/p>\n<table width=\"1204\">\n<tbody>\n<tr>\n<td width=\"706\">To Adrien G\u00e9rardin, L1 from France<br \/>\nRecognized by Guillaume Beuzelin, L3<\/td>\n<td width=\"498\">Tu aimes : ta r\u00e9gion, le legacy, l\u2019arbitrage et l\u2019organisation. Ces 4 centres d\u2019int\u00e9r\u00eats t\u2019ont men\u00e9 \u00e0 tenter de d\u00e9velopper ta r\u00e9gion notamment par le biais de tournois Legacy. Je sais appr\u00e9cier ta disponibilit\u00e9 et surtout ta aptitude \u00e0 rester l\u00e0 et \u00e0 continuer d\u2019agir quoi qu\u2019il se passe.<\/td>\n<\/tr>\n<tr>\n<td width=\"706\">To Antoine Bouaziz, L3 from France<br \/>\nRecognized by Claire Dupre, L3<\/td>\n<td>I really want to thank you for being the one who believe in people, even if others L3 doubt. Recently, you worked with a candidate L2 and pass her. No one else thought that was a good idea but you did. And apparently, you were right.<\/td>\n<\/tr>\n<tr>\n<td width=\"706\">To Aur\u00e9lie Violette, L2 from France<br \/>\nRecognized by Guillaume Beuzelin, L3<\/td>\n<td>Le comportement que je souhaite mettre en avant est cet enthousiasme. A Grenoble \u00e7a se voyais dans l&#8217;organisation. Depuis que tu es \u00e0 Paris tu as su t\u2019impliquer et \u00eatre un moteur dans le projet des capitaines de r\u00e9gions et aupr\u00e8s des joueurs comp\u00e9titifs.<\/td>\n<\/tr>\n<tr>\n<td width=\"706\">To Daniel Kitachewsky, L4 from France<br \/>\nRecognized by Christian Gawrilowicz, L3<\/td>\n<td>For reaching out and helping the Asian Judge community. Your help and support is highly needed and appreciated.<\/td>\n<\/tr>\n<tr>\n<td width=\"706\">To Daniel Kitachewsky, L4 from France<br \/>\nRecognized by Damian Hiller, L4<\/td>\n<td>Daniel, it takes a great mind and courage to not only keep up the work from (another) great man, but to also add personal twist and impact. Add to that how open you&#8217;re to ideas and (others) thoughts and you make a hell of an inspiration to me. Thanks for all you&#8217;ve done, do and will do.<\/td>\n<\/tr>\n<tr>\n<td width=\"706\">To Daniel Kitachewsky, L4 from France<br \/>\nRecognized by Gavin Duggan, L3<\/td>\n<td>Daniel&#8217;s a great project\/team lead, as well as a great guy. He&#8217;s bright, enthusiastic, and helpful, but also patient and forgiving of mistakes.<\/td>\n<\/tr>\n<tr>\n<td width=\"706\">To Daniel Kitachewsky, L4 from France<br \/>\nRecognized by Grossi Fran\u00e7ois, L3<\/td>\n<td>You were there since the beginning of my judging carreer. I would like to address a huge thank you since all the times I was not ok you showed interest and diplomacy with me. this helped me to stay in the program despite the issues. You will stand as an example for me in the conflict resolution area<\/td>\n<\/tr>\n<tr>\n<td width=\"706\">To Daniel Kitachewsky, L4 from France<br \/>\nRecognized by Jared Sylva, L4<\/td>\n<td>\n<p>Daniel,I have been nothing short of impressed by your work since taking over the Level 3 testing process. I know we&#8217;ve disagreed on some things, but I want you to know that I have the utmost respect for your work and I look forward to making the process better together.<\/p>\n<p>Jared<\/td>\n<\/tr>\n<tr>\n<td width=\"706\">To Daniel Kitachewsky, L4 from France<br \/>\nRecognized by Jeff Morrow, L3<\/td>\n<td>Thanks for keeping the L3 engine running! Your promotion was very well-deserved, but I thought that an extra thank-you would be appropriate.J-Mo<\/td>\n<\/tr>\n<tr>\n<td width=\"706\">To Daniel Kitachewsky, L4 from France<br \/>\nRecognized by monsuporn lauhaphand, L3<\/td>\n<td>At Day 1 GP-Taipei 2014, I saw your tireless effort to ensure the event run smoothly and also preserve the integrity of tournament from making a ruling and investigate a game play error. In this regards, other judges can see and follow your footstep as a role model.<\/td>\n<\/tr>\n<tr>\n<td width=\"706\">To Daniel Kitachewsky, L4 from France<br \/>\nRecognized by Sebastian P\u0119kala, L3<\/td>\n<td>Daniel, thank you for the great effort you&#8217;re putting in L3 certification, still developing tools and ways to make it better and more efficient. Also, you always have a fresh, sometimes surprisingly different (yet correct) view on things being discussed among judges. Thank you for all that.<\/td>\n<\/tr>\n<tr>\n<td width=\"706\">To Daniel Kitachewsky, L4 from France<br \/>\nRecognized by Sergio P\u00e9rez, L3<\/td>\n<td>Thank you for your extreme dedication to the L3 Candidates Process. With your timely and complete kind answers to my emails you helped me not only to get the information I needed but also to feel heard and considered, encouraging me to keep working on this being part of this process.<\/td>\n<\/tr>\n<tr>\n<td width=\"706\">To Etienne Beureux, L1 from France<br \/>\nRecognized by Antoine Bouaziz, L3<\/td>\n<td>Your job concerning the leading of your very local community is completely oustanding. By working as often as possible both with your TCG shop and as an organizer with very local community of players, you contributed as never to the development of magic in the area of your city : Sartrouville.<\/td>\n<\/tr>\n<tr>\n<td width=\"706\">To Etienne Beureux, L1 from France<br \/>\nRecognized by Claire Dupre, L3<\/td>\n<td>I wanted to thank you for your seminar during the French conference in Dijon (May 2014). You exposed different ways to build and keep an efficient community of players and I felt yours is really important for you. You&#8217;re a great value for yours players.<\/td>\n<\/tr>\n<tr>\n<td width=\"706\">To Etienne Beureux, L1 from France<br \/>\nRecognized by Guillaume Beuzelin, L3<\/td>\n<td>Je t\u2019ai d\u00e9couvert lors de la derni\u00e8re conf\u00e9rence lorsque tu nous as fait \u00e0 s\u00e9minaire impressionnant sur l\u2019organisation et la relation avec le syst\u00e8me WPN. Tu as montr\u00e9 l\u00e0 une compl\u00e8te compr\u00e9hension de ce qu\u2019est le jeu organis\u00e9 et comment l\u2019int\u00e9grer dans l\u2019environnement fran\u00e7ais tr\u00e8s pro associatif.<\/td>\n<\/tr>\n<tr>\n<td width=\"706\">To George Gavrilita, L2 from France<br \/>\nRecognized by Ivan Petkovic, L3<\/td>\n<td>George has been working with me on conference projects where he is a driving force. Most recently we were on a conference together during which he made extensive notes about all presenters and gave them feedback afterwards. This is true leadership through practice.<br \/>\nAnd for that, I thank you.<br \/>\nIvan<\/td>\n<\/tr>\n<tr>\n<td width=\"706\">To George Gavrilita, L2 from France<br \/>\nRecognized by Riccardo Tessitori, L5<\/td>\n<td>Ciao George,<br \/>\nyou are such an eclectic person that you are able to bring a unique perspective to what we do as judges; it&#8217;s very inspiring.<br \/>\nThank you!Riccardo<\/td>\n<\/tr>\n<tr>\n<td width=\"706\">To Guillaume Beuzelin, L3 from France<br \/>\nRecognized by Daniel Kitachewsky, L4<\/td>\n<td>Guillaume, merci pour ton aide sur les panels cet \u00e9t\u00e9. Je connais peu de gens qui auraient accept\u00e9 de faire deux panels en un GP, tu l&#8217;as fait et as impressionn\u00e9 Jared de surcro\u00eet !<\/td>\n<\/tr>\n<tr>\n<td width=\"706\">To Guillaume Beuzelin, L3 from France<br \/>\nRecognized by Jared Sylva, L4<\/td>\n<td>\n<p>Guillaume,Your work organizing some of the most challenging parts of events has been nothing short of impressive. Grinders in DC and Worcester and in Portland you captained the MiniMasters during the biggest rush. These are often thankless tasks, so I just wanted to say: &#8220;Thank You!&#8221;<\/p>\n<p>Jared<\/td>\n<\/tr>\n<tr>\n<td width=\"706\">To Guillaume Beuzelin, L3 from France<br \/>\nRecognized by Kevin Desprez, L5<\/td>\n<td>\n<p>Guillaume,The high efficiency you show at crafting new systems, the amount of energy you put into making them work and your ability to constantly make things evolve can barely be matched in the Program.<\/p>\n<p>Congrats!<\/p>\n<p>Kevin.<\/td>\n<\/tr>\n<tr>\n<td width=\"706\">To Guillaume Beuzelin, L3 from France<br \/>\nRecognized by Nicholas Sabin, L3<\/td>\n<td>\n<p>Guillaume,I really enjoyed working with you at PT M15. You provided great insights into our best practices in tournament operations and logistics, and challenged me to improve in this way. I look forward to working with you again soon.<\/p>\n<p>Best,<\/p>\n<p>Nicholas<\/td>\n<\/tr>\n<tr>\n<td width=\"706\">To Guillaume Beuzelin, L3 from France<br \/>\nRecognized by Sean Catanese, L4<\/td>\n<td>Thank you for the expert way in which you assisted in David Rappaport&#8217;s L3 panel. The questions you asked were incisive and difficult to answer for exactly the right reasons. I leaned a great deal more from watching you interact than I had any expectation of as we began the panel.<\/td>\n<\/tr>\n<tr>\n<td width=\"706\">To Jean-Baptiste Drouard, L2 from France<br \/>\nRecognized by Bouaziz Antoine, L3<\/td>\n<td>Despite your job in your real live, you never losted your desire to continue to work in your community, helping your TO and making a lot of propositions of new systems in order to help the whole of judges in your country to interact each other ! Bravo and thank you for that ! \ud83d\ude42<\/td>\n<\/tr>\n<tr>\n<td width=\"706\">To Jean-Fran\u00e7ois DURMONT, L1 from France<br \/>\nRecognized by Guillaume Beuzelin, L3<\/td>\n<td>Malgr\u00e9 des d\u00e9buts un peu tendu en tant qu\u2019arbitre dans ta communaut\u00e9 tu restes motiv\u00e9 et tu te donnes beaucoup de mal pour travailler sur toi et progresser. En plus de ce travail sur toi-m\u00eame je sais appr\u00e9cier le fait que tu souhaites \u00e9galement faire \u00e9voluer tes comp\u00e9tences.<\/td>\n<\/tr>\n<tr>\n<td width=\"706\">To Jean-Fran\u00e7ois Durmont, L1 from France<br \/>\nRecognized by Pierre Laquerre, L3<\/td>\n<td>Thanks for accepting at the last minute to become a stand-by judge for PTQ Lille, and then for judging instead of playing. This is the second time this year we called you with very short notice and you&#8217;ve been quite helpful each time.<\/td>\n<\/tr>\n<tr>\n<td width=\"706\">To J\u00e9r\u00f4me Durif, L2 from France<br \/>\nRecognized by Grossi Fran\u00e7ois, L3<\/td>\n<td>You always showed a great deal of professionalism while we worked together. Recently you were the HJ of PTQ Lyon and you managed very well two L1s who were new to the competitive scene. I got a great deal of good feedbacks from them. Now we are lucky to have more judges willing to grow<\/td>\n<\/tr>\n<tr>\n<td width=\"706\">To Julien Laronde, L1 from France<br \/>\nRecognized by Grossi Fran\u00e7ois, L3<\/td>\n<td>It&#8217;s been years since you showed a great leadership in the local community in Toulouse. You were here to deal with lots of diplomacy with all the different people involved in organizing Magic in this area, which was difficult since there was an history of conflicts between them.<\/td>\n<\/tr>\n<tr>\n<td width=\"706\">To Kevin Desprez, L5 from France<br \/>\nRecognized by Bouaziz Antoine, L3<\/td>\n<td>During all those years, you brought more to the judge program than a lot of persons. You contributed to make the IPG better and the events you run as HJ are, the most often, the best organized I participated in. I also always learnt something by working with you and I am not the only one. Thank you.<\/td>\n<\/tr>\n<tr>\n<td width=\"706\">To Kevin Desprez, L5 from France<br \/>\nRecognized by Christoper Richter, L4<\/td>\n<td>This is a bit meta, but in a very large part the Exemplar program exists because of the insight and inspiration that you provided. The creation of the program is in large part due to your ideas. And I couldn&#8217;t let this go unnoticed.<\/td>\n<\/tr>\n<tr>\n<td width=\"706\">To Kevin Desprez, L5 from France<br \/>\nRecognized by Daniel Kitachewsky, L4<\/td>\n<td>Kevin, you&#8217;ve gone big lengths towards educating the French judge community on MTGFrance about various aspects of the USC policy. We&#8217;re in a country where bad taste jokes are commonplace and many judges aren&#8217;t aware, let alone know how to deal with, issues related to that. Thank you so much!<\/td>\n<\/tr>\n<tr>\n<td width=\"706\">To Kevin Desprez, L5 from France<br \/>\nRecognized by David de la Iglesia, L3<\/td>\n<td>Thank you for help at Grand Prix Utrecht solving the problems with the index for the Deck Check team, and offering yourself to fix it on the spot. Thank you for your advice and mentoring through the years, being both stern and supportive as necessary.<\/td>\n<\/tr>\n<tr>\n<td width=\"706\">To Kevin Desprez, L5 from France<br \/>\nRecognized by Davide Succi, L3<\/td>\n<td>For the experience as observer in my first L3-panel during Gp Utrecht, I learned really a lot.<\/td>\n<\/tr>\n<tr>\n<td width=\"706\">To Kevin Desprez, L5 from France<br \/>\nRecognized by Emilien WILD, L3<\/td>\n<td>For the quality and insight of discussions about numerous aspect of the program which allowed me to get another point of view on things that frustrated me and allow me to see the bigger picture.<\/td>\n<\/tr>\n<tr>\n<td width=\"706\">To Kevin Desprez, L5 from France<br \/>\nRecognized by Frank Wareman, L3<\/td>\n<td>You have always been a strong pillar in the business part of judging: keeping focus on quality of events, seeing improvements in how we run them and on a management level taking care to reward judges correctly.<\/td>\n<\/tr>\n<tr>\n<td width=\"706\">To Kevin Desprez, L5 from France<br \/>\nRecognized by Jared Sylva, L4<\/td>\n<td>\n<p>Kevin,I wanted to thank you for the work you did at GP Atlanta. Both Sean and I were off of our game, and I recognize that you played a lot of &#8220;catch the dropping ball&#8221; to keep the event on its feet. Both your work on the floor, and your feedback following, were very important to me.<\/p>\n<p>Jared<\/td>\n<\/tr>\n<tr>\n<td width=\"706\">To Kevin Desprez, L5 from France<br \/>\nRecognized by jeremie granat, L3<\/td>\n<td>Anytime I worked or just hanged out with you, I learned something new. I think you are a tremendous organisation talent and I love listening to you talk about GP or HJ organisation as I always learn things that make my life easier.<\/td>\n<\/tr>\n<tr>\n<td width=\"706\">To Kevin Desprez, L5 from France<br \/>\nRecognized by Kim Warren, L4<\/td>\n<td>You are far and away the best higher-level mentor that we have. I&#8217;ve learned a lot from discussions with you, and enjoy watching other people learn through engaging with you. Kim<\/td>\n<\/tr>\n<tr>\n<td width=\"706\">To Khanh Le Thien, L2 from France<br \/>\nRecognized by Daniel Kitachewsky, L4<\/td>\n<td>Khanh, thank you for teaching me so much about Asian judge communities! Your first-hand experience is quite important to help us understand Asian cultures and better serve each other.<\/td>\n<\/tr>\n<tr>\n<td width=\"706\">To Khanh Le Thien, L2 from France<br \/>\nRecognized by Emilien WILD, L3<\/td>\n<td>For taking my random judge call generator workshop and improving it in many ways, then bringing it to multiple continents, thank you. A good idea is useless without a good execution. You definitly delivered the latter.<\/td>\n<\/tr>\n<tr>\n<td width=\"706\">To Khanh Le Thien, L2 from France<br \/>\nRecognized by Frank Wareman, L3<\/td>\n<td>You did an excellent job at the GP and want to thank you for your efforts to cheer up the team and bring some fun and team spirit in our hard-working team!<\/td>\n<\/tr>\n<tr>\n<td width=\"706\">To Khanh Le Thien, L2 from France<br \/>\nRecognized by Riccardo Tessitori, L5<\/td>\n<td>Salut Khanh,<br \/>\nthe point of view you bring to other judges is enlightening, as you are capable of presenting what we do as a life experience and not just as a technical activity.<br \/>\nThank you!Riccardo<\/td>\n<\/tr>\n<tr>\n<td width=\"706\">To Loic Hervier, L1 from France<br \/>\nRecognized by Grossi Fran\u00e7ois, L3<\/td>\n<td>With all the amount of work you make you manage to do it with a smile and with enthusiasm. We have in our region the first translated Annotated IPG which is a great tool for all the french L1 who want to learn more from the IPG, and also for others ! Thaks a lot !<\/td>\n<\/tr>\n<tr>\n<td width=\"706\">To Loic Hervier, L1 from France<br \/>\nRecognized by Kevin Desprez, L5<\/td>\n<td>\n<p>Loic,J\u2019ai \u00e9t\u00e9 bluff\u00e9 par tes traductions d\u2019articles vers le fran\u00e7ais r\u00e9cemment. Certains pour la qualit\u00e9 de la langue, ce qui les rendait tr\u00e8s amusants \u00e0 lire, d\u2019autres pour la rapidit\u00e9 avec laquelle ils ont \u00e9t\u00e9 traduits.<\/p>\n<p>F\u00e9licitations.<\/p>\n<p>Kevin.<\/td>\n<\/tr>\n<tr>\n<td width=\"706\">To Lo\u00efc Hervier, L1 from France<br \/>\nRecognized by Bryan Prillaman, L3<\/td>\n<td>Loic translated the entire AIPG into French for his own use, and then offered it to the AIPG project.\u00a0\u00a0 I want to recognize him for his dedication to learning, and his willingness to tackle a large task and share with the larger communnity<\/td>\n<\/tr>\n<tr>\n<td width=\"706\">To Lo\u00efc Hervier, L1 from France<br \/>\nRecognized by Guillaume Beuzelin, L3<\/td>\n<td>En plus d&#8217;avoir lu l&#8217;Internet Magic 3 fois, ce que j\u2019appr\u00e9cie chez toi, c\u2019est que tu ne te contentes pas de faire l\u2019\u00e9ponge, comme Bob, mais tu interroges, questionnes et surtout tu partages.<\/td>\n<\/tr>\n<tr>\n<td width=\"706\">To Lo\u00efc Hervier, L1 from France<br \/>\nRecognized by Jernej Lipovec, L3<\/td>\n<td>Loic has joined my Regional Pages project and left a big mark on it by poiting out all the mistakes and fixing them. He kept us grounded and took care of quality control on top of translating all the pages to French<\/td>\n<\/tr>\n<tr>\n<td width=\"706\">To Lo\u00efc Hervier, L1 from France<br \/>\nRecognized by Pierre Laquerre, L3<\/td>\n<td>Thanks for all your translation work. Your corrections to my translations have been very welcomed. I&#8217;m also sure your work on the annotated JARs and IPGs will be very useful to candidates and judges wishing to understand the documents better.<\/td>\n<\/tr>\n<tr>\n<td width=\"706\">To Nicolas Baptiste, L1 from France<br \/>\nRecognized by Grossi Fran\u00e7ois, L3<\/td>\n<td>You showed great investment in your local area. You started as a store judge few years ago but you seem to be present in lots of remote areas of France where very few judges are there. Your investment for the community has no limits since you will co-organize the next french conference in your city.<\/td>\n<\/tr>\n<tr>\n<td width=\"706\">To Nicolas Baptiste, L1 from France<br \/>\nRecognized by Guillaume Beuzelin, L3<\/td>\n<td>Ton attitude volontaire a clairement aid\u00e9 \u00e0 ce que Valence redevienne une ville active au niveau du jeu. Je sais que tu as export\u00e9 ton attitude volontaire pour aider au d\u00e9veloppement de la communaut\u00e9 sur N\u00eemes par ta simple pr\u00e9sence comme arbitre certifi\u00e9.<\/td>\n<\/tr>\n<tr>\n<td width=\"706\">To Olivier Arnold, L1 from France<br \/>\nRecognized by Bouaziz Antoine, L3<\/td>\n<td>I would like both to ensure you and to thank you for your leadership in your local community. You help the players to answer not only to their rules questions but also to their questions concerning the program which is awesome \ud83d\ude42 Continue like this ! \ud83d\ude42<\/td>\n<\/tr>\n<tr>\n<td width=\"706\">To Olivier Arnold, L1 from France<br \/>\nRecognized by Guillaume Beuzelin, L3<\/td>\n<td>Je souhaite aujourd&#8217;hui te reconna\u00eetre ton implication dans la communaut\u00e9 de joueurs parisien. Dans la boutique dans laquelle tu travail il est vraiment claire que tu as te positionner en leader de communaut\u00e9. Les gens viennent te voir pour un tas de questions diverses.<\/td>\n<\/tr>\n<tr>\n<td width=\"706\">To Pierre Laquerre, L3 from France<br \/>\nRecognized by Antoine Bouaziz, L3<\/td>\n<td>Thank you Pierre for the help you give to our judge community by translating documents, helping your local community to continue to grow up, by mentoring not only the L2 but also the L3 like me. I always learnt something by working with you \ud83d\ude42<\/td>\n<\/tr>\n<tr>\n<td width=\"706\">To Richard Kelterbaum, L1 from France<br \/>\nRecognized by David de la Iglesia, L3<\/td>\n<td>Thank you for your many contributions to the Magic Judges Facebook page, taking pictures of judges at work at many Grand Prix around the world.<\/td>\n<\/tr>\n<tr>\n<td width=\"706\">To Richard Kelterbaum, L1 from France<br \/>\nRecognized by Emilien WILD, L3<\/td>\n<td>Richard, you&#8217;re the main reason european judges are able to go back through all their GPs and find pictures that rekindle their memories of those events. Thanks for taking the time, on your playing time, to capture and share those moments.<\/td>\n<\/tr>\n<tr>\n<td width=\"706\">To Sonia L&#8217;hopital, L2 from France<br \/>\nRecognized by Antoine Bouaziz, L3<\/td>\n<td>Congratulations because you are one of the judges who grew up and who learnt the more during this season. Keep your enthusiasm, your curiosity and your desire to progress and to work on yourself ! It will always help you ! \ud83d\ude42<\/td>\n<\/tr>\n<tr>\n<td width=\"706\">To Sonia L&#8217;H\u00f4pital, L2 from France<br \/>\nRecognized by Guillaume Beuzelin, L3<\/td>\n<td>Tu d\u00e9gages une dose d\u2019\u00e9nergie \u00e9norme. En apprenant \u00e0 la canaliser comme tu le fais depuis quelques mois tu aides \u00e9norm\u00e9ment au d\u00e9veloppement de l\u2019arbitrage en France et plus pr\u00e9cis\u00e9ment dans ta r\u00e9gion.<\/td>\n<\/tr>\n<tr>\n<td width=\"706\">To Sophie Pages, L2 from France<br \/>\nRecognized by Grossi Fran\u00e7ois, L3<\/td>\n<td>You are now in your region leading so many project that I keep hearing so many good feedbacks from you. You are the voice of the community, organizing almost all the means for communication for judges and by judges. You also succeed to achieve this while involving others thanks to your leadership.<\/td>\n<\/tr>\n<tr>\n<td width=\"706\">To Sophie Pag\u00e8s, L2 from France<br \/>\nRecognized by Alexis Rassel, L3<\/td>\n<td>Sophie, je n&#8217;avais pas arbitr\u00e9 avec toi depuis un bon moment et j&#8217;ai \u00e9t\u00e9 tr\u00e8s surpris de tes progr\u00e8s. Un gros gain de confiance en toi t&#8217;a permis d&#8217;\u00eatre particuli\u00e8rement proactive et de fournir un encadrement de qualit\u00e9 aux arbitres lvl1. Je t&#8217;encourage \u00e0 poursuivre dans cette voie.<br \/>\nAlexis<\/td>\n<\/tr>\n<tr>\n<td width=\"706\">To Sophie Pag\u00e8s, L2 from France<br \/>\nRecognized by Guillaume Beuzelin, L3<\/td>\n<td>Ton \u00e9norme implication dans le programme d\u2019arbitrage est quelque pour laquelle je souhaite te reconna\u00eetre. Je souhaite mettre l\u2019accent sur le fait que tu as commenc\u00e9 en t\u2019impliquant comme suiveuse (sans connotation p\u00e9jorative) et que tu es aujourd&#8217;hui un moteur hyper-performant.<\/td>\n<\/tr>\n<tr>\n<td width=\"706\">To Sophie Pag\u00e8s, L2 from France<br \/>\nRecognized by Pierre Laquerre, L3<\/td>\n<td>Thanks for all your work translating the MJM and coordinating other translators. Thanks also for trying news ideas to improve the discussions around the Knowledge Pool scenarios.<\/td>\n<\/tr>\n<tr>\n<td width=\"706\">To Xavier Almeras, L2 from France<br \/>\nRecognized by Daniel Kitachewsky, L4<\/td>\n<td>Xavier, merci pour ton service rendu jusqu&#8217;au bout. C&#8217;est facile de faire n&#8217;importe quoi \u00e0 son dernier tournoi, mais tu as arbitr\u00e9 avec beaucoup d&#8217;application et de professionalisme au BAC, y compris en donnant un test niveau 1 !<\/td>\n<\/tr>\n<tr>\n<td width=\"706\">To Yoann Buzenet, L1 from France<br \/>\nRecognized by Grossi Fran\u00e7ois, L3<\/td>\n<td>We first met in Chateauroux this summer and I was impressed by your level of investment in the event and the qualities of your communication. You were the greatest surprise of this event and all judges kept talking positive things about you. Thanks for being what you are as a Magic Judge.<\/td>\n<\/tr>\n<\/tbody>\n<\/table>\n<p>&nbsp;<\/p>\n","protected":false},"excerpt":{"rendered":"<p>View Other Regions To Adrien G\u00e9rardin, L1 from France Recognized by Guillaume Beuzelin, L3 Tu aimes : ta r\u00e9gion, le legacy, l\u2019arbitrage et l\u2019organisation. Ces 4 centres d\u2019int\u00e9r\u00eats t\u2019ont men\u00e9 \u00e0 tenter de d\u00e9velopper ta r\u00e9gion notamment par le biais de tournois Legacy. Je sais appr\u00e9cier ta disponibilit\u00e9 et surtout ta aptitude \u00e0 rester l\u00e0 [&hellip;]<\/p>\n","protected":false},"author":1,"featured_media":0,"parent":120,"menu_order":0,"comment_status":"closed","ping_status":"closed","template":"","meta":{"footnotes":"","_links_to":"","_links_to_target":""},"language":[9],"class_list":["post-142","page","type-page","status-publish","hentry","language-en"],"_links":{"self":[{"href":"https:\/\/blogs.magicjudges.org\/exemplar\/wp-json\/wp\/v2\/pages\/142","targetHints":{"allow":["GET"]}}],"collection":[{"href":"https:\/\/blogs.magicjudges.org\/exemplar\/wp-json\/wp\/v2\/pages"}],"about":[{"href":"https:\/\/blogs.magicjudges.org\/exemplar\/wp-json\/wp\/v2\/types\/page"}],"author":[{"embeddable":true,"href":"https:\/\/blogs.magicjudges.org\/exemplar\/wp-json\/wp\/v2\/users\/1"}],"replies":[{"embeddable":true,"href":"https:\/\/blogs.magicjudges.org\/exemplar\/wp-json\/wp\/v2\/comments?post=142"}],"version-history":[{"count":3,"href":"https:\/\/blogs.magicjudges.org\/exemplar\/wp-json\/wp\/v2\/pages\/142\/revisions"}],"predecessor-version":[{"id":378,"href":"https:\/\/blogs.magicjudges.org\/exemplar\/wp-json\/wp\/v2\/pages\/142\/revisions\/378"}],"up":[{"embeddable":true,"href":"https:\/\/blogs.magicjudges.org\/exemplar\/wp-json\/wp\/v2\/pages\/120"}],"wp:attachment":[{"href":"https:\/\/blogs.magicjudges.org\/exemplar\/wp-json\/wp\/v2\/media?parent=142"}],"wp:term":[{"taxonomy":"language","embeddable":true,"href":"https:\/\/blogs.magicjudges.org\/exemplar\/wp-json\/wp\/v2\/language?post=142"}],"curies":[{"name":"wp","href":"https:\/\/api.w.org\/{rel}","templated":true}]}}