{"id":150,"date":"2014-10-01T17:55:55","date_gmt":"2014-10-01T17:55:55","guid":{"rendered":"http:\/\/blogs.magicjudges.org\/exemplar\/?page_id=150"},"modified":"2015-06-29T02:25:49","modified_gmt":"2015-06-29T02:25:49","slug":"exemplar-1-latin-america-spanish","status":"publish","type":"page","link":"https:\/\/blogs.magicjudges.org\/exemplar\/exemplar-1-recognitions\/exemplar-1-latin-america-spanish\/","title":{"rendered":"Exemplar 1 &#8211; Latin America &#8211; Spanish"},"content":{"rendered":"<p><a title=\"Exemplar 1 Recognitions\" href=\"http:\/\/blogs.magicjudges.org\/exemplar\/exemplar-1-recognitions\/\">View Other Regions<\/a><\/p>\n<table width=\"1204\">\n<tbody>\n<tr>\n<td width=\"706\">To Adrian Estoup, L3 from Latin America &#8211; Spanish<br \/>\nRecognized by Carlos Ho, L4<\/td>\n<td width=\"498\">Pirin,<br \/>\nHas sido una gran ayuda en la regi\u00f3n desde que eras L2, y me alegra haberte visto llegar a L3 y luego RC. Creo que has empezado con energ\u00eda y has tra\u00eddo nuevas ideas al puesto y con ello la regi\u00f3n se beneficiar\u00e1.<br \/>\nEn un tema m\u00e1s personal, me has ayudado much\u00edsimo con los MOJOs. \u00a1Gracias!<\/td>\n<\/tr>\n<tr>\n<td width=\"706\">To Adrian Estoup, L3 from Latin America &#8211; Spanish<br \/>\nRecognized by Hector Fuentes, L3<\/td>\n<td>Felicidades por estar haciendo un gran trabajo como RC, intentando ayudarnos en lo posible y estando mas cercano con toda la regi\u00f3n del norte.<\/td>\n<\/tr>\n<tr>\n<td width=\"706\">To Adrian Estoup, L3 from Latin America &#8211; Spanish<br \/>\nRecognized by Thales Bittencourt, L3<\/td>\n<td>Adrian is the leader and reference for judges in Latin America. He is exemplar to his peers because he the way his mindset is oriented: always looking to solve problems despise the bureaucratic issues. He displays this mindset in various instances in his activities, like selecting judges for GPs, and recommending L3 candidates.<\/td>\n<\/tr>\n<tr>\n<td width=\"706\">To Alejandro Raggio, L3 from Latin America &#8211; Spanish<br \/>\nRecognized by Carlos Ho, L4<\/td>\n<td>J0j0j0, boludo,<br \/>\nHay pocos L3 a los que me alegra tanto tener en un GP como vos. En t\u00e9rminos de log\u00edstica de torneo eres mejor que sho, y s\u00e9 que contigo, si te dejo espacio, vas a encargarte de arreglar los problemas que sho no veo. Gracias por todo el aposho en los GPs a los que vas.<\/td>\n<\/tr>\n<tr>\n<td width=\"706\">To Alejandro Van Mourik, L2 from Latin America &#8211; Spanish<br \/>\nRecognized by Adrian Estoup, L3<\/td>\n<td>Alejandro, quiero reconocer tu gran trabajo desarrollando la comunidad paraguaya de jugadores. Encontr\u00e9 un excelente grupo y bien instruido el cual es en parte por tu gran trabajo en ellos. La creaci\u00f3n del grupo en Facebook fue una idea genial<\/td>\n<\/tr>\n<tr>\n<td width=\"706\">To Andres Moro, L2 from Latin America &#8211; Spanish<br \/>\nRecognized by Damian Hiller, L4<\/td>\n<td>Andr\u00e9s, sos un ejemplo para muchos de lo que representa realmente dedicarse al programa en la parte que muchas veces el programa es mas ciego y es en la cantidad de torneos y diferentes lugares que apoy\u00e1s. Muchas gracias por todo tu esfuerzo!<\/td>\n<\/tr>\n<tr>\n<td width=\"706\">To Barry Swan, L2 from Latin America &#8211; Spanish<br \/>\nRecognized by Carlos Ho, L4<\/td>\n<td>I know your feelings towards the Judge Program aren&#8217;t great at the moment, but I wanted to thank you for all you&#8217;ve done in Colombia in the past few years, especially for stepping up to L2 even when you thought Ren\u00e9 should go first, and then for helping him join you. Talk about caring!<\/td>\n<\/tr>\n<tr>\n<td width=\"706\">To Claudio Mart\u00edn Nieva Scarpatti, L2 from Latin America &#8211; Spanish<br \/>\nRecognized by Alejandro Raggio, L3<\/td>\n<td>The sort of mobile Judge booth you have been bringing to events has helped a lot to improve judges&#8217; rules knowledge, creates interactions among judges and also make players become interested in rules knowledge.<\/td>\n<\/tr>\n<tr>\n<td width=\"706\">To Claudio Mart\u00edn Nieva Scarpatti, L2 from Latin America &#8211; Spanish<br \/>\nRecognized by Federico Donner, L3<\/td>\n<td>Ya van dos veces que unos pocos minutos despu\u00e9s de publicar la ronda de preguntas de El Erudito me escribiste con correcciones en las preguntas. Incluso en un caso la correcci\u00f3n hac\u00eda que la pregunta no funcionara. Tu conocimiento de reglas es admirable y realmente motiva a seguir estudiando.<\/td>\n<\/tr>\n<tr>\n<td width=\"706\">To Dalibor Trnka, L2 from Latin America &#8211; Spanish<br \/>\nRecognized by Hector Fuentes, L3<\/td>\n<td>Gracias por todo el apoyo en todos los proyectos que hemos iniciado juntos este a\u00f1o, desde las conferencias hasta el modelo que les brindas a los jueces.<\/td>\n<\/tr>\n<tr>\n<td width=\"706\">To Damian Hiller, L4 from Latin America &#8211; Spanish<br \/>\nRecognized by Adrian Estoup, L3<\/td>\n<td>Damian, te estoy asignando este reconocimiento por el excelente trabajo que est\u00e1s haciendo impulsando a los L3 de la regi\u00f3n, sin dudas son un referente en el programa y muchos jueces te ven como guia para lograr sus objetivos<\/td>\n<\/tr>\n<tr>\n<td width=\"706\">To Dami\u00e1n Hiller, L4 from Latin America &#8211; Spanish<br \/>\nRecognized by Federico Donner, L3<\/td>\n<td>Mi proceso a L3 fue dif\u00edcil, me cuesta reconocer que muchas veces estaba equivocado. Gracias por preocuparte por que terminara siendo mejor juez, incluso teniendo que pelear conmigo mismo para ayudarme. Estoy contento con mi rol en el programa y es en gran parte gracias a ti.<\/td>\n<\/tr>\n<tr>\n<td width=\"706\">To Diego Kiedanski, L2 from Latin America &#8211; Spanish<br \/>\nRecognized by Adrian Estoup, L3<\/td>\n<td>\n<p>Diego, te env\u00edo este reconocimiento en base a tu gran trabajo en el proyecto de Rules Examples. Tu impacto en el proyecto fue fundamental para mantenerlo a flote y estoy seguro que apenas lo promocionemos tendr\u00e1 un impacto impresionante.<\/p>\n<p>Perdon por demorar su implementaci\u00f3n!<\/td>\n<\/tr>\n<tr>\n<td width=\"706\">To Emmanuel Leal, L2 from Latin America &#8211; Spanish<br \/>\nRecognized by Adrian Estoup, L3<\/td>\n<td>Emmanuel, quiero reconocer tu excelente trabajo liderando el proyecto de Arboles Geneal\u00f3gicos. Creo que entr\u00f3 en un impass pero ahora volvi\u00f3 a renacer. Este tipo de iniciativas ayuda al crecimiento de toda la comunidad<\/td>\n<\/tr>\n<tr>\n<td width=\"706\">To Emmanuel Leal, L2 from Latin America &#8211; Spanish<br \/>\nRecognized by Hector Fuentes, L3<\/td>\n<td>Gracias por el apoyo en certificar y estar accesible a varios jueces en crecimiento. Tambi\u00e9n agradezco por la participaci\u00f3n en la creaci\u00f3n del \u00e1rbol de jueces mexicanos.<\/td>\n<\/tr>\n<tr>\n<td width=\"706\">To Engel Sanchez, L1 from Latin America &#8211; Spanish<br \/>\nRecognized by Hector Fuentes, L3<\/td>\n<td>La labor que has llevado en la comunidad de jueces y jugadores de El Salvador debe ser reconocida, gracias por poner tanto de tu parte y fortificar as\u00ed una zona en crecimiento para Centroam\u00e9rica<\/td>\n<\/tr>\n<tr>\n<td width=\"706\">To Federico Donner, L3 from Latin America &#8211; Spanish<br \/>\nRecognized by Adrian Estoup, L3<\/td>\n<td>Fefi, quiero enviarte este reconocimiento por tu excelente desempa\u00f1o en muchos proyectos y actividades. El Erudito, El mantenimiento de la p\u00e1gina de Latam y tu excelente trabajo en ella. No quiero dejar pasar tu buena voluntad al aceptar viajar a Lima para que el pueblo peruano no pierda un WMCQ.<\/td>\n<\/tr>\n<tr>\n<td width=\"706\">To Federico Donner, L3 from Latin America &#8211; Spanish<br \/>\nRecognized by Alejandro Raggio, L3<\/td>\n<td>The work you have been doing with &#8220;El Erudito&#8221;, and also with the &#8220;Enter the Labyrinth&#8221; Judge Trivia has provided our community a great way to interact and learn in the process. I love the way in which the judge trivia makes people from different regions mingle and integrate at conferences.<\/td>\n<\/tr>\n<tr>\n<td width=\"706\">To Javier Castellan, L2 from Latin America &#8211; Spanish<br \/>\nRecognized by Carlos Ho, L4<\/td>\n<td>Javier,<br \/>\nHas hecho mucho por la comunidad de Guatemala, como jugador, juez y TO. A pesar de ser callado, eres un l\u00edder reconocido, y tu contribuci\u00f3n llega m\u00e1s all\u00e1 de tu pa\u00eds, a todo Centroam\u00e9rica. Gracias por esta dedicaci\u00f3n, y espero que pronto te llegue la motivaci\u00f3n para ser L3.<\/td>\n<\/tr>\n<tr>\n<td width=\"706\">To Jesus Christian Cruz Acono, L1 from Latin America &#8211; Spanish<br \/>\nRecognized by Adrian Estoup, L3<\/td>\n<td>Jesus, quiero reconocer por tu excelente desempe\u00f1o y gran trabajo en el proyecto de los Arboles Genealogicos en el que fuiste parte fundamental del proyecto. Sin vos el mismo no hubiese sido posible.<\/td>\n<\/tr>\n<tr>\n<td width=\"706\">To Jose Miguel Palma, L2 from Latin America &#8211; Spanish<br \/>\nRecognized by Alejandro Raggio, L3<\/td>\n<td>Your job as Judge Manager for GP Santiago was AMAZING. You were probably the best Judge Manager I&#8217;ve seen in GPs in over a decade. You were always working to improve our experience at the event and to deal with anything we needed.<\/td>\n<\/tr>\n<tr>\n<td width=\"706\">To Jose Miguel Palma, L2 from Latin America &#8211; Spanish<br \/>\nRecognized by Damian Hiller, L4<\/td>\n<td>Pepe! Tu trabajo como judge manager en Santiago, aun siendo tu primer vez fue relamente inspirador para mi tanto como juez como cuando tuve tu puesto en Buenos Aires. Aun siendo la primer experiencia sobresaliste, yendo aun mas alla de lo que el puesto pedia. Un ejemplo a seguir!<\/td>\n<\/tr>\n<tr>\n<td width=\"706\">To Juan Del Compare, L3 from Latin America &#8211; Spanish<br \/>\nRecognized by Stefan Ladstaetter, L3<\/td>\n<td>Juan is the driving force behind the judge program&#8217;s translation efforts, coordinating an ever changing group of collaborators with expertise and patience. I was part of his group, and know how much work he puts into this and dcirules.org. His contribution can&#8217;t be valued highly enough.<\/td>\n<\/tr>\n<tr>\n<td width=\"706\">To Julio Sosa, L2 from Latin America &#8211; Spanish<br \/>\nRecognized by Alejandro Raggio, L3<\/td>\n<td>You contributions to events both sharing interesting situations and activities with judges and you online presence interacting with judges and players alike have set you in a very respected position in which everyone knows you are easily approachable and that makes the judge\/player relations better.<\/td>\n<\/tr>\n<tr>\n<td width=\"706\">To Leonard Dominguez, L1 from Latin America &#8211; Spanish<br \/>\nRecognized by Carlos Ho, L4<\/td>\n<td>Leonard,<br \/>\nHa sido un placer conocerte este a\u00f1o, y agradezco tu contribuci\u00f3n al GP M\u00e9xico. Tu actitud en el mismo fue ejemplar, y me agrad\u00f3 mucho poder conversar contigo sobre Venezuela y su comunidad. Espero que pronto llegues a L2.<\/td>\n<\/tr>\n<tr>\n<td width=\"706\">To Martin Chaves, L2 from Latin America &#8211; Spanish<br \/>\nRecognized by Hector Fuentes, L3<\/td>\n<td>Poner centro en una comunidad que por ratos no tiene mucho control y enderezarla, hacer todo lo posible por mejorar en cada evento y activamente buscar de la mejor manera alcanzar el L3 como lo has hecho merece de este reconocimiento especial.<\/td>\n<\/tr>\n<tr>\n<td width=\"706\">To Pedro Sebastian Marquez Jacobo, L1 from Latin America &#8211; Spanish<br \/>\nRecognized by Hector Fuentes, L3<\/td>\n<td>Gracias por todo el esfuerzo puesto en realizar la conferencia este a\u00f1o, no solo eso, tambi\u00e9n el esfuerzo puesto para continuar guiando a los jueces en tu regi\u00f3n.<\/td>\n<\/tr>\n<tr>\n<td width=\"706\">To Santiago Prieto, L1 from Latin America &#8211; Spanish<br \/>\nRecognized by Adrian Estoup, L3<\/td>\n<td>Santiago, te env\u00edo tu reconocimiento por el aporte que hace a la comunidad de jueces y jugadores a traves de tus art\u00edculos que escribiste. Ojal\u00e1 m\u00e1s jueces puedan seguir tu ejemplo para fomentar las buenas pr\u00e1cticas en los eventos<\/td>\n<\/tr>\n<tr>\n<td width=\"706\">To Sergio Gonzalez Cruz, L1 from Latin America &#8211; Spanish<br \/>\nRecognized by Hector Fuentes, L3<\/td>\n<td>Todo el esfuerzo que has puesto en estos a\u00f1os sigue siendo vigente y se agradece todo el esfuerzo que pones en cada evento, siempre trabajando en equipo y dispuesto a cooperar en lo necesario<\/td>\n<\/tr>\n<\/tbody>\n<\/table>\n<p>&nbsp;<\/p>\n","protected":false},"excerpt":{"rendered":"<p>View Other Regions To Adrian Estoup, L3 from Latin America &#8211; Spanish Recognized by Carlos Ho, L4 Pirin, Has sido una gran ayuda en la regi\u00f3n desde que eras L2, y me alegra haberte visto llegar a L3 y luego RC. Creo que has empezado con energ\u00eda y has tra\u00eddo nuevas ideas al puesto y [&hellip;]<\/p>\n","protected":false},"author":1,"featured_media":0,"parent":120,"menu_order":0,"comment_status":"closed","ping_status":"closed","template":"","meta":{"footnotes":"","_links_to":"","_links_to_target":""},"language":[9],"class_list":["post-150","page","type-page","status-publish","hentry","language-en"],"_links":{"self":[{"href":"https:\/\/blogs.magicjudges.org\/exemplar\/wp-json\/wp\/v2\/pages\/150","targetHints":{"allow":["GET"]}}],"collection":[{"href":"https:\/\/blogs.magicjudges.org\/exemplar\/wp-json\/wp\/v2\/pages"}],"about":[{"href":"https:\/\/blogs.magicjudges.org\/exemplar\/wp-json\/wp\/v2\/types\/page"}],"author":[{"embeddable":true,"href":"https:\/\/blogs.magicjudges.org\/exemplar\/wp-json\/wp\/v2\/users\/1"}],"replies":[{"embeddable":true,"href":"https:\/\/blogs.magicjudges.org\/exemplar\/wp-json\/wp\/v2\/comments?post=150"}],"version-history":[{"count":2,"href":"https:\/\/blogs.magicjudges.org\/exemplar\/wp-json\/wp\/v2\/pages\/150\/revisions"}],"predecessor-version":[{"id":381,"href":"https:\/\/blogs.magicjudges.org\/exemplar\/wp-json\/wp\/v2\/pages\/150\/revisions\/381"}],"up":[{"embeddable":true,"href":"https:\/\/blogs.magicjudges.org\/exemplar\/wp-json\/wp\/v2\/pages\/120"}],"wp:attachment":[{"href":"https:\/\/blogs.magicjudges.org\/exemplar\/wp-json\/wp\/v2\/media?parent=150"}],"wp:term":[{"taxonomy":"language","embeddable":true,"href":"https:\/\/blogs.magicjudges.org\/exemplar\/wp-json\/wp\/v2\/language?post=150"}],"curies":[{"name":"wp","href":"https:\/\/api.w.org\/{rel}","templated":true}]}}