{"id":406,"date":"2015-07-01T12:22:20","date_gmt":"2015-07-01T12:22:20","guid":{"rendered":"http:\/\/blogs.magicjudges.org\/exemplar\/?page_id=406"},"modified":"2015-07-01T13:58:38","modified_gmt":"2015-07-01T13:58:38","slug":"orientacoes-para-escrita-de-reconhecimentos","status":"publish","type":"page","link":"https:\/\/blogs.magicjudges.org\/exemplar\/orientacoes-para-escrita-de-reconhecimentos\/","title":{"rendered":"Orienta\u00e7\u00f5es para escrita de Reconhecimentos"},"content":{"rendered":"<p><em>Traduzido por: <span class='judge-tooltip'><a href='https:\/\/apps.magicjudges.org\/judges\/dci\/3210120960' >Jo\u00e3o Paulo Ribeiro Garbelotto<\/a><span class='avatar'><img width='200' height='200' src='https:\/\/apps.magicjudges.org\/dci\/avatar?dci=3210120960&size=200'><\/span><\/span> \/ Revisado por: <span class='judge-tooltip'><a href='https:\/\/apps.magicjudges.org\/judges\/dci\/6103632176' >Vinicius Quaiato<\/a><span class='avatar'><img width='200' height='200' src='https:\/\/apps.magicjudges.org\/dci\/avatar?dci=6103632176&size=200'><\/span><\/span><\/em><\/p>\n<p dir=\"ltr\">Esse guia deve ajudar a identificar e preparar seus Reconhecimentos do Programa Exemplar.<\/p>\n<ul>\n<li>Seja especifico, direto e conciso. Uma carta de Reconhecimento deve ter entre 30 e 50 palavras. Algumas frases no m\u00e1ximo. N\u00e3o uma avalia\u00e7\u00e3o completa. A carta de reconhecimento que voc\u00ea ir\u00e1 escrever deve descrever porque voc\u00ea considera tal comportamento exemplar e qual o impacto que o mesmo teve em voc\u00ea.<\/li>\n<\/ul>\n<ul>\n<li>Seja honesto e fa\u00e7a valer a pena. A inten\u00e7\u00e3o destes (reconhecimentos) \u00e9 que sejam publicados como parte do Programa e outros ir\u00e3o ler o que foi escrito por voc\u00ea. Se voc\u00ea n\u00e3o est\u00e1 se esfor\u00e7ando como deveria isso ser\u00e1 notado.<\/li>\n<\/ul>\n<ul>\n<li>Seja pessoal. Isso vai significar algo para a pessoa que o receber. Escreva como se estivesse escrevendo diretamente para este Juiz. Considere como voc\u00ea se sentiria se recebesse o mesmo. Voc\u00ea se sentiria inspirado a fazer mais? Voc\u00ea iria entender porqu\u00ea foi identificado como Exemplar?<\/li>\n<\/ul>\n<p dir=\"ltr\">Abaixo seguem alguns exemplos para ajudar a entender como escrever uma boa carta de Reconhecimento. Voc\u00ea ir\u00e1 perceber  que cada uma destas faz distin\u00e7\u00e3o entre os conceitos de reconhecimento e pr\u00eamio. Voc\u00ea pode aprender mais sobre a import\u00e2ncia de distinguir estes conceitos <a title=\"Recognition vs Reward\" href=\"http:\/\/blogs.magicjudges.org\/exemplar\/recognition-vs-reward\/\">aqui<\/a>.<\/p>\n<h2>Reconhecendo a performance em eventos<\/h2>\n<p dir=\"ltr\">Alguns ju\u00edzes s\u00e3o incr\u00edveis em eventos. Eles n\u00e3o apenas auxiliam no funcionamento do evento, eles o fazem correr tranquilamente. Estes s\u00e3o, com certeza, comportamentos dignos de reconhecimento.<\/p>\n<p dir=\"ltr\">Voc\u00ea deve ter certeza que eles fizeram algo especial, algo que eles n\u00e3o tem obrigatoriedade de fazer, mas mesmo assim fizeram.<\/p>\n<ul>\n<li>\n<p dir=\"ltr\"><del>Obrigado por ser o Juiz Mor de um PTQ<\/del><\/p>\n<\/li>\n<li>\n<p dir=\"ltr\"><del>Obrigado por dirigir algumas horas para vir  ao PTQ<\/del><\/p>\n<\/li>\n<li>\n<p dir=\"ltr\">Obrigado por vir ao PTQ [x]. Quando apareceram mais jogadores que o esperado eu apreciei a forma como voc\u00ea se portou, permanecendo calmo e pronto. A sua lideran\u00e7a manteve os jogadores felizes durante uma crise em potencial. Ningu\u00e9m entrou em p\u00e2nico e atribuo grande parte disso a sua postura calma.<\/p>\n<\/li>\n<\/ul>\n<p dir=\"ltr\">Os primeiros dois exemplos n\u00e3o tratam de reconhecimentos. Nada de especial aconteceu. O juiz tinha um acordo com o TO e veio desempenhar um trabalho pelo qual ele ser\u00e1 pago\/compensado por.<\/p>\n<p dir=\"ltr\">O terceiro, no entanto, deixa claro que algo diferente ocorreu, algo que afetaria o torneio negativamente caso o juiz n\u00e3o tivesse auxiliado no andamento do torneio. Se esse \u00e9 o caso, manifeste-se!<\/p>\n<ul>\n<li>\n<p dir=\"ltr\"><del>Voc\u00ea trabalho nos FNM toda semana durante seis meses. <\/del><\/p>\n<\/li>\n<li>\n<p dir=\"ltr\">Quando eu estava no FNM que voc\u00ea estava trabalhando fiquei impressionado pela maneira como voc\u00ea recebeu os novos jogadores que vieram para o torneio. Eu tamb\u00e9m vi voc\u00ea ensinar o b\u00e1sico do jogo para uma crian\u00e7a de 13 anos e ensin\u00e1-la a jogar.<\/p>\n<\/li>\n<\/ul>\n<p dir=\"ltr\">Trabalhar como juiz durante FNMs mostra dedica\u00e7\u00e3o, com certeza. Mas n\u00e3o \u00e9 isso que \u00e9 ser um juiz? At\u00e9 que ponto podemos considerar isto como extraordin\u00e1rio? Afinal, nos somos todos ju\u00edzes. Entretanto, se o juiz foi al\u00e9m, procurando sempre criar um ambiente melhor para os novos jogadores para que eles se sintam mais confort\u00e1veis indo aos torneios, manifeste-se!<\/p>\n<p dir=\"ltr\">\n<h2>Reconhecendo Lideran\u00e7as<\/h2>\n<ul>\n<li>\n<p dir=\"ltr\"><del>Obrigado por ter sido Lider de Equipe naquele Grand Prix<\/del><\/p>\n<\/li>\n<li>\n<p dir=\"ltr\">Obrigado pela inspira\u00e7\u00e3o dada durante as instru\u00e7\u00f5es no inicio da quinta rodada. O dia estava sendo bem puxado e n\u00f3s realmente precis\u00e1vamos de um impulso para chegar ao final. Voc\u00ea foi capaz de nos fazer esquecer os problemas e encarar tudo isso com bom humor.<\/p>\n<\/li>\n<\/ul>\n<p dir=\"ltr\">Ser um L\u00edder de Equipe n\u00e3o \u00e9 algo extraordin\u00e1rio por si s\u00f3. Em um GP isso implica que o juiz \u00e9 um L3, e \u00e9 isso. Entretanto, se o seu L\u00edder de Equipe tornou seu dia melhor do que o esperado, manifeste-se.<\/p>\n<p dir=\"ltr\">Algumas outras id\u00e9ias:<\/p>\n<ul>\n<li>\n<p dir=\"ltr\">Obrigado por acalmar a situa\u00e7\u00e3o entre o TO e aquele jogador irritante. Sua diplomacia auxiliou em uma solu\u00e7\u00e3o eficiente para o problema e fez com que o jogador se sentisse melhor.<\/p>\n<\/li>\n<\/ul>\n<p>&nbsp;<\/p>\n<h2>Reconhecendo Mentores<\/h2>\n<ul>\n<li>\n<p dir=\"ltr\"><del>Obrigado por me colocar na equipe de \u201cPaper\u201d naquele Grand Prix.<\/del><\/p>\n<\/li>\n<li>\n<p dir=\"ltr\">Obrigado pelas varias dicas que voc\u00ea me deu ao longo do dia. Eu nunca tinha trabalhado no time de Papel (Paper) antes, e algumas vezes me senti um pouco perdido. Voc\u00ea percebeu isso e me orientou, agora me sinto confiante para trabalhar sozinho.<\/p>\n<\/li>\n<\/ul>\n<p dir=\"ltr\">Reconhecer um Juiz Mor s\u00f3 porque ele lhe atribui a fun\u00e7\u00e3o que voc\u00ea solicitou n\u00e3o \u00e9 nada extraordin\u00e1rio. Entretanto, se voc\u00ea sente que foi fortemente auxiliado e instru\u00eddo, manifeste-se.<\/p>\n<p dir=\"ltr\"> Algumas outras id\u00e9ias:<\/p>\n<ul>\n<li>\n<p dir=\"ltr\">Eu gostaria de agradecer pelo seu auxilio e ensinamentos durante o GPT que eu fui Juiz Mor. Seus conselhos foram de muito valor, especialmente quando voc\u00ea me ajudou a tomar uma decis\u00e3o naquele situa\u00e7\u00e3o onde o \u201cJogador A diz \/ Jogador B diz\u201d<\/p>\n<\/li>\n<li>\n<p dir=\"ltr\">Eu realmente aprendi bastante ao observar voc\u00ea investigar aquele cara acusado de trapa\u00e7a. Obrigado por dispor do seu tempo para conversar comigo, depois do ocorrido, e me explicar sua linha de pensamento.<\/p>\n<\/li>\n<\/ul>\n<p>&nbsp;<\/p>\n<h2>Reconhecendo Lideres de Comunidade<\/h2>\n<p dir=\"ltr\">Ser um juiz n\u00e3o \u00e9 apenas sobre os eventos que voc\u00ea participa. Muitos ju\u00edzes s\u00e3o lideres dentro de suas comunidades e s\u00e3o de grande ajuda, seja online ou em lojas locais. Muitos se destacam no cuidado e tratamento de jogadores e ju\u00edzes.<\/p>\n<ul>\n<li>\n<p dir=\"ltr\"><del>Obrigado por ser moderador do nosso f\u00f3rum local<\/del><\/p>\n<\/li>\n<li>\n<p dir=\"ltr\">Seu envolvimento gerindo as rea\u00e7\u00f5es dos jogadores em rela\u00e7\u00e3o aquele grande an\u00fancio feito recentemente foi incr\u00edvel. Voc\u00ea conseguiu, com sucesso, fazer com que grande parte dos envolvidos entendessem as raz\u00f5es por tr\u00e1s da recente mudan\u00e7a e remediou ataques e cr\u00edticas injustas.<\/p>\n<\/li>\n<\/ul>\n<p dir=\"ltr\">Ser o moderador de um f\u00f3rum com certeza consome tempo, mas isso n\u00e3o \u00e9 nada extraordin\u00e1rio. Entretanto, existem momentos em que uma situa\u00e7\u00e3o aparece e exige muita aten\u00e7\u00e3o e diplomacia. Quando isso acontecer, manifeste-se!<\/p>\n<ul>\n<li>\n<p dir=\"ltr\"><del>Obrigado por ser juiz dos PPTQ\u2019s nas duas lojas da nossa cidade.<\/del><\/p>\n<\/li>\n<li>\n<p dir=\"ltr\">Obrigado por trabalhar em coopera\u00e7\u00e3o com os dois TO\u2019s para que as datas dos PPTQ\u2019s n\u00e3o entrassem em conflito entre sim, apesar de seu agendamento inicial. Eu sei que voc\u00ea tamb\u00e9m ajustou sua agenda para achar uma nova data, que foi necess\u00e1ria para fazer tudo funcionar.<\/p>\n<\/li>\n<\/ul>\n<p dir=\"ltr\">N\u00e3o \u00e9 porque uma pessoa \u00e9 \u00fanico L2 que isso \u00e9 algo extraordin\u00e1rio. Entretanto, ele pode desempenhar um papel tremendamente importante auxiliando os TO\u2019s a agendarem melhor os eventos para que mais jogadores possam apreci\u00e1-los.<\/p>\n<ul>\n<li>\n<p dir=\"ltr\"><del>Obrigado por ter realizados demonstra\u00e7\u00f5es de Magic por algumas quartas-feiras seguidas.<\/del><\/p>\n<\/li>\n<li>\n<p dir=\"ltr\">Eu fiquei impressionado com a sua dedica\u00e7\u00e3o ao ensinar as regras do Magic para novos jogadores. Eu esperava que voc\u00ea fizesse isso durante os FNM, mas mesmo quando voc\u00ea est\u00e1 presente para jogos casuais de commander, voc\u00ea sempre responde as perguntas  com um sorriso, mesmo que isso te distraia do seu pr\u00f3prio jogo.<\/p>\n<\/li>\n<\/ul>\n<p dir=\"ltr\">N\u00e3o se trata de comparecer para desempenhar uma determinada tarefa (possivelmente agendada pelo dona da loja), se trata de fazer algo extra, algo n\u00e3o solicitado e que demonstra sua boa vontade.<\/p>\n<p dir=\"ltr\">Algumas outras id\u00e9ias:<\/p>\n<ul>\n<li>\n<p dir=\"ltr\">Obrigado por clarificar as ultimas mudan\u00e7as na UC &#8211; Major para o p\u00fablico online. Existem alguns ju\u00edzes que n\u00e3o entenderam a mudan\u00e7a, e suas palavras ajudaram eles a compreender muito melhor o que o programa est\u00e1 tentando alcan\u00e7ar.<\/p>\n<\/li>\n<li>\n<p dir=\"ltr\">Voc\u00ea lidou muito bem com aquele desentendimento entre o dono daquela loja e os outros ju\u00edzes. Eu acredito que voc\u00ea ajudou a comunidade como um todo ao convenc\u00ea-los a se acertarem e trabalharem juntos.<\/p>\n<\/li>\n<\/ul>\n<p>&nbsp;<\/p>\n<h2>Reconhecendo Falhas<\/h2>\n<p dir=\"ltr\"> <p><img  style='float:right'  class='lems-mtg-cardimg' src='http:\/\/gatherer.wizards.com\/Handlers\/Image.ashx?size=small&type=card&name=Dismal Failure'><\/p><\/p>\n<p dir=\"ltr\">Se um juiz se esfor\u00e7a significantemente ao propor uma mudan\u00e7a de pol\u00edtica ou desenvolver uma maneira melhor de distribuir produto em um evento, mesmo que essa pol\u00edtica ou m\u00e9todo sejam descartados, existe valor em reconhecer ele ou ela pelo esfor\u00e7o. Quando o fazemos, enviamos uma mensagem de que o pensamento criativo \u00e9 algo com que nos importamos e existe valor no esfor\u00e7o, independentemente do resultado final deste.<\/p>\n<p dir=\"ltr\">Essa mensagem valida o interesse dos ju\u00edzes que \u00e0 recebem, e pode at\u00e9 mesmo inspirar uma pr\u00f3xima grande ideia, que pode realmente funcionar e mudar a forma como os eventos ou o Programa de Ju\u00edzes funcionam.<\/p>\n<p>Traduzido por: Jo\u00e3o Paulo Ribeiro Garbelotto \/ Revisado por: Vinicius Quaiato<\/p>\n","protected":false},"excerpt":{"rendered":"<p>Traduzido por: \/ Revisado por: Esse guia deve ajudar a identificar e preparar seus Reconhecimentos do Programa Exemplar. Seja especifico, direto e conciso. Uma carta de Reconhecimento deve ter entre 30 e 50 palavras. Algumas frases no m\u00e1ximo. N\u00e3o uma avalia\u00e7\u00e3o completa. A carta de reconhecimento que voc\u00ea ir\u00e1 escrever deve descrever porque voc\u00ea considera [&hellip;]<\/p>\n","protected":false},"author":68,"featured_media":0,"parent":0,"menu_order":0,"comment_status":"closed","ping_status":"closed","template":"","meta":{"footnotes":"","_links_to":"","_links_to_target":""},"language":[11],"class_list":["post-406","page","type-page","status-publish","hentry","language-pt"],"_links":{"self":[{"href":"https:\/\/blogs.magicjudges.org\/exemplar\/wp-json\/wp\/v2\/pages\/406","targetHints":{"allow":["GET"]}}],"collection":[{"href":"https:\/\/blogs.magicjudges.org\/exemplar\/wp-json\/wp\/v2\/pages"}],"about":[{"href":"https:\/\/blogs.magicjudges.org\/exemplar\/wp-json\/wp\/v2\/types\/page"}],"author":[{"embeddable":true,"href":"https:\/\/blogs.magicjudges.org\/exemplar\/wp-json\/wp\/v2\/users\/68"}],"replies":[{"embeddable":true,"href":"https:\/\/blogs.magicjudges.org\/exemplar\/wp-json\/wp\/v2\/comments?post=406"}],"version-history":[{"count":6,"href":"https:\/\/blogs.magicjudges.org\/exemplar\/wp-json\/wp\/v2\/pages\/406\/revisions"}],"predecessor-version":[{"id":417,"href":"https:\/\/blogs.magicjudges.org\/exemplar\/wp-json\/wp\/v2\/pages\/406\/revisions\/417"}],"wp:attachment":[{"href":"https:\/\/blogs.magicjudges.org\/exemplar\/wp-json\/wp\/v2\/media?parent=406"}],"wp:term":[{"taxonomy":"language","embeddable":true,"href":"https:\/\/blogs.magicjudges.org\/exemplar\/wp-json\/wp\/v2\/language?post=406"}],"curies":[{"name":"wp","href":"https:\/\/api.w.org\/{rel}","templated":true}]}}