{"id":2699,"date":"2017-02-05T17:37:09","date_gmt":"2017-02-05T15:37:09","guid":{"rendered":"http:\/\/blogs.magicjudges.org\/francais\/?page_id=2699"},"modified":"2018-03-24T08:03:07","modified_gmt":"2018-03-24T07:03:07","slug":"presentation","status":"publish","type":"page","link":"https:\/\/blogs.magicjudges.org\/francais\/presentation\/","title":{"rendered":"Pr\u00e9sentation"},"content":{"rendered":"<h2 style=\"text-align: justify\"><u>Coordinatrice r\u00e9gionale :<\/u><\/h2>\n<div class=\"wp-caption alignright judgeimg\"><a href=\"https:\/\/apps.magicjudges.org\/judges\/dci\/1206310286\"><img src=https:\/\/apps.magicjudges.org\/dci\/avatar?dci=1206310286&size=200 alt=\"Sophie Pag\u00e8s, Coordinatrice de la r\u00e9gion francophone\"><\/a><p class=\"wp-caption-text\">Sophie Pag\u00e8s, Coordinatrice de la r\u00e9gion francophone<\/p><\/div>\n<p style=\"text-align: justify\"><span class='judge-tooltip'><a href='https:\/\/apps.magicjudges.org\/judges\/dci\/1206310286' >Sophie Pag\u00e8s<\/a><span class='avatar'><img width='200' height='200' src='https:\/\/apps.magicjudges.org\/dci\/avatar?dci=1206310286&size=200'><\/span><\/span> est la coordinatrice de la r\u00e9gion francophone depuis <a href=\"https:\/\/apps.magicjudges.org\/forum\/topic\/38705\/\">octobre 2017<\/a>. Celle-ci comprend la France m\u00e9tropolitaine, les DOM-TOM, le Maroc et la Suisse francophone.<\/p>\n<p style=\"text-align: justify\">L&rsquo;identit\u00e9 de chacun des coordinateurs r\u00e9gionaux dans le programme ainsi que leur r\u00f4le est d\u00e9crit sur <a href=\"https:\/\/blogs.magicjudges.org\/o\/spheres-fr\/regional-coordinators-fr\/\">la page officielle des coordinateurs r\u00e9gionaux<\/a>.<\/p>\n<p style=\"text-align: justify\">Sophie Pag\u00e8s est votre contact de r\u00e9f\u00e9rence dans le programme. N&rsquo;h\u00e9sitez pas \u00e0 la\u00a0<a href=\"https:\/\/blogs.magicjudges.org\/francais\/contact\/\">contacter<\/a> via le formulaire int\u00e9gr\u00e9 de ce blog.<\/p>\n<h2 style=\"text-align: justify\"><u>Capitaines de r\u00e9gion :<\/u><\/h2>\n<p style=\"text-align: justify\">La r\u00e9gion francophone est subdivis\u00e9e en sous-r\u00e9gions o\u00f9 un capitaine est en charge de s&rsquo;assurer du renouvellement de la communaut\u00e9 dans un contexte de densit\u00e9 variable en terme de magasins et d&rsquo;arbitres.<\/p>\n<p><img loading=\"lazy\" decoding=\"async\" class=\"size-full alignleft\" src=\"http:\/\/gatherer.wizards.com\/Handlers\/Image.ashx?multiverseid=25976&amp;type=card\" width=\"223\" height=\"310\" \/><\/p>\n<p style=\"text-align: justify\">Le capitaine est le relai privil\u00e9gi\u00e9 vers qui le ou la RC pourra renvoyer un candidat arbitre au niveau 1. Connaissant bien la communaut\u00e9 locale et les opportunit\u00e9s offertes r\u00e9gionalement aux candidats pour arbitrer, le capitaine de r\u00e9gion pourra se mettre en relation avec les diff\u00e9rents L2+ de sa r\u00e9gion pour aider un candidat au mieux ou s&rsquo;assurer qu&rsquo;une boutique soit relation avec un ou plusieurs arbitres pour le d\u00e9roulement des tournois.<\/p>\n<p style=\"text-align: justify\">Ces capitaines de r\u00e9gion donneront aussi au RC du feedback sur les diff\u00e9rents niveaux 1 de sa r\u00e9gion, notamment ceux qui pourraient ou voudraient \u00e9voluer vers le niveau 2. Enfin, le capitaine de r\u00e9gion promeut et dirige le d\u00e9veloppement de sa r\u00e9gion en s&rsquo;appuyant sur des leaders locaux.<\/p>\n<p style=\"text-align: justify\"><span class='judge-tooltip'><a href='https:\/\/apps.magicjudges.org\/judges\/dci\/1206237736' >Khanh Le Thien<\/a><span class='avatar'><img width='200' height='200' src='https:\/\/apps.magicjudges.org\/dci\/avatar?dci=1206237736&size=200'><\/span><\/span> est actuellement <a href=\"https:\/\/apps.magicjudges.org\/forum\/topic\/24780\/\">en charge de la coordination<\/a> des capitaines de r\u00e9gion, dont voici la liste :<\/p>\n<ul>\n<li style=\"text-align: justify\">Nord &#8211; Haute Normandie : <span class='judge-tooltip'><a href='https:\/\/apps.magicjudges.org\/judges\/dci\/88640545' >Pierre-Jean Cha\u00efb<\/a><span class='avatar'><img width='200' height='200' src='https:\/\/apps.magicjudges.org\/dci\/avatar?dci=88640545&size=200'><\/span><\/span> (Rouen\/Caen) et <span class='judge-tooltip'><a href='https:\/\/apps.magicjudges.org\/judges\/dci\/2213689055' >Julie Bouchonville<\/a><span class='avatar'><img width='200' height='200' src='https:\/\/apps.magicjudges.org\/dci\/avatar?dci=2213689055&size=200'><\/span><\/span> (Lille)<\/li>\n<li style=\"text-align: justify\">\u00cele-de-France : <span class='judge-tooltip'><a href='https:\/\/apps.magicjudges.org\/judges\/dci\/68651889' >Rapha\u00ebl Delbarre<\/a><span class='avatar'><img width='200' height='200' src='https:\/\/apps.magicjudges.org\/dci\/avatar?dci=68651889&size=200'><\/span><\/span><\/li>\n<li style=\"text-align: justify\">Centre ouest &#8211; Bretagne, Basse Normandie (Le Mans \/ Nantes \/ Brest) : <span class='judge-tooltip'><a href='https:\/\/apps.magicjudges.org\/judges\/dci\/283812' >Arnaud Perrouin<\/a><span class='avatar'><img width='200' height='200' src='https:\/\/apps.magicjudges.org\/dci\/avatar?dci=283812&size=200'><\/span><\/span><\/li>\n<li style=\"text-align: justify\">Sud-ouest (Toulouse \/ Montpellier \/ Bordeaux) : <span class='judge-tooltip'><a href='https:\/\/apps.magicjudges.org\/judges\/dci\/12851428' >Julien Laronde<\/a><span class='avatar'><img width='200' height='200' src='https:\/\/apps.magicjudges.org\/dci\/avatar?dci=12851428&size=200'><\/span><\/span><\/li>\n<li style=\"text-align: justify\">Centre &#8211; c\u00f4te atlantique (Orl\u00e9ans \/ Bourges \/ La Rochelle) : <span class='judge-tooltip'><a href='https:\/\/apps.magicjudges.org\/judges\/dci\/1206306166' >Quentin Boussardon<\/a><span class='avatar'><img width='200' height='200' src='https:\/\/apps.magicjudges.org\/dci\/avatar?dci=1206306166&size=200'><\/span><\/span><\/li>\n<li style=\"text-align: justify\">PACA (Saint Rapha\u00ebl \/ Marseille \/ Nice) : <span class='judge-tooltip'><a href='https:\/\/apps.magicjudges.org\/judges\/dci\/61072652' >G\u00e9rard Terpin<\/a><span class='avatar'><img width='200' height='200' src='https:\/\/apps.magicjudges.org\/dci\/avatar?dci=61072652&size=200'><\/span><\/span><\/li>\n<li style=\"text-align: justify\">Rh\u00f4ne-Alpes \u00e9largie, Suisse romande (Lyon \/ Grenoble \/ Clermont-Ferrand) : <span class='judge-tooltip'><a href='https:\/\/apps.magicjudges.org\/judges\/dci\/59856294' >Th\u00e9o Cheng<\/a><span class='avatar'><img width='200' height='200' src='https:\/\/apps.magicjudges.org\/dci\/avatar?dci=59856294&size=200'><\/span><\/span><\/li>\n<li style=\"text-align: justify\">Grand Est (Dijon \/ Strasbourg \/ Metz \/ Nancy) : <span class='judge-tooltip'><a href='https:\/\/apps.magicjudges.org\/judges\/dci\/1206154727' >Mathieu Andr\u00e9<\/a><span class='avatar'><img width='200' height='200' src='https:\/\/apps.magicjudges.org\/dci\/avatar?dci=1206154727&size=200'><\/span><\/span><\/li>\n<\/ul>\n<p>&nbsp;<\/p>\n<figure style=\"width: 300px\" class=\"wp-caption aligncenter\"><a href=\"http:\/\/blogs.magicjudges.org\/francais\/files\/2016\/10\/Capitaines-MAP.pdf\" target=\"_blank\" rel=\"noopener\"><img loading=\"lazy\" decoding=\"async\" src=\"http:\/\/blogs.magicjudges.org\/francais\/files\/2014\/09\/vignette-300x222.png\" width=\"300\" height=\"222\" \/><\/a><figcaption class=\"wp-caption-text\"><em>(cliquez sur la vignette pour agrandir \u2500 attention, cette carte n&rsquo;est pas \u00e0 jour !)<\/em><\/figcaption><\/figure>\n<p>Pour contacter l&rsquo;un de ces capitaines, utilisez Judge Apps (en cliquant directement sur l&rsquo;identit\u00e9 des capitaines ci-dessus) ou le <a href=\"https:\/\/blogs.magicjudges.org\/francais\/contact\/\">formulaire de contact<\/a> de ce blog.<\/p>\n","protected":false},"excerpt":{"rendered":"<p>Coordinatrice r\u00e9gionale : est la coordinatrice de la r\u00e9gion francophone depuis octobre 2017. Celle-ci comprend la France m\u00e9tropolitaine, les DOM-TOM, le Maroc et la Suisse francophone. L&rsquo;identit\u00e9 de chacun des coordinateurs r\u00e9gionaux dans le programme ainsi que leur r\u00f4le est d\u00e9crit sur la page officielle des coordinateurs r\u00e9gionaux. Sophie Pag\u00e8s est votre contact de r\u00e9f\u00e9rence [&hellip;]<\/p>\n","protected":false},"author":176,"featured_media":0,"parent":0,"menu_order":0,"comment_status":"closed","ping_status":"closed","template":"","meta":{"footnotes":"","_links_to":"","_links_to_target":""},"language":[],"class_list":["post-2699","page","type-page","status-publish","hentry"],"_links":{"self":[{"href":"https:\/\/blogs.magicjudges.org\/francais\/wp-json\/wp\/v2\/pages\/2699","targetHints":{"allow":["GET"]}}],"collection":[{"href":"https:\/\/blogs.magicjudges.org\/francais\/wp-json\/wp\/v2\/pages"}],"about":[{"href":"https:\/\/blogs.magicjudges.org\/francais\/wp-json\/wp\/v2\/types\/page"}],"author":[{"embeddable":true,"href":"https:\/\/blogs.magicjudges.org\/francais\/wp-json\/wp\/v2\/users\/176"}],"replies":[{"embeddable":true,"href":"https:\/\/blogs.magicjudges.org\/francais\/wp-json\/wp\/v2\/comments?post=2699"}],"version-history":[{"count":21,"href":"https:\/\/blogs.magicjudges.org\/francais\/wp-json\/wp\/v2\/pages\/2699\/revisions"}],"predecessor-version":[{"id":3649,"href":"https:\/\/blogs.magicjudges.org\/francais\/wp-json\/wp\/v2\/pages\/2699\/revisions\/3649"}],"wp:attachment":[{"href":"https:\/\/blogs.magicjudges.org\/francais\/wp-json\/wp\/v2\/media?parent=2699"}],"wp:term":[{"taxonomy":"language","embeddable":true,"href":"https:\/\/blogs.magicjudges.org\/francais\/wp-json\/wp\/v2\/language?post=2699"}],"curies":[{"name":"wp","href":"https:\/\/api.w.org\/{rel}","templated":true}]}}