{"id":2701,"date":"2017-02-05T17:50:39","date_gmt":"2017-02-05T15:50:39","guid":{"rendered":"http:\/\/blogs.magicjudges.org\/francais\/?page_id=2701"},"modified":"2017-05-13T14:10:06","modified_gmt":"2017-05-13T13:10:06","slug":"les-projets","status":"publish","type":"page","link":"https:\/\/blogs.magicjudges.org\/francais\/les-projets\/","title":{"rendered":"Les Projets"},"content":{"rendered":"<p style=\"text-align: justify\"><em>L&rsquo;arbitrage francophone regorge de projets diversifi\u00e9s, regroupant des dizaines d&rsquo;arbitres qui donnent de leur temps pour mettre \u00e0 disposition des ressources vari\u00e9es dans divers domaines. Vous souhaitez rejoindre l&rsquo;une de nos \u00e9quipes ? Consultez <a href=\"http:\/\/apps.magicjudges.org\/forum\/topic\/19362\/\">ce post<\/a> mis r\u00e9guli\u00e8rement \u00e0 jour ou <a href=\"https:\/\/blogs.magicjudges.org\/francais\/contact\/\">contactez<\/a> <span class='judge-tooltip'><a href='https:\/\/apps.magicjudges.org\/judges\/dci\/1206310286' >Sophie Pag\u00e8s<\/a><span class='avatar'><img width='200' height='200' src='https:\/\/apps.magicjudges.org\/dci\/avatar?dci=1206310286&size=200'><\/span><\/span>, qui supervise l&rsquo;ensemble des projets francophones.<\/em><\/p>\n<figure id=\"attachment_2685\" aria-describedby=\"caption-attachment-2685\" style=\"width: 980px\" class=\"wp-caption aligncenter\"><a href=\"http:\/\/blogs.magicjudges.org\/francais\/files\/2016\/11\/chart-jan-17.png\"><img loading=\"lazy\" decoding=\"async\" class=\"wp-image-2685 size-large\" src=\"http:\/\/blogs.magicjudges.org\/francais\/files\/2016\/11\/chart-jan-17-1024x762.png\" alt=\"chart jan 17\" width=\"980\" height=\"729\" srcset=\"https:\/\/blogs.magicjudges.org\/francais\/files\/2016\/11\/chart-jan-17-1024x762.png 1024w, https:\/\/blogs.magicjudges.org\/francais\/files\/2016\/11\/chart-jan-17-300x223.png 300w, https:\/\/blogs.magicjudges.org\/francais\/files\/2016\/11\/chart-jan-17-768x571.png 768w, https:\/\/blogs.magicjudges.org\/francais\/files\/2016\/11\/chart-jan-17-125x93.png 125w\" sizes=\"auto, (max-width: 980px) 100vw, 980px\" \/><\/a><figcaption id=\"caption-attachment-2685\" class=\"wp-caption-text\">(Janvier 2017)<\/figcaption><\/figure>\n<h1 style=\"text-align: justify\"><u>Les projets de traduction :<\/u><\/h1>\n<p>&nbsp;<\/p>\n<ul>\n<li style=\"text-align: justify\">La plupart des ressources sont mises en ligne en anglais, aussi une \u00e9quipe de traducteurs s\u2019att\u00e8le \u00e0 rendre disponible le maximum de ressources possibles en fran\u00e7ais, notamment :<\/li>\n<li style=\"text-align: justify\">Toutes les ressources officielles : les documents officiels, dont l&rsquo;<a href=\"https:\/\/blogs.magicjudges.org\/rules\/ipg-fr\/\">IPG<\/a> et des <a href=\"https:\/\/blogs.magicjudges.org\/rules\/magic-the-gathering-tournament-rules-fr\/\">MTR<\/a> (<a href=\"https:\/\/blogs.magicjudges.org\/francais\/ressources-pour-larbitre\/\">\u00e9galement disponibles sur ce blog<\/a>).<\/li>\n<li style=\"text-align: justify\">Les articles \u00e9crits en anglais et dont certains poss\u00e8dent une traduction.<\/li>\n<li style=\"text-align: justify\">Les actualit\u00e9s avec le <a href=\"https:\/\/blogs.magicjudges.org\/blog\/category\/magic-judge-monthly\/?lang=en\">Magic Judge Monthly<\/a>, journal mensuel retra\u00e7ant l&rsquo;actualit\u00e9 internationale du programme.<\/li>\n<li style=\"text-align: justify\">De nombreuses ressources \u00e9ducatives dont vous pourrez trouver un aper\u00e7u dans la section <a href=\"https:\/\/blogs.magicjudges.org\/francais\/evoluer-et-progresser\/\">Progresser et \u00e9voluer<\/a>.<\/li>\n<\/ul>\n<h1><\/h1>\n<h1 style=\"text-align: justify\"><u>Les ressources \u00e9ducatives :<\/u><\/h1>\n<ul style=\"text-align: justify\">\n<li>\n<figure style=\"width: 223px\" class=\"wp-caption alignright\"><img loading=\"lazy\" decoding=\"async\" src=\"http:\/\/gatherer.wizards.com\/Handlers\/Image.ashx?multiverseid=10602&amp;type=card\" width=\"223\" height=\"310\" \/><figcaption class=\"wp-caption-text\">Planifiez vos actions !<\/figcaption><\/figure>\n<p>Les versions annot\u00e9es de l&rsquo;<a href=\"https:\/\/blogs.magicjudges.org\/rules\/ipg-fr\/\">IPG<\/a> ou les <a href=\"https:\/\/blogs.magicjudges.org\/rules\/magic-the-gathering-tournament-rules-fr\/\">MTR<\/a>, qui permettent une visite en profondeur des documents par leur explication phrase par phrase.<\/li>\n<li style=\"text-align: justify\"><a href=\"http:\/\/www.cranialinsertion.com\/\">Cranial insertion<\/a>, un webzine hebdomadaire traitant avec humour des questions de r\u00e8gles.<\/li>\n<li style=\"text-align: justify\">Les <a href=\"https:\/\/www.facebook.com\/Reglesmagicfrance\/\">tips of the day<\/a> : des rapides astuces sur des interactions r\u00e9centes.<\/li>\n<li style=\"text-align: justify\">Le <a href=\"http:\/\/booth.magicjudges.org\/\">Judge booth<\/a> : sous forme de quizz de r\u00e8gles illustr\u00e9, avec plusieurs niveaux de difficult\u00e9, \u00e0 emmener partout avec vous (une version hors ligne existe) !<\/li>\n<li style=\"text-align: justify\">Le <a href=\"http:\/\/test.italianmagicjudges.net\/wiki\/index.php?title=FR:Welcome\">Judge Candidate textbook<\/a> : un outil ergonomique pour mieux appr\u00e9hender les comprehensives rules, et donnant des exemples \u00e0 chaque point abord\u00e9.<\/li>\n<li style=\"text-align: justify\">Le study guide, qui vous donne des astuces pour pr\u00e9parer les tests de niveau 1 et 2.<\/li>\n<li style=\"text-align: justify\">Les Judge classes,\u00a0 des le\u00e7ons et des s\u00e9ries de questions th\u00e9matis\u00e9es pour approfondir un sujet.<\/li>\n<li style=\"text-align: justify\">Enfin bien s\u00fbr une myriade d&rsquo;articles sur tous les sujets ! Consultez la partie <a href=\"https:\/\/blogs.magicjudges.org\/francais\/category\/article_a_la_une\/\">Les Articles<\/a> sur ce blog pour en avoir un aper\u00e7u.<\/li>\n<\/ul>\n<p>&nbsp;<\/p>\n<h1 style=\"text-align: left\"><u>Les projets li\u00e9s aux tournois ou communautaires :<\/u><\/h1>\n<ul>\n<li style=\"text-align: justify\">Citons tout d&rsquo;abord ce blog proposant du <a href=\"https:\/\/blogs.magicjudges.org\/francais\/category\/actualites\/\">contenu<\/a> sur l&rsquo;actualit\u00e9 r\u00e9gionale, des <a href=\"https:\/\/blogs.magicjudges.org\/francais\/category\/article_a_la_une\/\">articles<\/a>, ainsi que le <a href=\"https:\/\/blogs.magicjudges.org\/francais\/calendrier-et-agenda\/\">calendrier<\/a> des arbitres avec les tournois et les \u00e9v\u00e8nements li\u00e9s \u00e0 la communaut\u00e9.<\/li>\n<li style=\"text-align: justify\">Ensuite, il y a le swag, qui pr\u00e9pare pour les arbitres qui le souhaitent, des surprises.<\/li>\n<li style=\"text-align: justify\">N&rsquo;oublions pas le <a href=\"https:\/\/apps.magicjudges.org\/projects\/342\/\">booklet<\/a>, un outil \u00e0 emmener partout, qui vous donne les infos principales de tournoi (les principaux points de r\u00e8gles, le discours \u00e0 adopter, les infractions et p\u00e9nalit\u00e9s).<\/li>\n<li style=\"text-align: justify\">Enfin, on peut citer la Newsletter, un journal trimestriel d\u00e9taillant les nouveaut\u00e9s dans l&rsquo;arbitrage francophone, les nouvelles r\u00e8gles ou des articles r\u00e9cents.<\/li>\n<\/ul>\n<h1><\/h1>\n<h1 style=\"text-align: justify\"><u>Les projets de mentoring :<\/u><\/h1>\n<figure style=\"width: 223px\" class=\"wp-caption alignright\"><img loading=\"lazy\" decoding=\"async\" src=\"http:\/\/gatherer.wizards.com\/Handlers\/Image.ashx?multiverseid=398448&amp;type=card\" width=\"223\" height=\"311\" \/><figcaption class=\"wp-caption-text\">The strength of the pack is the judge, and the strength of the judge is the pack.<\/figcaption><\/figure>\n<ul>\n<li style=\"text-align: justify\">Les conf\u00e9rences : ayant lieu une \u00e0 deux fois par an, elles sont le lieu de partage et d&rsquo;\u00e9change entre les arbitres francophones. Vous pouvez aussi participer\u00a0 \u00e0 des Judge classes IRL (Paris, Lyon, Lille&#8230;etc) ou encore \u00e0 des conf\u00e9rences en ligne via un chat utilisant Discord. Si vous avez une question sur cet outil, contactez <span class='judge-tooltip'><a href='https:\/\/apps.magicjudges.org\/judges\/dci\/59856294' >Th\u00e9o Cheng<\/a><span class='avatar'><img width='200' height='200' src='https:\/\/apps.magicjudges.org\/dci\/avatar?dci=59856294&size=200'><\/span><\/span> via le <a href=\"http:\/\/blogs.magicjudges.org\/francais\/contact\/\">formulaire de contact<\/a>.<\/li>\n<li style=\"text-align: justify\">Le Podcast <a href=\"http:\/\/rulemapoule.universpodcast.com\">Rule ma Poule<\/a>, pr\u00e9sente r\u00e9guli\u00e8rement des contenus d&rsquo;information sur les nouveaut\u00e9s ou des sujets de fond.<\/li>\n<li style=\"text-align: justify\">Les vid\u00e9os <a href=\"https:\/\/www.youtube.com\/playlist?list=PLlZ39YIRgRrFf9nB18IB3jcr6O7w1EMAt\">Juge &amp; vous<\/a> d\u00e9cortiquent des points de r\u00e8gles sur un th\u00e8me pr\u00e9cis.<\/li>\n<li style=\"text-align: justify\">Le welcome wagon qui aide \u00e0 accueillir les nouveaux arbitres par la r\u00e9daction de messages pr\u00e9cis et d\u00e9taill\u00e9s (accessible qu&rsquo;aux L2+).<\/li>\n<li style=\"text-align: justify\">Le mentoring en ligne (via un chat utilisant Discord) : 2 mentors aident hebdomadairement 2 candidats \u00e0 pr\u00e9parer le test de niveau 2<\/li>\n<\/ul>\n<h1 style=\"text-align: justify\"><u>Les projets et les gens :<\/u><\/h1>\n<p style=\"text-align: justify\">Mettre \u00e0 jour tout ceci ainsi que reconnaitre le travail de tous est aussi un travail important ! Le blog, les recognitions de l&rsquo;exemplar program, les reports, chaque mois on vous montre les arbitres autour de vous !<\/p>\n<p>Votre projet n&rsquo;est pas visible dans la liste ci-dessus ? Ou vous avez une question ou une remarque \u00e0 nous faire part ? Contactez le webmestre via le <a href=\"http:\/\/blogs.magicjudges.org\/francais\/contact\/\">formulaire de contact<\/a> !<\/p>\n","protected":false},"excerpt":{"rendered":"<p>L&rsquo;arbitrage francophone regorge de projets diversifi\u00e9s, regroupant des dizaines d&rsquo;arbitres qui donnent de leur temps pour mettre \u00e0 disposition des ressources vari\u00e9es dans divers domaines. Vous souhaitez rejoindre l&rsquo;une de nos \u00e9quipes ? Consultez ce post mis r\u00e9guli\u00e8rement \u00e0 jour ou contactez , qui supervise l&rsquo;ensemble des projets francophones. Les projets de traduction : &nbsp; [&hellip;]<\/p>\n","protected":false},"author":176,"featured_media":0,"parent":0,"menu_order":0,"comment_status":"closed","ping_status":"closed","template":"","meta":{"footnotes":"","_links_to":"","_links_to_target":""},"language":[],"class_list":["post-2701","page","type-page","status-publish","hentry"],"_links":{"self":[{"href":"https:\/\/blogs.magicjudges.org\/francais\/wp-json\/wp\/v2\/pages\/2701","targetHints":{"allow":["GET"]}}],"collection":[{"href":"https:\/\/blogs.magicjudges.org\/francais\/wp-json\/wp\/v2\/pages"}],"about":[{"href":"https:\/\/blogs.magicjudges.org\/francais\/wp-json\/wp\/v2\/types\/page"}],"author":[{"embeddable":true,"href":"https:\/\/blogs.magicjudges.org\/francais\/wp-json\/wp\/v2\/users\/176"}],"replies":[{"embeddable":true,"href":"https:\/\/blogs.magicjudges.org\/francais\/wp-json\/wp\/v2\/comments?post=2701"}],"version-history":[{"count":26,"href":"https:\/\/blogs.magicjudges.org\/francais\/wp-json\/wp\/v2\/pages\/2701\/revisions"}],"predecessor-version":[{"id":3320,"href":"https:\/\/blogs.magicjudges.org\/francais\/wp-json\/wp\/v2\/pages\/2701\/revisions\/3320"}],"wp:attachment":[{"href":"https:\/\/blogs.magicjudges.org\/francais\/wp-json\/wp\/v2\/media?parent=2701"}],"wp:term":[{"taxonomy":"language","embeddable":true,"href":"https:\/\/blogs.magicjudges.org\/francais\/wp-json\/wp\/v2\/language?post=2701"}],"curies":[{"name":"wp","href":"https:\/\/api.w.org\/{rel}","templated":true}]}}