{"id":2705,"date":"2017-02-05T17:53:05","date_gmt":"2017-02-05T15:53:05","guid":{"rendered":"http:\/\/blogs.magicjudges.org\/francais\/?page_id=2705"},"modified":"2018-10-12T19:43:17","modified_gmt":"2018-10-12T18:43:17","slug":"ressources-pour-lorganisateur","status":"publish","type":"page","link":"https:\/\/blogs.magicjudges.org\/francais\/ressources-pour-lorganisateur\/","title":{"rendered":"Ressources pour l&rsquo;organisateur"},"content":{"rendered":"<p style=\"text-align: justify\">Bienvenue sur les ressources pour le Tournament Organiser. Cette page fait le point sur l\u2019ensemble des documents utiles \u00e0 communiquer aux organisateurs de tournois. N\u2019h\u00e9sitez pas \u00e9galement \u00e0 consulter les <a href=\"https:\/\/blogs.magicjudges.org\/francais\/ressources-pour-larbitre\/\">ressources pour l\u2019arbitre <\/a>ainsi que celles pour le <a href=\"https:\/\/blogs.magicjudges.org\/francais\/ressource-pour-le-scorekeeper\/\">scorekeeper<\/a>.<\/p>\n<p style=\"text-align: justify\">Maintenant que vous avez cela \u00e0 l\u2019esprit, commen\u00e7ons par le plus important : le <a href=\"http:\/\/wpn.wizards.com\/fr\">Wizards Play Network <\/a>! Sur ce site, vous trouverez toutes les ressources utiles pour l&rsquo;organisateur. N\u00e9anmoins, voici les principaux documents dont il convient de prendre connaissance. Certains ont m\u00eame \u00e9t\u00e9 r\u00e9dig\u00e9s par des arbitres \u00e0 leur attention :<\/p>\n<table border=\"3 solid black\">\n<tbody>\n<tr style=\"background-color: #9ca1a6\">\n<td>\n<h1 style=\"text-align: center\"><strong>Document<\/strong><\/h1>\n<\/td>\n<td>\n<h1 style=\"text-align: center\"><img loading=\"lazy\" decoding=\"async\" src=\"http:\/\/blogs.magicjudges.org\/francais\/files\/2017\/02\/US.png\" alt=\"US\" width=\"100\" height=\"52\" \/><\/h1>\n<\/td>\n<td>\n<h1 style=\"text-align: center\"><strong>Version of :<\/strong><\/h1>\n<\/td>\n<td>\n<h1 style=\"text-align: center\"><img loading=\"lazy\" decoding=\"async\" src=\"http:\/\/blogs.magicjudges.org\/francais\/files\/2017\/02\/France.png\" alt=\"France\" width=\"100\" height=\"52\" \/><\/h1>\n<\/td>\n<td>\n<h1 style=\"text-align: center\"><strong>Version du :<\/strong><\/h1>\n<\/td>\n<\/tr>\n<tr>\n<td style=\"text-align: center\"><strong>Checklist for TO &amp; HJ<\/strong><br \/>\n(Checkliste pour TO &amp; HJ)<\/td>\n<td style=\"text-align: center\"><a href=\"http:\/\/blogs.magicjudges.org\/francais\/files\/2017\/02\/checklist-for-TO-and-HJ.pdf\">PDF<\/a><\/td>\n<td style=\"text-align: center\">April, 20th 2017<\/td>\n<td style=\"text-align: center\"><a href=\"http:\/\/blogs.magicjudges.org\/francais\/files\/2017\/02\/checkliste-pour-les-TO-et-HJ.pdf\">PDF<\/a><\/td>\n<td style=\"text-align: center\">20 Avril 2017<\/td>\n<\/tr>\n<\/tbody>\n<\/table>\n<p>&nbsp;<\/p>\n<p>Pour les tournois en limit\u00e9, il se peut que vous ayez besoin des listes pour permettre aux joueurs d&rsquo;enregistrer leur pool et leur deck. Voici les derni\u00e8res parues :<\/p>\n<table border=\"3 solid black\">\n<tbody>\n<tr style=\"background-color: #9ca1a6\">\n<td>\n<h1 style=\"text-align: center\"><strong>\u00c9dition<\/strong><\/h1>\n<\/td>\n<td>\n<h1 style=\"text-align: center\"><img loading=\"lazy\" decoding=\"async\" src=\"http:\/\/blogs.magicjudges.org\/francais\/files\/2017\/02\/US.png\" alt=\"US\" width=\"100\" height=\"52\" \/><\/h1>\n<\/td>\n<td>\n<h1 style=\"text-align: center\"><strong>Version of :<\/strong><\/h1>\n<\/td>\n<td>\n<h1 style=\"text-align: center\"><img loading=\"lazy\" decoding=\"async\" src=\"http:\/\/blogs.magicjudges.org\/francais\/files\/2017\/02\/France.png\" alt=\"France\" width=\"100\" height=\"52\" \/><\/h1>\n<\/td>\n<td>\n<h1 style=\"text-align: center\"><strong>Version du :<\/strong><\/h1>\n<\/td>\n<\/tr>\n<tr>\n<td style=\"text-align: center\"><strong>Guilds of Ravnica<\/strong><br \/>\n(Les Guildes de Ravnica)<\/td>\n<td style=\"text-align: center\"><a href=\"https:\/\/wpn.wizards.com\/sites\/wpn\/files\/attachements\/670_z5106_001_en_lr.pdf\">PDF<\/a><\/td>\n<td style=\"text-align: center\">September, 21st 2018<\/td>\n<td style=\"text-align: center\"><a href=\"https:\/\/wpn.wizards.com\/sites\/wpn\/files\/attachements\/670_z5099_001_fr_lr.pdf\">PDF<\/a><\/td>\n<td style=\"text-align: center\">21 Septembre 2018<\/td>\n<\/tr>\n<tr>\n<td style=\"text-align: center\"><strong>M19<\/strong><\/td>\n<td style=\"text-align: center\"><a href=\"https:\/\/wpn.wizards.com\/sites\/wpn\/files\/attachements\/mtgm19_dcl_en.pdf\">PDF<\/a><\/td>\n<td style=\"text-align: center\">June, 22nd 2018<\/td>\n<td style=\"text-align: center\"><a href=\"https:\/\/wpn.wizards.com\/sites\/wpn\/files\/attachements\/mtgm19_dcl_fr.pdf\">PDF<\/a><\/td>\n<td style=\"text-align: center\">22 Juin 2018<\/td>\n<\/tr>\n<tr>\n<td style=\"text-align: center\"><strong>Dominaria<\/strong><br \/>\n(Dominaria)<\/td>\n<td style=\"text-align: center\"><a href=\"https:\/\/wpn.wizards.com\/sites\/wpn\/files\/attachements\/en_dom_dckcklst.pdf\">PDF<\/a><\/td>\n<td style=\"text-align: center\">April, 17th 2018<\/td>\n<td style=\"text-align: center\"><a href=\"https:\/\/wpn.wizards.com\/sites\/wpn\/files\/attachements\/fr_dom_dckcklst.pdf\">PDF<\/a><\/td>\n<td style=\"text-align: center\">17 Avril 2018<\/td>\n<\/tr>\n<\/tbody>\n<\/table>\n<p>&nbsp;<\/p>\n<p style=\"text-align: justify\">Vous avez besoin d\u2019une autre ressource ? Ou vous avez une question ou une remarque \u00e0 nous faire part ? Contactez le webmestre via le <a href=\"https:\/\/blogs.magicjudges.org\/francais\/contact\/\">formulaire de contact <\/a>!<\/p>\n","protected":false},"excerpt":{"rendered":"<p>Bienvenue sur les ressources pour le Tournament Organiser. Cette page fait le point sur l\u2019ensemble des documents utiles \u00e0 communiquer aux organisateurs de tournois. N\u2019h\u00e9sitez pas \u00e9galement \u00e0 consulter les ressources pour l\u2019arbitre ainsi que celles pour le scorekeeper. Maintenant que vous avez cela \u00e0 l\u2019esprit, commen\u00e7ons par le plus important : le Wizards Play [&hellip;]<\/p>\n","protected":false},"author":176,"featured_media":0,"parent":0,"menu_order":0,"comment_status":"closed","ping_status":"closed","template":"page_full-width.php","meta":{"footnotes":"","_links_to":"","_links_to_target":""},"language":[],"class_list":["post-2705","page","type-page","status-publish","hentry"],"_links":{"self":[{"href":"https:\/\/blogs.magicjudges.org\/francais\/wp-json\/wp\/v2\/pages\/2705","targetHints":{"allow":["GET"]}}],"collection":[{"href":"https:\/\/blogs.magicjudges.org\/francais\/wp-json\/wp\/v2\/pages"}],"about":[{"href":"https:\/\/blogs.magicjudges.org\/francais\/wp-json\/wp\/v2\/types\/page"}],"author":[{"embeddable":true,"href":"https:\/\/blogs.magicjudges.org\/francais\/wp-json\/wp\/v2\/users\/176"}],"replies":[{"embeddable":true,"href":"https:\/\/blogs.magicjudges.org\/francais\/wp-json\/wp\/v2\/comments?post=2705"}],"version-history":[{"count":18,"href":"https:\/\/blogs.magicjudges.org\/francais\/wp-json\/wp\/v2\/pages\/2705\/revisions"}],"predecessor-version":[{"id":3693,"href":"https:\/\/blogs.magicjudges.org\/francais\/wp-json\/wp\/v2\/pages\/2705\/revisions\/3693"}],"wp:attachment":[{"href":"https:\/\/blogs.magicjudges.org\/francais\/wp-json\/wp\/v2\/media?parent=2705"}],"wp:term":[{"taxonomy":"language","embeddable":true,"href":"https:\/\/blogs.magicjudges.org\/francais\/wp-json\/wp\/v2\/language?post=2705"}],"curies":[{"name":"wp","href":"https:\/\/api.w.org\/{rel}","templated":true}]}}