{"id":2707,"date":"2017-02-05T17:55:51","date_gmt":"2017-02-05T15:55:51","guid":{"rendered":"http:\/\/blogs.magicjudges.org\/francais\/?page_id=2707"},"modified":"2017-05-06T08:54:43","modified_gmt":"2017-05-06T07:54:43","slug":"calendrier-et-agenda","status":"publish","type":"page","link":"https:\/\/blogs.magicjudges.org\/francais\/calendrier-et-agenda\/","title":{"rendered":"Agenda"},"content":{"rendered":"<p style=\"text-align: justify\">Bienvenue sur l&rsquo;agenda du blog des arbitres Francophones. Vous pourrez y trouver les principaux tournois et \u00e9v\u00e9nements li\u00e9s \u00e0 l&rsquo;arbitrage qui ont lieu en France. Pour afficher ou rendre invisible un agenda, cliquez sur la fl\u00e8che bleue \u00e0 c\u00f4t\u00e9 de \u00ab Planning \u00bb et s\u00e9lectionnez ou d\u00e9s\u00e9lectionnez ce que vous souhaitez.<\/p>\n<p style=\"text-align: justify\">Vous souhaitez candidater \u00e0 un tournoi ou participer \u00e0 une conf\u00e9rence ? Contactez le <a href=\"http:\/\/blogs.magicjudges.org\/francais\/contact\/\">capitaine<\/a> responsable de la r\u00e9gion concern\u00e9e ou cherchez l&rsquo;\u00e9v\u00e9nement sur <a href=\"http:\/\/apps.magicjudges.org\/accounts\/login\/\">Judge Apps<\/a> afin d&rsquo;y obtenir toutes les informations s&rsquo;y affairant !<\/p>\n<p><iframe width='1000' height='650' frameborder='0' scrolling='no' marginheight='0' marginwidth='0' src='https:\/\/www.google.com\/calendar\/embed?title=JudgeBlogFR&#038;height=600&#038;wkst=1&#038;bgcolor=%23FFFFFF&#038;src=fr.french%23holiday%40group.v.calendar.google.com&#038;color=%23125A12&#038;src=7ga0nf7rr0ooa4961m1nh40qrg%40group.calendar.google.com&#038;color=%235F6B02&#038;src=73qps3lns0l42notor8qla6pio%40group.calendar.google.com&#038;color=%238C500B&#038;src=r7imrfdoo0d7mu91313ep2frcs%40group.calendar.google.com&#038;color=%235F6B02&#038;src=d253jcmanrch2r1d75sigej7ck%40group.calendar.google.com&#038;color=%236B3304&#038;src=cuo2oqbgtk3b296jcv5a465ntk%40group.calendar.google.com&#038;color=%23333333&#038;src=d7co7kt4v9eo8tudhjgb5k3tn4%40group.calendar.google.com&#038;color=%23853104&#038;src=sbn2u98g0lmbdg6i8bgrnb568g%40group.calendar.google.com&#038;color=%23875509&#038;src=ooqa0btnqiqhotukr2boj6ipfs%40group.calendar.google.com&#038;color=%232952A3&#038;ctz=Europe%2FParis&#038;output=embed'><\/iframe><br \/><span class='cets-google-map-embed-new-window-link-wrap'><a target='_blank' href='https:\/\/www.google.com\/calendar\/embed?title=JudgeBlogFR&#038;height=600&#038;wkst=1&#038;bgcolor=%23FFFFFF&#038;src=fr.french%23holiday%40group.v.calendar.google.com&#038;color=%23125A12&#038;src=7ga0nf7rr0ooa4961m1nh40qrg%40group.calendar.google.com&#038;color=%235F6B02&#038;src=73qps3lns0l42notor8qla6pio%40group.calendar.google.com&#038;color=%238C500B&#038;src=r7imrfdoo0d7mu91313ep2frcs%40group.calendar.google.com&#038;color=%235F6B02&#038;src=d253jcmanrch2r1d75sigej7ck%40group.calendar.google.com&#038;color=%236B3304&#038;src=cuo2oqbgtk3b296jcv5a465ntk%40group.calendar.google.com&#038;color=%23333333&#038;src=d7co7kt4v9eo8tudhjgb5k3tn4%40group.calendar.google.com&#038;color=%23853104&#038;src=sbn2u98g0lmbdg6i8bgrnb568g%40group.calendar.google.com&#038;color=%23875509&#038;src=ooqa0btnqiqhotukr2boj6ipfs%40group.calendar.google.com&#038;color=%232952A3&#038;ctz=Europe%2FParis'>View Larger Map<\/a><\/span><\/p>\n<p>Si un tournoi ou un \u00e9v\u00e8nement n&rsquo;appara\u00eet pas dans cet agenda, n&rsquo;h\u00e9sitez pas \u00e0 le sugg\u00e9rer \u00e0 notre <a href=\"http:\/\/blogs.magicjudges.org\/francais\/contact\/\">ami Webmestre<\/a> qui se fera un devoir de l&rsquo;ajouter !<\/p>\n","protected":false},"excerpt":{"rendered":"<p>Bienvenue sur l&rsquo;agenda du blog des arbitres Francophones. Vous pourrez y trouver les principaux tournois et \u00e9v\u00e9nements li\u00e9s \u00e0 l&rsquo;arbitrage qui ont lieu en France. Pour afficher ou rendre invisible un agenda, cliquez sur la fl\u00e8che bleue \u00e0 c\u00f4t\u00e9 de \u00ab Planning \u00bb et s\u00e9lectionnez ou d\u00e9s\u00e9lectionnez ce que vous souhaitez. Vous souhaitez candidater \u00e0 [&hellip;]<\/p>\n","protected":false},"author":176,"featured_media":0,"parent":0,"menu_order":0,"comment_status":"closed","ping_status":"closed","template":"page_full-width.php","meta":{"footnotes":"","_links_to":"","_links_to_target":""},"language":[],"class_list":["post-2707","page","type-page","status-publish","hentry"],"_links":{"self":[{"href":"https:\/\/blogs.magicjudges.org\/francais\/wp-json\/wp\/v2\/pages\/2707","targetHints":{"allow":["GET"]}}],"collection":[{"href":"https:\/\/blogs.magicjudges.org\/francais\/wp-json\/wp\/v2\/pages"}],"about":[{"href":"https:\/\/blogs.magicjudges.org\/francais\/wp-json\/wp\/v2\/types\/page"}],"author":[{"embeddable":true,"href":"https:\/\/blogs.magicjudges.org\/francais\/wp-json\/wp\/v2\/users\/176"}],"replies":[{"embeddable":true,"href":"https:\/\/blogs.magicjudges.org\/francais\/wp-json\/wp\/v2\/comments?post=2707"}],"version-history":[{"count":20,"href":"https:\/\/blogs.magicjudges.org\/francais\/wp-json\/wp\/v2\/pages\/2707\/revisions"}],"predecessor-version":[{"id":3251,"href":"https:\/\/blogs.magicjudges.org\/francais\/wp-json\/wp\/v2\/pages\/2707\/revisions\/3251"}],"wp:attachment":[{"href":"https:\/\/blogs.magicjudges.org\/francais\/wp-json\/wp\/v2\/media?parent=2707"}],"wp:term":[{"taxonomy":"language","embeddable":true,"href":"https:\/\/blogs.magicjudges.org\/francais\/wp-json\/wp\/v2\/language?post=2707"}],"curies":[{"name":"wp","href":"https:\/\/api.w.org\/{rel}","templated":true}]}}