{"id":2735,"date":"2017-02-05T19:11:33","date_gmt":"2017-02-05T18:11:33","guid":{"rendered":"http:\/\/blogs.magicjudges.org\/francais\/?page_id=2735"},"modified":"2018-03-29T12:51:14","modified_gmt":"2018-03-29T11:51:14","slug":"evoluer-et-progresser","status":"publish","type":"page","link":"https:\/\/blogs.magicjudges.org\/francais\/evoluer-et-progresser\/","title":{"rendered":"\u00c9voluer et Progresser"},"content":{"rendered":"<p><img loading=\"lazy\" decoding=\"async\" class=\"alignnone size-full wp-image-3259\" src=\"http:\/\/blogs.magicjudges.org\/francais\/files\/2017\/02\/Travaux.png\" alt=\"\" width=\"800\" height=\"80\" srcset=\"https:\/\/blogs.magicjudges.org\/francais\/files\/2017\/02\/Travaux.png 1000w, https:\/\/blogs.magicjudges.org\/francais\/files\/2017\/02\/Travaux-300x30.png 300w, https:\/\/blogs.magicjudges.org\/francais\/files\/2017\/02\/Travaux-768x77.png 768w, https:\/\/blogs.magicjudges.org\/francais\/files\/2017\/02\/Travaux-125x13.png 125w\" sizes=\"auto, (max-width: 800px) 100vw, 800px\" \/><\/p>\n<h2><u>Les autres moyens de se maintenir \u00e0 la page :<\/u><\/h2>\n<p><img loading=\"lazy\" decoding=\"async\" class=\"alignright\" src=\"http:\/\/gatherer.wizards.com\/Handlers\/Image.ashx?multiverseid=4497&amp;type=card\" width=\"223\" height=\"310\" \/><\/p>\n<p style=\"text-align: justify\">La quintessence de ces documents est regroup\u00e9 dans le <a href=\"https:\/\/drive.google.com\/file\/d\/0Bzud-zWlJip1R08xMHBGT1ZMWms\/view\">booklet des arbitres<\/a>, \u00e0 emporter partout avec vous. Pour aller plus loin dans la compr\u00e9hension des documents, consultez les versions annot\u00e9es de l&rsquo;<a href=\"https:\/\/blogs.magicjudges.org\/rules\/ipg-fr\/\">IPG<\/a> et des <a href=\"https:\/\/blogs.magicjudges.org\/rules\/magic-the-gathering-tournament-rules-fr\/\">MTR<\/a> ou testez-vous via les sc\u00e9narios du <a href=\"https:\/\/blogs.magicjudges.org\/knowledgepool\/?lang=fr\">Knowledge Pool<\/a> ! Mais ce n&rsquo;est pas tout ! D&rsquo;autres ressources ludiques existent, dont voici un extrait :<\/p>\n<ul>\n<li style=\"text-align: justify\">\u00c0 l&rsquo;initiative de la communaut\u00e9 arbitrale italienne, vous pouvez consulter le <a href=\"http:\/\/test.italianmagicjudges.net\/wiki\/index.php?title=FR:Welcome\">Judge Candidate Textbook<\/a> pour comprendre et assimiler les r\u00e8gles fondamentales du jeu.<\/li>\n<li style=\"text-align: justify\">Chaque semaine, l&rsquo;\u00e9quipe de <a href=\"http:\/\/www.cranialinsertion.com\/\">Cranial Insertion<\/a> traite avec humour de nombreuses questions pos\u00e9es par des lecteurs.<\/li>\n<li style=\"text-align: justify\">Testez-vous ou testez des candidats ou joueurs au moyen du <a href=\"http:\/\/booth.magicjudges.org\/\">Judge Booth<\/a> ! R\u00e9glez vos pr\u00e9f\u00e9rences comme la langue, la difficult\u00e9 ou les sets de cartes concern\u00e9es et lancez-vous !<\/li>\n<li style=\"text-align: justify\">Vous pr\u00e9f\u00e9rez le son et l&rsquo;image ? Qu&rsquo;\u00e0 cela ne tienne ! Vous pouvez \u00e9couter <a href=\"http:\/\/rulemapoule.universpodcast.com\/\">Rule ma Poule<\/a>, le pendant francophone de <a href=\"http:\/\/judgecast.com\/\">Judge Cast<\/a> ou regarder les vid\u00e9os <a href=\"https:\/\/www.youtube.com\/playlist?list=PLlZ39YIRgRrFf9nB18IB3jcr6O7w1EMAt\">Judge &amp; Vous<\/a>, le pendant francophone de <a href=\"https:\/\/www.youtube.com\/playlist?list=PLvxA59vwMksqKGn639LMf6nZ9xy4yw9jh\">Judge&rsquo;s Corner<\/a>.<\/li>\n<li style=\"text-align: justify\">Au niveau des forums, nous pouvons citer bien s\u00fbr <a href=\"http:\/\/apps.magicjudges.org\/accounts\/login\/\">Judge Apps<\/a>, les pages Facebook <a href=\"https:\/\/www.facebook.com\/MagicJudges\/?fref=ts\">Magic Judges<\/a> et l&rsquo;<a href=\"https:\/\/www.facebook.com\/groups\/1191969180942292\/\">Arbitrage Francophone<\/a> (r\u00e9serv\u00e9 aux certifi\u00e9s de la communaut\u00e9 francophone).<\/li>\n<\/ul>\n<h2>Ressources interactives sur Facebook<\/h2>\n<p>\u00e0 venir.<\/p>\n<h2><u>Postuler \u00e0 un tournoi :<\/u><\/h2>\n<p>Pour r\u00e9diger une candidature, lisez donc <a href=\"http:\/\/blogs.magicjudges.org\/articles\/2014\/09\/03\/rediger-une-lettre-de-candidature-efficace\/\">cet article<\/a><\/p>\n<h2><u>Judge Class:<\/u><\/h2>\n<p>\u00e0 venir<\/p>\n<h2><u>Aide \u00e0 vos s\u00e9minaires :<\/u><\/h2>\n<p>\u00e0 venir<\/p>\n","protected":false},"excerpt":{"rendered":"<p>Les autres moyens de se maintenir \u00e0 la page : La quintessence de ces documents est regroup\u00e9 dans le booklet des arbitres, \u00e0 emporter partout avec vous. Pour aller plus loin dans la compr\u00e9hension des documents, consultez les versions annot\u00e9es de l&rsquo;IPG et des MTR ou testez-vous via les sc\u00e9narios du Knowledge Pool ! Mais [&hellip;]<\/p>\n","protected":false},"author":176,"featured_media":0,"parent":0,"menu_order":0,"comment_status":"closed","ping_status":"closed","template":"","meta":{"footnotes":"","_links_to":"","_links_to_target":""},"language":[],"class_list":["post-2735","page","type-page","status-publish","hentry"],"_links":{"self":[{"href":"https:\/\/blogs.magicjudges.org\/francais\/wp-json\/wp\/v2\/pages\/2735","targetHints":{"allow":["GET"]}}],"collection":[{"href":"https:\/\/blogs.magicjudges.org\/francais\/wp-json\/wp\/v2\/pages"}],"about":[{"href":"https:\/\/blogs.magicjudges.org\/francais\/wp-json\/wp\/v2\/types\/page"}],"author":[{"embeddable":true,"href":"https:\/\/blogs.magicjudges.org\/francais\/wp-json\/wp\/v2\/users\/176"}],"replies":[{"embeddable":true,"href":"https:\/\/blogs.magicjudges.org\/francais\/wp-json\/wp\/v2\/comments?post=2735"}],"version-history":[{"count":8,"href":"https:\/\/blogs.magicjudges.org\/francais\/wp-json\/wp\/v2\/pages\/2735\/revisions"}],"predecessor-version":[{"id":3652,"href":"https:\/\/blogs.magicjudges.org\/francais\/wp-json\/wp\/v2\/pages\/2735\/revisions\/3652"}],"wp:attachment":[{"href":"https:\/\/blogs.magicjudges.org\/francais\/wp-json\/wp\/v2\/media?parent=2735"}],"wp:term":[{"taxonomy":"language","embeddable":true,"href":"https:\/\/blogs.magicjudges.org\/francais\/wp-json\/wp\/v2\/language?post=2735"}],"curies":[{"name":"wp","href":"https:\/\/api.w.org\/{rel}","templated":true}]}}