{"id":66,"date":"2018-01-25T20:28:17","date_gmt":"2018-01-25T20:28:17","guid":{"rendered":"http:\/\/blogs.magicjudges.org\/iberia-es\/?page_id=66"},"modified":"2018-02-02T10:55:40","modified_gmt":"2018-02-02T10:55:40","slug":"hazte-juez","status":"publish","type":"page","link":"https:\/\/blogs.magicjudges.org\/iberia-es\/hazte-juez\/","title":{"rendered":"\u00a1\u00danete a la comunidad de jueces!"},"content":{"rendered":"<p><a href=\"http:\/\/blogs.magicjudges.org\/iberia-es\/files\/2018\/01\/jace.jpg\"><img loading=\"lazy\" decoding=\"async\" class=\"size-full wp-image-24 alignright\" src=\"http:\/\/blogs.magicjudges.org\/iberia-es\/files\/2018\/01\/jace.jpg\" alt=\"\" width=\"218\" height=\"327\" srcset=\"https:\/\/blogs.magicjudges.org\/iberia-es\/files\/2018\/01\/jace.jpg 218w, https:\/\/blogs.magicjudges.org\/iberia-es\/files\/2018\/01\/jace-200x300.jpg 200w, https:\/\/blogs.magicjudges.org\/iberia-es\/files\/2018\/01\/jace-83x125.jpg 83w\" sizes=\"auto, (max-width: 218px) 100vw, 218px\" \/><\/a><\/p>\n<p><span style=\"font-weight: 400\">\u00bfAlguna vez has pensado en hacerte juez? \u00bfHas visto a alg\u00fan juez trabajando en un torneo y crees que es algo que te gustar\u00eda hacer? \u00bfTe gustar\u00eda ayudar a la comunidad de MTG y piensas que \u00e9sta es la manera? Pues aqu\u00ed estamos para ayudarte. <\/span><\/p>\n<p><span style=\"font-weight: 400\">Lo primero es decirnos que quieres ser juez, para ello escribe un correo a <\/span><a href=\"mailto:certificacion@juecesmagic.com\"><span style=\"font-weight: 400\">certificacion@juecesmagic.com<\/span><\/a><span style=\"font-weight: 400\">. En este correo nos cuentas un poco quien eres y porque quieres hacerte juez. \u00a0<\/span><\/p>\n<p><span style=\"font-weight: 400\">A partir de aqu\u00ed nos pondremos en contacto contigo \u00a0y te preguntaremos alguna cosa m\u00e1s. Despues se te asignar\u00e1 un mentor que te ayudar\u00e1 y acompa\u00f1ar\u00e1 en toda la carrera hacia tu meta, que no es ni m\u00e1s ni menos que certificarte como juez de nivel 1 de Magic.<\/span><\/p>\n","protected":false},"excerpt":{"rendered":"<p>\u00bfAlguna vez has pensado en hacerte juez? \u00bfHas visto a alg\u00fan juez trabajando en un torneo y crees que es algo que te gustar\u00eda hacer? \u00bfTe gustar\u00eda ayudar a la comunidad de MTG y piensas que \u00e9sta es la manera? Pues aqu\u00ed estamos para ayudarte. Lo primero es decirnos que quieres ser juez, para ello [&hellip;]<\/p>\n","protected":false},"author":278,"featured_media":0,"parent":0,"menu_order":0,"comment_status":"closed","ping_status":"closed","template":"","meta":{"footnotes":"","_links_to":"","_links_to_target":""},"language":[],"class_list":["post-66","page","type-page","status-publish","hentry"],"_links":{"self":[{"href":"https:\/\/blogs.magicjudges.org\/iberia-es\/wp-json\/wp\/v2\/pages\/66","targetHints":{"allow":["GET"]}}],"collection":[{"href":"https:\/\/blogs.magicjudges.org\/iberia-es\/wp-json\/wp\/v2\/pages"}],"about":[{"href":"https:\/\/blogs.magicjudges.org\/iberia-es\/wp-json\/wp\/v2\/types\/page"}],"author":[{"embeddable":true,"href":"https:\/\/blogs.magicjudges.org\/iberia-es\/wp-json\/wp\/v2\/users\/278"}],"replies":[{"embeddable":true,"href":"https:\/\/blogs.magicjudges.org\/iberia-es\/wp-json\/wp\/v2\/comments?post=66"}],"version-history":[{"count":3,"href":"https:\/\/blogs.magicjudges.org\/iberia-es\/wp-json\/wp\/v2\/pages\/66\/revisions"}],"predecessor-version":[{"id":123,"href":"https:\/\/blogs.magicjudges.org\/iberia-es\/wp-json\/wp\/v2\/pages\/66\/revisions\/123"}],"wp:attachment":[{"href":"https:\/\/blogs.magicjudges.org\/iberia-es\/wp-json\/wp\/v2\/media?parent=66"}],"wp:term":[{"taxonomy":"language","embeddable":true,"href":"https:\/\/blogs.magicjudges.org\/iberia-es\/wp-json\/wp\/v2\/language?post=66"}],"curies":[{"name":"wp","href":"https:\/\/api.w.org\/{rel}","templated":true}]}}