{"id":101,"date":"2016-08-10T14:01:59","date_gmt":"2016-08-10T14:01:59","guid":{"rendered":"http:\/\/blogs.magicjudges.org\/judgeclasses\/?page_id=101"},"modified":"2017-06-28T12:26:00","modified_gmt":"2017-06-28T12:26:00","slug":"class-6-review-es","status":"publish","type":"page","link":"https:\/\/blogs.magicjudges.org\/judgeclasses\/spanish\/class-6-review-es\/","title":{"rendered":"Clase 6 &#8211; Repaso"},"content":{"rendered":"<p style=\"text-align: right\"><em>\u00daltima actualizaci\u00f3n: 17 de junio de 2016<\/em><\/p>\n<p><strong>Acciones Basadas en estado (Secci\u00f3n 704 de las Reglas Completas)<\/strong><\/p>\n<p>Siempre que un jugador fuera a recibir prioridad, el juego verifica cualquiera de las condiciones enumeradas para acciones basadas en estado, y luego realiza todas las acciones basadas en estado aplicables simult\u00e1neamente como un \u00fanico evento.<\/p>\n<p>Las acciones basadas en estado son las siguientes:<\/p>\n<p>&#8211; Si un jugador tiene 0 o menos vidas, pierde el juego.<\/p>\n<p>&#8211; Si un jugador intenta robar una carta de una biblioteca sin cartas desde la \u00faltima vez que se verificaron las acciones basadas en estado, pierde el juego.<\/p>\n<p>&#8211; Si un jugador tiene diez o m\u00e1s contadores de veneno, pierde el juego.<\/p>\n<p>&#8211; Si una ficha cambia de fase, o est\u00e1 en otra zona que no sea el campo de batalla, deja de existir.<\/p>\n<p>&#8211;\u00a0 Si una copia de un hechizo est\u00e1 en otra zona que no sea la pila, deja de existir. Si una copia de una carta est\u00e1 en una zona que no sea la pila o el campo de batalla, deja de existir.<\/p>\n<p>&#8211; Si una criatura tiene resistencia 0 o menos, \u00e9sta es puesta en el cementerio. La regeneraci\u00f3n no puede reemplazar este evento.<\/p>\n<p>&#8211; Si una criatura tiene resistencia mayor a 0 y el da\u00f1o total marcado en ella es mayor o igual a su resistencia, esa criatura ha recibido da\u00f1o letal y es destruida. La regeneraci\u00f3n puede reemplazar este evento.<\/p>\n<p>&#8211; Si una criatura tiene resistencia mayor a 0 y ha recibido da\u00f1o de una fuente con toque mortal desde la \u00faltima vez que se verificaron las acciones basadas en estado, esa criatura es destruida. La regeneraci\u00f3n puede reemplazar este efecto.<\/p>\n<p>&#8211; Si un Planeswalker tiene un n\u00famero de contadores de lealtad igual o menor a 0, es puesto en el cementerio de su propietario.<\/p>\n<p>&#8211; Si un jugador controla dos o m\u00e1s planeswalker que comparten un tipo de planeswalker, ese jugador elige uno de ellos, y el resto es puesto en el cementerio de su propietario. A esto se llama \u201cla regla de unicidad de los planeswalker\u201d.<\/p>\n<p>&#8211; Si un jugador controla dos o m\u00e1s permanentes legendarios con el mismo nombre, ese jugador elige uno de ellos, y el resto es puesto en el cementerio de su propietario. A esto se le llama \u201cla regla de las leyendas\u201d.<\/p>\n<p>&#8211; Si dos o m\u00e1s permanentes tienen el supertipo mundo, todos excepto el que haya tenido el supertipo mundo por el menor tiempo son puestos en el cementerio de su propietario. En caso de empate por el menor tiempo, se ponen todos en el cementerio de su propietario. A esto se le llama \u201cla regla de mundo\u201d.<\/p>\n<p>&#8211; Si un aura est\u00e1 anexada a un objeto o jugador ilegal, o no est\u00e1 anexada a un objeto o jugador, esa aura es puesta en el cementerio de su propietario.<\/p>\n<p>&#8211; Si un equipo o fortificaci\u00f3n est\u00e1 anexado a un permanente ilegal, se desanexa de ese permanente. Permanece en el campo de batalla.<\/p>\n<p>&#8211; Si una criatura est\u00e1 anexada a un objeto o jugador, se desanexa y permanece en el campo de batalla. De igual manera, si un permanente que no es aura, equipo o fortificaci\u00f3n est\u00e1 anexado a un objeto o jugador, se desanexa y permanece en el campo de batalla.<\/p>\n<p>&#8211; Si un permanente tiene tanto un contador +1\/+1 as\u00ed como un contador -1\/-1 sobre \u00e9l, N +1\/+1 y N -1\/- 1 contadores son removidos de \u00e9l, donde N es el menor n\u00famero de +1\/+1 y -1\/-1 contadores sobre \u00e9l.<\/p>\n<p>&#8211; Si un permanente con una habilidad que dice que no puede tener m\u00e1s de N contadores de un cierto tipo en \u00e9l tiene m\u00e1s de N contadores de esa clase en \u00e9l, todos menos N de esos contadores son removidos de \u00e9l.<\/p>\n<p>&#8211; En un juego de Gigante de Dos Cabezas, si un equipo tiene 0 o menos de vida, ese equipo pierde el juego.<\/p>\n<p>&#8211; En un juego de Gigante de Dos Cabezas, si un equipo tiene 15 o m\u00e1s contadores de veneno, ese equipo pierde el juego.<\/p>\n<p>&#8211; En un juego de Commander, un jugador que haya recibido 21 o m\u00e1s de da\u00f1o de combate del mismo comandante a trav\u00e9s del curso del juego, pierde el juego.<\/p>\n<p>&#8211; En un juego de Archenemy, si una carta de plan no continuo est\u00e1 boca arriba en la zona de mando, y no es la fuente de una habilidad disparada que se ha disparado pero no ha dejado la pila a\u00fan, esa carta de plan se pone boca abajo y se coloca en el fondo del mazo de cartas de plan de su propietario.<\/p>\n<p>&#8211; En un juego de Planechase, si una carta de fen\u00f3meno est\u00e1 boca arriba en la zona de mando, y no es la fuente de la habilidad disparada que se dispar\u00f3 pero a\u00fan no dej\u00f3 la pila, el controlador planar camina por los planos.<\/p>\n","protected":false},"excerpt":{"rendered":"<p>\u00daltima actualizaci\u00f3n: 17 de junio de 2016 Acciones Basadas en estado (Secci\u00f3n 704 de las Reglas Completas) Siempre que un jugador fuera a recibir prioridad, el juego verifica cualquiera de las condiciones enumeradas para acciones basadas en estado, y luego realiza todas las acciones basadas en estado aplicables simult\u00e1neamente como un \u00fanico evento. Las acciones [&hellip;]<\/p>\n","protected":false},"author":28,"featured_media":0,"parent":188,"menu_order":0,"comment_status":"closed","ping_status":"closed","template":"","meta":{"footnotes":"","_links_to":"","_links_to_target":""},"language":[5],"class_list":["post-101","page","type-page","status-publish","hentry","language-es_es"],"_links":{"self":[{"href":"https:\/\/blogs.magicjudges.org\/judgeclasses\/wp-json\/wp\/v2\/pages\/101","targetHints":{"allow":["GET"]}}],"collection":[{"href":"https:\/\/blogs.magicjudges.org\/judgeclasses\/wp-json\/wp\/v2\/pages"}],"about":[{"href":"https:\/\/blogs.magicjudges.org\/judgeclasses\/wp-json\/wp\/v2\/types\/page"}],"author":[{"embeddable":true,"href":"https:\/\/blogs.magicjudges.org\/judgeclasses\/wp-json\/wp\/v2\/users\/28"}],"replies":[{"embeddable":true,"href":"https:\/\/blogs.magicjudges.org\/judgeclasses\/wp-json\/wp\/v2\/comments?post=101"}],"version-history":[{"count":1,"href":"https:\/\/blogs.magicjudges.org\/judgeclasses\/wp-json\/wp\/v2\/pages\/101\/revisions"}],"predecessor-version":[{"id":102,"href":"https:\/\/blogs.magicjudges.org\/judgeclasses\/wp-json\/wp\/v2\/pages\/101\/revisions\/102"}],"up":[{"embeddable":true,"href":"https:\/\/blogs.magicjudges.org\/judgeclasses\/wp-json\/wp\/v2\/pages\/188"}],"wp:attachment":[{"href":"https:\/\/blogs.magicjudges.org\/judgeclasses\/wp-json\/wp\/v2\/media?parent=101"}],"wp:term":[{"taxonomy":"language","embeddable":true,"href":"https:\/\/blogs.magicjudges.org\/judgeclasses\/wp-json\/wp\/v2\/language?post=101"}],"curies":[{"name":"wp","href":"https:\/\/api.w.org\/{rel}","templated":true}]}}