{"id":105,"date":"2016-08-10T14:06:09","date_gmt":"2016-08-10T14:06:09","guid":{"rendered":"http:\/\/blogs.magicjudges.org\/judgeclasses\/?page_id=105"},"modified":"2017-06-28T12:26:58","modified_gmt":"2017-06-28T12:26:58","slug":"class-7-questions-es","status":"publish","type":"page","link":"https:\/\/blogs.magicjudges.org\/judgeclasses\/spanish\/class-7-questions-es\/","title":{"rendered":"Clase 7 &#8211; Preguntas"},"content":{"rendered":"<p style=\"text-align: right\"><em>\u00daltima actualizaci\u00f3n: 17 de junio de 2016<\/em><\/p>\n<ol>\n<li>\u00bfQu\u00e9 es una habilidad disparada? \u00bfC\u00f3mo la reconoces?<\/li>\n<li>\u00bfCu\u00e1ndo se disparan las habilidades disparadas? \u00bfCu\u00e1ndo se ponen en la pila?<\/li>\n<li>\u00bfQu\u00e9 es una habilidad disparada de estado?<\/li>\n<li>\u00bfQu\u00e9 es una habilidad disparada de \u201ccambio de zona\u201d? \u00bfY una de \u201cdejar el campo de batalla\u201d? \u00bfY una de \u201centrar en el campo de batalla\u201d? \u00bfDesde d\u00f3nde se dispara cada una?<\/li>\n<li>Alfredo tiene un Alcalde de Avabruck en mesa y Norberto tiene un Maestro de caza de las colinas, ninguno transformado. En su turno anterior, Norberto no lanz\u00f3 ning\u00fan hechizo y en el mantenimiento de Alfredo se disparan las dos habilidades. \u00bfQu\u00e9 suceder\u00e1?<\/li>\n<li>Norman tiene en mesa una Elesh Norn, Gran Cenobita, y August lanza una Testigo Eterna. \u00bfPuede devolverse con la habilidad disparada la misma Testigo?<\/li>\n<li>Mi oponente tira un Emrakul al cementerio, \u00bfpuedo evitar que lo baraje junto a su cementerio con mi Cham\u00e1n rito mortal? \u00bfY si lo que muere es un Coloso de acero corrupto?<\/li>\n<li>Tengo 4 monta\u00f1as y un Valakut, el pin\u00e1culo fundido, en la mesa. Con un Tit\u00e1n primigenio pongo dos monta\u00f1as m\u00e1s en mesa. \u00bfSe disparar\u00e1 la habilidad de Valakut? Si se dispara, \u00bfqu\u00e9 pasar\u00eda si en respuesta destruyo una monta\u00f1a de las que acaba de entrar? \u00bfY una de las que estaban ya en mesa?<\/li>\n<li>Tengo un Rapaz aleta cortanubes con un contador +1\/+1 sobre \u00e9l y lanzo unos Osos Pardos. En respuesta al Evolucionar, lanzo un Herida virulenta a los Osos Pardos. \u00bfQu\u00e9 pasar\u00e1 cuando se resuelva el Evolucionar del Rapaz?<\/li>\n<li>Tengo el mismo Rapaz con dos contadores y lanzo un Vanguardia de \u00e9lite teniendo un Honor de los Puros en campo. \u00bfQu\u00e9 pasar\u00e1 con el evolucionar?<\/li>\n<li>Alfonso tiene en mesa solamente un Oso fantasmal y lanza un \u00c1ngel de la restituci\u00f3n. \u00bfQu\u00e9 suceder\u00e1, paso a paso?<\/li>\n<li>\u00bfCu\u00e1ndo se dispara la primera habilidad del Tit\u00e1n primigenio de buscar tierras?<\/li>\n<li>Tengo un Artista de la sangre y una Arist\u00f3crata Kalastria. Los dos mueren debido a una Detonaci\u00f3n \u00edgnea. \u00bfSe dispara alguna habilidad? \u00bfPor qu\u00e9?<\/li>\n<li>\u00bfCu\u00e1ndo se dispara la habilidad de una Aguja medular?<\/li>\n<li>Armando tiene un Carcelero yixlid y lanza un Kozilek, asesino de la verdad; Nerea lanza un Deshacer para contrarrestarlo. \u00bfQu\u00e9 pasar\u00e1 con el Kozilek?<\/li>\n<li>Ant\u00f3n lanza un Clon copiando la Testigo Eterna de su oponente. No tiene ninguna carta en el cementerio. \u00bfSe dispara la habilidad de la Testigo? \u00bfQu\u00e9 pasa con ella?<\/li>\n<li>Tengo una criatura que dice: Cuando no controles otras criaturas, sacrif\u00edcala. Tengo adem\u00e1s tres 1\/1 que mueren a manos de una Detonaci\u00f3n \u00edgnea de mi oponente. \u00bfPuedo salvar a mi criatura con un Reprimir?<\/li>\n<li>Si una habilidad disparada tiene una cl\u00e1usula de \u201cs\u00ed interviniente\u201d \u00bfcu\u00e1ndo se verifican las condiciones de disparo? Las condiciones de disparo de las habilidades opcionales tipo \u201cpuedes\u201d, \u00bfse disparan siempre?<\/li>\n<li>Adam lanza Sharuum la Hegem\u00f3n y elige regresar un Acero Esculpido con la habilidad de entrar al campo de batalla de Sharuum. Si Adam no tiene otros artefactos en su cementerio, \u00bfCu\u00e1les son los objetivos legales para la habilidad de entrar al campo de batalla del Acero Esculpido (convertido ahora en una Sharuum)?<\/li>\n<li>Arnold est\u00e1 en 40 de vida y controla un Felidar Soberano. Durante el mantenimiento de Arnold, luego de que el disparo haya ido a la pila, Nicodemus lanza un Choque, haciendo objetivo a Arnold; este en respuesta lanza un B\u00e1lsamo de curaci\u00f3n, eligiendo ganar 3 vidas. \u00bfQu\u00e9 sucede despu\u00e9s de que el Choque se resuelva?<\/li>\n<li>Anson controla un Deslizamiento Astral y cicla una Estepa aislada, eligiendo exiliar los Osos pardos de Nick. Tras resolverse, Nick lanza un Borrar al Deslizamiento Astral. \u00bfQu\u00e9 sucede durante el paso de fin de turno?<\/li>\n<\/ol>\n","protected":false},"excerpt":{"rendered":"<p>\u00daltima actualizaci\u00f3n: 17 de junio de 2016 \u00bfQu\u00e9 es una habilidad disparada? \u00bfC\u00f3mo la reconoces? \u00bfCu\u00e1ndo se disparan las habilidades disparadas? \u00bfCu\u00e1ndo se ponen en la pila? \u00bfQu\u00e9 es una habilidad disparada de estado? \u00bfQu\u00e9 es una habilidad disparada de \u201ccambio de zona\u201d? \u00bfY una de \u201cdejar el campo de batalla\u201d? \u00bfY una de \u201centrar [&hellip;]<\/p>\n","protected":false},"author":28,"featured_media":0,"parent":188,"menu_order":0,"comment_status":"closed","ping_status":"closed","template":"","meta":{"footnotes":"","_links_to":"","_links_to_target":""},"language":[5],"class_list":["post-105","page","type-page","status-publish","hentry","language-es_es"],"_links":{"self":[{"href":"https:\/\/blogs.magicjudges.org\/judgeclasses\/wp-json\/wp\/v2\/pages\/105","targetHints":{"allow":["GET"]}}],"collection":[{"href":"https:\/\/blogs.magicjudges.org\/judgeclasses\/wp-json\/wp\/v2\/pages"}],"about":[{"href":"https:\/\/blogs.magicjudges.org\/judgeclasses\/wp-json\/wp\/v2\/types\/page"}],"author":[{"embeddable":true,"href":"https:\/\/blogs.magicjudges.org\/judgeclasses\/wp-json\/wp\/v2\/users\/28"}],"replies":[{"embeddable":true,"href":"https:\/\/blogs.magicjudges.org\/judgeclasses\/wp-json\/wp\/v2\/comments?post=105"}],"version-history":[{"count":1,"href":"https:\/\/blogs.magicjudges.org\/judgeclasses\/wp-json\/wp\/v2\/pages\/105\/revisions"}],"predecessor-version":[{"id":106,"href":"https:\/\/blogs.magicjudges.org\/judgeclasses\/wp-json\/wp\/v2\/pages\/105\/revisions\/106"}],"up":[{"embeddable":true,"href":"https:\/\/blogs.magicjudges.org\/judgeclasses\/wp-json\/wp\/v2\/pages\/188"}],"wp:attachment":[{"href":"https:\/\/blogs.magicjudges.org\/judgeclasses\/wp-json\/wp\/v2\/media?parent=105"}],"wp:term":[{"taxonomy":"language","embeddable":true,"href":"https:\/\/blogs.magicjudges.org\/judgeclasses\/wp-json\/wp\/v2\/language?post=105"}],"curies":[{"name":"wp","href":"https:\/\/api.w.org\/{rel}","templated":true}]}}