{"id":114,"date":"2016-08-10T14:12:38","date_gmt":"2016-08-10T14:12:38","guid":{"rendered":"http:\/\/blogs.magicjudges.org\/judgeclasses\/?page_id=114"},"modified":"2017-06-28T12:27:13","modified_gmt":"2017-06-28T12:27:13","slug":"class-8-questions-es","status":"publish","type":"page","link":"https:\/\/blogs.magicjudges.org\/judgeclasses\/spanish\/class-8-questions-es\/","title":{"rendered":"Clase 8 &#8211; Preguntas"},"content":{"rendered":"<p style=\"text-align: right\"><em>\u00daltima actualizaci\u00f3n: 17 de junio de 2016<\/em><\/p>\n<ol>\n<li>Antoine controla una Triniesfera enderezada y lanza un Portero de Malakir con est\u00edmulo. \u00bfCu\u00e1nto debe pagar Antoine para lanzar el Portero?<\/li>\n<li>Nancy controla un Doblegavoluntades boca abajo, cuando Agnes lanza Choque s\u00fabito, haciendo objetivo al Doblegavoluntades. \u00bfPuede Nancy volver el Doblegavoluntades boca arriba? De poder hacerlo, \u00bfpuede cambiar el objetivo del Choque s\u00fabito tambi\u00e9n?<\/li>\n<li>Alejandro controla un Polukranos, el devoramundos, y activa su habilidad pagando 4G por ella. Una vez que se resuelve, se dispara su otra habilidad y Alejandro elige hacer un punto de da\u00f1o a cada una de las dos fichas de trasgo rojo 1\/1 que Noemi controla. \u00bfCu\u00e1nto da\u00f1o recibir\u00e1 cada una si en respuesta a que se dispare la habilidad, Noemi lanzase sobre la hidra un Cuchilla fatal? Y si en respuesta a la habilidad disparada, sacrificase uno de los trasgos, \u00bfcu\u00e1nto recibir\u00eda el otro?<\/li>\n<li>Anson y Arthur est\u00e1n en un equipo de gigante de dos cabezas. Anson controla una Jerarca noble y Arthur ataca con un Buscador de gloria, la \u00fanica criatura atacante del combate. \u00bfCu\u00e1nto da\u00f1o har\u00e1 el Buscador de gloria?<\/li>\n<li>Adam lanza una Garganta chillona usando su coste de evocar. Cuando entra al campo de batalla, con las habilidades disparadas en la pila, Nadine lanza un Dominar haciendo objetivo a la Garganta chillona. \u00bfQu\u00e9 pasa cuando resuelven las habilidades disparadas?<\/li>\n<li>Alexander tiene 4 bosques y 1 Cantor salvaje. \u00bfCu\u00e1l es el valor m\u00e1ximo para X si Alexander lanza un Acorde de llamada?<\/li>\n<li>Adam lanza Pecados del pasado haciendo objetivo a un Los susurros de la musa. \u00bfPuede Adam pagar el coste de recuperar de Los susurros de la musa? Si puede, \u00bfcu\u00e1nto debe pagar, y qu\u00e9 pasar\u00e1 al resolverse?<\/li>\n<li>Ana tiene en campo de batalla una Fuente consagrada, un Terreno aplastador, un Pantano, y unas Costas desconocidas. Habiendo una Triniesfera en juego, \u00bfpodr\u00e1 lanzar unos Explosivos dise\u00f1ados de modo que entren con un contador en el campo de batalla?<\/li>\n<li>\u00bfPuede Azucena activar la habilidad de Ciclar de un Estepa aislada en su cementerio?<\/li>\n<li>Natalia controla una Iona, escudo de Emeria nombrando rojo. \u00bfPuedo lanzar un Akroma, \u00c1ngel de Furia por su coste de metamorfosis? \u00bfY lanzarla de forma normal?<\/li>\n<li>\u00c1gata utiliza la habilidad de Desenterrar de un Anatemante que tiene en su cementerio, y luego lanza un \u00c1ngel de la restituci\u00f3n, haciendo objetivo con su habilidad al Anatemante. \u00bfQu\u00e9 suceder\u00e1 a continuaci\u00f3n?<\/li>\n<li>En tu primera fase principal lanzas un Traer a la luz pagando 3 man\u00e1s blancos, uno verde y uno azul. En su resoluci\u00f3n, buscas una Fisura circular, la exilias, barajas tu biblioteca y la lanzas. \u00bfPodr\u00edas hacerlo por su coste de Despertar?<\/li>\n<li>En una de tus fases principales lanzas un Abad de la fortaleza Keral. Cuando su habilidad disparada se resuelve, la carta que exilias es un Berserker del rel\u00e1mpago. \u00bfPodr\u00edas lanzarla por su coste de Rapidez?<\/li>\n<li>Tienes en el campo de batalla unas Fumarolas reptantes, a la que previamente has hecho objetivo con la habilidad de Despertar de una Sublevaci\u00f3n de Ondu. \u00bfCu\u00e1les son sus caracter\u00edsticas? N\u00f3mbralas, tanto sin haber activado su segunda habilidad como tras haberla activado.<\/li>\n<li>Controlas dos Batidor dientes de sable. En el paso de declarar atacantes, confirmas que vas a atacar con ambas criaturas, por lo que la habilidad de cada uno de ellos se dispara y se ponen en pila. En respuesta a las habilidades disparadas, tu oponente mata a uno de tus Batidor con un Golpe a la garganta. \u00bfQu\u00e9 ocurrir\u00e1 en la resoluci\u00f3n de las habilidades disparadas que a\u00fan est\u00e1n en la pila?<\/li>\n<li>Controlas un Cham\u00e1n de las tradiciones olvidadas, un Honor de los puros y 3 fichas de criatura Esp\u00edritu blancas con Volar. Tu oponente controla 2 Aberraci\u00f3n insectoide. En tu primera fase principal activas la habilidad formidable de tu Cham\u00e1n. En respuesta, tu oponente lanza una Grieta cicl\u00f3nica, pagando su coste de Sobrecarga, la cual se resuelve. \u00bfQu\u00e9 ocurre cuando se resuelve la habilidad de tu Cham\u00e1n?<\/li>\n<li>Controlas una Narset trascendente y un Jace, tel\u00e9pata desenfrenado. Activas la habilidad de coste -2 de Narset para darle Rebote a tu siguiente instant\u00e1neo o conjuro. Cuando se resuelve, activas la habilidad de coste -3 de Jace, haciendo objetivo a un Arrojar al viento que tienes en tu cementerio. \u00bfObtendr\u00e1 Rebote? \u00bfLo podr\u00edas lanzar por su coste de Despertar?<\/li>\n<li>Controlas unos Despreciables de cocina y unas Aves del para\u00edso. Lanzas una Ventaja abzana haciendo objetivo a tu oponente y declarando que vas a Fortalecer a tus Aves del para\u00edso. En respuesta, tu oponente activa la habilidad de su Cham\u00e1n de Anaba haciendo objetivo a tus Aves del para\u00edso, haci\u00e9ndole da\u00f1o letal. \u00bfPuedes usar el Fortalecer en tus Despreciables de cocina?<\/li>\n<li>Lanzas un Elfo trenzas sangrientas. Cuando est\u00e1s resolviendo su Cascada, la primera carta que no es tierra con un coste menor que el Elfo, tras exiliar 5 cartas, es un instant\u00e1neo que no quieres lanzar, pues es contraproducente para ti en este momento. \u00bfQu\u00e9 ocurre?<\/li>\n<li>Alberto declara que ataca con un Nexo de polillas de tinta, trasformado en su fase principal, y un Trasgo de Filonegro. Nigel lanza Acorde de llamada de X=2, y al resolver muestra una Melira, paria Sylvok, y la pone en mesa. \u00bfQu\u00e9 ocurre con el da\u00f1o del Nexo de polillas de tinta y el del Trasgo de Filonegro? Y si Alberto vuelve a activar la habilidad del Nexo, \u00bfqu\u00e9 pasar\u00eda con ese da\u00f1o?<\/li>\n<li>Controlas una Zada, trituraedros, dos Lanzaveloz del monasterio y un Sol\u00edfugo gigante. En tu primera fase principal lanzas una Fuerza tit\u00e1nica, haciendo objetivo a Zada y disparando su habilidad. \u00bfC\u00f3mo quedar\u00e1 la pila? \u00bfC\u00f3mo se resolver\u00e1 Adivinar? \u00bfCu\u00e1ntas veces se disparar\u00e1 Destreza?<\/li>\n<li>Antonio controla un Despreciahechizos y un Devastador arcoligado. Su oponente, Nelson lanza un Electrolizar haciendo objetivo a ambas criaturas. \u00bfPuede activar Antonio la habilidad del Despreciahechizos para redirigir hacia esta criatura ambos puntos de da\u00f1o? \u00bfCambiar\u00eda algo si en lugar de un Electrolizar, Nelson lanzase un Mandato de K\u00f3lagan escogiendo hacer da\u00f1o y destruir un artefacto? \u00bfY si fuera un Rastro del arco?<\/li>\n<li>Abdul controla un Bogle resbaladizo encantado con dos Rencor, y lanza sobre \u00e9l un Armadura et\u00e9rea. Nashif, en respuesta, activa su Despreciahechizos para redirigir el Armadura et\u00e9rea hacia su criatura. \u00bfQu\u00e9 pasar\u00e1 a continuaci\u00f3n?<\/li>\n<\/ol>\n","protected":false},"excerpt":{"rendered":"<p>\u00daltima actualizaci\u00f3n: 17 de junio de 2016 Antoine controla una Triniesfera enderezada y lanza un Portero de Malakir con est\u00edmulo. \u00bfCu\u00e1nto debe pagar Antoine para lanzar el Portero? Nancy controla un Doblegavoluntades boca abajo, cuando Agnes lanza Choque s\u00fabito, haciendo objetivo al Doblegavoluntades. \u00bfPuede Nancy volver el Doblegavoluntades boca arriba? De poder hacerlo, \u00bfpuede cambiar [&hellip;]<\/p>\n","protected":false},"author":28,"featured_media":0,"parent":188,"menu_order":0,"comment_status":"closed","ping_status":"closed","template":"","meta":{"footnotes":"","_links_to":"","_links_to_target":""},"language":[5],"class_list":["post-114","page","type-page","status-publish","hentry","language-es_es"],"_links":{"self":[{"href":"https:\/\/blogs.magicjudges.org\/judgeclasses\/wp-json\/wp\/v2\/pages\/114","targetHints":{"allow":["GET"]}}],"collection":[{"href":"https:\/\/blogs.magicjudges.org\/judgeclasses\/wp-json\/wp\/v2\/pages"}],"about":[{"href":"https:\/\/blogs.magicjudges.org\/judgeclasses\/wp-json\/wp\/v2\/types\/page"}],"author":[{"embeddable":true,"href":"https:\/\/blogs.magicjudges.org\/judgeclasses\/wp-json\/wp\/v2\/users\/28"}],"replies":[{"embeddable":true,"href":"https:\/\/blogs.magicjudges.org\/judgeclasses\/wp-json\/wp\/v2\/comments?post=114"}],"version-history":[{"count":1,"href":"https:\/\/blogs.magicjudges.org\/judgeclasses\/wp-json\/wp\/v2\/pages\/114\/revisions"}],"predecessor-version":[{"id":115,"href":"https:\/\/blogs.magicjudges.org\/judgeclasses\/wp-json\/wp\/v2\/pages\/114\/revisions\/115"}],"up":[{"embeddable":true,"href":"https:\/\/blogs.magicjudges.org\/judgeclasses\/wp-json\/wp\/v2\/pages\/188"}],"wp:attachment":[{"href":"https:\/\/blogs.magicjudges.org\/judgeclasses\/wp-json\/wp\/v2\/media?parent=114"}],"wp:term":[{"taxonomy":"language","embeddable":true,"href":"https:\/\/blogs.magicjudges.org\/judgeclasses\/wp-json\/wp\/v2\/language?post=114"}],"curies":[{"name":"wp","href":"https:\/\/api.w.org\/{rel}","templated":true}]}}