{"id":15,"date":"2016-08-03T11:41:17","date_gmt":"2016-08-03T11:41:17","guid":{"rendered":"http:\/\/blogs.magicjudges.org\/judgeclasses\/?page_id=15"},"modified":"2017-06-28T12:23:06","modified_gmt":"2017-06-28T12:23:06","slug":"class-1-questions-es","status":"publish","type":"page","link":"https:\/\/blogs.magicjudges.org\/judgeclasses\/spanish\/class-1-questions-es\/","title":{"rendered":"Clase 1 &#8211; Preguntas"},"content":{"rendered":"<p style=\"text-align: right\"><em>\u00daltima actualizaci\u00f3n: 17 de junio de 2016<\/em><\/p>\n<p>1.\u00ad En una partida, Aurora pasa la fase de ataque, y en el paso de declarar atacantes decide no atacar. \u00bfCu\u00e1ntos pasos tendr\u00e1 esa fase?<\/p>\n<p>2.\u00ad \u00bfEn qu\u00e9 fases y pasos reciben prioridad los jugadores?<\/p>\n<p>3.\u00ad \u00bfCu\u00e1ndo se disparan las habilidades de \u201cal comienzo del paso final\u201d? \u00bfY las que dicen \u201cal final del turno\u201d?<\/p>\n<p>4.\u00ad Si no quiero atacar, \u00bfcu\u00e1ntas fases tendr\u00e1 mi turno?<\/p>\n<p>5.\u00ad \u00bfQu\u00e9 es lo primero que sucede en el paso de declarar bloqueadores?<\/p>\n<p>6.\u00ad Yo ataco con una criatura 5\/5 y mi oponente me bloquea con un 1\/1, un 1\/5 y un 3\/3. \u00bfCu\u00e1ndo se ordenan los bloqueadores? \u00bfQui\u00e9n lo hace? \u00bfCu\u00e1ndo se asigna el da\u00f1o?<\/p>\n<p>7.\u00ad Antioco me est\u00e1 atacando y yo tengo una criatura con Destello que quiero usar para bloquear. \u00bfCu\u00e1ndo es el \u00faltimo momento en que puedo lanzarlo para poder bloquear con \u00e9l?<\/p>\n<p>8.\u00ad Tengo un <a href=\"https:\/\/blogs.magicjudges.org\/judgeclasses\/wp-content\/plugins\/lems-mtg-helper\/lems-mtg-helper-cardfinder.php?find=Confiscar+pensamientos&width=223&height=310\" class=\"jTip\" name=\"\">Confiscar pensamientos<\/a> en la mano y quiero quitar a mi oponente la \u00fanica carta que tiene en la mano antes de que robe. En el paso de robar, antes de que robe, lanzo un <a href=\"https:\/\/blogs.magicjudges.org\/judgeclasses\/wp-content\/plugins\/lems-mtg-helper\/lems-mtg-helper-cardfinder.php?find=Apresurar&width=223&height=310\" class=\"jTip\" name=\"\">Apresurar<\/a> y luego el Confiscar, pero el oponente no est\u00e1 de acuerdo con mi acci\u00f3n. \u00bfQui\u00e9n tiene raz\u00f3n?<\/p>\n<p>9.\u00ad En el paso de da\u00f1o de combate, \u00bfqu\u00e9 acciones o decisiones tiene que tomar un jugador, y cu\u00e1les podr\u00eda tomar opcionalmente?<\/p>\n<p>10.\u00ad \u00bfCu\u00e1ndo deja una criatura de ser atacante? \u00bfY bloqueadora?<\/p>\n<p>11.\u00ad Mi oponente bloquea a mi 5\/3 con su 3\/3. Yo le lanzo un <a href=\"https:\/\/blogs.magicjudges.org\/judgeclasses\/wp-content\/plugins\/lems-mtg-helper\/lems-mtg-helper-cardfinder.php?find=Rel%C3%A1mpago&width=223&height=310\" class=\"jTip\" name=\"\">Rel\u00e1mpago<\/a>, y \u00e9l en respuesta regenera a su criatura. \u00bfCu\u00e1nto da\u00f1o recibe mi oponente? \u00bfPor qu\u00e9, qu\u00e9 pasa exactamente?<\/p>\n<p>12.\u00ad \u00bfQu\u00e9 sucede en el paso de limpieza?<\/p>\n<p>13.\u00ad \u00bfQu\u00e9 son las acciones basadas en el turno? \u00bfUsan la pila? \u00bfSuceden antes o despu\u00e9s de que los jugadores reciban prioridad?<\/p>\n<p>14.- Si un jugador agrega man\u00e1 a su reserva de man\u00e1 durante su mantenimiento, \u00bfen qu\u00e9 momento el man\u00e1 no usado deja su reserve de man\u00e1?<\/p>\n<p>15.- \u00bfQu\u00e9 fases y pasos hay en un turno normal, y cu\u00e1les son?<\/p>\n<p>16.- Aaron tiene unos <a href=\"https:\/\/blogs.magicjudges.org\/judgeclasses\/wp-content\/plugins\/lems-mtg-helper\/lems-mtg-helper-cardfinder.php?find=Osos+pardos&width=223&height=310\" class=\"jTip\" name=\"\">Osos pardos<\/a> y los declara como criatura atacante. Nancy desea girar los Osos con su <a href=\"https:\/\/blogs.magicjudges.org\/judgeclasses\/wp-content\/plugins\/lems-mtg-helper\/lems-mtg-helper-cardfinder.php?find=Magneto+tumbante&width=223&height=310\" class=\"jTip\" name=\"\">Magneto tumbante<\/a>\u00a0para evitar que le ataquen. \u00bfPuede hacerlo?<\/p>\n<p>17.- Amanda controla unos <a href=\"https:\/\/blogs.magicjudges.org\/judgeclasses\/wp-content\/plugins\/lems-mtg-helper\/lems-mtg-helper-cardfinder.php?find=Lacayos+mogg&width=223&height=310\" class=\"jTip\" name=\"\">Lacayos mogg<\/a> encantados con <a href=\"https:\/\/blogs.magicjudges.org\/judgeclasses\/wp-content\/plugins\/lems-mtg-helper\/lems-mtg-helper-cardfinder.php?find=Fiebre+de+sangre&width=223&height=310\" class=\"jTip\" name=\"\">Fiebre de sangre<\/a>, y unos <a href=\"https:\/\/blogs.magicjudges.org\/judgeclasses\/wp-content\/plugins\/lems-mtg-helper\/lems-mtg-helper-cardfinder.php?find=Osos+pardos&width=223&height=310\" class=\"jTip\" name=\"\">Osos pardos<\/a>. \u00bfCu\u00e1les son todas las declaraciones de atacantes que tiene Amanda disponibles?<\/p>\n<p>18.- Los jugadores, \u00bfreciben prioridad entre que el da\u00f1o es asignado y el da\u00f1o es hecho?<\/p>\n<p>19.- Menciona tres acciones basadas en turno que suceden durante el combate.<\/p>\n","protected":false},"excerpt":{"rendered":"<p>\u00daltima actualizaci\u00f3n: 17 de junio de 2016 1.\u00ad En una partida, Aurora pasa la fase de ataque, y en el paso de declarar atacantes decide no atacar. \u00bfCu\u00e1ntos pasos tendr\u00e1 esa fase? 2.\u00ad \u00bfEn qu\u00e9 fases y pasos reciben prioridad los jugadores? 3.\u00ad \u00bfCu\u00e1ndo se disparan las habilidades de \u201cal comienzo del paso final\u201d? \u00bfY [&hellip;]<\/p>\n","protected":false},"author":28,"featured_media":0,"parent":188,"menu_order":0,"comment_status":"closed","ping_status":"closed","template":"","meta":{"footnotes":"","_links_to":"","_links_to_target":""},"language":[5],"class_list":["post-15","page","type-page","status-publish","hentry","language-es_es"],"_links":{"self":[{"href":"https:\/\/blogs.magicjudges.org\/judgeclasses\/wp-json\/wp\/v2\/pages\/15","targetHints":{"allow":["GET"]}}],"collection":[{"href":"https:\/\/blogs.magicjudges.org\/judgeclasses\/wp-json\/wp\/v2\/pages"}],"about":[{"href":"https:\/\/blogs.magicjudges.org\/judgeclasses\/wp-json\/wp\/v2\/types\/page"}],"author":[{"embeddable":true,"href":"https:\/\/blogs.magicjudges.org\/judgeclasses\/wp-json\/wp\/v2\/users\/28"}],"replies":[{"embeddable":true,"href":"https:\/\/blogs.magicjudges.org\/judgeclasses\/wp-json\/wp\/v2\/comments?post=15"}],"version-history":[{"count":2,"href":"https:\/\/blogs.magicjudges.org\/judgeclasses\/wp-json\/wp\/v2\/pages\/15\/revisions"}],"predecessor-version":[{"id":51,"href":"https:\/\/blogs.magicjudges.org\/judgeclasses\/wp-json\/wp\/v2\/pages\/15\/revisions\/51"}],"up":[{"embeddable":true,"href":"https:\/\/blogs.magicjudges.org\/judgeclasses\/wp-json\/wp\/v2\/pages\/188"}],"wp:attachment":[{"href":"https:\/\/blogs.magicjudges.org\/judgeclasses\/wp-json\/wp\/v2\/media?parent=15"}],"wp:term":[{"taxonomy":"language","embeddable":true,"href":"https:\/\/blogs.magicjudges.org\/judgeclasses\/wp-json\/wp\/v2\/language?post=15"}],"curies":[{"name":"wp","href":"https:\/\/api.w.org\/{rel}","templated":true}]}}