{"id":196,"date":"2017-06-26T19:22:53","date_gmt":"2017-06-26T19:22:53","guid":{"rendered":"http:\/\/blogs.magicjudges.org\/judgeclasses\/?page_id=196"},"modified":"2018-08-15T16:32:25","modified_gmt":"2018-08-15T16:32:25","slug":"portuguese","status":"publish","type":"page","link":"https:\/\/blogs.magicjudges.org\/judgeclasses\/portuguese\/","title":{"rendered":"Li\u00e7\u00f5es em portugu\u00eas"},"content":{"rendered":"<table>\n<tbody>\n<tr>\n<td>Li\u00e7\u00e3o 1<\/td>\n<td><a href=\"https:\/\/blogs.magicjudges.org\/judgeclasses\/portuguese\/class-1-pt\/\">Estrutura do turno<\/a><\/td>\n<td><a href=\"http:\/\/blogs.magicjudges.org\/judgeclasses\/files\/2018\/08\/Perguntas-Licao-1-ok.pdf\">Simulado<\/a><\/td>\n<td><a href=\"http:\/\/blogs.magicjudges.org\/judgeclasses\/files\/2018\/08\/Respostas-Licao-1-ok.pdf\">Respostas<\/a><\/td>\n<\/tr>\n<tr>\n<td>Li\u00e7\u00e3o 2<\/td>\n<td><a href=\"https:\/\/blogs.magicjudges.org\/judgeclasses\/portuguese\/class-2-pt\/\">Permanentes<\/a><\/td>\n<td><a href=\"http:\/\/blogs.magicjudges.org\/judgeclasses\/files\/2018\/03\/Perguntas-Licao-2-ok.pdf\">Simulado<\/a><\/td>\n<td><a href=\"http:\/\/blogs.magicjudges.org\/judgeclasses\/files\/2018\/03\/Respostas-Licao-2-ok.pdf\">Respostas<\/a><\/td>\n<\/tr>\n<tr>\n<td>Li\u00e7\u00e3o 3<\/td>\n<td><a href=\"https:\/\/blogs.magicjudges.org\/judgeclasses\/portuguese\/class-3-pt\/\">Copiando Objetos e Palavras-chave de habilidade<\/a><\/td>\n<td><a href=\"http:\/\/blogs.magicjudges.org\/judgeclasses\/files\/2018\/03\/Perguntas-Licao-3-ok.pdf\">Simulado<\/a><\/td>\n<td><a href=\"http:\/\/blogs.magicjudges.org\/judgeclasses\/files\/2018\/03\/Respostas-Licao-3-ok.pdf\">Respostas<\/a><\/td>\n<\/tr>\n<tr>\n<td>Li\u00e7\u00e3o 4<\/td>\n<td><a href=\"https:\/\/blogs.magicjudges.org\/judgeclasses\/portuguese\/class-4-pt\/\">Intera\u00e7\u00e3o de Efeitos Cont\u00ednuos<\/a><\/td>\n<td><a href=\"http:\/\/blogs.magicjudges.org\/judgeclasses\/files\/2018\/03\/Perguntas-Licao-4-ok.pdf\">Simulado<\/a><\/td>\n<td><a href=\"http:\/\/blogs.magicjudges.org\/judgeclasses\/files\/2018\/03\/Respostas-Licao-4-ok.pdf\">Respostas<\/a><\/td>\n<\/tr>\n<tr>\n<td>Li\u00e7\u00e3o 5<\/td>\n<td><a href=\"https:\/\/blogs.magicjudges.org\/judgeclasses\/portuguese\/class-5-pt\/\">Conjurando M\u00e1gicas e Ativando Habilidades Ativadas<\/a><\/td>\n<td><a href=\"http:\/\/blogs.magicjudges.org\/judgeclasses\/files\/2018\/03\/Perguntas-Licao-5-ok.pdf\">Simulado<\/a><\/td>\n<td><a href=\"http:\/\/blogs.magicjudges.org\/judgeclasses\/files\/2018\/03\/Respostas-Licao-5-ok.pdf\">Respostas<\/a><\/td>\n<\/tr>\n<tr>\n<td>Li\u00e7\u00e3o 6<\/td>\n<td><a href=\"https:\/\/blogs.magicjudges.org\/judgeclasses\/portuguese\/class-6-pt\/\">A\u00e7\u00f5es baseadas em estado<\/a><\/td>\n<td><a href=\"http:\/\/blogs.magicjudges.org\/judgeclasses\/files\/2018\/03\/Perguntas-Licao-6-ok.pdf\">Simulado<\/a><\/td>\n<td><a href=\"http:\/\/blogs.magicjudges.org\/judgeclasses\/files\/2018\/03\/Respostas-Licao-6-ok.pdf\">Respostas<\/a><\/td>\n<\/tr>\n<tr>\n<td>Li\u00e7\u00e3o 7<\/td>\n<td><a href=\"https:\/\/blogs.magicjudges.org\/judgeclasses\/portuguese\/class-7-pt\/\">Habilidades desencadeadas<\/a><\/td>\n<td><a href=\"http:\/\/blogs.magicjudges.org\/judgeclasses\/files\/2018\/03\/Perguntas-Licao-7-ok.pdf\">Simulado<\/a><\/td>\n<td><a href=\"http:\/\/blogs.magicjudges.org\/judgeclasses\/files\/2018\/03\/Respostas-Licao-7-ok.pdf\">Respostas<\/a><\/td>\n<\/tr>\n<tr>\n<td>Li\u00e7\u00e3o 8<\/td>\n<td><a href=\"https:\/\/blogs.magicjudges.org\/judgeclasses\/portuguese\/class-8-pt\/\">Palavras chave<\/a><\/td>\n<td><a href=\"http:\/\/blogs.magicjudges.org\/judgeclasses\/files\/2018\/03\/Perguntas-Licao-8-ok.pdf\">Simulado<\/a><\/td>\n<td><a href=\"http:\/\/blogs.magicjudges.org\/judgeclasses\/files\/2018\/03\/Respostas-Licao-8-ok.pdf\">Respostas<\/a><\/td>\n<\/tr>\n<\/tbody>\n<\/table>\n<p>&nbsp;<\/p>\n","protected":false},"excerpt":{"rendered":"<p>Li\u00e7\u00e3o 1 Estrutura do turno Simulado Respostas Li\u00e7\u00e3o 2 Permanentes Simulado Respostas Li\u00e7\u00e3o 3 Copiando Objetos e Palavras-chave de habilidade Simulado Respostas Li\u00e7\u00e3o 4 Intera\u00e7\u00e3o de Efeitos Cont\u00ednuos Simulado Respostas Li\u00e7\u00e3o 5 Conjurando M\u00e1gicas e Ativando Habilidades Ativadas Simulado Respostas Li\u00e7\u00e3o 6 A\u00e7\u00f5es baseadas em estado Simulado Respostas Li\u00e7\u00e3o 7 Habilidades desencadeadas Simulado Respostas Li\u00e7\u00e3o [&hellip;]<\/p>\n","protected":false},"author":28,"featured_media":0,"parent":0,"menu_order":0,"comment_status":"closed","ping_status":"closed","template":"","meta":{"footnotes":"","_links_to":"","_links_to_target":""},"language":[12],"class_list":["post-196","page","type-page","status-publish","hentry","language-pt_br"],"_links":{"self":[{"href":"https:\/\/blogs.magicjudges.org\/judgeclasses\/wp-json\/wp\/v2\/pages\/196","targetHints":{"allow":["GET"]}}],"collection":[{"href":"https:\/\/blogs.magicjudges.org\/judgeclasses\/wp-json\/wp\/v2\/pages"}],"about":[{"href":"https:\/\/blogs.magicjudges.org\/judgeclasses\/wp-json\/wp\/v2\/types\/page"}],"author":[{"embeddable":true,"href":"https:\/\/blogs.magicjudges.org\/judgeclasses\/wp-json\/wp\/v2\/users\/28"}],"replies":[{"embeddable":true,"href":"https:\/\/blogs.magicjudges.org\/judgeclasses\/wp-json\/wp\/v2\/comments?post=196"}],"version-history":[{"count":18,"href":"https:\/\/blogs.magicjudges.org\/judgeclasses\/wp-json\/wp\/v2\/pages\/196\/revisions"}],"predecessor-version":[{"id":666,"href":"https:\/\/blogs.magicjudges.org\/judgeclasses\/wp-json\/wp\/v2\/pages\/196\/revisions\/666"}],"wp:attachment":[{"href":"https:\/\/blogs.magicjudges.org\/judgeclasses\/wp-json\/wp\/v2\/media?parent=196"}],"wp:term":[{"taxonomy":"language","embeddable":true,"href":"https:\/\/blogs.magicjudges.org\/judgeclasses\/wp-json\/wp\/v2\/language?post=196"}],"curies":[{"name":"wp","href":"https:\/\/api.w.org\/{rel}","templated":true}]}}