{"id":231,"date":"2017-06-26T20:09:06","date_gmt":"2017-06-26T20:09:06","guid":{"rendered":"http:\/\/blogs.magicjudges.org\/judgeclasses\/?page_id=231"},"modified":"2017-12-19T13:58:49","modified_gmt":"2017-12-19T13:58:49","slug":"class-8-answers-pt","status":"publish","type":"page","link":"https:\/\/blogs.magicjudges.org\/judgeclasses\/portuguese\/class-8-answers-pt\/","title":{"rendered":"Respostas simulado \u2013 Li\u00e7\u00e3o 8"},"content":{"rendered":"<ol>\n<li><strong>Antoine controla uma Trinesfera desvirada e conjura um Porteiro de Malakir com refor\u00e7ar. Quanto Antoine tem que pagar para conjurar o Porteiro?<\/strong><\/li>\n<\/ol>\n<p><em>Tr\u00eas manas pretas. Quando o custo total \u00e9 determinado, leva em considera\u00e7\u00e3o o custo de refor\u00e7o que ser\u00e1 pago; Portanto, o efeito de Trinesfera n\u00e3o se aplica pois o custo total para conjur\u00e1-lo n\u00e3o \u00e9 inferior a 3.<\/em><\/p>\n<p>&nbsp;<\/p>\n<ol start=\"2\">\n<li><strong> Nancy controla um Subjugador da Vontade virado para baixo. Agnes conjura Choque Repentino, visando Subjugador da Vontade. Nancy pode virar para cima Subjugador da Vontade? Se assim for, Nancy pode mudar o alvo de Choque Repentino?<\/strong><\/li>\n<\/ol>\n<p><em>Sim e sim. Se uma m\u00e1gica com fra\u00e7\u00e3o de segundo estiver na pilha, como Choque Repentino, Nancy ainda pode responder, voltando a face de Subjugador da Vontade para cima e redirecionando essa m\u00e1gica com a habilidade desencadeada. Isso ocorre porque a fra\u00e7\u00e3o de segundo s\u00f3 impede os jogadores de conjurar m\u00e1gicas ou ativar habilidades, ao transformar uma criatura com a face para cima \u00e9 uma a\u00e7\u00e3o especial que n\u00e3o usa a pilha.<\/em><\/p>\n<p>&nbsp;<\/p>\n<ol start=\"3\">\n<li><strong> Alex controla um Polucrano, Devorador de Mundos; ele ativa sua habilidade pagando 4G. Uma vez que a habilidade resolve, a segunda habilidade de Polucrano desencadeia e Alex escolhe causar 1 ponto de dano em cada uma das duas fichas de 1\/1 Goblin que Noemi controla. Quanto dano ser\u00e1 causado se Noemi conjurar uma Lamina de Destrui\u00e7\u00e3o tendo como alvo a hidra em resposta? Quanto de dano ser\u00e1 causado \u00e0 outra ficha se um deles for sacrificado em resposta \u00e0 habilidade desencadeada?<\/strong><\/li>\n<\/ol>\n<p><em>Cada uma das fichas recebe um ponto de dano, isto foi definido quando a habilidade disparada foi colocada na pilha. Se a fonte for destru\u00edda em resposta, o dano assinalado ser\u00e1 mantido.<\/em><\/p>\n<p><em>Pela mesma raz\u00e3o, o dano n\u00e3o muda se, ap\u00f3s a resolu\u00e7\u00e3o da habilidade, um dos alvos \u00e9 ilegal. Como neste caso, onde um dos alvos deixa o campo de batalha e se torna ilegal.<\/em><\/p>\n<p>&nbsp;<\/p>\n<ol start=\"4\">\n<li><strong>Anson e Arthur est\u00e3o em uma equipe de Gigante de Duas Cabe\u00e7as. Anson controla Hierarca Nobre e Arthur ataca com um Perseguidor da Gl\u00f3ria, a \u00fanica criatura atacante. Quanto dano Perseguidor da Gl\u00f3ria causar\u00e1?<\/strong><\/li>\n<\/ol>\n<p><em>Dois pontos de dano. Exaltado s\u00f3 aciona para criaturas sob o controle de um jogador, n\u00e3o seus companheiros de equipe.<\/em><\/p>\n<p>&nbsp;<\/p>\n<ol start=\"5\">\n<li><strong> Adam conjura Bocarra Ululante usando seu custo de evocar. Com as habilidades desencadeadas estiverem na pilha, Nadine conjura Dominar, tendo como alvo Bocarra Ululante. O que acontece quando as habilidades desencadeadas s\u00e3o resolvidas?<\/strong><\/li>\n<\/ol>\n<p><em>Quando Dominar resolve, Nadine ganha o controle de Bocarra Ululante. Adam ainda controla ambas as habilidades desencadeadas de entrar no campo de batalha, sendo assim ele pode destruir uma criatura que n\u00e3o seja preta nem artefato, e quando a segunda habilidade desecadeada resolver, Bocarra Ululante \u00e9 sacrificado. Observe que evocar especifica que a criatura \u00e9 sacrificada, ela n\u00e3o instrui o jogador que controla a habilidade para sacrific\u00e1-la, ent\u00e3o ele ser\u00e1 sacrificado independentemente de quem o controlar.<\/em><\/p>\n<p><em>\u00a0<\/em><\/p>\n<ol start=\"6\">\n<li><strong> Alexander tem 4 florestas e uma Precentora Selvagem. Qual \u00e9 o n\u00famero m\u00e1ximo que X pode tomar se Alexander conjurar Acorde do Chamado?<\/strong><\/li>\n<\/ol>\n<p><em>Dois. Alexander pode sacrificar Percentora Selvagem por uma mana, ou ele pode vira-la para pagar para a habilidade de convocar, n\u00e3o ambos, pois as habilidades de mana precisam ser ativadas antes que os custos sejam pagos. Se ele ativa a habilidade da Precentora, ela n\u00e3o estar\u00e1 no campo de batalha para vir\u00e1-la para convocar.<\/em><\/p>\n<p>&nbsp;<\/p>\n<ol start=\"7\">\n<li><strong> Adam conjura Delitos do Passado tendo como alvo Sussurros da Musa. Adam pode pagar o custo de recuperar de Sussurros da Musa? Se sim, quanto deve pagar? O que acontece quando Sussurros da Musa resolve?<\/strong><\/li>\n<\/ol>\n<p><em>Ele pode pag\u00e1-lo porque a habilidade reucperar \u00e9 um custo adicional. Este custo adicional pode ser adicionado ao custo alternativo de n\u00e3o pagar seu custo de mana. Ent\u00e3o ele pagaria 5.<\/em><\/p>\n<p><em>Quando Sussuros da Musa resolve, dois efeitos de substitui\u00e7\u00e3o tentar\u00e3o afetar para onde o card vai. Adam consegue escolher qual efeito aplicar.<\/em><\/p>\n<p>&nbsp;<\/p>\n<ol start=\"8\">\n<li><strong> Ana tem uma Fonte Santificada, um Solo Pisoteado, um P\u00e2ntano e Litorais Desconhecidos. Com uma Trinesfera desvirada no campo de batalha, \u00e9 poss\u00edvel conjurar Explosivos Fabricados de forma que ele entre no campo de batalha com 1 marcador?<\/strong><\/li>\n<\/ol>\n<p><em>N\u00e3o, ela n\u00e3o pode. Trinesfera vai for\u00e7\u00e1-la a pagar pelo menos 3 manas para conjurar qualquer m\u00e1gica. Se ela deseja conjurar Explosivos Fabricados com X = 1, ela precisaria pagar 3 mana da mesma cor. Ela n\u00e3o pode produzir 3 mana de uma \u00fanica cor, o m\u00e1ximo que ela poderia conseguir \u00e9 2 mana de uma cor e 1 mana de outra cor ou incolor. O n\u00famero mais baixo que X pode ter neste cen\u00e1rio \u00e9 2.<\/em><\/p>\n<p>&nbsp;<\/p>\n<ol start=\"9\">\n<li><strong> Heather pode ativar a habilidade de Reciclar de Estepe Remota enquanto o card est\u00e1 em seu cemit\u00e9rio?<\/strong><\/li>\n<\/ol>\n<p><em>N\u00e3o, ela n\u00e3o pode. Descartar significa colocar um card da m\u00e3o no cemit\u00e9rio, portanto, o reciclar s\u00f3 pode ser ativado da m\u00e3o.<\/em><\/p>\n<p>&nbsp;<\/p>\n<ol start=\"10\">\n<li><strong> Natalie controla um Iona, Escudo de Emeria nomeando vermelho. Pode seu oponente conjurar uma Akroma, Anjo da F\u00faria por seu custo de metamorfose? Pode ser conjurado normalmente pelo seu custo de mana?<\/strong><\/li>\n<\/ol>\n<p><em>Pode ser conjurada pagando o custo de metamorfose, pois seria colocada na pilha como uma m\u00e1gica incolor entre outras caracter\u00edsticas.<\/em><\/p>\n<p><em>O anjo n\u00e3o pode ser conjurado normalmente por seu custo de mana porque a habilidade de Iona n\u00e3o permite que essa a\u00e7\u00e3o ocorra.<\/em><\/p>\n<p><em>\u00a0<\/em><\/p>\n<ol start=\"11\">\n<li><strong> Agatha usa a habilidade de desenterrar de Anatem\u00e2ntico. Ent\u00e3o ela conjura Anjo da Restaura\u00e7\u00e3o com o alvo Anatem\u00e2ntico. O que acontece depois?<\/strong><\/li>\n<\/ol>\n<p><em>Anatem\u00e2ntico ser\u00e1 exilado e ent\u00e3o retornado ao campo de batalha, as habilidades correspondentes desencadeiam.<\/em><\/p>\n<p><em>Desenterrar l\u00ea que o card \u00e9 exilado se ele deixa o campo de batalha, j\u00e1 que a habilidade do anjo tamb\u00e9m exila o card, n\u00e3o h\u00e1 conflito determinando onde ele vai e ent\u00e3o ele retorna ao campo de batalha.<\/em><\/p>\n<p><em>\u00a0<\/em><\/p>\n<ol start=\"12\">\n<li><strong> Durante a sua primeira fase principal voc\u00ea conjura Trazer \u00e0 Luz pagando 3 manas brancas, 1 mana verde e 1 mana azul. Ap\u00f3s a resolu\u00e7\u00e3o do feiti\u00e7o, voc\u00ea procura Fissura Circundante, exila-a, embaralha o seu grim\u00f3rio e a conjura. Voc\u00ea poderia fazer isso pagando o custo de despertar ?<\/strong><\/li>\n<\/ol>\n<p><em>N\u00e3o, voc\u00ea n\u00e3o pode. Trazer \u00e0 Luz permite que voc\u00ea jogue o card exilado sem pagar seu custo de mana. Despertar \u00e9 um custo alternativo, portanto, n\u00e3o pode ser escolhido. Custos adicionais no entanto, poderiam ser pagos.<\/em><\/p>\n<p>&nbsp;<\/p>\n<ol start=\"13\">\n<li><strong> Durante uma de suas fases principais, voc\u00ea conjura Abade da Fortaleza Keral. Quando sua habilidade desencadeada se resolve, voc\u00ea exila Amoque Relampejante. Voc\u00ea pode jogar pelo custo de Investida?<\/strong><\/li>\n<\/ol>\n<p><em>Sim. A habilidade do Abade permite que o card seja jogado do ex\u00edlio sem restri\u00e7\u00f5es. Todas as etapas para conjurar uma m\u00e1gica s\u00e3o seguidas como de costume, incluindo a escolha de pagar os custos alternativos durante o processo.<\/em><\/p>\n<p>&nbsp;<\/p>\n<ol start=\"14\">\n<li><strong> Voc\u00ea tem um Exaustor Tr\u00f4pego que foi alvo de uma habilidade de despertar de Ascens\u00e3o de Ondu. Enumere as caracter\u00edsticas de Exaustor Tr\u00f4pego antes e depois de ativar sua segunda habilidade.<\/strong><\/li>\n<\/ol>\n<p><em>Sem ativar:<\/em><\/p>\n<p><em>Nome &#8211; Exaustor Tr\u00f4pego<\/em><\/p>\n<p><em>Custo de mana &#8211; nenhum<\/em><\/p>\n<p><em>Incolor<\/em><\/p>\n<p><em>Criatura terreno &#8211; Elemental<\/em><\/p>\n<p><em>Ele tem todo o texto escrito, ambas as habilidades ativadas, e \u00edmpeto<\/em><\/p>\n<p><em>P \/ T &#8211; (0) + 4 \/ (0) + 4 = 4\/4<\/em><\/p>\n<p><em>Ativando:<\/em><\/p>\n<p><em>Nome &#8211; Exaustor Tr\u00f4pego<\/em><\/p>\n<p><em>Custo de mana &#8211; nenhum<\/em><\/p>\n<p><em>Preto e branco<\/em><\/p>\n<p><em>Terreno Criatura &#8211; Elemental<\/em><\/p>\n<p><em>Tem todo o texto escrito, tanto habilidades ativadas, \u00cdmpeto e Vinculo com a vida<\/em><\/p>\n<p><em>P \/ T &#8211; (2) + 4 \/ (3) + 4 = 6\/7<\/em><\/p>\n<p>&nbsp;<\/p>\n<ol start=\"15\">\n<li><strong> Voc\u00ea controla dois Vanguardeiro Dente-de-sabre. Durante a etapa declarar atacantes, voc\u00ea confirma que ambas as criaturas estar\u00e3o atacando para que ambas as habilidades desencadeadas sejam colocadas na pilha. Em resposta \u00e0s habilidades desencadeadas, seu oponente mata uma de suas criaturas com um Atacar na Jugular. O que acontece quando as habilidades s\u00e3o resolvidas?<\/strong><\/li>\n<\/ol>\n<p><em>Durante a resolu\u00e7\u00e3o, cada um deles verificar\u00e1 se a exig\u00eancia da habilidade Formid\u00e1vel est\u00e1 cumprida. Uma vez que isso n\u00e3o \u00e9 verdade, nenhuma das habilidades tem efeito.<\/em><\/p>\n<p>&nbsp;<\/p>\n<ol start=\"16\">\n<li><strong> Voc\u00ea controla um Xam\u00e3 dos Costumes Esquecidos, uma Honra do Puro e 3 fichas brancas de esp\u00edrito 1\/1 com voar. Seu oponente controla 2 Aberra\u00e7\u00e3o Inset\u00eddea. Voc\u00ea ativa a habilidade de formid\u00e1vel do Xam\u00e3 durante a sua primeira fase principal. Seu oponente conjura Fenda Cicl\u00f4nica em resposta, pagando seu custo de sobrecarga, e resolve. O que acontece quando a habilidade do Xam\u00e3 resolve?<\/strong><\/li>\n<\/ol>\n<p><em>A habilidade do xam\u00e3 s\u00f3 verifica se a condi\u00e7\u00e3o formid\u00e1vel \u00e9 cumprida quando ela vai ser ativada. A habilidade ir\u00e1 resolver normalmente e uma vez que seu oponente controla 2 criaturas, seu total de vida se tornar\u00e1 2.<\/em><\/p>\n<p><em>Por outro lado, voc\u00ea n\u00e3o controlar\u00e1 nenhuma criatura, ent\u00e3o o total de sua vida se tornar\u00e1 0. Na pr\u00f3xima vez que um jogador receber prioridade, voc\u00ea perder\u00e1 o jogo quando as a\u00e7\u00f5es baseadas no estado forem executadas.<\/em><\/p>\n<p>&nbsp;<\/p>\n<ol start=\"17\">\n<li><strong> Voc\u00ea controla uma Narset Transcendente e um Jace, Telepata Ilimitado. Voc\u00ea ativa a habilidade -2 de Narset para que sua pr\u00f3xima Magica Instant\u00e2nea ou feiti\u00e7o que voc\u00ea conjurar de sua m\u00e3o tenha Rebote. Quando a habilidade for resolvida, voc\u00ea ativa a habilidade -3 de Jace apontando um Espalhar ao Vento em seu cemit\u00e9rio. Espalhar ao Vento pode ganhar rebote? Voc\u00ea pode conjura-lo pagando o custo de despertar?<\/strong><\/li>\n<\/ol>\n<p><em>N\u00e3o, a m\u00e1gica n\u00e3o ser\u00e1 conjurada de sua m\u00e3o, condi\u00e7\u00e3o para que ganhe Rebote.<\/em><\/p>\n<p><em>Voc\u00ea pode optar por conjurar o card com o custo da habilidade de despertar j\u00e1 que a habilidade Jace permite que voc\u00ea jogue o card do cemit\u00e9rio sem mais instru\u00e7\u00f5es e pagando seus custos, assim voc\u00ea pode escolher um custo alternativo para jog\u00e1-lo.<\/em><\/p>\n<p>&nbsp;<\/p>\n<ol start=\"18\">\n<li><strong> Voc\u00ea controla Informantes de Cozinha e Aves do Para\u00edso. Voc\u00ea joga Vantagem Abzan tendo o oponente como alvo e declarando que voc\u00ea utilizar\u00e1 o revigorar em Aves do Para\u00edso. Seu oponente ativa a habilidade de Xam\u00e3 de Anaba como alvo Aves do Para\u00edso em resposta, causando dano letal. Voc\u00ea pode refor\u00e7ar os Informantes de cozinha?<\/strong><\/li>\n<\/ol>\n<p><em>Sim. Revigorar faz voc\u00ea escolher a criatura quando resolve, n\u00e3o dando alvo. Se voc\u00ea fez uma sele\u00e7\u00e3o antes, voc\u00ea deve mant\u00ea-la a menos que seu oponente responda.<\/em><\/p>\n<p>&nbsp;<\/p>\n<ol start=\"19\">\n<li><strong> Voc\u00ea conjura Elfo Tran\u00e7as-de-Sangue. Quando voc\u00ea est\u00e1 resolvendo sua cascata, o primeiro card n\u00e3o-terreno que custa menos do que o elfo depois de exilar 5 cartas, \u00e9 um card de m\u00e1gica instant\u00e2nea que voc\u00ea n\u00e3o quer conjurar. O que acontece?<\/strong><\/li>\n<\/ol>\n<p><em>Voc\u00ea n\u00e3o tem que faz\u00ea-lo. Cascata permite que voc\u00ea escolha conjurar ou n\u00e3o. Se voc\u00ea optar por n\u00e3o conjurar, o card ir\u00e1 para o fundo do grim\u00f3rio em ordem aleat\u00f3ria com o resto das cartas exilados desta forma.<\/em><\/p>\n<p><em>\u00a0<\/em><\/p>\n<ol start=\"20\">\n<li><strong> Albert declara que ataca com um Nexo de Mosco-Tintas, que se tornou uma criatura durante a sua primeira fase principal, e ele tamb\u00e9m ataca com um Goblin de Fenda Negra. Nigel conjura Acorde do Chamado com X = 2 e quando ele resolve o feiti\u00e7o, ele revela uma Melira, P\u00e1ria Silvoque e a coloca no campo de batalha. O que acontece com o dano causado por Nexo de Mosco-Tintas e Goblin de Fenda Negra? O que acontece se Albert ativa a habilidade do Nexo novamente?<\/strong><\/li>\n<\/ol>\n<p><em>Ambas as criaturas atribuem danos de combate normal porque perdem infectar devido ao efeito de Melira. Esta altera\u00e7\u00e3o ocorre na camada 6. No caso do Nexus, h\u00e1 2 efeitos aplicando na mesma camada, sua pr\u00f3pria habilidade que concede ao terreno Infectar e a habilidade de Melira que faz com que ela perca infectar. O selo temporal determina qual efeito prevalece, neste caso, o efeito de Melira tem um selo temporal mais recente, e assim prevalece.<\/em><\/p>\n<p><em>Se Albert ativar a habilidade do Nexo novamente, haver\u00e1 3 efeitos aplicando na camada 6 para o terreno. O selo temporal ir\u00e1 determinar qual efeito prevalece, assim como o primeiro cen\u00e1rio. Primeiro, a criatura ganha voar e infectar por causa da ativa\u00e7\u00e3o inicial de sua habilidade, ent\u00e3o ela perde infectar porque o efeito de Melira tem um selo temporal mais recente. Finalmente ganha infectar e voar novamente por causa da ativa\u00e7\u00e3o de sua habilidade pela segunda vez, este tem o selo temporal mais recente dos efeitos. Quando ele causa dano, ele o atribui, mas o efeito de Melira n\u00e3o permite que seu controlador tenha marcadores de veneno ou suas criaturas com marcadores -1 \/ -1 sobre eles, ent\u00e3o mesmo que ele atribua dano com infectar, o resultado \u00e9 que os marcadores de veneno s\u00e3o n\u00e3o ganhos por Nigel; Se a criatura tivesse um v\u00ednculo com a \u00a0vida, por exemplo, Albert ganharia vida mesmo se os marcadores de veneno n\u00e3o forem ganhos por Nigel, porque o Nexo est\u00e1 causando dano.<\/em><\/p>\n<p>&nbsp;<\/p>\n<ol start=\"21\">\n<li><strong> Voc\u00ea controla uma Zada, Moedora de Edros, duas Lan\u00e7a Veloz do Monast\u00e9rio e um Sol\u00edfugo Gigante. Durante a sua primeira fase principal, voc\u00ea conjura For\u00e7a do Tit\u00e3 visando Zada, desencadeando sua habilidade. Como ficar\u00e1 a pilha? Como resolver\u00e1 a Vid\u00eancia? Quantas vezes Destreza Desencadeia?<\/strong><\/li>\n<\/ol>\n<p><em>A habilidade desencadeada de Zada \u200b\u200be a habilidade de destreza de cada Lan\u00e7a Veloz ser\u00e3o colocadas na pilha, em cima da For\u00e7a de Tit\u00e3 na ordem de sua escolha, porque eles desencadeiam ao mesmo tempo. Quando a habilidade de Zada \u200b\u200bfor resolvida, colocar\u00e1 2 c\u00f3pias da For\u00e7a de Tit\u00e3 no topo da pilha; Um para cada Lan\u00e7a Veloz. A m\u00e1gica n\u00e3o pode ter como alvo o Sol\u00edfugo porque tem Manto, portanto, nenhuma c\u00f3pia \u00e9 criada para ele. As c\u00f3pias ser\u00e3o resolvidas uma a uma. Vid\u00eancia 1 para cada uma delas como o texto instrui. Destreza s\u00f3 desencadeia uma vez para cada Lan\u00e7a Veloz porque as c\u00f3pias n\u00e3o foram conjuradas, portanto, somente a for\u00e7a do Tit\u00e3 original desencadeia a habilidade.<\/em><\/p>\n<p>&nbsp;<\/p>\n<ol start=\"22\">\n<li><strong> Antony controla Desprezador de M\u00e1gica e Devastador Arconexo. Seu oponente conjura Eletrolisar visando ambas as criaturas. Antony pode ativar a habilidade de Desprezador de M\u00e1gica para redirecionar ambos os pontos de dano para Desprezador de M\u00e1gica? Alguma coisa mudaria se em vez de Eletrolisar, seu oponente conjura o Comando de Kolaghan escolhendo causar 2 pontos de dano e destruir um artefato? E se fosse Trilha de Arco El\u00e9trico?<\/strong><\/li>\n<\/ol>\n<p><em>Eletrolisar foi colocado na pilha como uma m\u00e1gica com 2 alvos, \u00e9 poss\u00edvel ativar a habilidade da Desprezador de M\u00e1gica, mas n\u00e3o far\u00e1 nada quando a m\u00e1gica resolver. Isso \u00e9 porque ele iria alterar a quantidade de alvos que Eletrolisar tinha na pilha o que \u00e9 ilegal. H\u00e1 uma segunda restri\u00e7\u00e3o que afeta este caso, uma magia ou habilidade n\u00e3o pode escolher para um alvo um objeto mais de uma vez para cada inst\u00e2ncia de &#8220;alvo&#8221; em seu texto.<\/em><\/p>\n<p><em>O Comando de Kolaghan pode ser redirecionado; Isso ocorre porque cada um de seus efeitos requer um alvo. Desprezador de M\u00e1gica pode ser selecionado como alvo para cada uma das duas inst\u00e2ncias de &#8220;alvo&#8221;; \u00c9 um artefato e uma criatura.<\/em><\/p>\n<p><em>Trilha de Arco El\u00e9trico tamb\u00e9m tem duas inst\u00e2ncias de &#8220;alvo&#8221; em seu texto, mas o card vem com uma restri\u00e7\u00e3o, ele diz &#8220;outra criatura alvo&#8221; para seu segundo alvo; A habilidade de Desprezador de M\u00e1gica pode ser ativada, mas n\u00e3o ter\u00e1 efeito quando a m\u00e1gica for resolvida.<\/em><\/p>\n<p>&nbsp;<\/p>\n<ol start=\"23\">\n<li><strong> Abdul controla Bogle Escorregadio encantado por 2 Rancor. Ele conjura Armadura Et\u00e9rea visando o Bogle. Nashif ativa a habilidade de Desprezador de M\u00e1gica para redirecionar a Armadura em resposta. O que acontece?<\/strong><\/li>\n<\/ol>\n<p><em>\u00a0Quando a habilidade de Desprezador de M\u00e1gica for resolvida, ela redirecionar\u00e1 o alvo de Armadura Et\u00e9rea para si mesmo; As auras t\u00eam um alvo quando s\u00e3o conjuradas. Em seguida, a aura ir\u00e1 resolver encantando Desprezador de M\u00e1gica e tornando-se uma criatura 3\/7 com Iniciativa. Isso ocorre porque o controlador de Armadura Et\u00e9rea ainda \u00e9 Abdul e ele controla 3 encantamentos, os benef\u00edcios da armadura dependem do controlador da aura, n\u00e3o do controlador da criatura encantada.<\/em><\/p>\n<p><em>\u00a0<\/em><\/p>\n<p><strong><div class=\"alert alert-info\" role=\"alert\"> Cr\u00e9ditos da vers\u00e3o traduzida<\/strong><\/p>\n<p>Equipe de tradu\u00e7\u00e3o original: Ricardo Leite, Jo\u00e3o Ricardo Xavier, Jo\u00e3o Ricardo Motta, Daniel Nobre Saleh.<strong><\/div><\/strong><\/p>\n<p><em>\u00a0<\/em><\/p>\n<p>&nbsp;<\/p>\n","protected":false},"excerpt":{"rendered":"<p>Antoine controla uma Trinesfera desvirada e conjura um Porteiro de Malakir com refor\u00e7ar. Quanto Antoine tem que pagar para conjurar o Porteiro? Tr\u00eas manas pretas. Quando o custo total \u00e9 determinado, leva em considera\u00e7\u00e3o o custo de refor\u00e7o que ser\u00e1 pago; Portanto, o efeito de Trinesfera n\u00e3o se aplica pois o custo total para conjur\u00e1-lo [&hellip;]<\/p>\n","protected":false},"author":28,"featured_media":0,"parent":196,"menu_order":0,"comment_status":"closed","ping_status":"closed","template":"","meta":{"footnotes":"","_links_to":"","_links_to_target":""},"language":[12],"class_list":["post-231","page","type-page","status-publish","hentry","language-pt_br"],"_links":{"self":[{"href":"https:\/\/blogs.magicjudges.org\/judgeclasses\/wp-json\/wp\/v2\/pages\/231","targetHints":{"allow":["GET"]}}],"collection":[{"href":"https:\/\/blogs.magicjudges.org\/judgeclasses\/wp-json\/wp\/v2\/pages"}],"about":[{"href":"https:\/\/blogs.magicjudges.org\/judgeclasses\/wp-json\/wp\/v2\/types\/page"}],"author":[{"embeddable":true,"href":"https:\/\/blogs.magicjudges.org\/judgeclasses\/wp-json\/wp\/v2\/users\/28"}],"replies":[{"embeddable":true,"href":"https:\/\/blogs.magicjudges.org\/judgeclasses\/wp-json\/wp\/v2\/comments?post=231"}],"version-history":[{"count":7,"href":"https:\/\/blogs.magicjudges.org\/judgeclasses\/wp-json\/wp\/v2\/pages\/231\/revisions"}],"predecessor-version":[{"id":644,"href":"https:\/\/blogs.magicjudges.org\/judgeclasses\/wp-json\/wp\/v2\/pages\/231\/revisions\/644"}],"up":[{"embeddable":true,"href":"https:\/\/blogs.magicjudges.org\/judgeclasses\/wp-json\/wp\/v2\/pages\/196"}],"wp:attachment":[{"href":"https:\/\/blogs.magicjudges.org\/judgeclasses\/wp-json\/wp\/v2\/media?parent=231"}],"wp:term":[{"taxonomy":"language","embeddable":true,"href":"https:\/\/blogs.magicjudges.org\/judgeclasses\/wp-json\/wp\/v2\/language?post=231"}],"curies":[{"name":"wp","href":"https:\/\/api.w.org\/{rel}","templated":true}]}}