{"id":38,"date":"2016-08-04T20:00:19","date_gmt":"2016-08-04T20:00:19","guid":{"rendered":"http:\/\/blogs.magicjudges.org\/judgeclasses\/?page_id=38"},"modified":"2017-06-28T12:23:29","modified_gmt":"2017-06-28T12:23:29","slug":"class-2-questions-es","status":"publish","type":"page","link":"https:\/\/blogs.magicjudges.org\/judgeclasses\/spanish\/class-2-questions-es\/","title":{"rendered":"Clase 2 &#8211; Preguntas"},"content":{"rendered":"<p style=\"text-align: right\"><em>\u00daltima actualizaci\u00f3n: 17 de junio de 2016<\/em><\/p>\n<ol>\n<li>\u00bfQu\u00e9 tipos de permanentes hay?<\/li>\n<li>\u00bfUna ficha de elfo se ve afectada por un efecto que diga \u201cdestruye todos los permanentes\u201d?<\/li>\n<li>Tengo 10 fichas de Trasgo creadas con un <a href=\"https:\/\/blogs.magicjudges.org\/judgeclasses\/wp-content\/plugins\/lems-mtg-helper\/lems-mtg-helper-cardfinder.php?find=Vaciar+los+barracones&width=223&height=310\" class=\"jTip\" name=\"\">Vaciar los barracones<\/a>, y 3 creadas por un <a href=\"https:\/\/blogs.magicjudges.org\/judgeclasses\/wp-content\/plugins\/lems-mtg-helper\/lems-mtg-helper-cardfinder.php?find=Comandante+de+sitiadores&width=223&height=310\" class=\"jTip\" name=\"\">Comandante de sitiadores<\/a>. Mi oponente lanza <a href=\"https:\/\/blogs.magicjudges.org\/judgeclasses\/wp-content\/plugins\/lems-mtg-helper\/lems-mtg-helper-cardfinder.php?find=Pulso+del+remolino&width=223&height=310\" class=\"jTip\" name=\"\">Pulso del remolino<\/a> del a una de las fichas del Comandante de sitiadores. \u00bfC\u00f3mo queda la mesa?<\/li>\n<li>\u00bfQu\u00e9 pasa si un efecto intenta poner un instant\u00e1neo en la mesa?<\/li>\n<li>\u00bfQu\u00e9 estatus tiene un permanente? \u00bfCu\u00e1les son los estatus por defecto?<\/li>\n<li>Un <a href=\"https:\/\/blogs.magicjudges.org\/judgeclasses\/wp-content\/plugins\/lems-mtg-helper\/lems-mtg-helper-cardfinder.php?find=Alcalde+de+Avabruck&width=223&height=310\" class=\"jTip\" name=\"\">Alcalde de Avabruck<\/a>, \u00bfqu\u00e9 estatus puede tener?<\/li>\n<li>\u00bfCu\u00e1les son las zonas que hay en una partida de Magic? \u00bfCu\u00e1les son las m\u00e1s usadas? \u00bfCu\u00e1les de ellas son zonas ocultas? \u00bfCu\u00e1les son compartidas?<\/li>\n<li>Si busco en una zona oculta, \u00bfestoy obligado a encontrar? Ponme un ejemplo.<\/li>\n<li>\u00bfPuedo tener varios cementerios?<\/li>\n<li>\u00bfPuedo reordenar mi cementerio?<\/li>\n<li>\u00bfEn qu\u00e9 orden se resuelven los hechizos en la pila?<\/li>\n<li>\u00bfC\u00f3mo se colocan los objetos en la pila? Y si se creasen varios objetos al mismo tiempo, \u00bfc\u00f3mo se colocar\u00edan? Y si se creasen varios objetos por parte de ambos jugadores, \u00bfc\u00f3mo se colocar\u00edan?<\/li>\n<li>\u00bfQu\u00e9 habilidades activadas no usan la pila?<\/li>\n<li>\u00bfQu\u00e9 otras acciones, que no sean habilidades, puedes tomar que no usan la pila?<\/li>\n<li>Si lanzo un <a href=\"https:\/\/blogs.magicjudges.org\/judgeclasses\/wp-content\/plugins\/lems-mtg-helper\/lems-mtg-helper-cardfinder.php?find=Abrazo+krosano&width=223&height=310\" class=\"jTip\" name=\"\">Abrazo krosano<\/a> al <a href=\"https:\/\/blogs.magicjudges.org\/judgeclasses\/wp-content\/plugins\/lems-mtg-helper\/lems-mtg-helper-cardfinder.php?find=Pacifismo&width=223&height=310\" class=\"jTip\" name=\"\">Pacifismo<\/a> de mi oponente, \u00bfpuedo responder en alg\u00fan momento? \u00bfQu\u00e9 pasar\u00eda si tengo un <a href=\"https:\/\/blogs.magicjudges.org\/judgeclasses\/wp-content\/plugins\/lems-mtg-helper\/lems-mtg-helper-cardfinder.php?find=Fuego+castigador&width=223&height=310\" class=\"jTip\" name=\"\">Fuego castigador<\/a> en el cementerio y activo <a href=\"https:\/\/blogs.magicjudges.org\/judgeclasses\/wp-content\/plugins\/lems-mtg-helper\/lems-mtg-helper-cardfinder.php?find=Arboleda+de+los+sauces+ardientes&width=223&height=310\" class=\"jTip\" name=\"\">Arboleda de los sauces ardientes<\/a> para sacar mana verde mientras el Abrazo krosano est\u00e1 en pila?<\/li>\n<li>Si un efecto dice \u201cdevuelve dos cartas a la parte superior de la biblioteca\u201d, \u00bfen qu\u00e9 orden vuelven? \u00bfQui\u00e9n elige ese orden?<\/li>\n<li>Si tengo una <a href=\"https:\/\/blogs.magicjudges.org\/judgeclasses\/wp-content\/plugins\/lems-mtg-helper\/lems-mtg-helper-cardfinder.php?find=Cazadora+de+Krufix&width=223&height=310\" class=\"jTip\" name=\"\">Cazadora de Krufix<\/a> en campo de batalla y lanzo un <a href=\"https:\/\/blogs.magicjudges.org\/judgeclasses\/wp-content\/plugins\/lems-mtg-helper\/lems-mtg-helper-cardfinder.php?find=Inspiraci%C3%B3n+s%C3%BAbita&width=223&height=310\" class=\"jTip\" name=\"\">Inspiraci\u00f3n s\u00fabita<\/a>, \u00bfqu\u00e9 cartas ver\u00eda mi oponente durante y al finalizar la resoluci\u00f3n del hechizo?<\/li>\n<li>Si teniendo una <a href=\"https:\/\/blogs.magicjudges.org\/judgeclasses\/wp-content\/plugins\/lems-mtg-helper\/lems-mtg-helper-cardfinder.php?find=Cazadora+de+Krufix&width=223&height=310\" class=\"jTip\" name=\"\">Cazadora de Krufix<\/a> en campo de batalla lanzo un <a href=\"https:\/\/blogs.magicjudges.org\/judgeclasses\/wp-content\/plugins\/lems-mtg-helper\/lems-mtg-helper-cardfinder.php?find=Reflexionar&width=223&height=310\" class=\"jTip\" name=\"\">Reflexionar<\/a>, \u00bfqu\u00e9 cartas ver\u00eda mi oponente durante y al finalizar la resoluci\u00f3n del hechizo?<\/li>\n<li>\u00bfCu\u00e1les son las cartas \u201cfuera del juego\u201d?<\/li>\n<li>Si tengo un <a href=\"https:\/\/blogs.magicjudges.org\/judgeclasses\/wp-content\/plugins\/lems-mtg-helper\/lems-mtg-helper-cardfinder.php?find=Karn+liberado&width=223&height=310\" class=\"jTip\" name=\"\">Karn liberado<\/a> y exilio una carta de mi oponente, \u00bfse exilia boca arriba o boca abajo? \u00bfY si lo hiciese con una <a href=\"https:\/\/blogs.magicjudges.org\/judgeclasses\/wp-content\/plugins\/lems-mtg-helper\/lems-mtg-helper-cardfinder.php?find=Chandra%2C+piromaestra&width=223&height=310\" class=\"jTip\" name=\"\">Chandra, piromaestra<\/a>?<\/li>\n<li>Si activo un <a href=\"https:\/\/blogs.magicjudges.org\/judgeclasses\/wp-content\/plugins\/lems-mtg-helper\/lems-mtg-helper-cardfinder.php?find=Cham%C3%A1n+rito+mortal&width=223&height=310\" class=\"jTip\" name=\"\">Cham\u00e1n rito mortal<\/a> haciendo objetivo a mi <a href=\"https:\/\/blogs.magicjudges.org\/judgeclasses\/wp-content\/plugins\/lems-mtg-helper\/lems-mtg-helper-cardfinder.php?find=Agravio+antiguo&width=223&height=310\" class=\"jTip\" name=\"\">Agravio antiguo<\/a> y en respuesta lanzo el Agravio antiguo por su coste de retrospectiva, \u00bfqu\u00e9 pasa cuando se resuelve la habilidad del cham\u00e1n?<\/li>\n<li>Si lanzo un <a href=\"https:\/\/blogs.magicjudges.org\/judgeclasses\/wp-content\/plugins\/lems-mtg-helper\/lems-mtg-helper-cardfinder.php?find=Cuchilla+fatal&width=223&height=310\" class=\"jTip\" name=\"\">Cuchilla fatal<\/a> al <a href=\"https:\/\/blogs.magicjudges.org\/judgeclasses\/wp-content\/plugins\/lems-mtg-helper\/lems-mtg-helper-cardfinder.php?find=Tit%C3%A1n+primigenio&width=223&height=310\" class=\"jTip\" name=\"\">Tit\u00e1n primigenio<\/a> de mi oponente y en respuesta lo exilia y regresa al campo de batalla con la habilidad de un <a href=\"https:\/\/blogs.magicjudges.org\/judgeclasses\/wp-content\/plugins\/lems-mtg-helper\/lems-mtg-helper-cardfinder.php?find=%C3%81ngel+de+la+restituci%C3%B3n&width=223&height=310\" class=\"jTip\" name=\"\">\u00c1ngel de la restituci\u00f3n<\/a>, \u00bfqu\u00e9 pasar\u00e1 con la Cuchilla fatal?<\/li>\n<\/ol>\n","protected":false},"excerpt":{"rendered":"<p>\u00daltima actualizaci\u00f3n: 17 de junio de 2016 \u00bfQu\u00e9 tipos de permanentes hay? \u00bfUna ficha de elfo se ve afectada por un efecto que diga \u201cdestruye todos los permanentes\u201d? Tengo 10 fichas de Trasgo creadas con un , y 3 creadas por un . Mi oponente lanza del a una de las fichas del Comandante de [&hellip;]<\/p>\n","protected":false},"author":28,"featured_media":0,"parent":188,"menu_order":0,"comment_status":"closed","ping_status":"closed","template":"","meta":{"footnotes":"","_links_to":"","_links_to_target":""},"language":[5],"class_list":["post-38","page","type-page","status-publish","hentry","language-es_es"],"_links":{"self":[{"href":"https:\/\/blogs.magicjudges.org\/judgeclasses\/wp-json\/wp\/v2\/pages\/38","targetHints":{"allow":["GET"]}}],"collection":[{"href":"https:\/\/blogs.magicjudges.org\/judgeclasses\/wp-json\/wp\/v2\/pages"}],"about":[{"href":"https:\/\/blogs.magicjudges.org\/judgeclasses\/wp-json\/wp\/v2\/types\/page"}],"author":[{"embeddable":true,"href":"https:\/\/blogs.magicjudges.org\/judgeclasses\/wp-json\/wp\/v2\/users\/28"}],"replies":[{"embeddable":true,"href":"https:\/\/blogs.magicjudges.org\/judgeclasses\/wp-json\/wp\/v2\/comments?post=38"}],"version-history":[{"count":5,"href":"https:\/\/blogs.magicjudges.org\/judgeclasses\/wp-json\/wp\/v2\/pages\/38\/revisions"}],"predecessor-version":[{"id":50,"href":"https:\/\/blogs.magicjudges.org\/judgeclasses\/wp-json\/wp\/v2\/pages\/38\/revisions\/50"}],"up":[{"embeddable":true,"href":"https:\/\/blogs.magicjudges.org\/judgeclasses\/wp-json\/wp\/v2\/pages\/188"}],"wp:attachment":[{"href":"https:\/\/blogs.magicjudges.org\/judgeclasses\/wp-json\/wp\/v2\/media?parent=38"}],"wp:term":[{"taxonomy":"language","embeddable":true,"href":"https:\/\/blogs.magicjudges.org\/judgeclasses\/wp-json\/wp\/v2\/language?post=38"}],"curies":[{"name":"wp","href":"https:\/\/api.w.org\/{rel}","templated":true}]}}