{"id":40,"date":"2016-08-04T20:01:48","date_gmt":"2016-08-04T20:01:48","guid":{"rendered":"http:\/\/blogs.magicjudges.org\/judgeclasses\/?page_id=40"},"modified":"2017-06-28T12:23:34","modified_gmt":"2017-06-28T12:23:34","slug":"class-2-answers-es","status":"publish","type":"page","link":"https:\/\/blogs.magicjudges.org\/judgeclasses\/spanish\/class-2-answers-es\/","title":{"rendered":"Clase 2 &#8211; Respuestas"},"content":{"rendered":"<p style=\"text-align: right\"><em>\u00daltima actualizaci\u00f3n: 17 de junio de 2016<\/em><\/p>\n<ol>\n<li><strong> \u00bfQu\u00e9 tipos de permanentes hay?<\/strong><\/li>\n<\/ol>\n<p><em>Hay cinco: Tierra, Criatura, Encantamiento, Artefacto y Planeswalker.<\/em><\/p>\n<p>&nbsp;<\/p>\n<ol start=\"2\">\n<li><strong> \u00bfUna ficha de elfo se ve afectada por un efecto que diga \u201cdestruye todos los permanentes\u201d?<\/strong><\/li>\n<\/ol>\n<p><em>Las fichas no son \u201ccartas\u201d, pero sin duda son permanentes, as\u00ed que s\u00ed, ser\u00eda destruida.<\/em><\/p>\n<p>&nbsp;<\/p>\n<ol start=\"3\">\n<li><strong> Tengo 10 fichas de Trasgo creadas con un Vaciar los barracones, y 3 creadas por un Comandante de sitiadores. Mi oponente lanza Pulso del remolino del a una de las fichas del Comandante de sitiadores. \u00bfC\u00f3mo queda la mesa?<\/strong><\/li>\n<\/ol>\n<p><em>Tanto las fichas creadas por el Vaciar los barracones como por el Comandante tienen por nombre y caracter\u00edsticas las que les d\u00e9 el efecto que los cre\u00f3, a menos que algo diga lo contrario, por lo que todas son fichas llamadas Trasgo, y ser\u00edan destruidas debido al Pulso.<\/em><\/p>\n<p>&nbsp;<\/p>\n<ol start=\"4\">\n<li><strong> \u00bfQu\u00e9 pasa si un efecto intenta poner un instant\u00e1neo en la mesa?<\/strong><\/li>\n<\/ol>\n<p><em>Que en su lugar permanece en la zona en la que se encontrase previamente.<\/em><\/p>\n<p>&nbsp;<\/p>\n<ol start=\"5\">\n<li><strong> \u00bfQu\u00e9 estatus tiene un permanente? \u00bfCu\u00e1les son los estatus por defecto?<\/strong><\/li>\n<\/ol>\n<p><em>Los estatus son Girado\/Enderezado, Boca arriba\/Boca abajo, Invertido\/No invertido, y en Fase\/Fuera de fase. Los estatus por defecto son enderezado, boca arriba, no invertido, y en fase.<\/em><\/p>\n<p>&nbsp;<\/p>\n<ol start=\"6\">\n<li><strong> Un Alcalde de Avabruck, \u00bfqu\u00e9 estatus puede tener?<\/strong><\/li>\n<\/ol>\n<p><em>Todos. Antes puede que no, cierto, pero desde el cambio de reglas con Destino reescrito, las cartas de doble cara pueden ser manifestadas y por tanto pueden tener el estatus de boca abajo, utilizando para ello una checklist.<\/em><\/p>\n<p>&nbsp;<\/p>\n<ol start=\"7\">\n<li><strong> \u00bfCu\u00e1les son las zonas que hay en una partida de Magic? \u00bfCu\u00e1les son las m\u00e1s usadas? \u00bfCu\u00e1les de ellas son zonas ocultas? \u00bfCu\u00e1les son compartidas?<\/strong><\/li>\n<\/ol>\n<p><em>Biblioteca, Mano, Campo de batalla, Cementerio, Pila, Exilio, Mando, y Apuesta. Las habituales son las siete primeras, las ocultas son Mano y Biblioteca, y las compartidas son todas las zonas p\u00fablicas excepto los cementerios.<\/em><\/p>\n<p>&nbsp;<\/p>\n<ol start=\"8\">\n<li><strong> Si busco en una zona oculta, \u00bfestoy obligado a encontrar? Ponme un ejemplo.<\/strong><\/li>\n<\/ol>\n<p><em>Est\u00e1s obligado a encontrar, a menos que la b\u00fasqueda especifique una caracter\u00edstica concreta, como color o tipo; si nos lo especifican, podemos escoger no encontrar alguna o todas de las cartas buscadas.<\/em><\/p>\n<p><em>Por ejemplo, con un Tutor diab\u00f3lico estamos obligados a encontrar, pero con un Regalos no entregados podemos elegir no encontrar varias de las cartas.<\/em><\/p>\n<ol start=\"9\">\n<li><strong> \u00bfPuedo tener varios cementerios?<\/strong><\/li>\n<\/ol>\n<p><em>No, s\u00f3lo puedes tener uno.<\/em><\/p>\n<p>&nbsp;<\/p>\n<ol start=\"10\">\n<li><strong> \u00bfPuedo reordenar mi cementerio?<\/strong><\/li>\n<\/ol>\n<p><em>S\u00ed, siempre y cuando no est\u00e9s jugando en un formato que incluya colecciones que contengan cartas para las cuales sea relevante el orden del cementerio. Eso suele englobar normalmente todas las colecciones anteriores a Saga de Urza.<\/em><\/p>\n<p>&nbsp;<\/p>\n<ol start=\"11\">\n<li><strong> \u00bfEn qu\u00e9 orden se resuelven los hechizos en la pila?<\/strong><\/li>\n<\/ol>\n<p><em>En orden inverso al que fueron colocados en ella, empezando por el \u00faltimo que se agreg\u00f3, y terminando por el primero.<\/em><\/p>\n<p>&nbsp;<\/p>\n<ol start=\"12\">\n<li><strong> \u00bfC\u00f3mo se colocan los objetos en la pila? Y si se creasen varios objetos al mismo tiempo, \u00bfc\u00f3mo se colocar\u00edan? Y si se creasen varios objetos por parte de ambos jugadores, \u00bfc\u00f3mo se colocar\u00edan?<\/strong><\/li>\n<\/ol>\n<p><em>Los objetos se colocan en orden inverso al que son lanzados, poniendo encima los objetos m\u00e1s recientes, y abajo los primeros.<\/em><\/p>\n<p><em>Si se creasen varios objetos al mismo tiempo, como las habilidades disparadas de un Artistas de sangre muriendo debido a una Ira de dios junto a varias criaturas m\u00e1s, su controlador escoger\u00eda el orden por el que se resuelven.<\/em><\/p>\n<p><em>Si se creasen varios objetos al mismo tiempo, como las habilidades disparadas de dos Artistas de sangre controlados cada uno por un jugador, junto a varias criaturas m\u00e1s por cada bando, que mueren debido a una Ira de dios, primero ir\u00edan a la pila las habilidades del jugador activo por el orden que quisiera, y despu\u00e9s las del jugador no activo, por el orden que quiera.<\/em><\/p>\n<p>&nbsp;<\/p>\n<ol start=\"13\">\n<li><strong> \u00bfQu\u00e9 habilidades activadas no usan la pila?<\/strong><\/li>\n<\/ol>\n<p><em>Las habilidades de man\u00e1.<\/em><\/p>\n<p>&nbsp;<\/p>\n<ol start=\"14\">\n<li><strong> \u00bfQu\u00e9 otras acciones, que no sean habilidades, puedes tomar que no usan la pila?<\/strong><\/li>\n<\/ol>\n<p><em>&#8211; Suspender una carta.<\/em><\/p>\n<p><em>&#8211; Poner boca arriba una criatura con metamorfosis.<\/em><\/p>\n<p><em>&#8211; Jugar la tierra del turno.<\/em><\/p>\n<p><em>&#8211; Pagar para poder tomar una acci\u00f3n o evitar un efecto (como la Prisi\u00f3n fantasmag\u00f3rica o el \u00c1rbitro leonino), o pagar para evitar el efecto de una habilidad disparada retrasada (como la del Fuego extinguible).<\/em><\/p>\n<p><strong><br \/>\n<\/strong><\/p>\n<p><strong>\u00a0<\/strong><\/p>\n<ol start=\"15\">\n<li><strong> Si lanzo un Abrazo krosano al Pacifismo de mi oponente, \u00bfpuedo responder en alg\u00fan momento? \u00bfQu\u00e9 pasar\u00eda si tengo un Fuego castigador en el cementerio y activo Arboleda de los sauces ardientes para sacar mana verde mientras el Abrazo krosano est\u00e1 en pila?<\/strong><\/li>\n<\/ol>\n<p><em>Podr\u00edas realizar acciones especiales, como poner boca arriba un Doblegavoluntades, pero no podr\u00edas activar habilidades ni lanzar hechizos.<\/em><\/p>\n<p><em>Si activas la Arboleda, la habilidad del Fuego castigador se disparar\u00eda, y podr\u00edas elegir pagar el mana para devolv\u00e9rtelo, incluso aunque el Abrazo krosano est\u00e1 en pila, ya que es una habilidad disparada, y la Fracci\u00f3n de segundo lo que proh\u00edbe es que se lancen hechizos o activen habilidades.<\/em><\/p>\n<p>&nbsp;<\/p>\n<ol start=\"16\">\n<li><strong> Si un efecto dice \u201cdevuelve dos cartas a la parte superior de la biblioteca\u201d, \u00bfen qu\u00e9 orden vuelven? \u00bfQui\u00e9n elige ese orden?<\/strong><\/li>\n<\/ol>\n<p><em>Las cartas vuelven en el orden que el propietario de las cartas elija.<\/em><\/p>\n<p>&nbsp;<\/p>\n<ol start=\"17\">\n<li><strong> Si tengo una Cazadora de Krufix en campo de batalla y lanzo un Inspiraci\u00f3n s\u00fabita, \u00bfqu\u00e9 cartas ver\u00eda mi oponente durante y al finalizar la resoluci\u00f3n del hechizo?<\/strong><\/li>\n<\/ol>\n<p><em>Ver\u00e1 las tres cartas que robo, la carta siguiente a la tercera que robe, y una vez devuelva las dos cartas de mi mano, la superior. Esto se debe a que los robos son sucesos independientes, pero el devolver cartas a la biblioteca es una \u00fanica acci\u00f3n.<\/em><\/p>\n<p>&nbsp;<\/p>\n<ol start=\"18\">\n<li><strong> Si teniendo una Cazadora de Krufix en campo de batalla lanzo un Reflexionar, \u00bfqu\u00e9 cartas ver\u00eda mi oponente durante y al finalizar la resoluci\u00f3n del hechizo?<\/strong><\/li>\n<\/ol>\n<p><em>Tras mirar las tres cartas, ver\u00eda la que queda en la parte superior. Despu\u00e9s, si barajo, ver\u00eda la carta superior. Finalmente, tras el robo, ver\u00eda la que quede en la parte superior de la biblioteca.<\/em><\/p>\n<p>&nbsp;<\/p>\n<ol start=\"19\">\n<li><strong> \u00bfCu\u00e1les son las cartas \u201cfuera del juego\u201d?<\/strong><\/li>\n<\/ol>\n<p><em>Aquellas que no est\u00e1n en ninguna de las ocho zonas del juego.<\/em><\/p>\n<p>&nbsp;<\/p>\n<ol start=\"20\">\n<li><strong> Si tengo un Karn liberado y exilio una carta de mi oponente, \u00bfse exilia boca arriba o boca abajo? \u00bfY si lo hiciese con una Chandra, piromaestra?<\/strong><\/li>\n<\/ol>\n<p><em>Dado que la habilidad no dice nada, se exilia boca arriba en ambos casos.<\/em><\/p>\n<p>&nbsp;<\/p>\n<ol start=\"21\">\n<li><strong> Si activo un Cham\u00e1n rito mortal haciendo objetivo a mi Agravio antiguo y en respuesta lanzo el Agravio antiguo por su coste de retrospectiva, \u00bfqu\u00e9 pasa cuando se resuelve la habilidad del cham\u00e1n?<\/strong><\/li>\n<\/ol>\n<p><em>Que se contrarresta en resoluci\u00f3n, dado que ha perdido el \u00fanico objetivo que ten\u00eda.<\/em><\/p>\n<p><strong>\u00a0<\/strong><\/p>\n<ol start=\"22\">\n<li><strong> Si lanzo un Cuchilla fatal al Tit\u00e1n primigenio de mi oponente y en respuesta lo exilia y regresa al campo de batalla con la habilidad de un \u00c1ngel de la restituci\u00f3n, \u00bfqu\u00e9 pasar\u00e1 con la Cuchilla fatal?<\/strong><\/li>\n<\/ol>\n<p><em>Al cambiar de zona los permanentes se consideran objetos distintos, por lo tanto el Tit\u00e1n al que lanzaron la Cuchilla \u201cno es el mismo\u201d que el que vuelve tras pesta\u00f1ear debido al \u00c1ngel, y por tanto el hechizo se contrarrestar\u00e1 en resoluci\u00f3n al haber perdido su objetivo.<\/em><\/p>\n","protected":false},"excerpt":{"rendered":"<p>\u00daltima actualizaci\u00f3n: 17 de junio de 2016 \u00bfQu\u00e9 tipos de permanentes hay? Hay cinco: Tierra, Criatura, Encantamiento, Artefacto y Planeswalker. &nbsp; \u00bfUna ficha de elfo se ve afectada por un efecto que diga \u201cdestruye todos los permanentes\u201d? Las fichas no son \u201ccartas\u201d, pero sin duda son permanentes, as\u00ed que s\u00ed, ser\u00eda destruida. &nbsp; Tengo 10 [&hellip;]<\/p>\n","protected":false},"author":28,"featured_media":0,"parent":188,"menu_order":0,"comment_status":"closed","ping_status":"closed","template":"","meta":{"footnotes":"","_links_to":"","_links_to_target":""},"language":[5],"class_list":["post-40","page","type-page","status-publish","hentry","language-es_es"],"_links":{"self":[{"href":"https:\/\/blogs.magicjudges.org\/judgeclasses\/wp-json\/wp\/v2\/pages\/40","targetHints":{"allow":["GET"]}}],"collection":[{"href":"https:\/\/blogs.magicjudges.org\/judgeclasses\/wp-json\/wp\/v2\/pages"}],"about":[{"href":"https:\/\/blogs.magicjudges.org\/judgeclasses\/wp-json\/wp\/v2\/types\/page"}],"author":[{"embeddable":true,"href":"https:\/\/blogs.magicjudges.org\/judgeclasses\/wp-json\/wp\/v2\/users\/28"}],"replies":[{"embeddable":true,"href":"https:\/\/blogs.magicjudges.org\/judgeclasses\/wp-json\/wp\/v2\/comments?post=40"}],"version-history":[{"count":1,"href":"https:\/\/blogs.magicjudges.org\/judgeclasses\/wp-json\/wp\/v2\/pages\/40\/revisions"}],"predecessor-version":[{"id":41,"href":"https:\/\/blogs.magicjudges.org\/judgeclasses\/wp-json\/wp\/v2\/pages\/40\/revisions\/41"}],"up":[{"embeddable":true,"href":"https:\/\/blogs.magicjudges.org\/judgeclasses\/wp-json\/wp\/v2\/pages\/188"}],"wp:attachment":[{"href":"https:\/\/blogs.magicjudges.org\/judgeclasses\/wp-json\/wp\/v2\/media?parent=40"}],"wp:term":[{"taxonomy":"language","embeddable":true,"href":"https:\/\/blogs.magicjudges.org\/judgeclasses\/wp-json\/wp\/v2\/language?post=40"}],"curies":[{"name":"wp","href":"https:\/\/api.w.org\/{rel}","templated":true}]}}