{"id":430,"date":"2017-07-10T15:05:19","date_gmt":"2017-07-10T15:05:19","guid":{"rendered":"http:\/\/blogs.magicjudges.org\/judgeclasses\/?page_id=430"},"modified":"2017-10-22T16:26:05","modified_gmt":"2017-10-22T16:26:05","slug":"french","status":"publish","type":"page","link":"https:\/\/blogs.magicjudges.org\/judgeclasses\/french\/","title":{"rendered":"Judge Classes &#8211; Fran\u00e7ais"},"content":{"rendered":"<table style=\"height: 235px\" width=\"572\">\n<tbody>\n<tr>\n<td>Cours\u00a01<\/td>\n<td><a href=\"https:\/\/blogs.magicjudges.org\/judgeclasses\/french\/class-1-fr\/\">Structure du tour<\/a><\/td>\n<td><a href=\"https:\/\/blogs.magicjudges.org\/judgeclasses\/french\/class-1-questions-fr\/\">Questions<\/a><\/td>\n<td><a href=\"https:\/\/blogs.magicjudges.org\/judgeclasses\/french\/class-1-answers-fr\/\">R\u00e9ponses<\/a><\/td>\n<td><a href=\"http:\/\/blogs.magicjudges.org\/judgeclasses\/files\/2017\/07\/Judge-class-1.pdf\">PDF<\/a><\/td>\n<\/tr>\n<tr>\n<td>Cours 2<\/td>\n<td><a href=\"https:\/\/blogs.magicjudges.org\/judgeclasses\/french\/class-2-fr\/\">Les permanents<\/a><\/td>\n<td><a href=\"https:\/\/blogs.magicjudges.org\/judgeclasses\/french\/class-2-questions-fr\/\">Questions<\/a><\/td>\n<td><a href=\"https:\/\/blogs.magicjudges.org\/judgeclasses\/french\/class-2-answers-fr\/\">R\u00e9ponses<\/a><\/td>\n<td><a href=\"http:\/\/blogs.magicjudges.org\/judgeclasses\/files\/2017\/07\/Judge-class-2.pdf\">PDF<\/a><\/td>\n<\/tr>\n<tr>\n<td>Cours 3<\/td>\n<td><a href=\"https:\/\/blogs.magicjudges.org\/judgeclasses\/french\/class-3-fr\/\">Copier des objets<\/a><\/td>\n<td><a href=\"https:\/\/blogs.magicjudges.org\/judgeclasses\/french\/class-3-questions-fr\/\">Questions<\/a><\/td>\n<td><a href=\"https:\/\/blogs.magicjudges.org\/judgeclasses\/french\/class-3-answers-fr\/\">R\u00e9ponses<\/a><\/td>\n<td><a href=\"http:\/\/blogs.magicjudges.org\/judgeclasses\/files\/2017\/08\/Judge-class-3.pdf\">PDF<\/a><\/td>\n<\/tr>\n<tr>\n<td>Cours 4<\/td>\n<td><a href=\"https:\/\/blogs.magicjudges.org\/judgeclasses\/french\/class-4-fr\/\">Interaction d&#8217;effets continus<\/a><\/td>\n<td><a href=\"https:\/\/blogs.magicjudges.org\/judgeclasses\/french\/class-4-questions-fr\/\">Questions<\/a><\/td>\n<td><a href=\"https:\/\/blogs.magicjudges.org\/judgeclasses\/french\/class-4-answers-fr\/\">R\u00e9ponses<\/a><\/td>\n<td><a href=\"http:\/\/blogs.magicjudges.org\/judgeclasses\/files\/2017\/07\/Judge-class-4.pdf\">PDF<\/a><\/td>\n<\/tr>\n<tr>\n<td>Cours 5<\/td>\n<td><a href=\"https:\/\/blogs.magicjudges.org\/judgeclasses\/french\/class-5-fr\/\">Lancer des sorts et activer des capacit\u00e9s<\/a><\/td>\n<td><a href=\"https:\/\/blogs.magicjudges.org\/judgeclasses\/french\/class-5-questions-fr\/\">Questions<\/a><\/td>\n<td><a href=\"https:\/\/blogs.magicjudges.org\/judgeclasses\/french\/class-5-answers-fr\/\">R\u00e9ponses<\/a><\/td>\n<td style=\"text-align: left\">\u00a0<a href=\"http:\/\/blogs.magicjudges.org\/judgeclasses\/files\/2017\/07\/Judge-class-5.pdf\">PDF<\/a><\/td>\n<\/tr>\n<tr>\n<td>Cours 6<\/td>\n<td><a href=\"https:\/\/blogs.magicjudges.org\/judgeclasses\/french\/class-6-fr\/\">Actions bas\u00e9es sur un \u00e9tat<\/a><\/td>\n<td><a href=\"https:\/\/blogs.magicjudges.org\/judgeclasses\/french\/class-6-questions-fr\/\">Questions<\/a><\/td>\n<td><a href=\"https:\/\/blogs.magicjudges.org\/judgeclasses\/french\/class-6-answers-fr\/\">R\u00e9ponses<\/a><\/td>\n<td>\u00a0<a href=\"http:\/\/blogs.magicjudges.org\/judgeclasses\/files\/2017\/07\/Judge-class-6.pdf\">PDF<\/a><\/td>\n<\/tr>\n<tr>\n<td>Cours 7<\/td>\n<td><a href=\"https:\/\/blogs.magicjudges.org\/judgeclasses\/french\/class-7-fr\/\">G\u00e9rer les capacit\u00e9s d\u00e9clench\u00e9es<\/a><\/td>\n<td><a href=\"https:\/\/blogs.magicjudges.org\/judgeclasses\/french\/class-7-questions-fr\/\">Questions<\/a><\/td>\n<td><a href=\"https:\/\/blogs.magicjudges.org\/judgeclasses\/french\/class-7-answers-fr\/\">R\u00e9ponses<\/a><\/td>\n<td><\/td>\n<\/tr>\n<tr>\n<td>Cours 8<\/td>\n<td><a href=\"https:\/\/blogs.magicjudges.org\/judgeclasses\/french\/class-8-fr\/\">Comp\u00e9tences communes<\/a><\/td>\n<td><a href=\"https:\/\/blogs.magicjudges.org\/judgeclasses\/french\/class-8-questions-fr\/\">Questions<\/a><\/td>\n<td><a href=\"https:\/\/blogs.magicjudges.org\/judgeclasses\/french\/class-8-answers-fr\/\">R\u00e9ponses<\/a><\/td>\n<td><\/td>\n<\/tr>\n<\/tbody>\n<\/table>\n<p>&nbsp;<\/p>\n","protected":false},"excerpt":{"rendered":"<p>Cours\u00a01 Structure du tour Questions R\u00e9ponses PDF Cours 2 Les permanents Questions R\u00e9ponses PDF Cours 3 Copier des objets Questions R\u00e9ponses PDF Cours 4 Interaction d&#8217;effets continus Questions R\u00e9ponses PDF Cours 5 Lancer des sorts et activer des capacit\u00e9s Questions R\u00e9ponses \u00a0PDF Cours 6 Actions bas\u00e9es sur un \u00e9tat Questions R\u00e9ponses \u00a0PDF Cours 7 G\u00e9rer [&hellip;]<\/p>\n","protected":false},"author":28,"featured_media":0,"parent":0,"menu_order":0,"comment_status":"closed","ping_status":"closed","template":"","meta":{"footnotes":"","_links_to":"","_links_to_target":""},"language":[4],"class_list":["post-430","page","type-page","status-publish","hentry","language-fr_fr"],"_links":{"self":[{"href":"https:\/\/blogs.magicjudges.org\/judgeclasses\/wp-json\/wp\/v2\/pages\/430","targetHints":{"allow":["GET"]}}],"collection":[{"href":"https:\/\/blogs.magicjudges.org\/judgeclasses\/wp-json\/wp\/v2\/pages"}],"about":[{"href":"https:\/\/blogs.magicjudges.org\/judgeclasses\/wp-json\/wp\/v2\/types\/page"}],"author":[{"embeddable":true,"href":"https:\/\/blogs.magicjudges.org\/judgeclasses\/wp-json\/wp\/v2\/users\/28"}],"replies":[{"embeddable":true,"href":"https:\/\/blogs.magicjudges.org\/judgeclasses\/wp-json\/wp\/v2\/comments?post=430"}],"version-history":[{"count":19,"href":"https:\/\/blogs.magicjudges.org\/judgeclasses\/wp-json\/wp\/v2\/pages\/430\/revisions"}],"predecessor-version":[{"id":626,"href":"https:\/\/blogs.magicjudges.org\/judgeclasses\/wp-json\/wp\/v2\/pages\/430\/revisions\/626"}],"wp:attachment":[{"href":"https:\/\/blogs.magicjudges.org\/judgeclasses\/wp-json\/wp\/v2\/media?parent=430"}],"wp:term":[{"taxonomy":"language","embeddable":true,"href":"https:\/\/blogs.magicjudges.org\/judgeclasses\/wp-json\/wp\/v2\/language?post=430"}],"curies":[{"name":"wp","href":"https:\/\/api.w.org\/{rel}","templated":true}]}}