{"id":435,"date":"2017-07-10T15:07:49","date_gmt":"2017-07-10T15:07:49","guid":{"rendered":"http:\/\/blogs.magicjudges.org\/judgeclasses\/?page_id=435"},"modified":"2017-07-10T15:12:38","modified_gmt":"2017-07-10T15:12:38","slug":"class-1-questions-fr","status":"publish","type":"page","link":"https:\/\/blogs.magicjudges.org\/judgeclasses\/french\/class-1-questions-fr\/","title":{"rendered":"Cours 1 &#8211; Questions pratiques"},"content":{"rendered":"<p class=\"normal\">1.\u00ad Dans une partie, Aurore entre en phase de combat, au moment de d\u00e9clarer ses attaquants, elle d\u00e9cide de ne pas attaquer. Combien d\u2019\u00e9tapes aura cette phase d\u2019attaque ?<\/p>\n<p class=\"normal\">2.\u00ad Dans quelles phases et \u00e9tapes les joueurs re\u00e7oivent-ils la priorit\u00e9 ?<\/p>\n<p class=\"normal\">3.\u00ad Quand se d\u00e9clenche les capacit\u00e9s de type \u00abAu d\u00e9but de l\u2019\u00e9tape de fin\u00bb ? Et celle de type \u00ab\u00c0 la fin du tour\u00bb ?<\/p>\n<p class=\"normal\">4.\u00ad Si je ne souhaite pas attaquer, combien de phase contient mon tour ?<\/p>\n<p class=\"normal\">5.\u00ad Quelle est la premi\u00e8re action \u00e0 faire lors de l\u2019\u00e9tape de d\u00e9claration des bloqueurs ?<\/p>\n<p class=\"normal\">6.\u00ad J\u2019attaque avec une cr\u00e9ature 5\/5 et mon adversaire me bloque avec une 1\/1, une 1\/5 et une 3\/3. Quand l\u2019ordre des bloqueurs est-il choisi ? Qui le choisit ? Quand les blessures sont-elles<br \/>\nassign\u00e9es ?<\/p>\n<p class=\"normal\">7.\u00ad Anthony m\u2019attaque et j\u2019ai une cr\u00e9ature avec Flash que je voudrais utiliser pour bloquer. Quel est le dernier moment auquel je pourrai la lancer si je veux pouvoir bloquer avec ?<\/p>\n<p class=\"normal\">8.\u00ad J\u2019ai une Saisie des pens\u00e9es dans la main et souhaite l\u2019utiliser pour que mon adversaire se d\u00e9fausse de la derni\u00e8re carte qu\u2019il a en main. A l\u2019\u00e9tape de pioche, avant qu\u2019il ne pioche, je joue une Promptitude puis la Saisie, mais mon adversaire n\u2019est pas d\u2019accord avec mon<br \/>\naction. Qui a raison ?<\/p>\n<p class=\"normal\">9.\u00ad A l\u2019\u00e9tape des blessures de combat, quelles actions ou d\u00e9cisions doit prendre un joueur et lesquelles peut-il prendre optionnellement ?<\/p>\n<p class=\"normal\">10.\u00ad Quand une cr\u00e9ature cesse-t-elle d\u2019\u00eatre consid\u00e9r\u00e9e comme attaquante ? Et bloqueuse ?<\/p>\n<p class=\"normal\">11.\u00ad Mon adversaire bloque ma 5\/3 avec sa 3\/3. Je lance sur elle une Foudre et en r\u00e9ponse, il la r\u00e9g\u00e9n\u00e8re. Combien de blessures subit mon adversaire ? Pourquoi ? Que se passe-t-il exactement ?<\/p>\n<p class=\"normal\">12.\u00ad Que se passe-t-il pendant l\u2019\u00e9tape de nettoyage ?<\/p>\n<p class=\"normal\">13.\u00ad Que sont les actions bas\u00e9es sur un tour ? Utilisent-elles la pile ? Se r\u00e9solvent-elle avant ou apr\u00e8s que les joueurs re\u00e7oivent la priorit\u00e9 ?<\/p>\n<p class=\"normal\">14.Si un joueur ajoute du mana \u00e0 sa r\u00e9serve de mana pendant son entretien, \u00e0 quel moment le mana non utilis\u00e9 dispara\u00eet de sa r\u00e9serve de mana ?<\/p>\n<p class=\"normal\">15. Quelles sont les phases et \u00e9tapes d\u2019un tour normal ?<\/p>\n<p class=\"normal\">16. Aaron a un Grizzli et le d\u00e9clare comme cr\u00e9ature attaquante. Nancy souhaite engager le Grizzli avec son Aimant de culbute pour les emp\u00eacher d\u2019attaquer. Peut-elle le faire ?<\/p>\n<p class=\"normal\">17. Amanda contr\u00f4le des Moggs-bas-de-plafond enchant\u00e9s avec Fi\u00e8vre du sang vers\u00e9 et un<br \/>\nGrizzli. Quelles sont toutes les d\u00e9clarations d\u2019attaquants possibles pour Amanda ?<\/p>\n<p class=\"normal\">18. Les joueurs re\u00e7oivent-ils la priorit\u00e9 entre le moment o\u00f9 les blessures sont assign\u00e9es et lorsque les dommages sont faits ?<\/p>\n<p class=\"normal\">19.- Citez trois actions bas\u00e9es sur un tour ayant lieu durant la phase de combat.<\/p>\n","protected":false},"excerpt":{"rendered":"<p>1.\u00ad Dans une partie, Aurore entre en phase de combat, au moment de d\u00e9clarer ses attaquants, elle d\u00e9cide de ne pas attaquer. Combien d\u2019\u00e9tapes aura cette phase d\u2019attaque ? 2.\u00ad Dans quelles phases et \u00e9tapes les joueurs re\u00e7oivent-ils la priorit\u00e9 ? 3.\u00ad Quand se d\u00e9clenche les capacit\u00e9s de type \u00abAu d\u00e9but de l\u2019\u00e9tape de fin\u00bb [&hellip;]<\/p>\n","protected":false},"author":28,"featured_media":0,"parent":430,"menu_order":0,"comment_status":"closed","ping_status":"closed","template":"","meta":{"footnotes":"","_links_to":"","_links_to_target":""},"language":[4],"class_list":["post-435","page","type-page","status-publish","hentry","language-fr_fr"],"_links":{"self":[{"href":"https:\/\/blogs.magicjudges.org\/judgeclasses\/wp-json\/wp\/v2\/pages\/435","targetHints":{"allow":["GET"]}}],"collection":[{"href":"https:\/\/blogs.magicjudges.org\/judgeclasses\/wp-json\/wp\/v2\/pages"}],"about":[{"href":"https:\/\/blogs.magicjudges.org\/judgeclasses\/wp-json\/wp\/v2\/types\/page"}],"author":[{"embeddable":true,"href":"https:\/\/blogs.magicjudges.org\/judgeclasses\/wp-json\/wp\/v2\/users\/28"}],"replies":[{"embeddable":true,"href":"https:\/\/blogs.magicjudges.org\/judgeclasses\/wp-json\/wp\/v2\/comments?post=435"}],"version-history":[{"count":3,"href":"https:\/\/blogs.magicjudges.org\/judgeclasses\/wp-json\/wp\/v2\/pages\/435\/revisions"}],"predecessor-version":[{"id":443,"href":"https:\/\/blogs.magicjudges.org\/judgeclasses\/wp-json\/wp\/v2\/pages\/435\/revisions\/443"}],"up":[{"embeddable":true,"href":"https:\/\/blogs.magicjudges.org\/judgeclasses\/wp-json\/wp\/v2\/pages\/430"}],"wp:attachment":[{"href":"https:\/\/blogs.magicjudges.org\/judgeclasses\/wp-json\/wp\/v2\/media?parent=435"}],"wp:term":[{"taxonomy":"language","embeddable":true,"href":"https:\/\/blogs.magicjudges.org\/judgeclasses\/wp-json\/wp\/v2\/language?post=435"}],"curies":[{"name":"wp","href":"https:\/\/api.w.org\/{rel}","templated":true}]}}