{"id":436,"date":"2017-07-10T15:13:27","date_gmt":"2017-07-10T15:13:27","guid":{"rendered":"http:\/\/blogs.magicjudges.org\/judgeclasses\/?page_id=436"},"modified":"2017-07-10T15:13:27","modified_gmt":"2017-07-10T15:13:27","slug":"class-1-answers-fr","status":"publish","type":"page","link":"https:\/\/blogs.magicjudges.org\/judgeclasses\/french\/class-1-answers-fr\/","title":{"rendered":"Cours 1 &#8211; R\u00e9ponses"},"content":{"rendered":"<p><strong>1.\u00ad Dans une partie, Aurore entre en phase de combat, au moment de d\u00e9clarer ses attaquants, elle d\u00e9cide de ne pas attaquer. Combien d\u2019\u00e9tapes aura cette phase d\u2019attaque ?<\/strong><\/p>\n<p><em>L\u2019\u00e9tape de d\u00e9but du combat, l\u2019\u00e9tape de d\u00e9claration des attaquants, et l\u2019\u00e9tape de fin du combat.<\/em> <em>Puisqu\u2019elle n\u2019a pas d\u00e9clar\u00e9 d\u2019attaquant, l\u2019\u00e9tape de d\u00e9claration des bloqueurs et celle des blessures de combat sont pass\u00e9es.<\/em><\/p>\n<p><strong>2.\u00ad Dans quelles phases et \u00e9tapes les joueurs re\u00e7oivent-ils la priorit\u00e9 ?<\/strong><\/p>\n<p><em>De mani\u00e8re g\u00e9n\u00e9rale, dans chacune d\u2019elles, sauf l\u2019\u00e9tape de d\u00e9gagement et l\u2019\u00e9tape de nettoyage.<\/em><\/p>\n<p><em>Pendant l\u2019\u00e9tape de nettoyage, dans un cas exceptionnel, si une capacit\u00e9 se d\u00e9clenche, elle ira en pile et les joueurs recevront la priorit\u00e9 pour lancer des sorts ou activer des capacit\u00e9s.<\/em><\/p>\n<p><strong>3.\u00ad Quand se d\u00e9clenche les capacit\u00e9 de type \u00abau d\u00e9but de l\u2019\u00e9tape de fin\u00bb ? Et celle de type \u00ab\u00e0 la fin du tour\u00bb ?<\/strong><\/p>\n<p><em>Les deux sont les m\u00eames, seulement la seconde phrase utilise utilise un ancien texte ayant depuis re\u00e7u un erratum. Ces capacit\u00e9s se d\u00e9clenchent au d\u00e9but de l\u2019\u00e9tape de fin, avant que le joueur actif ne re\u00e7oive la priorit\u00e9.<\/em><\/p>\n<p><em>\u00a0<\/em><strong>4.\u00ad Si je ne souhaite pas attaquer, combien de phase contient mon tour ?<\/strong><\/p>\n<p><em>Cinq \u00e9galement. La phase de combat contient moins d\u2019\u00e9tape, mais le nombre de phase ne change pas.<\/em><\/p>\n<p><strong>5.\u00ad Quelle est la premi\u00e8re action \u00e0 faire lors de l\u2019\u00e9tape de d\u00e9claration des bloqueurs ?<\/strong><\/p>\n<p><em>Le joueur d\u00e9fenseur choisit ses cr\u00e9atures bloqueuses.<\/em><\/p>\n<p>&nbsp;<\/p>\n<p><strong>6.\u00ad J\u2019attaque avec une cr\u00e9ature 5\/5 et mon adversaire me bloque avec une 1\/1, une 1\/5 et une 3\/3. Quand l\u2019ordre des bloqueurs est-il choisi ? Qui le choisit ? Quand les dommages sont-il assign\u00e9s ?<\/strong><\/p>\n<p><em>L\u2019ordre est d\u00e9termin\u00e9 par le joueur attaquant, imm\u00e9diatement apr\u00e8s que le joueur d\u00e9fenseur a d\u00e9clar\u00e9 ses bloqueurs. Les blessures s\u2019assignent au d\u00e9but de l\u2019\u00e9tape des blessures de combat.<\/em><\/p>\n<p><strong>7.\u00ad Anthony m\u2019attaque et j\u2019ai une cr\u00e9ature avec Flash que je voudrais utiliser pour bloquer. Quel est le dernier moment auquel je pourrai la lancer si je veux pouvoir bloquer avec ?<\/strong><\/p>\n<p><em>A l\u2019\u00e9tape de d\u00e9claration des attaquants, apr\u00e8s que les cr\u00e9atures attaquantes ont \u00e9t\u00e9 d\u00e9clar\u00e9es, apr\u00e8s que le joueur actif m\u2019a c\u00e9d\u00e9 la priorit\u00e9, et avant que commence l\u2019\u00e9tape de d\u00e9claration des bloqueurs.<\/em><\/p>\n<p><strong>8.\u00ad J\u2019ai une Saisie des pens\u00e9es dans la main et souhaite l\u2019utiliser pour que mon adversaire se d\u00e9fausse de la derni\u00e8re carte qu\u2019il a en main. \u00c0 l\u2019\u00e9tape de pioche, avant qu\u2019il ne pioche, je joue une Promptitude puis la Saisie, mais mon adversaire n\u2019est pas d\u2019accord avec mon action. Qui a raison ?<\/strong><\/p>\n<p><em>Mon adversaire. Le premier moment o\u00f9 les joueurs peuvent lancer des sorts ou activer des capacit\u00e9s pendant l\u2019\u00e9tape de pioche est juste apr\u00e8s que le joueur actif ait pioch\u00e9 sa carte pour le tour.<\/em><\/p>\n<p><strong>9.\u00ad \u00c0 l\u2019\u00e9tape des blessures de combat, quelles actions ou d\u00e9cisions doit prendre un joueur et lesquelles peut-il prendre optionnellement ?<\/strong><\/p>\n<p><em>Obligatoirement, il doit assigner les blessures de combat des cr\u00e9atures avec lesquelles il a attaqu\u00e9 et qui va infliger des blessures de combat.Obligatoriamente, debe asignar el da\u00f1o de cada criatura con la que haya atacado y que vaya a realizar da\u00f1o de combate.<\/em><\/p>\n<p><em>Optionnellement, il peut activer des capacit\u00e9s, lancer des \u00e9ph\u00e9m\u00e8res, ou g\u00e9n\u00e9rer du mana. Une fois que les blessures ont \u00e9t\u00e9 assign\u00e9es et r\u00e9solues, on passe \u00e0 l\u2019\u00e9tape de fin du combat.<\/em><\/p>\n<p>&nbsp;<\/p>\n<p><strong>10.\u00ad Quand une cr\u00e9ature cesse d\u2019\u00eatre consid\u00e9r\u00e9e comme attaquante ? Et bloqueuse ?<\/strong><\/p>\n<p><em>Au moment o\u00f9 se termine l\u2019\u00e9tape de fin du combat.<\/em><\/p>\n<p>&nbsp;<\/p>\n<p><strong>11.\u00ad Mon adversaire bloque ma 5\/3 avec sa 3\/3. Je lance sur elle une Foudre et en r\u00e9ponse, il la r\u00e9g\u00e9n\u00e8re. Combien de blessures subit mon adversaire ? Pourquoi ? Que se passe-t-il exactement ?<\/strong><\/p>\n<p><em>Si la cr\u00e9ature n\u2019a pas le pi\u00e9tinement, mon adversaire ne subit pas de blessure.<\/em><\/p>\n<p><em>Lorsque la cr\u00e9ature r\u00e9g\u00e9n\u00e8re, une des cons\u00e9quences est qu\u2019elle est retir\u00e9e du combat (les deux autres sont que toutes les blessures sur elle sont retir\u00e9es et qu\u2019elle s\u2019engage). Malgr\u00e9 cela, m\u00eame si la cr\u00e9ature bloqueuse a \u00e9t\u00e9 retir\u00e9e du combat, la cr\u00e9ature reste consid\u00e9r\u00e9e comme bloqu\u00e9e. Si la cr\u00e9ature attaquante a le pi\u00e9tinement, alors elle peut assigner 5 blessures \u00e0 mon adversaire puisqu\u2019elle n\u2019a aucune cr\u00e9ature bloqueuse \u00e0 laquelle assigner des blessures.<\/em><\/p>\n<p>&nbsp;<\/p>\n<p><strong>12.\u00ad Que se passe-t-il pendant l\u2019\u00e9tape de nettoyage ?<\/strong><\/p>\n<ol>\n<li><em>a) Si le joueur actif a plus de carte en main que la taille maximum de sa main (normalement sept), il se d\u00e9fausse de suffisamment de cartes pour r\u00e9duire son nombre de carte en main \u00e0 ce nombre, comme une action bas\u00e9e sur un tour.<\/em><\/li>\n<li><em>b) Ensuite, toutes les blessures marqu\u00e9es sur des permanents (y compris les permanents hors phase) sont retir\u00e9s et tous les effets durants \u00abjusqu\u2019\u00e0 la fin du tour\u00bb ou \u00abce tour-ci\u00bb se terminent comme une action bas\u00e9e sur un tour.<\/em><\/li>\n<li><em>c) Enfin, se r\u00e9solvent les actions bas\u00e9es sur un \u00e9tat. Si une quelconque capacit\u00e9 tente de se mettre en pile, elle y va, les joueurs re\u00e7oivent la priorit\u00e9 etc. \u2026 puis il y a une nouvelle \u00e9tape de fin.<\/em><\/li>\n<\/ol>\n<p>&nbsp;<\/p>\n<p><strong>13.\u00ad Que sont les actions bas\u00e9es sur un tour ? Utilisent-elles la pile ? Se r\u00e9solvent-elle avant ou apr\u00e8s que les joueurs re\u00e7oivent la priorit\u00e9 ?<\/strong><\/p>\n<p><em>Ce sont des actions sp\u00e9ciales effectu\u00e9es par le jeu \u00e0 des moments pr\u00e9-d\u00e9finis, qui n\u2019utilisent pas la pile et se r\u00e9solvent au d\u00e9but de l\u2019\u00e9tape \u00e0 laquelle elles ont lieu avant que les joueurs ne re\u00e7oivent la priorit\u00e9.<\/em><\/p>\n<p><strong>14.- Si un joueur ajoute du mana \u00e0 sa r\u00e9serve de mana pendant son entretien, \u00e0 quel moment le mana non utilis\u00e9 dispara\u00eet de sa r\u00e9serve de mana ?<\/strong><\/p>\n<p><em>A la fin de l\u2019\u00e9tape d\u2019entretien.<\/em><\/p>\n<p><strong>\u00a0<\/strong><\/p>\n<p><strong>15.- Quelles sont les phases et \u00e9tape d\u2019un tour normal ?<\/strong><\/p>\n<ul>\n<li><em>Phase de d\u00e9but<\/em>\n<ul>\n<li><em>Etape de d\u00e9gagement<\/em><\/li>\n<li><em>Etape d\u2019entretien<\/em><\/li>\n<li><em>Etape de pioche<\/em><\/li>\n<\/ul>\n<\/li>\n<li><em>Phase principale d\u2019avant combat<\/em><\/li>\n<li><em>Phase de combat<\/em>\n<ul>\n<li><em>Etape de d\u00e9but du combat<\/em><\/li>\n<li><em>Etape de d\u00e9claration des attaquants<\/em><\/li>\n<li><em>Etape de d\u00e9claration des bloqueurs<\/em><\/li>\n<li><em>Etape des blessures de combat<\/em><\/li>\n<li><em>Etape de fin du combat<\/em><\/li>\n<\/ul>\n<\/li>\n<li><em>Phase principale d\u2019avant combat<\/em><\/li>\n<li><em>Phase de fin<\/em>\n<ul>\n<li><em>Etape de fin<\/em><\/li>\n<li><em>Etape de nettoyage<\/em><\/li>\n<\/ul>\n<\/li>\n<\/ul>\n<p>&nbsp;<\/p>\n<p><strong>16.- Aaron a un grizzli et le d\u00e9clare comme cr\u00e9ature attaquante. Nancy souhaite engager le grizzli avec son Aimant de culbute pour les emp\u00eacher d\u2019attaquer. Peut-elle le faire ?<\/strong><\/p>\n<p><em>Elle pourra l\u2019engager avec l\u2019Aimant mais ne l\u2019emp\u00eachera pas d\u2019attaquer. Comme il a \u00e9t\u00e9 d\u00e9clar\u00e9 comme attaquant, l\u2019engager ne l\u2019emp\u00eachera pas d\u2019attaquer. L\u2019effet de l\u2019Aimant laissera le grizzli engag\u00e9 (puisque s\u2019il n\u2019a pas la vigilance, attaquer avec lui l\u2019engage) ou l\u2019engagera (s\u2019il avait la vigilance au moment de l\u2019attaque).<\/em><\/p>\n<p><em>Pour pouvoir \u00e9viter qu\u2019il attaque, l\u2019Aimant doit \u00eatre utilis\u00e9 avant la d\u00e9claration des attaquants (\u00e9tape de d\u00e9but du combat, phase principale d\u2019avant combat etc.).<\/em><\/p>\n<p>&nbsp;<\/p>\n<p><strong>17.- Amanda contr\u00f4le des Moggs-bas-de-plafond enchant\u00e9s avec Fi\u00e8vre du sang vers\u00e9 et un Grizzli. Quelles sont toutes les d\u00e9clarations d\u2019attaquants possibles pour Amanda ? <\/strong><\/p>\n<p><em>La seule d\u00e9claration l\u00e9gale possible est d\u2019attaquer avec les deux. Pour que la d\u00e9claration soit l\u00e9gale, elle doit remplir un maximum d\u2019obligation possible sans violer aucune restriction. Ici nous avons :<\/em><\/p>\n<p><em>\u2013 Obligation : Les moggs attaquent si possible\u2013 Restriction : Les Moggs ne peuvent pas attaquer seul<\/em><\/p>\n<p><em>De fait :<\/em><\/p>\n<p><em>\u2013 Si elle attaque uniquement avec les moggs, elle remplit une obligation mais viole une restriction.<\/em><\/p>\n<p><em>\u2013 Si elle attaque avec le grizzli uniquement, elle ne remplit aucune obligation alors qu\u2019elle avait la possibilit\u00e9 de le faire.<\/em><\/p>\n<p><em>\u2013 Si elle n\u2019attaque pas du tout, elle ne remplit aucune obligation.<\/em><\/p>\n<p><em>\u2013 Si elle attaque avec les deux, elle remplit son obligation sans violer aucune restriction.<\/em><\/p>\n<p><em>\u00a0<\/em><\/p>\n<p><strong>\u00a0<\/strong><\/p>\n<p><strong>18.- Les joueurs re\u00e7oivent-ils la priorit\u00e9 entre le moment o\u00f9 les blessures sont assign\u00e9es et lorsque les dommages sont faits ?<\/strong><\/p>\n<p><em>Non, les deux sont des actions bas\u00e9es sur un tour qui doivent s\u2019effectuer avant que les joueurs ne re\u00e7oivent la priorit\u00e9.<\/em><\/p>\n<p><em>\u00a0<\/em><\/p>\n<p><strong>19.- Citez trois actions bas\u00e9es sur un tour ayant lieu durant la phase de combat.<\/strong><\/p>\n<p><em>\u2013 A l\u2019\u00e9tape de d\u00e9but du combat; dans une partie avec plus de deux joueurs, le joueur attaquant d\u00e9termine qui est le joueur d\u00e9fenseur (si la partie est dans un cas de figure o\u00f9 tous les adversaires ne deviennent pas automatiquement les joueurs d\u00e9fenseurs)<\/em><\/p>\n<p><em>\u2013 Au d\u00e9but de l\u2019\u00e9tape de d\u00e9claration des attaquant, le joueur actif d\u00e9clare ses attaquants<\/em><\/p>\n<p><em>\u2013 Au d\u00e9but de l\u2019\u00e9tape de d\u00e9claration des bloqueurs, le joueur d\u00e9fenseur d\u00e9clare ses bloqueurs<\/em><\/p>\n<p><em>\u2013 Apr\u00e8s que les bloqueurs aient \u00e9t\u00e9 d\u00e9clar\u00e9s, l\u2019ordre d\u2019assignation des blessure de combat est annonc\u00e9 si une cr\u00e9ature est bloqu\u00e9e par plusieurs cr\u00e9atures<\/em><\/p>\n<p><em>\u2013 Apr\u00e8s l\u2019annonce de l\u2019ordre d\u2019assignation des blessures pour les cr\u00e9atures attaquante, si une cr\u00e9ature bloqueuse bloque plusieurs cr\u00e9atures, l\u2019ordre d\u2019assignation de ses blessures est annonc\u00e9.<\/em><\/p>\n<p><em>\u2013 Au d\u00e9but de l\u2019\u00e9tape des blessures de combat on annonce comment sont assign\u00e9es les blessures de combat \u00e0 chaque cr\u00e9ature (dans l\u2019ordre JA\/JNA)<\/em><\/p>\n<p><em>\u2013 Apr\u00e8s que les blessures ait \u00e9t\u00e9 assign\u00e9es pendant l\u2019\u00e9tape des blessures de combat, toutes les blessures de combat sont faites simultan\u00e9ment.<\/em><\/p>\n","protected":false},"excerpt":{"rendered":"<p>1.\u00ad Dans une partie, Aurore entre en phase de combat, au moment de d\u00e9clarer ses attaquants, elle d\u00e9cide de ne pas attaquer. Combien d\u2019\u00e9tapes aura cette phase d\u2019attaque ? L\u2019\u00e9tape de d\u00e9but du combat, l\u2019\u00e9tape de d\u00e9claration des attaquants, et l\u2019\u00e9tape de fin du combat. Puisqu\u2019elle n\u2019a pas d\u00e9clar\u00e9 d\u2019attaquant, l\u2019\u00e9tape de d\u00e9claration des bloqueurs [&hellip;]<\/p>\n","protected":false},"author":28,"featured_media":0,"parent":430,"menu_order":0,"comment_status":"closed","ping_status":"closed","template":"","meta":{"footnotes":"","_links_to":"","_links_to_target":""},"language":[4],"class_list":["post-436","page","type-page","status-publish","hentry","language-fr_fr"],"_links":{"self":[{"href":"https:\/\/blogs.magicjudges.org\/judgeclasses\/wp-json\/wp\/v2\/pages\/436","targetHints":{"allow":["GET"]}}],"collection":[{"href":"https:\/\/blogs.magicjudges.org\/judgeclasses\/wp-json\/wp\/v2\/pages"}],"about":[{"href":"https:\/\/blogs.magicjudges.org\/judgeclasses\/wp-json\/wp\/v2\/types\/page"}],"author":[{"embeddable":true,"href":"https:\/\/blogs.magicjudges.org\/judgeclasses\/wp-json\/wp\/v2\/users\/28"}],"replies":[{"embeddable":true,"href":"https:\/\/blogs.magicjudges.org\/judgeclasses\/wp-json\/wp\/v2\/comments?post=436"}],"version-history":[{"count":2,"href":"https:\/\/blogs.magicjudges.org\/judgeclasses\/wp-json\/wp\/v2\/pages\/436\/revisions"}],"predecessor-version":[{"id":447,"href":"https:\/\/blogs.magicjudges.org\/judgeclasses\/wp-json\/wp\/v2\/pages\/436\/revisions\/447"}],"up":[{"embeddable":true,"href":"https:\/\/blogs.magicjudges.org\/judgeclasses\/wp-json\/wp\/v2\/pages\/430"}],"wp:attachment":[{"href":"https:\/\/blogs.magicjudges.org\/judgeclasses\/wp-json\/wp\/v2\/media?parent=436"}],"wp:term":[{"taxonomy":"language","embeddable":true,"href":"https:\/\/blogs.magicjudges.org\/judgeclasses\/wp-json\/wp\/v2\/language?post=436"}],"curies":[{"name":"wp","href":"https:\/\/api.w.org\/{rel}","templated":true}]}}