{"id":459,"date":"2017-07-10T15:30:18","date_gmt":"2017-07-10T15:30:18","guid":{"rendered":"http:\/\/blogs.magicjudges.org\/judgeclasses\/?page_id=459"},"modified":"2017-07-10T15:30:18","modified_gmt":"2017-07-10T15:30:18","slug":"class-3-answers-fr","status":"publish","type":"page","link":"https:\/\/blogs.magicjudges.org\/judgeclasses\/french\/class-3-answers-fr\/","title":{"rendered":"Cours 3 &#8211; R\u00e9ponses"},"content":{"rendered":"<ol>\n<li><strong><em>Antonio joue Vesuva et copie un Mutecaveau enchant\u00e9 par Mers envahissantes. Qu\u2019est Vesuva ?<\/em><\/strong><\/li>\n<\/ol>\n<p><em>L\u2019effet de copie se base sur les caract\u00e9ristiques copiables de l\u2019objet\u00a0 c\u2019est \u00e0 dire le texte imprim\u00e9 et les capacit\u00e9s, en prenant en compte les \u00e9ventuels ajouts de cet effet. Le changement de type des <\/em>Mers envahissantes n\u2019est pas une caract\u00e9ristique copiable. De fait,\u00a0 Vesuva sera un Mutecaveau \u00e0 tout niveau.<\/p>\n<p><em>\u00a0<\/em><\/p>\n<ol start=\"2\">\n<li><strong><em> Je lance une boule de feu avec X = 3 et une seule cible. Mon adversaire lance R\u00e9verb\u00e9rer en le copiant. Combien de dommage fait la copie ? Peut-il choisir 2 cibles pour la copie ?<\/em><\/strong><\/li>\n<\/ol>\n<p><em>R\u00e9verb\u00e9rer copie les information de la boule de feu, et prend sa valeur de X = 3, puisque c\u2019est la valeur qui a \u00e9t\u00e9 donn\u00e9 au lancement du sort, et fera donc 3 dommages.<\/em><\/p>\n<p><em>Bien qu\u2019il soit possible de choisir de nouvelles cibles, le sort copi\u00e9 n\u2019en avait qu\u2019une seule et donc la copie cr\u00e9\u00e9e par R\u00e9verb\u00e9rer n\u2019en aura \u00e9galement qu\u2019une seule. \u00abVous pouvez choisir de nouvelles cibles\u00bb se r\u00e9f\u00e8re \u00e0 un choix de cible et ne permet pas d\u2019en changer le nombre.<\/em><\/p>\n<p><em>\u00a0<\/em><\/p>\n<ol start=\"3\">\n<li><strong><em> Alvaro a lanc\u00e9 trois sorts et ensuite lance Mitraille. Nuria lance R\u00e9verb\u00e9rer en copiant la Mitraille. Combien de dommage fera Nuria ?<\/em><\/strong><\/li>\n<\/ol>\n<p><em>Un seul dommage. Le d\u00e9luge est une capacit\u00e9 se d\u00e9clenchant quand le sort dont il d\u00e9pend est lanc\u00e9. Mais une copie n\u2019est pas consid\u00e9r\u00e9e comme lanc\u00e9e.<\/em><\/p>\n<p><em>\u00a0<\/em><\/p>\n<ol start=\"4\">\n<li><strong><em> Anna lance Image phantasmatique copiant un Mutecaveau anim\u00e9. Qu\u2019est l\u2019image ?<\/em><\/strong><\/li>\n<\/ol>\n<p><em>Les copies ont le texte de la carte originelle, des modifications peuvent uniquement \u00eatre faites par d\u2019autres effets de copie, un \u00e9tat, ou une capacit\u00e9 comme \u00ablorsque X arrive sur le champ de bataille\u00bb. Donc l\u2019Image sera un Mutecaveau \u00e0 tout point de vue.<\/em><\/p>\n<ol start=\"5\">\n<li><em><strong> Je lance un clone copiant une Augure de Bolas. Sa capacit\u00e9 se d\u00e9clenche-t-elle ?<\/strong><\/em><\/li>\n<\/ol>\n<p><em>Oui, elle se d\u00e9clenche, le clone entrant sur le champ de bataille comme une copie de l\u2019Augure.<\/em><\/p>\n<ol start=\"6\">\n<li><strong><em> Puis-je lancer un clone et le faire copier une Emrakul, D\u00e9chirure des \u00c9ons ?<\/em><\/strong><\/li>\n<\/ol>\n<p><em>Oui, puisqu\u2019aucune des \u00abd\u00e9fenses\u00bb d\u2019Emrakul n\u2019emp\u00eache de le choisir en tant qu\u2019objet \u00e0 copier. Ce n\u2019est pas la m\u00eame chose que si le clone devait la cibler.<\/em><\/p>\n<ol start=\"7\">\n<li><strong><em> Norbert lance un Commandement Cryptique choisissant de contrer un de mes sorts et piocher une carte. Je lance R\u00e9verb\u00e9rer sur le Commandement. Quels modes puis-je choisir ? Quelles cibles ?<\/em><\/strong><\/li>\n<\/ol>\n<p><em>R\u00e9verb\u00e9rer permet de choisir des cibles diff\u00e9rentes de celles choisies par le sort copi\u00e9, mais en le copiant, il garde les modes originaux. Donc la copie servira \u00e9galement \u00e0 contrecarrer un sort et \u00e0 piocher une carte.<\/em><\/p>\n<ol start=\"8\">\n<li><strong><em> Citer les valeurs copiables d\u2019un permanent.<\/em><\/strong><\/li>\n<\/ol>\n<p><em>Les valeurs copiables sont celles du texte imprim\u00e9 sur la carte : nom, co\u00fbt de mana, indicateur de couleur (s\u2019il y en a un), type, super-type, sous-type, texte de r\u00e8gle, force, endurance et loyaut\u00e9. Sont \u00e9galement pris en compte les \u00e9ventuels ajouts des effets de copie comme par exemple l\u2019effet de copie de l\u2019Image phantasmatique pr\u00e9cisant qu\u2019elle doit \u00eatre sacrifi\u00e9e si elle devient la cible d\u2019un sort ou d\u2019une capacit\u00e9.<\/em><\/p>\n<p><em>\u00a0<\/em><\/p>\n<ol start=\"9\">\n<li><strong><em> Quelle \u00e9tapes se cr\u00e9\u00e9es si une cr\u00e9ature avec l\u2019initiative attaque ? Si une cr\u00e9ature avec la Double-Initiative attaque ?<\/em><\/strong><\/li>\n<\/ol>\n<p><em>Dans les deux cas, une deuxi\u00e8me \u00e9tape de blessure de combat se cr\u00e9\u00e9e.<\/em><\/p>\n<p><em>\u00a0<\/em><\/p>\n<ol start=\"10\">\n<li><strong><em> Si j\u2019attaque avec une cr\u00e9ature ayant la Double-Initiative mais qu\u2019elle la perd apr\u00e8s avoir inflig\u00e9 ses blessures durant la premi\u00e8re \u00e9tape de blessures de infligera-t-elle durant la deuxi\u00e8me \u00e9tape de blessures de combat ?<\/em><\/strong><\/li>\n<\/ol>\n<p><em>Durant la seconde \u00e9tape de blessures de combat elle n\u2019en infligera pas, puisqu\u2019\u00e0 ce moment elle n\u2019a pas la Double-Initiative ni aucune autre capacit\u00e9 lui permettant d\u2019infliger des blessures durant cette \u00e9tape.<\/em><\/p>\n<p><em>\u00a0<\/em><\/p>\n<ol start=\"11\">\n<li><strong><em> Si j\u2019attaque avec une 3\/3 avec le Contact Mortel et qu\u2019elle est bloqu\u00e9e par trois cr\u00e9atures 2\/2. Comment puis-je assigner les blessures ? Et si la premi\u00e8re cr\u00e9ature qui bloque a Indestructible ?<\/em><\/strong><\/li>\n<\/ol>\n<p><em>Je peux les assigner comme je le souhaite; la seule condition est que j\u2019assigne au minimum des blessures l\u00e9tales \u00e0 chacune, avant de pouvoir passer \u00e0 la suivante. Durant ce processus, les effets pr\u00e9venant les blessures et tout autres capacit\u00e9s (comme Indestructible) ne sont pas pris en compte.<\/em><\/p>\n<p><em>Dans le cas pr\u00e9sent, une seule blessure est suffisante pour \u00eatre l\u00e9tale, je peux donc :<\/em><\/p>\n<ul>\n<li><em>Assigner une blessure \u00e0 chacune ;<\/em><\/li>\n<li><em>Assigner une blessure \u00e0 la premi\u00e8re et deux \u00e0 la seconde ;<\/em><\/li>\n<li><em>Assigner deux blessures \u00e0 la premi\u00e8re et une \u00e0 la seconde ;<\/em><\/li>\n<li><em>Assigner trois blessures \u00e0 la premi\u00e8re ;<\/em><\/li>\n<\/ul>\n<p><em>\u00a0<\/em><\/p>\n<ol start=\"12\">\n<li><strong><em> Si j\u2019attaque avec une 4\/4 avec le Contact Mortel et le Pi\u00e9tinement et qu\u2019elle est bloqu\u00e9e par une 6\/6. Comment puis-je assigner les blessures ?<\/em><\/strong><\/li>\n<\/ol>\n<p><em>Je peux assigner de 1 \u00e0 4 blessures sur la cr\u00e9ature bloqueuse, et le reste \u00e0 mon adversaire. Puisque ma cr\u00e9ature a le Contact Mortel, une blessure est suffisante pour \u00eatre consid\u00e9r\u00e9e comme blessures l\u00e9tales \u00e0 la cr\u00e9ature bloqueuse.<\/em><\/p>\n<p><em>\u00a0<\/em><\/p>\n<ol start=\"13\">\n<li><strong><em> Si je bloque une cr\u00e9ature 4\/4 ayant le Contact Mortel avec ma 2\/2, combien de fois dois-je la r\u00e9g\u00e9n\u00e9rer pour la sauver ?<\/em><\/strong><\/li>\n<\/ol>\n<p><em>Une. Ici nous avons deux actions bas\u00e9es sur un \u00e9tat de \u00abd\u00e9truire la cr\u00e9ature\u00bb : recevoir des blessures \u00e9gales ou sup\u00e9rieures \u00e0 son endurance et recevoir des blessures en provenance d\u2019une cr\u00e9ature ayant le Contact Mortel lorsque les actions bas\u00e9es sur un \u00e9tat sont v\u00e9rifi\u00e9es.<\/em><\/p>\n<p><em>La R\u00e9g\u00e9n\u00e9ration remplace ces instances de destruction. Lorsqu\u2019elle r\u00e9g\u00e9n\u00e8re, elle est retir\u00e9e du combat \u00e0 la place d\u2019\u00eatre d\u00e9truite.<\/em><\/p>\n<ol start=\"14\">\n<li><strong><em> Si je donne \u00e0 mon \u00c9tincemage rus\u00e9 le Contact Mortel, tuerais-je automatiquement la cr\u00e9ature \u00e0 laquelle j\u2019inflige une blessure ? Et si en r\u00e9ponse on me tue mon \u00c9tincemage rus\u00e9 ?<\/em><\/strong><\/li>\n<\/ol>\n<p><em>Oui, je la tuerai puisque le Contact Mortel s\u2019applique sur toute blessure occasionn\u00e9e par la cr\u00e9ature. Les actions bas\u00e9es sur un \u00e9tat verront que la cr\u00e9ature cible aura re\u00e7u des blessures d\u2019une source ayant le Contact Mortel et la d\u00e9truiront.<\/em><\/p>\n<p><em>Cela inclut le cas o\u00f9 l\u2019on tuerait mon mage en r\u00e9ponse. Lorsque sa capacit\u00e9 se r\u00e9soudrait, elle utiliserait les derni\u00e8re informations connues de mon mage et d\u00e9terminerait qu\u2019il avait le Contact Mortel.<\/em><\/p>\n<p><em>\u00a0<\/em><\/p>\n<ol start=\"15\">\n<li><strong><em> Que signifie \u00abprotection contre les cr\u00e9atures\u00bb ? Si ma cr\u00e9ature a Protection contre les cr\u00e9atures, puis-je utiliser sur elle la capacit\u00e9 Coup de sang d\u2019une cr\u00e9ature ?<\/em><\/strong><\/li>\n<\/ol>\n<p><em>Protection signifie qu\u2019elle ne peut pas \u00eatre la cible de sort ou de capacit\u00e9 en provenance d\u2019une source contre laquelle elle a la protection, les blessures inflig\u00e9es par des sources contre lesquelles elle a la protection sont pr\u00e9venues, elle ne peut pas \u00eatre bloqu\u00e9e par des cr\u00e9atures contre lesquelles elle a la protection, elle ne peut pas \u00eatre enchant\u00e9e\/\u00e9quip\u00e9e\/fortifi\u00e9e par des permanents contre lesquels elle a la protection et les permanents attach\u00e9s \u00e0 une cr\u00e9ature ayant la protection contre eux se d\u00e9tacheront en tant qu\u2019action bas\u00e9e sur un \u00e9tat.Cela, appliqu\u00e9 \u00e0 la protection contre les cr\u00e9atures, signifie qu\u2019elle ne pourra pas \u00eatre la cible de capacit\u00e9 provenant de cr\u00e9atures, bloqu\u00e9e par des cr\u00e9atures, et que les blessures qu\u2019elle recevra d\u2019une cr\u00e9ature seront pr\u00e9venues.<\/em><\/p>\n<p><em>La capacit\u00e9 Coup de sang d\u2019une carte de cr\u00e9ature ne peut pas cibler une cr\u00e9ature ayant la protection contre les cr\u00e9atures puisqu\u2019elle a le type <u>cr\u00e9ature<\/u>. C\u2019est une exception propre \u00e0 la protection : elle s\u2019applique aussi aux cartes et pas seulement aux permanents.<\/em><\/p>\n<p><em>\u00a0<\/em><\/p>\n<ol start=\"16\">\n<li><strong><em> Si je contr\u00f4le une cr\u00e9ature enchant\u00e9e avec une aura blanche et que je lui donne la Protection contre le blanc, que se passe-t-il ?<\/em><\/strong><\/li>\n<\/ol>\n<p><em>L\u2019aura sera mise dans le cimeti\u00e8re en tant qu\u2019action bas\u00e9e sur un \u00e9tat.<\/em><\/p>\n<p><em>\u00a0<\/em><\/p>\n<ol start=\"17\">\n<li><strong><em> Si j\u2019attaque avec une 3\/3 avec le Pi\u00e9tinement et qu\u2019on me bloque avec une 2\/2 ayant une blessure marqu\u00e9e sur elle, quelle assignation de blessure puis-je faire ?<\/em><\/strong><\/li>\n<\/ol>\n<p><em>Je dois assigner des blessures l\u00e9tales \u00e0 la cr\u00e9ature bloqueuse avant de pouvoir en assigner au joueur d\u00e9fenseur. Comme la 2\/2 a d\u00e9j\u00e0 une blessure sur elle, une seule blessure suppl\u00e9mentaire est n\u00e9cessaire pour assigner des blessures l\u00e9tales. Donc les possibilit\u00e9s d\u2019assignation sont :<\/em><\/p>\n<ul>\n<li><em>1 blessure \u00e0 la cr\u00e9ature, 2 au joueur ;<\/em><\/li>\n<li><em>2 blessures \u00e0 la cr\u00e9ature, 1 au joueur ;<\/em><\/li>\n<li><em>3 blessures \u00e0 la cr\u00e9ature.<\/em><\/li>\n<\/ul>\n<p><em>\u00a0<\/em><\/p>\n<ol start=\"18\">\n<li><strong><em> Si ma cr\u00e9ature 5\/5 avec le Lien de vie est bloqu\u00e9e par une 1\/1, combien de points de vie vais-je gagner ? Et si en r\u00e9ponse au blocage la cr\u00e9ature bloqueuse est d\u00e9truite ? <\/em><\/strong><\/li>\n<\/ol>\n<p><em>Ma cr\u00e9ature assignera 5 blessures \u00e0 la cr\u00e9ature 1\/1 et autant de blessures se marqueront sur elle. \u00c0 la r\u00e9solution des 5 blessures, le lien de vie fera que je gagne 5 points de vie. Peu importe qu\u2019une seul blessure soit suffisante, 5 sont inflig\u00e9es quoi qu\u2019il arrive.<\/em><\/p>\n<p><em>Si apr\u00e8s le blocage, avant l\u2019\u00e9tape de blessures de combat, la cr\u00e9ature bloqueuse est d\u00e9truite, aucune blessure ne lui sera assign\u00e9e et donc je ne gagnerai pas de point de vie.<\/em><\/p>\n<p><em>Les blessures qu\u2019inflige une cr\u00e9ature ne d\u00e9pendent pas du nombre de blessures que peuvent recevoir celles auxquelles sont faites ces blessures, mais de la force de la cr\u00e9ature. Par la suite, les actions bas\u00e9es sur un \u00e9tat verront une cr\u00e9ature 1\/1 avec 5 blessures marqu\u00e9es sur elle et elle sera d\u00e9truite.<\/em><\/p>\n<p><em>\u00a0<\/em><\/p>\n<ol start=\"19\">\n<li><strong><em> Si je suis \u00e0 3 points de vie, qu\u2019on m\u2019attaque avec deux cr\u00e9atures 3\/3 et que j\u2019en bloque une avec une cr\u00e9ature 1\/1 avec le Lien de vie, est-ce que je perds la partie ?<\/em><\/strong><\/li>\n<\/ol>\n<p><em>Non, la perte et le gain de points de vie sont simultan\u00e9s, quand les blessures de combats se r\u00e9soudront, je serai \u00e0 1 point de vie.<\/em><\/p>\n<p><em>\u00a0<\/em><\/p>\n<ol start=\"20\">\n<li><strong><em> Arnold lance \u00c9vacuation des terriers, le premier sort lanc\u00e9 ce tour-ci, et Nancy utilise une Jumelance pour cr\u00e9er une copie de l\u2019\u00c9vacuation. Arnold pourra-t-il utiliser fuite de mana pour contrer la copie l\u2019\u00c9vacuation de Nancy ?<\/em><\/strong><\/li>\n<\/ol>\n<p><em>Un sort cr\u00e9\u00e9 par un effet de copie n\u2019est pas consid\u00e9r\u00e9 comme lanc\u00e9, il est cependant un sort dans la pile malgr\u00e9 tout et donc il peut \u00eatre cibl\u00e9 par une fuite de mana tant qu\u2019il est dans la pile.<\/em><\/p>\n","protected":false},"excerpt":{"rendered":"<p>Antonio joue Vesuva et copie un Mutecaveau enchant\u00e9 par Mers envahissantes. Qu\u2019est Vesuva ? L\u2019effet de copie se base sur les caract\u00e9ristiques copiables de l\u2019objet\u00a0 c\u2019est \u00e0 dire le texte imprim\u00e9 et les capacit\u00e9s, en prenant en compte les \u00e9ventuels ajouts de cet effet. Le changement de type des Mers envahissantes n\u2019est pas une caract\u00e9ristique [&hellip;]<\/p>\n","protected":false},"author":28,"featured_media":0,"parent":430,"menu_order":0,"comment_status":"closed","ping_status":"closed","template":"","meta":{"footnotes":"","_links_to":"","_links_to_target":""},"language":[4],"class_list":["post-459","page","type-page","status-publish","hentry","language-fr_fr"],"_links":{"self":[{"href":"https:\/\/blogs.magicjudges.org\/judgeclasses\/wp-json\/wp\/v2\/pages\/459","targetHints":{"allow":["GET"]}}],"collection":[{"href":"https:\/\/blogs.magicjudges.org\/judgeclasses\/wp-json\/wp\/v2\/pages"}],"about":[{"href":"https:\/\/blogs.magicjudges.org\/judgeclasses\/wp-json\/wp\/v2\/types\/page"}],"author":[{"embeddable":true,"href":"https:\/\/blogs.magicjudges.org\/judgeclasses\/wp-json\/wp\/v2\/users\/28"}],"replies":[{"embeddable":true,"href":"https:\/\/blogs.magicjudges.org\/judgeclasses\/wp-json\/wp\/v2\/comments?post=459"}],"version-history":[{"count":2,"href":"https:\/\/blogs.magicjudges.org\/judgeclasses\/wp-json\/wp\/v2\/pages\/459\/revisions"}],"predecessor-version":[{"id":468,"href":"https:\/\/blogs.magicjudges.org\/judgeclasses\/wp-json\/wp\/v2\/pages\/459\/revisions\/468"}],"up":[{"embeddable":true,"href":"https:\/\/blogs.magicjudges.org\/judgeclasses\/wp-json\/wp\/v2\/pages\/430"}],"wp:attachment":[{"href":"https:\/\/blogs.magicjudges.org\/judgeclasses\/wp-json\/wp\/v2\/media?parent=459"}],"wp:term":[{"taxonomy":"language","embeddable":true,"href":"https:\/\/blogs.magicjudges.org\/judgeclasses\/wp-json\/wp\/v2\/language?post=459"}],"curies":[{"name":"wp","href":"https:\/\/api.w.org\/{rel}","templated":true}]}}