{"id":470,"date":"2017-07-10T15:36:28","date_gmt":"2017-07-10T15:36:28","guid":{"rendered":"http:\/\/blogs.magicjudges.org\/judgeclasses\/?page_id=470"},"modified":"2017-07-10T15:36:28","modified_gmt":"2017-07-10T15:36:28","slug":"class-4-questions-fr","status":"publish","type":"page","link":"https:\/\/blogs.magicjudges.org\/judgeclasses\/french\/class-4-questions-fr\/","title":{"rendered":"Cours 4 &#8211; Questions"},"content":{"rendered":"<ol>\n<li>Combien y a-t-il de couches, et lesquelles ?<\/li>\n<\/ol>\n<p>&nbsp;<\/p>\n<p>&nbsp;<\/p>\n<ol start=\"2\">\n<li>Si deux effets essaient de s\u2019appliquer dans la m\u00eame couche, comment d\u00e9terminons-nous habituellement la forme dans laquelle nous les appliquons ? Cette forme g\u00e9n\u00e9rale peut-elle \u00eatre alt\u00e9r\u00e9e ?<\/li>\n<\/ol>\n<p>&nbsp;<\/p>\n<p>&nbsp;<\/p>\n<ol start=\"3\">\n<li>Albert a des Grizzlis avec un marqueur +1\/+1 sur eux et lance Croissance gigantesque en les ciblant. Quelle est leur force ?<\/li>\n<\/ol>\n<p>&nbsp;<\/p>\n<p>&nbsp;<\/p>\n<ol start=\"4\">\n<li>J\u2019ai un \u00c9cumeur des vents avec un marqueur +1\/+1, et j\u2019active sa capacit\u00e9 d\u2019inversion de force et endurance. Quelles seront ses F\/E ? Et si je lui lance ensuite une Inversion sans nom ?<\/li>\n<\/ol>\n<p>&nbsp;<\/p>\n<p>&nbsp;<\/p>\n<ol start=\"5\">\n<li>J\u2019ai une lune de Sang sur table, et une Fontaine sacr\u00e9e, une Toundra, un Quartier fant\u00f4me, une For\u00eat et une Charmille Dryade en jeu. Quels sont le nom des cartes et que sont-elles ?T<\/li>\n<\/ol>\n<p>&nbsp;<\/p>\n<p>&nbsp;<\/p>\n<ol start=\"6\">\n<li>J\u2019ai une Mesa Aride en jeu, enchant\u00e9e par une Mers envahissantes, et je lance un Mage de la Lune. Que devient la Mesa Aride ? Et si le Mage de la Lune est en jeu et que je lance Mers envahissantes apr\u00e8s ?<\/li>\n<\/ol>\n<p>&nbsp;<\/p>\n<p>&nbsp;<\/p>\n<ol start=\"7\">\n<li>Andr\u00e9 contr\u00f4les des Grizzlis, Noelia lance une Image perverse sur les Grizzlis. Puis apr\u00e8s la r\u00e9solution, elle lance Ovinisation sur les Grizzlis. Une fois les deux sorts r\u00e9solus, quelles sont les caract\u00e9ristiques des Grizzlis ?<\/li>\n<\/ol>\n<p>&nbsp;<\/p>\n<p>&nbsp;<\/p>\n<ol start=\"8\">\n<li>Adalbert a un Grignoteur de pens\u00e9es sur le champ de bataille, et lance une Profusion d\u2019annulations. Quelle sera la taille maximale de sa main ?<\/li>\n<\/ol>\n<p>&nbsp;<\/p>\n<p>&nbsp;<\/p>\n<ol start=\"9\">\n<li>J\u2019ai un Tarmogoyf sur le champ de bataille avec Rituel, Terrain et \u00c9ph\u00e9m\u00e8re dans les cimeti\u00e8res. Je lance Humilit\u00e9. Quelles sont les F\/E du Tarmogoyf ?<\/li>\n<\/ol>\n<p>&nbsp;<\/p>\n<p>&nbsp;<\/p>\n<ol start=\"10\">\n<li>J\u2019ai une Opalescence et une Lune de sang sur la table. Je lance une Humilit\u00e9. Que sont les autres Enchantements ? Et si j\u2019ai Humilit\u00e9 sur table, et lance Opalescence ?<\/li>\n<\/ol>\n<p>&nbsp;<\/p>\n<p>&nbsp;<\/p>\n<ol start=\"11\">\n<li>J\u2019ai un effet qui met \u00e0 la fois une Tour du Reliquaire sous le contr\u00f4le de mon adversaire et un Jin-Gitaxias, augure du Noyau sous le mien. Quelle est la taille maximale de main de mon adversaire ?<\/li>\n<\/ol>\n<p>&nbsp;<\/p>\n<p>&nbsp;<\/p>\n<ol start=\"12\">\n<li>J\u2019ai un enchantement qui indique : \u00abToutes les cr\u00e9atures sont bleues\u00bb et lance un \u00e9ph\u00e9m\u00e8re qui indique \u00abcette cr\u00e9ature est verte\u00bb. De quelle couleur est la cr\u00e9ature ?<\/li>\n<\/ol>\n<p>&nbsp;<\/p>\n<p>&nbsp;<\/p>\n<ol start=\"13\">\n<li>J\u2019ai un Honneur des Purs en jeu, et une Avant-Garde d\u2019\u00e9lite avec un marqueur +1\/+1 dessus. Je lance un sort indiquant \u00ab+2\/+0 et C\u00e9l\u00e9rit\u00e9\u00bb. Mon adversaire lance un Clone, ciblant l\u2019Avant-Garde. Quelles sont les caract\u00e9ristiques du Clone ? Et si c\u2019est moi qui le lance ?<\/li>\n<\/ol>\n<p>&nbsp;<\/p>\n<p>&nbsp;<\/p>\n<ol start=\"14\">\n<li>J\u2019ai un \u00c9quipement qui pr\u00e9cise \u00abLa cr\u00e9ature \u00e9quip\u00e9e a le Vol\u00bb attach\u00e9 \u00e0 une cr\u00e9ature. Je lance un sort qui stipule \u00abToutes les cr\u00e9atures perdent le Vol\u00bb. La cr\u00e9acture \u00e9quip\u00e9e vole t-elle ? Et si je l\u2019\u00e9quipe sur une autre cr\u00e9ature que je contr\u00f4le apr\u00e8s la r\u00e9solution du sort, cette cr\u00e9ature vole t-elle ?<\/li>\n<\/ol>\n<p>&nbsp;<\/p>\n<p>&nbsp;<\/p>\n<ol start=\"15\">\n<li>Anson contr\u00f4le un Mage de la Lune et une Fonderie Sacr\u00e9e. Nancy lance une Forme du Serpent en ciblant le Mage de la Lune. Une fois la Forme du serpent r\u00e9solue, quelles sont les caract\u00e9ristiques de la Fonderie Sacr\u00e9e ?<\/li>\n<\/ol>\n<p>&nbsp;<\/p>\n<p>&nbsp;<\/p>\n<ol start=\"16\">\n<li>Axel contr\u00f4le un Roi des gobelins et une Artillerie gobeline. Nigel lance une Inversion sans nom, ciblant l\u2019Artillerie gobeline. Quelles sont les caract\u00e9ristiques de l\u2019Artillerie gobeline une fois l\u2019Inversion sans nom r\u00e9solue ?<\/li>\n<\/ol>\n<p>&nbsp;<\/p>\n","protected":false},"excerpt":{"rendered":"<p>Combien y a-t-il de couches, et lesquelles ? &nbsp; &nbsp; Si deux effets essaient de s\u2019appliquer dans la m\u00eame couche, comment d\u00e9terminons-nous habituellement la forme dans laquelle nous les appliquons ? Cette forme g\u00e9n\u00e9rale peut-elle \u00eatre alt\u00e9r\u00e9e ? &nbsp; &nbsp; Albert a des Grizzlis avec un marqueur +1\/+1 sur eux et lance Croissance gigantesque en [&hellip;]<\/p>\n","protected":false},"author":28,"featured_media":0,"parent":430,"menu_order":0,"comment_status":"closed","ping_status":"closed","template":"","meta":{"footnotes":"","_links_to":"","_links_to_target":""},"language":[4],"class_list":["post-470","page","type-page","status-publish","hentry","language-fr_fr"],"_links":{"self":[{"href":"https:\/\/blogs.magicjudges.org\/judgeclasses\/wp-json\/wp\/v2\/pages\/470","targetHints":{"allow":["GET"]}}],"collection":[{"href":"https:\/\/blogs.magicjudges.org\/judgeclasses\/wp-json\/wp\/v2\/pages"}],"about":[{"href":"https:\/\/blogs.magicjudges.org\/judgeclasses\/wp-json\/wp\/v2\/types\/page"}],"author":[{"embeddable":true,"href":"https:\/\/blogs.magicjudges.org\/judgeclasses\/wp-json\/wp\/v2\/users\/28"}],"replies":[{"embeddable":true,"href":"https:\/\/blogs.magicjudges.org\/judgeclasses\/wp-json\/wp\/v2\/comments?post=470"}],"version-history":[{"count":1,"href":"https:\/\/blogs.magicjudges.org\/judgeclasses\/wp-json\/wp\/v2\/pages\/470\/revisions"}],"predecessor-version":[{"id":476,"href":"https:\/\/blogs.magicjudges.org\/judgeclasses\/wp-json\/wp\/v2\/pages\/470\/revisions\/476"}],"up":[{"embeddable":true,"href":"https:\/\/blogs.magicjudges.org\/judgeclasses\/wp-json\/wp\/v2\/pages\/430"}],"wp:attachment":[{"href":"https:\/\/blogs.magicjudges.org\/judgeclasses\/wp-json\/wp\/v2\/media?parent=470"}],"wp:term":[{"taxonomy":"language","embeddable":true,"href":"https:\/\/blogs.magicjudges.org\/judgeclasses\/wp-json\/wp\/v2\/language?post=470"}],"curies":[{"name":"wp","href":"https:\/\/api.w.org\/{rel}","templated":true}]}}