{"id":471,"date":"2017-07-10T15:36:35","date_gmt":"2017-07-10T15:36:35","guid":{"rendered":"http:\/\/blogs.magicjudges.org\/judgeclasses\/?page_id=471"},"modified":"2017-07-10T15:36:35","modified_gmt":"2017-07-10T15:36:35","slug":"class-4-answers-fr","status":"publish","type":"page","link":"https:\/\/blogs.magicjudges.org\/judgeclasses\/french\/class-4-answers-fr\/","title":{"rendered":"Cours 4 &#8211; R\u00e9ponses"},"content":{"rendered":"<ol>\n<li><strong> Combien y a-t-il de couches, et lesquelles ?<\/strong><\/li>\n<\/ol>\n<p>&nbsp;<\/p>\n<ol>\n<li><em> Copie<\/em><\/li>\n<li><em> Contr\u00f4le<\/em><\/li>\n<li><em> Texte<\/em><\/li>\n<li><em> Type<\/em><\/li>\n<li><em> Couleur<\/em><\/li>\n<li><em> Capacit\u00e9s (donner\/enlever)<\/em><\/li>\n<li><em> Force et Endurance<\/em><\/li>\n<\/ol>\n<p><em>7a. Les effets des capacit\u00e9s de d\u00e9finition de caract\u00e9ristique qui d\u00e9finissent la force et\/ou l\u2019endurance.<\/em><\/p>\n<p><em>7b. Les effets qui fixent la force et\/ou l\u2019endurance \u00e0 un nombre ou \u00e0 une valeur sp\u00e9cifique.<\/em><\/p>\n<p><em>7c. Les effets qui modifient la force et\/ou l\u2019endurance (+X\/+X o -X\/- X).<\/em><\/p>\n<p><em>7d. Les changements de force et\/ou d\u2019endurance dus \u00e0 des marqueurs.<\/em><\/p>\n<p><em>7e. Les effets qui \u00e9changent la force et l\u2019endurance.<\/em><\/p>\n<p>&nbsp;<\/p>\n<p>&nbsp;<\/p>\n<ol start=\"2\">\n<li><strong> Si deux effets essaient de s\u2019appliquer dans la m\u00eame couche, comment d\u00e9terminons-nous habituellement la forme dans laquelle nous les appliquons ? Cette forme g\u00e9n\u00e9rale peut-elle \u00eatre alt\u00e9r\u00e9e ?<\/strong><\/li>\n<\/ol>\n<p><em>\u00a0<\/em><\/p>\n<p><em>Dans une m\u00eame couche, les effets s\u2019appliquent dans leur ordre d\u2019arriv\u00e9e. Cependant, si une d\u00e9pendance existe, elle pr\u00e9vaudra sur l\u2019ordre d\u2019arriv\u00e9e, et s\u2019appliquera toujours avant les capacit\u00e9s de d\u00e9finition de caract\u00e9ristiques.<\/em><\/p>\n<p>&nbsp;<\/p>\n<ol start=\"3\">\n<li><strong> Albert a des Grizzlis avec un marqueur +1\/+1 sur eux et lance Croissance gigantesque en les ciblant. Quelle est leur force ?<\/strong><\/li>\n<\/ol>\n<p>&nbsp;<\/p>\n<p><em>Si nous prenons la cr\u00e9ature base (2\/2) et appliquons dans l\u2019ordre des couches les effets le concernant,\u00a0 nous prendrons d\u2019abord en compte la Croissance gigantesque (7c), puis le marqueur +1\/+1 (7d), donnant ainsi un (2\/2+ 3\/3 + 1\/1) 6\/6. <\/em><\/p>\n<p><strong>\u00a0<\/strong><\/p>\n<ol start=\"4\">\n<li><strong> J\u2019ai un \u00c9cumeur des vents avec un marqueur +1\/+1, et j\u2019active sa capacit\u00e9 d\u2019inversion de force et endurance. Quelles seront ses F\/E ? Et si je lui lance ensuite une Inversion sans nom ?<\/strong><\/li>\n<\/ol>\n<p>&nbsp;<\/p>\n<p><em>Avec la capacit\u00e9 d\u2019inversion, l\u2019\u00c9cumeur sera, en appliquant les couches pas \u00e0 pas, un 1\/3 \u2192 2\/4 \u2192 4\/2. Apr\u00e8s cela on lui lance une Inversion sans nom, nous recalculerons les F\/E, ce qui donnera un : 1\/3 \u2192 4\/0 \u2192 5\/1 \u2192 1\/5.<\/em><\/p>\n<p>&nbsp;<\/p>\n<ol start=\"5\">\n<li><strong> J\u2019ai une lune de Sang sur table, et une Fontaine sacr\u00e9e, une Toundra, un Quartier fant\u00f4me, une For\u00eat et une Charmille Dryade en jeu. Quels sont le nom des cartes et que sont-elles ?T<\/strong><\/li>\n<\/ol>\n<p>&nbsp;<\/p>\n<p><em>&#8211; Fontaine sacr\u00e9e : Terrain-Montagne<\/em><\/p>\n<p><em>&#8211; Toundra : Terrain-Montagne<\/em><\/p>\n<p><em>&#8211; Quartier fant\u00f4me : Terrain-Montagne<\/em><\/p>\n<p><em>&#8211; For\u00eat : Terrain de base &#8211; For\u00eat<\/em><\/p>\n<p><em>&#8211; Charmille Dryade : Cr\u00e9ature terrain &#8211; Montagne Dryade 1\/1, dont la couleur est toujours verte.<\/em><\/p>\n<p><em>\u00a0<\/em><\/p>\n<p><em>Toutes celles qui sont transform\u00e9es en montagne ont la capacit\u00e9 : engagez, ajoutez un mana rouge, mais ne sont pas des terrains de base car le sur-type ne change pas.<\/em><\/p>\n<p>&nbsp;<\/p>\n<ol start=\"6\">\n<li><strong> J\u2019ai une Mesa Aride en jeu, enchant\u00e9e par Mers envahissantes, et je lance un Mage de la Lune. Que devient la Mesa Aride ? Et si le Mage de la Lune est en jeu et que je lance Mers envahissantes apr\u00e8s ?<\/strong><\/li>\n<\/ol>\n<p>&nbsp;<\/p>\n<p><em>Ces deux effets entra\u00eenent un changement de type (couche 4), qui s\u2019appliqueront par ordre d\u2019arriv\u00e9e :<\/em><\/p>\n<p><em>&#8211; Si le terrain \u00e9tait enchant\u00e9 par les Mers envahissantes , et que le Mage de la Lune arrive ensuite, alors la Mesa Aride sera un Terrain &#8211; Montagne. <\/em><\/p>\n<p><em>&#8211; Si le Mage de la Lune \u00e9tait pr\u00e9sent avant les Mers Envahissantes, alors, ce sera un Terrain &#8211; \u00cele.<\/em><\/p>\n<p><em>\u00a0<\/em><\/p>\n<p><em>Ce ne sera un terrain de base en aucun cas, car le sur-type ne change pas.<\/em><\/p>\n<p>&nbsp;<\/p>\n<ol start=\"7\">\n<li><strong> Andr\u00e9 contr\u00f4les des Grizzlis, Noelia lance une Image perverse sur les Grizzlis. Puis apr\u00e8s la r\u00e9solution, elle lance Ovinisation sur les Grizzlis. Une fois les deux sorts r\u00e9solus, quelles sont les caract\u00e9ristiques des Grizzlis ?<\/strong><\/li>\n<\/ol>\n<p>&nbsp;<\/p>\n<p><em>Bien que l\u2019Ovinisation fut lanc\u00e9e en dernier, comme il y a des effets diff\u00e9rents sur la cr\u00e9ature, ceux-ci s\u2019appliqueront en tenant compte de l\u2019ordre des couches. Nous appliquons d\u2019abord l\u2019Ovinisation sur la cr\u00e9ature de base (0\/1, couche 7b), puis l\u2019Image perverse (1\/0, couche 7e). <\/em><\/p>\n<p>&nbsp;<\/p>\n<ol start=\"8\">\n<li><strong> Adalbert a un Grignoteur de pens\u00e9es sur le champ de bataille, et lance une Profusion d\u2019annulations. Quelle sera la taille maximale de sa main ?<\/strong><\/li>\n<\/ol>\n<p>&nbsp;<\/p>\n<p><em>Nous avons deux effets :<\/em><\/p>\n<p><em>&#8211; Grignoteur de pens\u00e9es : La taille maximale est r\u00e9duite de deux,<\/em><\/p>\n<p><em>&#8211; Profusion d\u2019annulations : La taille maximale de la main est de deux.<\/em><\/p>\n<p><em>Les deux effets vont modifier les r\u00e8gles, et seront donc trait\u00e9s par ordre d\u2019arriv\u00e9e en jeu. :<\/em><\/p>\n<p><em>Nous commen\u00e7ons avec une main de 7 cartes, y appliquons le Grignoteur de pens\u00e9es, ce qui nous donne une taille de main maximale de 5. Puis, nous appliquons la Profusion d\u2019annulations, qui nous dit que le taille maximale est de deux. Cependant, ceci ne signifie pas qu\u2019Adalbert ne peut pas avoir plus de deux cartes en main, mais seulement qu\u2019il devra d\u00e9fausser toutes les cartes exc\u00e9dentaires \u00e0 2 durant son \u00e9tape de nettoyage.<\/em><\/p>\n<p>&nbsp;<\/p>\n<ol start=\"9\">\n<li><strong> J\u2019ai un Tarmogoyf sur le champ de bataille avec Rituel, Terrain et \u00c9ph\u00e9m\u00e8re dans les cimeti\u00e8res. Je lance Humilit\u00e9. Quelles sont les F\/E du Tarmogoyf ?<\/strong><\/li>\n<\/ol>\n<p>&nbsp;<\/p>\n<p><em>De par l\u2019Humilit\u00e9, le Tarmogoyf perd la capacit\u00e9 qui fixe son Endurance en couche 6, puis est d\u00e9fini comme une 1\/1 en couche 7b. <\/em><\/p>\n<p>&nbsp;<\/p>\n<ol start=\"10\">\n<li><strong> J\u2019ai une Opalescence et une Lune de sang sur la table. Je lance une Humilit\u00e9. Que sont les autres Enchantements ? Et si j\u2019ai Humilit\u00e9 sur table, et lance Opalescence ?<\/strong><\/li>\n<\/ol>\n<p>&nbsp;<\/p>\n<p><em>Tant l\u2019effet de l\u2019Opalescence qui transforment les Enchantements en cr\u00e9atures avec des F\/E \u00e9gales \u00e0 leur CCM que celui de l\u2019Humilit\u00e9 qui en fait des 1\/1 s\u2019appliquent en couche 7b, ce qui signifie que la priorit\u00e9 est faite \u00e0 celui qui arrive en dernier sur le champ de bataille, et que le Enchantements seront donc 1\/1 sans capacit\u00e9. Si l\u2019Humilit\u00e9 \u00e9tait d\u00e9j\u00e0 sur table et que je lance Opalescence, celle-ci sera une 4\/4 et la Lune de sang une 3\/3. Dans tous les cas, la capacit\u00e9 de la Lune de Sang \u00e0 convertir tous les terrains non-base en Montagne continue \u00e0 s\u2019appliquer.<\/em><\/p>\n<p>&nbsp;<\/p>\n<ol start=\"11\">\n<li><strong> J\u2019ai un effet qui met \u00e0 la fois une Tour du Reliquaire sous le contr\u00f4le de mon adversaire et un Jin-Gitaxias, augure du Noyau sous le mien. Quelle est la taille maximale de main de mon adversaire ?<\/strong><\/li>\n<\/ol>\n<p>&nbsp;<\/p>\n<p><em>La Tour du Reliquaire indique que la taille de main n\u2019a pas de limite, comme si elle \u00e9tait infinie. Si nous r\u00e9duisons cet infini de 7, cela reste l\u2019infini. En d\u2019autres mots, l\u2019infini moins 7 = l\u2019infini \ud83d\ude42<\/em><\/p>\n<p>&nbsp;<\/p>\n<ol start=\"12\">\n<li><strong> J\u2019ai un enchantement qui indique : \u00abToutes les cr\u00e9atures sont bleues\u00bb et lance un \u00e9ph\u00e9m\u00e8re qui indique \u00abcette cr\u00e9ature est verte\u00bb. De quelle couleur est la cr\u00e9ature ?<\/strong><\/li>\n<\/ol>\n<p>&nbsp;<\/p>\n<p><em>Verte, car dans la mesure o\u00f9 les deux effets s\u2019appliquent sur la m\u00eame couche (5), nous prendrons en compte le dernier effet dans l\u2019ordre chronologique.<\/em><\/p>\n<p>&nbsp;<\/p>\n<ol start=\"13\">\n<li><strong> J\u2019ai un Honneur des Purs en jeu, et une Avant-Garde d\u2019\u00e9lite avec un marqueur +1\/+1 dessus. Je lance un sort indiquant \u00ab+2\/+0 et C\u00e9l\u00e9rit\u00e9\u00bb. Mon adversaire lance un Clone, ciblant l\u2019Avant-Garde. Quelles sont les caract\u00e9ristiques du Clone ? Et si c\u2019est moi qui le lance <\/strong><strong>?<\/strong><\/li>\n<\/ol>\n<p>&nbsp;<\/p>\n<p><em>Une 2\/1,\u00a0 car nous prenons uniquement en compte la cr\u00e9ature de base et que c\u2019est la seule valeur copiable en d\u00e9pit de tout ce qui l\u2019affecte. Si c\u2019est moi qui avait lanc\u00e9 le Clone, il en serait de m\u00eame, mais une fois sur le champ de bataille, il recevrait le bonus de l\u2019Honneur des Purs, car avec tous les effets, c\u2019est aussi une Avant-Garde, et donc une cr\u00e9ature blanche.<\/em><\/p>\n<p>&nbsp;<\/p>\n<ol start=\"14\">\n<li><strong> J\u2019ai un \u00c9quipement qui pr\u00e9cise \u00abLa cr\u00e9ature \u00e9quip\u00e9e a le Vol\u00bb attach\u00e9 \u00e0 une cr\u00e9ature. Je lance un sort qui stipule \u00abToutes les cr\u00e9atures perdent le Vol\u00bb. La cr\u00e9acture \u00e9quip\u00e9e vole t-elle ? Et si je l\u2019\u00e9quipe sur une autre cr\u00e9ature que je contr\u00f4le apr\u00e8s la r\u00e9solution du sort, cette cr\u00e9ature vole t-elle ?<\/strong><\/li>\n<\/ol>\n<p>&nbsp;<\/p>\n<p><em>Les deux effets s\u2019appliquent en couche 6, gagner et perdre des capacit\u00e9s, et comme il n\u2019y a pas d\u00e9pendance, nous les appliquons selon leur ordre chronologique d\u2019arriv\u00e9e.<\/em><\/p>\n<p><em>\u00a0<\/em><\/p>\n<p><em>&#8211; L\u2019ordre d\u2019arriv\u00e9e de l\u2019effet d\u2019un permanent est le moment o\u00f9 celui-ci arrive en jeu<\/em><\/p>\n<p><em>&#8211; L\u2019ordre d\u2019arriv\u00e9e de l\u2019effet d\u2019un \u00c9quipement est le moment o\u00f9 il est attach\u00e9<\/em><\/p>\n<p><em>&#8211; L\u2019ordre d\u2019arriv\u00e9e de l\u2019effet d\u2019un sort est quand celui-ci se r\u00e9sout<\/em><\/p>\n<p><em>&#8211; Dans l\u2019exemple, on commence par le Vol accord\u00e9 par l\u2019\u00c9quipement, puis la perte du Vol par le sort.<\/em><\/p>\n<p><em>Si j\u2019\u00e9quipe ensuite une autre cr\u00e9ature, celle-ci aura le vol car l\u2019ordre des effets sera : perte du Vol, puis gain du Vol.<\/em><\/p>\n<p>&nbsp;<\/p>\n<ol start=\"15\">\n<li><strong> Anson contr\u00f4le un Mage de la Lune et une Fonderie Sacr\u00e9e. Nancy lance une Forme du Serpent en ciblant le Mage de la Lune. Une fois la Forme du serpent r\u00e9solue, quelles sont les caract\u00e9ristiques de la Fonderie Sacr\u00e9e ?<\/strong><\/li>\n<\/ol>\n<p><strong>\u00a0<\/strong><\/p>\n<p>Un Terrain non base \u2013 Montagne, car la cr\u00e9ature perd ses capacit\u00e9s en couche 6, tandis que l\u2019effet qui transforme les terrains non-base en montagne s\u2019applique lui en couche 4.<\/p>\n<p>&nbsp;<\/p>\n<ol start=\"16\">\n<li><strong> Axel contr\u00f4le un Roi des gobelins et une Artillerie gobeline. Nigel lance une Inversion sans nom, ciblant l\u2019Artillerie gobeline. Quelles sont les caract\u00e9ristiques de l\u2019Artillerie gobeline une fois l\u2019Inversion sans nom r\u00e9solue ? <\/strong><\/li>\n<\/ol>\n<p>&nbsp;<\/p>\n<p>Ce sera une cr\u00e9ature 4\/0, sans aucun type de cr\u00e9ature.<\/p>\n<p>&nbsp;<\/p>\n","protected":false},"excerpt":{"rendered":"<p>Combien y a-t-il de couches, et lesquelles ? &nbsp; Copie Contr\u00f4le Texte Type Couleur Capacit\u00e9s (donner\/enlever) Force et Endurance 7a. Les effets des capacit\u00e9s de d\u00e9finition de caract\u00e9ristique qui d\u00e9finissent la force et\/ou l\u2019endurance. 7b. Les effets qui fixent la force et\/ou l\u2019endurance \u00e0 un nombre ou \u00e0 une valeur sp\u00e9cifique. 7c. Les effets qui [&hellip;]<\/p>\n","protected":false},"author":28,"featured_media":0,"parent":430,"menu_order":0,"comment_status":"closed","ping_status":"closed","template":"","meta":{"footnotes":"","_links_to":"","_links_to_target":""},"language":[4],"class_list":["post-471","page","type-page","status-publish","hentry","language-fr_fr"],"_links":{"self":[{"href":"https:\/\/blogs.magicjudges.org\/judgeclasses\/wp-json\/wp\/v2\/pages\/471","targetHints":{"allow":["GET"]}}],"collection":[{"href":"https:\/\/blogs.magicjudges.org\/judgeclasses\/wp-json\/wp\/v2\/pages"}],"about":[{"href":"https:\/\/blogs.magicjudges.org\/judgeclasses\/wp-json\/wp\/v2\/types\/page"}],"author":[{"embeddable":true,"href":"https:\/\/blogs.magicjudges.org\/judgeclasses\/wp-json\/wp\/v2\/users\/28"}],"replies":[{"embeddable":true,"href":"https:\/\/blogs.magicjudges.org\/judgeclasses\/wp-json\/wp\/v2\/comments?post=471"}],"version-history":[{"count":1,"href":"https:\/\/blogs.magicjudges.org\/judgeclasses\/wp-json\/wp\/v2\/pages\/471\/revisions"}],"predecessor-version":[{"id":477,"href":"https:\/\/blogs.magicjudges.org\/judgeclasses\/wp-json\/wp\/v2\/pages\/471\/revisions\/477"}],"up":[{"embeddable":true,"href":"https:\/\/blogs.magicjudges.org\/judgeclasses\/wp-json\/wp\/v2\/pages\/430"}],"wp:attachment":[{"href":"https:\/\/blogs.magicjudges.org\/judgeclasses\/wp-json\/wp\/v2\/media?parent=471"}],"wp:term":[{"taxonomy":"language","embeddable":true,"href":"https:\/\/blogs.magicjudges.org\/judgeclasses\/wp-json\/wp\/v2\/language?post=471"}],"curies":[{"name":"wp","href":"https:\/\/api.w.org\/{rel}","templated":true}]}}