{"id":479,"date":"2017-07-10T17:11:42","date_gmt":"2017-07-10T17:11:42","guid":{"rendered":"http:\/\/blogs.magicjudges.org\/judgeclasses\/?page_id=479"},"modified":"2017-07-10T17:11:42","modified_gmt":"2017-07-10T17:11:42","slug":"class-5-questions-fr","status":"publish","type":"page","link":"https:\/\/blogs.magicjudges.org\/judgeclasses\/french\/class-5-questions-fr\/","title":{"rendered":"Cours 5 &#8211; Questions"},"content":{"rendered":"<ol>\n<li>Quelles sont les \u00e9tapes n\u00e9cessaires pour pouvoir lancer un sort ?<\/li>\n<\/ol>\n<p>&nbsp;<\/p>\n<ol start=\"2\">\n<li>Dans quel ordre se paient les co\u00fbts d\u2019un sort ?<\/li>\n<\/ol>\n<p>&nbsp;<\/p>\n<ol start=\"3\">\n<li>Si je veux lancer un sort avec le Rappel, \u00e0 quelle \u00e9tape le rappel doit-il \u00eatre choisi ?<\/li>\n<\/ol>\n<p>&nbsp;<\/p>\n<ol start=\"4\">\n<li>Si je lance un Revers sauvage, puis-je choisir trois fois la m\u00eame cr\u00e9ature ?<\/li>\n<\/ol>\n<p>&nbsp;<\/p>\n<ol start=\"5\">\n<li>Si je lance Pluie d\u2019\u00e9pine, puis-je choisir de cibler deux fois un terrain-artefact ?<\/li>\n<\/ol>\n<p>&nbsp;<\/p>\n<ol start=\"6\">\n<li>Quand puis-je choisir de kicker ou non un Destructeur de ruines gobelin ?<\/li>\n<\/ol>\n<p>&nbsp;<\/p>\n<ol start=\"7\">\n<li>Si je lance un Arc \u00e9lectrique, ciblant un Ours fantasmatique et mon adversaire, combien de dommage mon adversaire recevra-t-il et pourquoi ?<\/li>\n<\/ol>\n<p>&nbsp;<\/p>\n<ol start=\"8\">\n<li>Si je lance un Lien commun, puis-je mettre deux marqueurs sur la m\u00eame cr\u00e9ature ? Puis-je mettre un marqueur sur une cr\u00e9ature qu\u2019un adversaire contr\u00f4le ?<\/li>\n<\/ol>\n<p>&nbsp;<\/p>\n<ol start=\"9\">\n<li>Quelle est la diff\u00e9rence entre lancer une Pluie de fl\u00e8ches et une Boule de feu ?Albert active son Ouverture temporelle et r\u00e9v\u00e8le la carte du dessus de sa biblioth\u00e8que qui est un Vagabond des pens\u00e9es. Peut-il \u00e9voquer le Vagabond ? Et s\u2019il peut le faire, doit-il payer le co\u00fbt d\u2019\u00e9vocation ?<\/li>\n<\/ol>\n<p>&nbsp;<\/p>\n<ol start=\"10\">\n<li>Adelaide a un Maro sur le champ de bataille et dans la main seulement une Chute consid\u00e9rable. Adelaide peut-elle lancer la Chute et sacrifier Maro ? Si elle le peut, combien de cartes piochera-t-elle et combien de points de vie gagnera-t-elle ?<\/li>\n<\/ol>\n<p>&nbsp;<\/p>\n<ol start=\"11\">\n<li>Arnorld a une \u00c9p\u00e9e des Paruns \u00e9quip\u00e9e sur son Cyclope sanguin. Si Arnold active la capacit\u00e9 du Cyclope en le sacrifiant et en ciblant Nancy, combien de d\u00e9g\u00e2ts seront faits ?<\/li>\n<\/ol>\n<p>&nbsp;<\/p>\n<ol start=\"12\">\n<li>Andrea ne contr\u00f4le qu\u2019une montagne, peut-elle lancer un Raser la terre pour d\u00e9truire le Mutecaveau de son adversaire ?<\/li>\n<\/ol>\n<p>&nbsp;<\/p>\n<ol start=\"13\">\n<li>Je lance un Jet en sacrifiant un Tarmogoyf (avec seulement rituel et terrain dans les cimeti\u00e8res), sur le Coursier nessian de mon adversaire. Sa cr\u00e9ature mourra-t-elle ? Que se passerait-il si mon Tarmogoyf \u00e9tait \u00e9quip\u00e9 d\u2019un Collier de basilic ?<\/li>\n<\/ol>\n<p>&nbsp;<\/p>\n<ol start=\"14\">\n<li>Artemis a une Masticore \u00e0 queue en fusion et un Autel d\u2019Ashnod. Elle souhaite utiliser la capacit\u00e9 de la Masticore. Peut-elle sacrifier la Masticore pour payer la capacit\u00e9 de l\u2019Autel ? Si oui, peut-elle exiler la Masticore depuis son cimeti\u00e8re pour payer la capacit\u00e9 de la masticore ?<\/li>\n<\/ol>\n<p>&nbsp;<\/p>\n<ol start=\"15\">\n<li>Antoine a une \u00c9toile chromatique, un Grand fourneau et un Arbre des R\u00e9cits. Peut-il lancer une Adjuration des pens\u00e9es ? Pourquoi ?<\/li>\n<\/ol>\n<p>&nbsp;<\/p>\n<ol start=\"16\">\n<li>J\u2019ai sur le champ de bataille un Mur de racines avec 4 marqueurs sur lui et 4 for\u00eats. Quelle valeur maximale puis-je donner au X d\u2019une Corde d&#8217;adjuration avec ces ressources ?<\/li>\n<\/ol>\n<p>&nbsp;<\/p>\n<ol start=\"17\">\n<li>Combien de cr\u00e9ature ou joueur peut cibler un joueur lan\u00e7ant une \u00c9ruption violente ?<\/li>\n<\/ol>\n<p>&nbsp;<\/p>\n<ol start=\"18\">\n<li>Comment se d\u00e9termine le co\u00fbt total d\u2019un sort ? Cela affecte-t-il le co\u00fbt converti de mana de ce sort ?<\/li>\n<\/ol>\n<p>&nbsp;<\/p>\n<p>&nbsp;<\/p>\n","protected":false},"excerpt":{"rendered":"<p>Quelles sont les \u00e9tapes n\u00e9cessaires pour pouvoir lancer un sort ? &nbsp; Dans quel ordre se paient les co\u00fbts d\u2019un sort ? &nbsp; Si je veux lancer un sort avec le Rappel, \u00e0 quelle \u00e9tape le rappel doit-il \u00eatre choisi ? &nbsp; Si je lance un Revers sauvage, puis-je choisir trois fois la m\u00eame cr\u00e9ature [&hellip;]<\/p>\n","protected":false},"author":28,"featured_media":0,"parent":430,"menu_order":0,"comment_status":"closed","ping_status":"closed","template":"","meta":{"footnotes":"","_links_to":"","_links_to_target":""},"language":[4],"class_list":["post-479","page","type-page","status-publish","hentry","language-fr_fr"],"_links":{"self":[{"href":"https:\/\/blogs.magicjudges.org\/judgeclasses\/wp-json\/wp\/v2\/pages\/479","targetHints":{"allow":["GET"]}}],"collection":[{"href":"https:\/\/blogs.magicjudges.org\/judgeclasses\/wp-json\/wp\/v2\/pages"}],"about":[{"href":"https:\/\/blogs.magicjudges.org\/judgeclasses\/wp-json\/wp\/v2\/types\/page"}],"author":[{"embeddable":true,"href":"https:\/\/blogs.magicjudges.org\/judgeclasses\/wp-json\/wp\/v2\/users\/28"}],"replies":[{"embeddable":true,"href":"https:\/\/blogs.magicjudges.org\/judgeclasses\/wp-json\/wp\/v2\/comments?post=479"}],"version-history":[{"count":2,"href":"https:\/\/blogs.magicjudges.org\/judgeclasses\/wp-json\/wp\/v2\/pages\/479\/revisions"}],"predecessor-version":[{"id":487,"href":"https:\/\/blogs.magicjudges.org\/judgeclasses\/wp-json\/wp\/v2\/pages\/479\/revisions\/487"}],"up":[{"embeddable":true,"href":"https:\/\/blogs.magicjudges.org\/judgeclasses\/wp-json\/wp\/v2\/pages\/430"}],"wp:attachment":[{"href":"https:\/\/blogs.magicjudges.org\/judgeclasses\/wp-json\/wp\/v2\/media?parent=479"}],"wp:term":[{"taxonomy":"language","embeddable":true,"href":"https:\/\/blogs.magicjudges.org\/judgeclasses\/wp-json\/wp\/v2\/language?post=479"}],"curies":[{"name":"wp","href":"https:\/\/api.w.org\/{rel}","templated":true}]}}