{"id":480,"date":"2017-07-10T17:13:08","date_gmt":"2017-07-10T17:13:08","guid":{"rendered":"http:\/\/blogs.magicjudges.org\/judgeclasses\/?page_id=480"},"modified":"2017-07-10T17:13:08","modified_gmt":"2017-07-10T17:13:08","slug":"class-5-answers-fr","status":"publish","type":"page","link":"https:\/\/blogs.magicjudges.org\/judgeclasses\/french\/class-5-answers-fr\/","title":{"rendered":"Cours 5 &#8211; R\u00e9ponses"},"content":{"rendered":"<ol start=\"1\">\n<li><strong>Quelles sont les \u00e9tapes n\u00e9cessaires pour pouvoir lancer un sort ?<\/strong><\/li>\n<\/ol>\n<p><em>1) Annoncer et mettre le sort en pile<\/em><\/p>\n<p><em>2) Choisir les modes et\/ou les co\u00fbts alternatifs (Evocation, impr\u00e9gnation d\u2019arcane,\u00a0 Kick, Rappel etc.)<\/em><\/p>\n<p><em>3) Choisir les cibles<\/em><\/p>\n<p><em>4) Choisir la distribution des effets (d\u00e9g\u00e2ts, marqueurs etc.)<\/em><\/p>\n<p><em>5) V\u00e9rifier que le sort est l\u00e9gal<\/em><\/p>\n<p><em>6) D\u00e9terminer le co\u00fbt final<\/em><\/p>\n<p><em>7) Activer des capacit\u00e9s de mana pour payer les co\u00fbts<\/em><\/p>\n<p><em>8) Payer tous les co\u00fbts dans n\u2019importe quel ordre<\/em><\/p>\n<p>&nbsp;<\/p>\n<ol start=\"2\">\n<li><strong> Dans quel ordre se paient les co\u00fbts d\u2019un sort ?<\/strong><\/li>\n<\/ol>\n<p><em>Dans l\u2019ordre d\u00e9sir\u00e9.<\/em><\/p>\n<p>&nbsp;<\/p>\n<ol start=\"3\">\n<li><strong> Si je veux lancer un sort avec le Rappel, \u00e0 quelle \u00e9tape le rappel doit-il \u00eatre choisi ?<\/strong><\/li>\n<\/ol>\n<p><em>A la deuxi\u00e8me, l\u2019\u00e9tape de choix des co\u00fbts alternatifs.<\/em><\/p>\n<p><em>\u00a0<\/em><\/p>\n<ol start=\"4\">\n<li><strong> Si je lance un Revers sauvage, puis-je choisir trois fois la m\u00eame cr\u00e9ature ?<\/strong><\/li>\n<\/ol>\n<p><em>Non, chaque instance du mot \u00abcible\u00bb dans un sort ou une capacit\u00e9 ne peut d\u00e9signer qu\u2019une seule cible.<\/em><\/p>\n<p><em>\u00a0<\/em><\/p>\n<ol start=\"5\">\n<li><strong> Si je lance Pluie d\u2019\u00e9pine, puis-je choisir de cibler deux fois un terrain-artefact ?<\/strong><\/li>\n<\/ol>\n<p><em>Oui, je peux choisir la m\u00eame cible. Une fois pour chaque instance du mot \u00abcible\u00bb dans le texte.<\/em><\/p>\n<p>&nbsp;<\/p>\n<ol start=\"6\">\n<li><strong> Quand puis-je choisir de kicker ou non un Destructeur de ruines gobelin ?<\/strong><\/li>\n<\/ol>\n<p><em>Durant la seconde \u00e9tape de son lancement : le choix des co\u00fbts additionnels.<\/em><\/p>\n<p>&nbsp;<\/p>\n<ol start=\"7\">\n<li><strong> Si je lance un Arc \u00e9lectrique, ciblant un Ours fantasmatique et mon adversaire, combien de dommage mon adversaire recevra-t-il et pourquoi ?<\/strong><\/li>\n<\/ol>\n<p><em>Un seul. Car bien que la capacit\u00e9 de l\u2019ours se d\u00e9clenche et qu\u2019il soit sacrifi\u00e9, faisant perdre une cible \u00e0 l\u2019Arc, \u00e0 sa r\u00e9solution, l\u2019Arc aura toujours une cible valide.<\/em><\/p>\n<p>&nbsp;<\/p>\n<p>&nbsp;<\/p>\n<p><strong>\u00a0<\/strong><\/p>\n<ol start=\"8\">\n<li><strong> Si je lance un Lien commun, puis-je mettre deux marqueurs sur la m\u00eame cr\u00e9ature ? Puis-je mettre un marqueur sur une cr\u00e9ature qu\u2019un adversaire contr\u00f4le ?<\/strong><\/li>\n<\/ol>\n<p><em>Oui, je peux. Puisqu\u2019il y a deux instance du mot \u00abcible\u00bb dans le texte de la carte. Et bien s\u00fbr, je peux cibler une cr\u00e9ature qu\u2019un adversaire contr\u00f4le, rien n\u2019implique que je ne puisse pas le faire; la cible doit seulement \u00eatre une cr\u00e9ature, sans caract\u00e9ristique ou restriction suppl\u00e9mentaire.<\/em><\/p>\n<p><strong>\u00a0<\/strong><\/p>\n<ol start=\"9\">\n<li><strong> Quelle est la diff\u00e9rence entre lancer une Pluie de fl\u00e8ches et une Boule de feu ?<\/strong><\/li>\n<\/ol>\n<p><em>Les dommages de la Pluie de fl\u00e8ches sont r\u00e9partis de la mani\u00e8re choisie lors de la quatri\u00e8me \u00e9tape de son lancement, alors que les dommages de la boule de feu sont divis\u00e9s de mani\u00e8re \u00e9quitable lors de sa r\u00e9solution, sans possibilit\u00e9 de les r\u00e9partir \u00e0 la guise de son lanceur.<\/em><\/p>\n<p><em>\u00a0<\/em><\/p>\n<ol start=\"10\">\n<li><strong> Albert active son Ouverture temporelle et r\u00e9v\u00e8le la carte du dessus de sa biblioth\u00e8que qui est un Vagabond des pens\u00e9es. Peut-il \u00e9voquer le Vagabond ? Et s\u2019il peut le faire, doit-il payer le co\u00fbt d\u2019\u00e9vocation ?<\/strong><\/li>\n<\/ol>\n<p><em>Il ne peut pas l\u2019\u00e9voquer. \u00abLancer sans payer son co\u00fbt de mana\u00bb, comme l\u2019\u00e9vocation sont des co\u00fbts alternatifs et l\u2019on ne peut utiliser que l\u2019un des deux lorsqu\u2019on lance le sort. Le seul co\u00fbt alternatif qu\u2019autorise l\u2019Ouverture temporelle est celui de lancer sans payer le co\u00fbt de mana, donc si Albert veut jouer cette carte, il ne peut utiliser que cette option.<\/em><\/p>\n<p>&nbsp;<\/p>\n<ol start=\"11\">\n<li><strong> Adelaide a un Maro sur le champ de bataille et dans la main seulement une Chute consid\u00e9rable. Adelaide peut-elle lancer la Chute et sacrifier Maro ? Si elle le peut, combien de cartes piochera-t-elle et combien de points de vie gagnera-t-elle ?<\/strong><\/li>\n<\/ol>\n<p><em>Oui elle le peut, elle gagnerait 0 point de vie et piocherait 0 carte puisque la force et l\u2019endurance de Maro sont issus d\u2019une capacit\u00e9 d\u00e9finissant des caract\u00e9ristiques et pendant que la Chute est dans la pile, Ad\u00e9laide n\u2019a pas de carte en main.<\/em><\/p>\n<p>&nbsp;<\/p>\n<ol start=\"12\">\n<li><strong> Arnorld a une \u00c9p\u00e9e des Paruns \u00e9quip\u00e9e sur son Cyclope sanguin. Si Arnold active la capacit\u00e9 du Cyclope en le sacrifiant et en ciblant Nancy, combien de d\u00e9g\u00e2ts seront faits ?<\/strong><\/li>\n<li><em> Il y a deux co\u00fbts pour la capacit\u00e9 du Cyclope : l\u2019engager et sacrifier une cr\u00e9ature. Ces co\u00fbts peuvent se payer dans n\u2019importe quel ordre, mais Arnold ne peut pas engager le Cyclope s\u2019il le sacrifie d\u2019abord. De fait, il l\u2019engage avant de le sacrifier et les derni\u00e8res informations connues du Cyclope lorsque se r\u00e9sout la capacit\u00e9 disent que c\u2019est une 6\/4.<\/em><\/li>\n<\/ol>\n<p>&nbsp;<\/p>\n<ol start=\"13\">\n<li><strong> Andrea ne contr\u00f4le qu\u2019une montagne, peut-elle lancer un Raser la terre pour d\u00e9truire le Mutecaveau de son adversaire ?<\/strong><\/li>\n<\/ol>\n<p><em>Oui, elle peut. A la 7e \u00e9tape, elle peut activer les capacit\u00e9s de mana. Ensuite, \u00e0 l\u2019\u00e9tape 8, elle paiera R et sacrifiera la montagne.<\/em><\/p>\n<p>&nbsp;<\/p>\n<ol start=\"14\">\n<li><strong> Je lance un Jet en sacrifiant un Tarmogoyf (avec seulement rituel et terrain dans les cimeti\u00e8res), sur le Coursier nessian de mon adversaire. Sa cr\u00e9ature mourra-t-elle ? Que se passerait-il si mon Tarmogoyf \u00e9tait \u00e9quip\u00e9 d\u2019un Collier de basilic ?<\/strong><\/li>\n<\/ol>\n<p><em>A la r\u00e9solution du Jet, on utilise les derni\u00e8res informations connues du Tarmogoyf, qui donneront une force de 2. Donc le Coursier ne mourra pas. Si le Tarmogoyf \u00e9tait \u00e9quip\u00e9 du Collier, il ne mourrait pas non plus et je ne gagnerais pas de points de vie, car bien que ma cr\u00e9ature ait le contact mortel et le lien de vie lorsque je la sacrifie, ce n\u2019est pas elle qui inflige les d\u00e9g\u00e2ts mais bien le Jet.<\/em><\/p>\n<p>&nbsp;<\/p>\n<ol start=\"15\">\n<li><strong> Artemis a une Masticore \u00e0 queue en fusion et un Autel d\u2019Ashnod. Elle souhaite utiliser la capacit\u00e9 de la Masticore. Peut-elle sacrifier la Masticore pour payer la capacit\u00e9 de l\u2019Autel ? Si oui, peut-elle exiler la Masticore depuis son cimeti\u00e8re pour payer la capacit\u00e9 de la masticore ?<\/strong><\/li>\n<\/ol>\n<p><em>Oui aux deux. Pour activer la capacit\u00e9 de la Masticore, elle annonce qu\u2019elle va l\u2019utiliser, elle choisit la cible, ensuite, \u00e0 l\u2019\u00e9tape o\u00f9 elle peut activer des capacit\u00e9s de mana, elle peut sacrifier la Masticore pour utiliser la capacit\u00e9 de l\u2019Autel et produire du mana. Enfin \u00e0 l\u2019\u00e9tape o\u00f9 elle doit payer les co\u00fbts dans n\u2019importe quel ordre, la Masticore sera d\u00e9j\u00e0 au cimeti\u00e8re et donc pourra \u00eatre exil\u00e9e.<\/em><\/p>\n<p><em>\u00a0<\/em><\/p>\n<ol start=\"16\">\n<li><strong> Antoine a une \u00c9toile chromatique, un Grand fourneau et un Arbre des R\u00e9cits. Peut-il lancer une Adjuration des pens\u00e9es ? Pourquoi ?<\/strong><\/li>\n<\/ol>\n<p><em>Oui, il peut. A l\u2019\u00e9tape o\u00f9 sont fix\u00e9s les co\u00fbts finaux du sort, gr\u00e2ce \u00e0 l\u2019affinit\u00e9, il est d\u00e9termin\u00e9 que l\u2019Adjuration co\u00fbtera 1U. Le co\u00fbt est fix\u00e9 et ne changera pas \u00e0 partir de ce moment, peu importent les changements du champ de bataille.<\/em><\/p>\n<p><em>Une fois cela d\u00e9termin\u00e9, quand les capacit\u00e9 de mana peuvent \u00eatre activ\u00e9es dans l\u2019\u00e9tape appropri\u00e9e, Antoine peut utiliser un mana pour sacrifier son \u00c9toile, obtenir un mana bleu et lancer ainsi son Adjuration. M\u00eame si l\u2019\u00c9toile n\u2019est plus l\u00e0, le co\u00fbt de l\u2019Adjuration aura d\u00e9j\u00e0 \u00e9t\u00e9 fix\u00e9 et ne changera pas.<\/em><\/p>\n<p>&nbsp;<\/p>\n<ol start=\"17\">\n<li><strong> J\u2019ai sur le champ de bataille un Mur de racines avec 4 marqueurs sur lui et 4 for\u00eats. Quelle valeur maximale puis-je donner au X d\u2019une Corde d&#8217;adjuration avec ces ressources ?<\/strong><\/li>\n<\/ol>\n<p><em>Trois. Pendant le lancement du sort, je peux utiliser la capacit\u00e9 de mana de mon Mur et l\u2019engager pour la convocation. Tant que le sort n\u2019est pas lanc\u00e9, les actions bas\u00e9es sur un \u00e9tat ne seront pas v\u00e9rifi\u00e9es et donc le Mur avec ses 5 marqueurs ne sera pas mis au cimeti\u00e8re avant que je puisse l\u2019engager pour la convocation.<\/em><\/p>\n<p><em>\u00a0<\/em><\/p>\n<ol start=\"18\">\n<li><strong> Combien de cr\u00e9ature ou joueur peut cibler un joueur lan\u00e7ant une \u00c9ruption violente ?<\/strong><\/li>\n<\/ol>\n<p><em>De une \u00e0 4, autant que le nombre de dommage que ferait le sort, et pas plus. Il doit \u00eatre possible d\u2019assigner au moins une blessure \u00e0 une cible pour pouvoir la consid\u00e9rer comme telle.<\/em><\/p>\n<p>&nbsp;<\/p>\n<ol start=\"19\">\n<li><strong> Comment se d\u00e9termine le co\u00fbt total d\u2019un sort ? Cela affecte-t-il le co\u00fbt converti de mana de ce sort ?<\/strong><\/li>\n<\/ol>\n<p><em>Le co\u00fbt total se d\u00e9termine en utilisant le co\u00fbt de mana d\u00e9fini en haut \u00e0 droite de la carte, puis en le rempla\u00e7ant par son co\u00fbt alternatif si n\u00e9cessaire, ensuite on ajoute les augmentations de co\u00fbt de mana (par exemple si l\u2019adversaire contr\u00f4le un Grand Arbitre Augustin IV), puis les r\u00e9ductions de co\u00fbt de mana (par exemple avec un Familier nyctasophe), et enfin on applique les effets d\u00e9terminant une valeur fixe pour le co\u00fbt (comme la Trinisph\u00e8re).<\/em><\/p>\n<p><em>Cela n\u2019affecte en rien le co\u00fbt converti de mana du sort qui est le total de la valeur d\u00e9finie en haut \u00e0 droite de la carte.<\/em><\/p>\n<p>&nbsp;<\/p>\n","protected":false},"excerpt":{"rendered":"<p>Quelles sont les \u00e9tapes n\u00e9cessaires pour pouvoir lancer un sort ? 1) Annoncer et mettre le sort en pile 2) Choisir les modes et\/ou les co\u00fbts alternatifs (Evocation, impr\u00e9gnation d\u2019arcane,\u00a0 Kick, Rappel etc.) 3) Choisir les cibles 4) Choisir la distribution des effets (d\u00e9g\u00e2ts, marqueurs etc.) 5) V\u00e9rifier que le sort est l\u00e9gal 6) D\u00e9terminer [&hellip;]<\/p>\n","protected":false},"author":28,"featured_media":0,"parent":430,"menu_order":0,"comment_status":"closed","ping_status":"closed","template":"","meta":{"footnotes":"","_links_to":"","_links_to_target":""},"language":[4],"class_list":["post-480","page","type-page","status-publish","hentry","language-fr_fr"],"_links":{"self":[{"href":"https:\/\/blogs.magicjudges.org\/judgeclasses\/wp-json\/wp\/v2\/pages\/480","targetHints":{"allow":["GET"]}}],"collection":[{"href":"https:\/\/blogs.magicjudges.org\/judgeclasses\/wp-json\/wp\/v2\/pages"}],"about":[{"href":"https:\/\/blogs.magicjudges.org\/judgeclasses\/wp-json\/wp\/v2\/types\/page"}],"author":[{"embeddable":true,"href":"https:\/\/blogs.magicjudges.org\/judgeclasses\/wp-json\/wp\/v2\/users\/28"}],"replies":[{"embeddable":true,"href":"https:\/\/blogs.magicjudges.org\/judgeclasses\/wp-json\/wp\/v2\/comments?post=480"}],"version-history":[{"count":3,"href":"https:\/\/blogs.magicjudges.org\/judgeclasses\/wp-json\/wp\/v2\/pages\/480\/revisions"}],"predecessor-version":[{"id":488,"href":"https:\/\/blogs.magicjudges.org\/judgeclasses\/wp-json\/wp\/v2\/pages\/480\/revisions\/488"}],"up":[{"embeddable":true,"href":"https:\/\/blogs.magicjudges.org\/judgeclasses\/wp-json\/wp\/v2\/pages\/430"}],"wp:attachment":[{"href":"https:\/\/blogs.magicjudges.org\/judgeclasses\/wp-json\/wp\/v2\/media?parent=480"}],"wp:term":[{"taxonomy":"language","embeddable":true,"href":"https:\/\/blogs.magicjudges.org\/judgeclasses\/wp-json\/wp\/v2\/language?post=480"}],"curies":[{"name":"wp","href":"https:\/\/api.w.org\/{rel}","templated":true}]}}