{"id":491,"date":"2017-07-10T17:20:09","date_gmt":"2017-07-10T17:20:09","guid":{"rendered":"http:\/\/blogs.magicjudges.org\/judgeclasses\/?page_id=491"},"modified":"2017-07-10T17:20:09","modified_gmt":"2017-07-10T17:20:09","slug":"class-6-questions-fr","status":"publish","type":"page","link":"https:\/\/blogs.magicjudges.org\/judgeclasses\/french\/class-6-questions-fr\/","title":{"rendered":"Cours 6 &#8211; Questions"},"content":{"rendered":"<ol>\n<li>Que sont les actions bas\u00e9es sur \u00e9tat ?<\/li>\n<li>Quand se v\u00e9rifient les actions bas\u00e9es sur un \u00e9tat ? Dans quel ordre ? Durant quelles \u00e9tapes et phases ne se v\u00e9rifient-elles pas ?<\/li>\n<li>Alphonse poss\u00e8de une Armure \u00e9th\u00e9r\u00e9e qui enchante des Grizzlis. Narcisse lance une Foudre sur les Grizzlis. Que se passera-t-il, pas \u00e0 pas ? Et si, en lieu et place de l\u2019Armure \u00e9th\u00e9r\u00e9e, cela avait \u00e9t\u00e9 une Aura lanc\u00e9e pour le co\u00fbt de Gr\u00e2ce ?<\/li>\n<li>Anna a une cr\u00e9ature 1\/1 avec 3 marqueurs +1\/+1, sur laquelle sont mis trois marqueurs -1\/-1 avec un Z\u00e9nith de Noirsoleil. Que se passe-t-il lorsque les actions sur un \u00e9tat sont v\u00e9rifi\u00e9es ? Et si, au lieu de cela, nous lui mettons 4 marqueurs ?<\/li>\n<li>Si j\u2019ai une cr\u00e9ature enchant\u00e9e par une Rancoeur, et que celle-ci acquiert la protection contre le vert, que se passe-t-il ?<\/li>\n<li>Arthur a une cr\u00e9ature avec un marqueur +1\/+0, et un effet lui met un marqueur -1\/-1. Qu\u2019advient-il des marqueurs ?<\/li>\n<li>Amanda contr\u00f4le un Jace, Sculpteur de l\u2019esprit, et en lance un autre. Que se passe-t-il ensuite ? Et si elle lance un Jace, Expert en m\u00e9moire ? Et que se passe-t-il si c\u2019est le second joueur qui lance le Jace ?<\/li>\n<li>Adrien contr\u00f4le un Garde-Fronti\u00e8re de Kinsbayel avec deux marqueurs +1\/+1, et celui-ci re\u00e7oit trois marqueurs -1\/-1 par un Z\u00e9nith de Noirsoleil. Que se passe-t-il ?<\/li>\n<li>J\u2019ai un Mox d\u2019Opale, une \u00cele et un Memnite sur table. J\u2019ai un autre Mox d\u2019Opale et une Adjuration des pens\u00e9es en main. Existe-t-il un moyen pour que la lance ?<\/li>\n<li>J\u2019ai sur table un Geist \u00c9trangleracine avec un marqueur +1\/+1 sur lui, et j\u2019attaque. Celui-ci est bloqu\u00e9 par un Loup putride. Le Geist reviendra-t-il sur le champ de bataille gr\u00e2ce \u00e0 sa capacit\u00e9 de Survivance ?<\/li>\n<li>Andr\u00e9 est \u00e0 -2 points de vie et a un Ange de Platine sur table, et deux Grizzlis. Novak est \u00e0 3 points de vie et a sur table une cr\u00e9ature 4\/4 avec le vol. Andr\u00e9 attaque avec tout, et Novak bloque l\u2019Ange de platine avec sa 4\/4 volante. Que se passe-t-il ?<\/li>\n<li>Armand contr\u00f4le des Squelettes Serviles dont la capacit\u00e9 de R\u00e9g\u00e9n\u00e9ration s\u2019est r\u00e9solue. Norma leur lance un \u00c9clair perforant. Que se passe-t-il ?<\/li>\n<li>J\u2019ai une cr\u00e9ature avec un marqueur +2\/+2, et je lui mets 2 marqueurs -1-\/-1. Comment sera-t-elle une fois les actions bas\u00e9es sur un \u00e9tat v\u00e9rifi\u00e9es ?<\/li>\n<li>Cite trois actions bas\u00e9es sur un \u00e9tat qui implique un joueur qui perd la partie. Cite trois actions bas\u00e9es sur un \u00e9tat impliquant un permanent non-cr\u00e9ature allant au cimeti\u00e8re.<\/li>\n<li>Cite deux actions bas\u00e9es sur un \u00e9tat qui implique un permanent d\u00e9tach\u00e9.<\/li>\n<li>Cite deux actions bas\u00e9es sur un \u00e9tat qui impliquent des marqueurs sur un permanent.<\/li>\n<li>Cite deux actions bas\u00e9es sur un \u00e9tat qui impliquent une cr\u00e9ature qui est mise au cimeti\u00e8re.<\/li>\n<li>Amy contr\u00f4le Gideon Jura et active sa troisi\u00e8me capacit\u00e9. Amy lance un Sakashima, l\u2019Imposteur, choisissant de copier Gideon. Que se passe-t-il quand Sakashima se r\u00e9sout ?<\/li>\n<li>Ad\u00e9la\u00efde contr\u00f4le des Grizzlis, \u00e9quip\u00e9s d\u2019un Manteau de Paradis et d\u2019un Scinde-os. Nikki Lance une Marche des machines. Que se passe-t-il \u00e0 la r\u00e9solution de la Marche des machines ?<\/li>\n<li>Arthur et Nancy contr\u00f4lent chacun un Pers\u00e9cuteur abyssal, et sont \u00e0 7 points de vie chacun. Arthur lance un Ouragan avec X=7. Que se passe-t-il \u00e0 la r\u00e9solution de l\u2019Ouragan ?<\/li>\n<\/ol>\n<p>&nbsp;<\/p>\n","protected":false},"excerpt":{"rendered":"<p>Que sont les actions bas\u00e9es sur \u00e9tat ? Quand se v\u00e9rifient les actions bas\u00e9es sur un \u00e9tat ? Dans quel ordre ? Durant quelles \u00e9tapes et phases ne se v\u00e9rifient-elles pas ? Alphonse poss\u00e8de une Armure \u00e9th\u00e9r\u00e9e qui enchante des Grizzlis. Narcisse lance une Foudre sur les Grizzlis. Que se passera-t-il, pas \u00e0 pas ? [&hellip;]<\/p>\n","protected":false},"author":28,"featured_media":0,"parent":430,"menu_order":0,"comment_status":"closed","ping_status":"closed","template":"","meta":{"footnotes":"","_links_to":"","_links_to_target":""},"language":[4],"class_list":["post-491","page","type-page","status-publish","hentry","language-fr_fr"],"_links":{"self":[{"href":"https:\/\/blogs.magicjudges.org\/judgeclasses\/wp-json\/wp\/v2\/pages\/491","targetHints":{"allow":["GET"]}}],"collection":[{"href":"https:\/\/blogs.magicjudges.org\/judgeclasses\/wp-json\/wp\/v2\/pages"}],"about":[{"href":"https:\/\/blogs.magicjudges.org\/judgeclasses\/wp-json\/wp\/v2\/types\/page"}],"author":[{"embeddable":true,"href":"https:\/\/blogs.magicjudges.org\/judgeclasses\/wp-json\/wp\/v2\/users\/28"}],"replies":[{"embeddable":true,"href":"https:\/\/blogs.magicjudges.org\/judgeclasses\/wp-json\/wp\/v2\/comments?post=491"}],"version-history":[{"count":1,"href":"https:\/\/blogs.magicjudges.org\/judgeclasses\/wp-json\/wp\/v2\/pages\/491\/revisions"}],"predecessor-version":[{"id":496,"href":"https:\/\/blogs.magicjudges.org\/judgeclasses\/wp-json\/wp\/v2\/pages\/491\/revisions\/496"}],"up":[{"embeddable":true,"href":"https:\/\/blogs.magicjudges.org\/judgeclasses\/wp-json\/wp\/v2\/pages\/430"}],"wp:attachment":[{"href":"https:\/\/blogs.magicjudges.org\/judgeclasses\/wp-json\/wp\/v2\/media?parent=491"}],"wp:term":[{"taxonomy":"language","embeddable":true,"href":"https:\/\/blogs.magicjudges.org\/judgeclasses\/wp-json\/wp\/v2\/language?post=491"}],"curies":[{"name":"wp","href":"https:\/\/api.w.org\/{rel}","templated":true}]}}