{"id":500,"date":"2017-07-10T17:25:58","date_gmt":"2017-07-10T17:25:58","guid":{"rendered":"http:\/\/blogs.magicjudges.org\/judgeclasses\/?page_id=500"},"modified":"2017-07-10T17:25:58","modified_gmt":"2017-07-10T17:25:58","slug":"class-7-answers-fr","status":"publish","type":"page","link":"https:\/\/blogs.magicjudges.org\/judgeclasses\/french\/class-7-answers-fr\/","title":{"rendered":"Cours 7 &#8211; R\u00e9ponses"},"content":{"rendered":"<ol>\n<li><strong>Qu\u2019est-ce qu\u2019une capacit\u00e9 d\u00e9clench\u00e9e ? Comment les reconna\u00eetre ?<\/strong><\/li>\n<\/ol>\n<p><em>Une capacit\u00e9 dont le texte contient \u00abQuand\u00bb, \u00ab\u00c0 chaque fois que\u00bb ou \u00abAu\/\u00c0 la\u00bb, et qui se produit lors d\u2019un \u00e9v\u00e9nement d\u00e9fini est une capacit\u00e9 d\u00e9clench\u00e9e.<\/em><\/p>\n<p>&nbsp;<\/p>\n<ol start=\"2\">\n<li><strong> Quand se d\u00e9clenchent les capacit\u00e9s d\u00e9clench\u00e9es ? Quand se mettent-elles dans la pile ?<\/strong><\/li>\n<\/ol>\n<p><em>Les capacit\u00e9s se d\u00e9clenchent d\u00e8s que l\u2019\u00e9v\u00e9nement les d\u00e9clenchant se produit. Elles se mettent en pile la prochaine fois qu\u2019un joueur r\u00e9cup\u00e8re la priorit\u00e9, avant qu\u2019il ne la r\u00e9cup\u00e8re et apr\u00e8s que les actions bas\u00e9es sur un \u00e9tat aient \u00e9t\u00e9 v\u00e9rifi\u00e9es.<\/em><\/p>\n<p>&nbsp;<\/p>\n<ol start=\"3\">\n<li><strong> Qu\u2019est-ce qu\u2019une capacit\u00e9 d\u00e9clench\u00e9e bas\u00e9e sur un \u00e9tat ?<\/strong><\/li>\n<\/ol>\n<p><em>Une capacit\u00e9 se d\u00e9clenchant lorsque le jeu est dans un \u00e9tat d\u00e9termin\u00e9 par une condition donn\u00e9e.<\/em><\/p>\n<p>&nbsp;<\/p>\n<ol start=\"4\">\n<li><strong> Qu\u2019est-ce qu\u2019une capacit\u00e9 d\u00e9clench\u00e9e de \u00abchangement de zone\u00bb ? Et une de \u00absortie du champ de bataille\u00bb ? Et une d\u2019\u00abarriv\u00e9e sur le champs de bataille\u00bb ? D\u2019o\u00f9 se d\u00e9clenche chacune d\u2019elle ?<\/strong><\/li>\n<\/ol>\n<p><em>Une capacit\u00e9 d\u00e9clench\u00e9e de changement de zone est une capacit\u00e9 se d\u00e9clenchant lorsqu\u2019un objet est d\u00e9plac\u00e9 d\u2019une zone vers une autre.<\/em><\/p>\n<p><em>Une capacit\u00e9 de sortie du champ de bataille est une capacit\u00e9 se d\u00e9clenchant lorsqu\u2019un permanent est d\u00e9plac\u00e9 du champ de bataille vers une autre zone. Les capacit\u00e9s disant \u00abmise \u00e0 X endroit depuis n\u2019importe o\u00f9\u00bb ne sont pas des capacit\u00e9s de \u00absortie du champ de bataille\u00bb.<\/em><\/p>\n<p><em>Une capacit\u00e9 d\u2019entr\u00e9e sur le champ de bataille se d\u00e9clenche lorsqu\u2019un permanent est d\u00e9plac\u00e9 d\u2019une quelconque zone vers le champ de bataille (pile, cimeti\u00e8re, biblioth\u00e8que\u2026)<\/em><\/p>\n<p><em>Les capacit\u00e9s de changement de zone se d\u00e9clenchent \u00e0 partir de la zone dans laquelle se trouve l\u2019objet au moment de mettre la capacit\u00e9 en pile.<\/em><\/p>\n<p><em>Les capacit\u00e9s de sortie du champ de bataille se d\u00e9clenchent \u00abdepuis le champ de bataille\u00bb, de fait une capacit\u00e9 se d\u00e9clenchant lorsqu\u2019une cr\u00e9ature est mise dans un cimeti\u00e8re depuis le champ de bataille utilisera les caract\u00e9ristiques de cette cr\u00e9ature telle qu\u2019elle \u00e9tait quand elle \u00e9tait sur le champ de bataille.<\/em><\/p>\n<p><em>Les capacit\u00e9s d\u2019entr\u00e9e sur le champ de bataille se d\u00e9clenchent sur le champ de bataille. Elle utilisent les caract\u00e9ristiques du permanent une fois celui-ci sur le champ de bataille.<\/em><\/p>\n<p>&nbsp;<\/p>\n<ol start=\"5\">\n<li><strong> Alfred a un Maire d\u2019Avabruck sur la table et Norbert a un Ma\u00eetre-chasseur de la lande, aucun n\u2019est transform\u00e9. A son tour pr\u00e9c\u00e9dent, Norbert n\u2019a lanc\u00e9 aucun sort et \u00e0 l\u2019entretien d\u2019Alfred, les deux capacit\u00e9s se d\u00e9clenchent. Que se passe-t-il ?<\/strong><\/li>\n<\/ol>\n<p><em>Les deux capacit\u00e9s se d\u00e9clenchent. La capacit\u00e9 contr\u00f4l\u00e9e par Alfred (celle du Maire) est mise en pile en premi\u00e8re car Alfred est le joueur actif, et ensuite, celle contr\u00f4l\u00e9e par Norbert (celle du Ma\u00eetre) est mise sur la pile.<\/em><\/p>\n<p><em>Celle de Norbert se r\u00e9sout d\u2019abord et le Ma\u00eetre se transforme. Se faisant, il mettra en pile la capacit\u00e9 d\u00e9clench\u00e9e de son autre face, celle faisant 2 blessures \u00e0 une cible, et pourra l\u2019utiliser pour tuer le Maire avant que celui-ci ne se transforme.<\/em><\/p>\n<p><strong>\u00a0<\/strong><\/p>\n<ol start=\"6\">\n<li><strong> Norman a sur la table un Elesh Norn, Grand Cenobite, et Auguste lance un T\u00e9moin \u00e9ternel. Ce T\u00e9moin peut-il \u00eatre renvoy\u00e9 dans sa main gr\u00e2ce \u00e0 sa capacit\u00e9 d\u00e9clench\u00e9e ?<\/strong><\/li>\n<\/ol>\n<p><em>Oui, il peut. A son arriv\u00e9e sur le champ de bataille, la capacit\u00e9 du T\u00e9moin \u00e9ternel se d\u00e9clenche mais n\u2019est pas encore mise en pile. Ensuite, les actions bas\u00e9es sur un \u00e9tat sont v\u00e9rifi\u00e9es et le T\u00e9moin sera d\u00e9truit car il aura une endurance inf\u00e9rieure \u00e0 1. Sa capacit\u00e9 d\u00e9clench\u00e9e ia alors en pile et elle pourra cibler le t\u00e9moin au cimeti\u00e8re.<\/em><\/p>\n<p>&nbsp;<\/p>\n<ol start=\"7\">\n<li><strong> Mon adversaire met un Emrakul, la d\u00e9chirure des \u00e9ons dans son cimeti\u00e8re. Puis-je emp\u00eacher qu\u2019il ne le m\u00e9lange son cimeti\u00e8re \u00e0 sa biblioth\u00e8que gr\u00e2ce \u00e0 mon Shamane ritemort ? Et si la cr\u00e9ature mise au cimeti\u00e8re est un colosse de pestacier ?<\/strong><\/li>\n<\/ol>\n<p><em>Dans le cas d\u2019Emrakul, oui je peux l\u2019emp\u00eacher puisque la capacit\u00e9 d\u00e9clench\u00e9e d\u2019Emrakul va en pile une fois qu\u2019Emrakul rejoint le cimeti\u00e8re. A ce moment, si j\u2019utilise la capacit\u00e9 du Shamane pour exiler Emrakul, lorsque sa capacit\u00e9 se r\u00e9soudra et m\u00e9langera le cimeti\u00e8re de mon adversaire \u00e0 sa biblioth\u00e8que, Emrakul n\u2019en fera plus partie. Dans le cas du colosse, il s\u2019agit d\u2019un effet de remplacement, de fait, le colosse ne va jamais au cimeti\u00e8re. Techniquement, il ne \u00abmeurt\u00bb jamais.<\/em><\/p>\n<p>&nbsp;<\/p>\n<ol start=\"8\">\n<li><strong> J\u2019ai 4 montagnes et Valakut, la Cime en fusion sur la table. Avec un Titan primitif, je mets en jeu deux montagnes de plus. La capacit\u00e9 de Valakut se d\u00e9clenche-t-elle ? Si elle se d\u00e9clenche, que se passe-t-il si en r\u00e9ponse, une montagne venant d\u2019arriver en jeu est d\u00e9truite ? Et une qui \u00e9tait d\u00e9j\u00e0 sur le champ de bataille ?<\/strong><\/li>\n<\/ol>\n<p><em>La capacit\u00e9 se d\u00e9clenche 2 fois, une fois pour chaque montagne arrivant en jeu. Chaque montagne arrivant en jeu voit bien 5 autres montagnes \u00e0 son arriv\u00e9e (les 4 \u00e9tant d\u00e9j\u00e0 l\u00e0 et celle arrivant sur le champ de bataille en m\u00eame temps), les conditions de d\u00e9clenchement sont donc remplies.<\/em><\/p>\n<p><em>Si en r\u00e9ponse, l\u2019une des deux montagnes arrivant en jeu est d\u00e9truite, il faut v\u00e9rifier si la condition (avoir 5 autres montagnes) est remplie \u00e0 la r\u00e9solution :<\/em><\/p>\n<p><em>\u2013 La capacit\u00e9 g\u00e9n\u00e9r\u00e9e par la montagne d\u00e9truite verra qu\u2019il y en a 5 autres et donc se r\u00e9soudra.<\/em><\/p>\n<p><em>\u2013 La capacit\u00e9 g\u00e9n\u00e9r\u00e9e par la montagne non d\u00e9truite ne verra que 4 autres montagnes sur la table et donc sera contrecarr\u00e9e \u00e0 sa r\u00e9solution.<\/em><\/p>\n<p><em>Si une montagne \u00e9tant d\u00e9j\u00e0 sur le champ de bataille est d\u00e9truite, les deux capacit\u00e9s ne verront que 4 autres montagnes et donc seront contrecarr\u00e9es \u00e0 leur r\u00e9solution.<\/em><\/p>\n<p>&nbsp;<\/p>\n<ol start=\"9\">\n<li><strong> J\u2019ai un Raptor nuageoire avoir un marqueur +1\/+1 sur lui et je lance des Grizzlis. En r\u00e9ponse \u00e0 la capacit\u00e9 d\u2019\u00e9volution, je lance une Blessure virulente sur les Grizzlis. Que se passe-t-il quand la capacit\u00e9 d\u2019\u00e9volution du Raptor se r\u00e9sout ?<\/strong><\/li>\n<\/ol>\n<p><em>La capacit\u00e9 du Raptor est une capacit\u00e9 d\u00e9clench\u00e9e conditionn\u00e9e, elle v\u00e9rifie la condition \u00e9galement \u00e0 sa r\u00e9solution. Comme lorsqu\u2019elle se r\u00e9soudra la condition ne sera plus remplie, le Raptor ne gagnera pas de marqueur.<\/em><\/p>\n<p>&nbsp;<\/p>\n<p>&nbsp;<\/p>\n<ol start=\"10\">\n<li><strong> J\u2019ai le m\u00eame Raptor avec deux marqueurs et je lance une Avant-garde d&#8217;\u00e9lite avec un Honneur des purs en jeu. Que se passe-t-il avec l\u2019\u00e9volution ?<\/strong><\/li>\n<\/ol>\n<p><em>Elle se d\u00e9clenche puisque l\u2019Avant-garde arrive en jeu directement en tant que 3\/2, \u00e9tant donn\u00e9 qu\u2019elle b\u00e9n\u00e9ficie de l\u2019effet continue de l\u2019Honneur des purs.<\/em><\/p>\n<p>&nbsp;<\/p>\n<ol start=\"11\">\n<li><strong> Alphonse a sur la table uniquement un Ours phantasmatique et il lance un Ange de la restauration. Que se passe-t-il \u00e9tape par \u00e9tape ?<\/strong><\/li>\n<\/ol>\n<p><em>Qu\u2019il le veuille ou non, la capacit\u00e9 de l\u2019Ange se d\u00e9clenche. Sa seule cible possible est l\u2019Ours et donc il est oblig\u00e9 de le d\u00e9signer pour cible. Puisqu\u2019il le fait, la capacit\u00e9 de l\u2019Ours se d\u00e9clenche, lui demandant de le sacrifier. Puisque cette capacit\u00e9 va se r\u00e9soudre en premier, l\u2019Ours mourra avant que le joueur n\u2019ait pu choisir de l\u2019exiler ou non. A la r\u00e9solution de la capacit\u00e9 de l\u2019Ange, puisqu\u2019elle n\u2019a plus de cible l\u00e9gale, elle est contrecarr\u00e9e.<\/em><\/p>\n<p>&nbsp;<\/p>\n<ol start=\"12\">\n<li><strong> Quand se d\u00e9clenche la premi\u00e8re capacit\u00e9 d\u2019un Titan primitif permettant d\u2019aller chercher des terrains ?<\/strong><\/li>\n<\/ol>\n<p><em>Au moment o\u00f9 il arrive sur le champ de bataille ou quand il est d\u00e9clar\u00e9 comme attaquant, se mettant en pile avant que les joueurs ne re\u00e7oivent la priorit\u00e9 dans l\u2019\u00e9tape de d\u00e9claration des attaquants.<\/em><\/p>\n<p>&nbsp;<\/p>\n<ol start=\"13\">\n<li><strong> J\u2019ai un Artiste de sang et une Patricienne des Kalastria. Les deux meurent suite \u00e0 un Pyroclasme. Quelle(s) capacit\u00e9(s) se d\u00e9clenche(nt) et combien de fois ? Pourquoi ?<\/strong><\/li>\n<\/ol>\n<p><em>Les capacit\u00e9s des deux cr\u00e9atures se d\u00e9clenchent deux fois. Les capacit\u00e9 d\u2019arriv\u00e9e ou de sortie du champs de bataille utilise l\u2019\u00e9tat du jeu juste avant le changement de zone.<\/em><\/p>\n<p>&nbsp;<\/p>\n<ol start=\"14\">\n<li><strong> Quand se d\u00e9clenchent la capacit\u00e9 d\u2019une Aiguille \u00e0 sectionner ?<\/strong><\/li>\n<\/ol>\n<p><em>La capacit\u00e9 de l\u2018Aiguille \u00e0 sectionner ne contient pas \u00abquand\u00bb, \u00ab\u00e0 chaque fois que\u00bb, ni \u00abau\/\u00e0 la\u00bb, donc ce n\u2019est pas une capacit\u00e9 d\u00e9clench\u00e9e. C\u2019est une capacit\u00e9 statique qui g\u00e9n\u00e8re un effet de remplacement disant qu\u2019\u00e0 son arriv\u00e9e sur le champ de bataille, il faut nommer une carte pour qu\u2019il soit impossible d\u2019activer ses capacit\u00e9s qui ne soit pas des capacit\u00e9s de mana.<\/em><\/p>\n<p>&nbsp;<\/p>\n<ol start=\"15\">\n<li><strong> Armand a un Gardien de prison yixlide et lance un Kozilek, Boucher de la V\u00e9rit\u00e9; Nerrea lance une R\u00e9vocation pour le contrer. Que se passe-t-il avec le Kozilek ?<\/strong><\/li>\n<\/ol>\n<p><em>La capacit\u00e9 de Kozilek se d\u00e9clenche lorsque Kozilek rejoint le cimeti\u00e8re, mais juste apr\u00e8s d\u2019avoir fait l\u2019\u00ab\u00e9v\u00e8nement\u00bb de mettre la cr\u00e9ature au cimeti\u00e8re. Lorsque l\u2019on v\u00e9rifie si une capacit\u00e9 doit se d\u00e9clencher, Kozilek n\u2019a pas cette capacit\u00e9 (puisqu\u2019il est au cimeti\u00e8re et que le Gardien la lui enl\u00e8ve). De fait, Kozilek restera au cimeti\u00e8re.<\/em><\/p>\n<p>&nbsp;<\/p>\n<p>&nbsp;<\/p>\n<ol start=\"16\">\n<li><strong> Anthony lance un clone copiant le T\u00e9moin \u00e9ternel de son adversaire. Il n\u2019a aucune carte dans son cimeti\u00e8re. La capacit\u00e9 du T\u00e9moin \u00e9ternel se d\u00e9clenche-t-elle ? Que se passe-t-il ?<\/strong><\/li>\n<\/ol>\n<p><em>Le clone arrive en jeu en tant que T\u00e9moin. La capacit\u00e9 du T\u00e9moin se d\u00e9clenche puisque l\u2019\u00e9v\u00e8nement la d\u00e9clenchant a lieu : le T\u00e9moin est arriv\u00e9 sur le champ de bataille. Mais puisqu\u2019elle n\u2019a pas de cible valide, elle est simplement retir\u00e9e de la pile.<\/em><\/p>\n<p><em>\u00a0<\/em><\/p>\n<ol start=\"17\">\n<li><strong> Je contr\u00f4le une cr\u00e9ature disant : quand vous ne contr\u00f4lez pas d\u2019autre cr\u00e9ature, sacrifiez-la. Je contr\u00f4le en plus trois 1\/1 tu\u00e9es par un Pyroclasme de mon adversaire. Puis-je sauver ma cr\u00e9ature avec une Asphyxie ?<\/strong><\/li>\n<\/ol>\n<p><em>Oui, une fois. Cette capacit\u00e9 est une capacit\u00e9 d\u00e9clench\u00e9e bas\u00e9e sur un \u00e9tat. Au moment o\u00f9 je ne contr\u00f4le plus d\u2019autre cr\u00e9ature, sa capacit\u00e9 va se d\u00e9clencher une fois, et pourra \u00eatre annul\u00e9 par une Asphyxie. Cependant, une fois l\u2019Asphyxie r\u00e9solue, l\u2019\u00e9tat du jeu sera \u00e0 nouveau v\u00e9rifi\u00e9 et la capacit\u00e9 de ma cr\u00e9ature se d\u00e9clenchera \u00e0 nouveau.<\/em><\/p>\n<p><em>\u00a0<\/em><\/p>\n<ol start=\"18\">\n<li><strong> Si une capacit\u00e9 d\u00e9clench\u00e9e a une clause \u00absi\u00bb, quand se v\u00e9rifient les conditions de d\u00e9clenchement ? Les capacit\u00e9s optionnelles disant \u00abpouvez\u00bb, se d\u00e9clenchent-elles tout le temps ?<\/strong><\/li>\n<\/ol>\n<p><em>Les clauses de \u00absi\u00bb se v\u00e9rifient deux fois : au d\u00e9clenchement et \u00e0 la r\u00e9solution.<\/em><\/p>\n<p><em>Les capacit\u00e9s optionnelles se d\u00e9clenchent tout le temps; cependant, le joueur peut choisir qu\u2019elles n\u2019aient pas d\u2019effet comme l\u2019implique le \u00abpouvez\u00bb.<\/em><\/p>\n<p>&nbsp;<\/p>\n<ol start=\"19\">\n<li><strong> Adam lance Sharu\u00fbm l&#8217;H\u00e9g\u00e9mon et choisit de r\u00e9cup\u00e9rer un Acier sculpteur avec sa capacit\u00e9 d\u2019entr\u00e9e sur le champ de bataille de Sharu\u00fbm. Si Adam n\u2019a pas d\u2019autres artefact dans son cimeti\u00e8re, quels sont les cibles l\u00e9gales pour la capacit\u00e9 d\u2019entr\u00e9e sur le champ de bataille de l\u2019Acier sculpteur (transform\u00e9 en Sharu\u00fbm) ?<\/strong><\/li>\n<\/ol>\n<p><em>Lorsque l\u2019Acier sculpteur entre sur le champ de bataille, il le fait en tant que Sharu\u00fbm. Sa capacit\u00e9 se d\u00e9clenche mais n\u2019est pas mise en pile tout de suite. Ensuite, les actions bas\u00e9es sur un \u00e9tat sont v\u00e9rifi\u00e9es : il y a deux cr\u00e9atures l\u00e9gendaires sur le terrain avec le m\u00eame nom donc l\u2019une d\u2019entre elles va dans le cimeti\u00e8re.<\/em><\/p>\n<p><em>Cette carte se retrouvant au cimeti\u00e8re sera la seule cible l\u00e9gale pour la capacit\u00e9 une fois qu\u2019elle sera mise en pile, que ce soit l\u2019Acier ou le Sharu\u00fbm original.<\/em><\/p>\n<p>&nbsp;<\/p>\n<ol start=\"20\">\n<li><strong> Arnold est \u00e0 40 points de vie et contr\u00f4le un Souverain f\u00e9lidar. Durant l\u2019entretien d\u2019Arnold, lorsque la capacit\u00e9 du Souverain va en pile, Nicod\u00e9mus lance un Choc, ciblant Arnold; en r\u00e9ponse, il lance un Onguent de soins, choisissant de gagner 3 points de vie. Que se passe-t-il apr\u00e8s que le Choc soit r\u00e9solu ?<\/strong><\/li>\n<\/ol>\n<p><em>A la r\u00e9solution de la capacit\u00e9 du Souverain, celle-ci v\u00e9rifie que sa condition est toujours remplie (40 points de vie ou plus), puisque c\u2019est le cas, Arnold gagne la partie.<\/em><\/p>\n<p>&nbsp;<\/p>\n<p>&nbsp;<\/p>\n<ol start=\"21\">\n<li><strong> Anson contr\u00f4le un Glissement astral et recycle une Steppes retir\u00e9es, choisissant d\u2019exiler les Grizzlis de Nick. Une fois r\u00e9solu, Nick lance un Effacement sur le Glissement astral. Que se passe-t-il \u00e0 la fin du tour ?<\/strong><\/li>\n<\/ol>\n<p><em>Les Grizzlis reviennent sur le champ de bataille. La capacit\u00e9 du Glissement astral est une capacit\u00e9 d\u00e9clench\u00e9e retard\u00e9e qui se d\u00e9clenche que le Glissement soit sur le champ de bataille ou non.<\/em><\/p>\n<p>&nbsp;<\/p>\n","protected":false},"excerpt":{"rendered":"<p>Qu\u2019est-ce qu\u2019une capacit\u00e9 d\u00e9clench\u00e9e ? Comment les reconna\u00eetre ? Une capacit\u00e9 dont le texte contient \u00abQuand\u00bb, \u00ab\u00c0 chaque fois que\u00bb ou \u00abAu\/\u00c0 la\u00bb, et qui se produit lors d\u2019un \u00e9v\u00e9nement d\u00e9fini est une capacit\u00e9 d\u00e9clench\u00e9e. &nbsp; Quand se d\u00e9clenchent les capacit\u00e9s d\u00e9clench\u00e9es ? Quand se mettent-elles dans la pile ? Les capacit\u00e9s se d\u00e9clenchent d\u00e8s [&hellip;]<\/p>\n","protected":false},"author":28,"featured_media":0,"parent":430,"menu_order":0,"comment_status":"closed","ping_status":"closed","template":"","meta":{"footnotes":"","_links_to":"","_links_to_target":""},"language":[4],"class_list":["post-500","page","type-page","status-publish","hentry","language-fr_fr"],"_links":{"self":[{"href":"https:\/\/blogs.magicjudges.org\/judgeclasses\/wp-json\/wp\/v2\/pages\/500","targetHints":{"allow":["GET"]}}],"collection":[{"href":"https:\/\/blogs.magicjudges.org\/judgeclasses\/wp-json\/wp\/v2\/pages"}],"about":[{"href":"https:\/\/blogs.magicjudges.org\/judgeclasses\/wp-json\/wp\/v2\/types\/page"}],"author":[{"embeddable":true,"href":"https:\/\/blogs.magicjudges.org\/judgeclasses\/wp-json\/wp\/v2\/users\/28"}],"replies":[{"embeddable":true,"href":"https:\/\/blogs.magicjudges.org\/judgeclasses\/wp-json\/wp\/v2\/comments?post=500"}],"version-history":[{"count":2,"href":"https:\/\/blogs.magicjudges.org\/judgeclasses\/wp-json\/wp\/v2\/pages\/500\/revisions"}],"predecessor-version":[{"id":505,"href":"https:\/\/blogs.magicjudges.org\/judgeclasses\/wp-json\/wp\/v2\/pages\/500\/revisions\/505"}],"up":[{"embeddable":true,"href":"https:\/\/blogs.magicjudges.org\/judgeclasses\/wp-json\/wp\/v2\/pages\/430"}],"wp:attachment":[{"href":"https:\/\/blogs.magicjudges.org\/judgeclasses\/wp-json\/wp\/v2\/media?parent=500"}],"wp:term":[{"taxonomy":"language","embeddable":true,"href":"https:\/\/blogs.magicjudges.org\/judgeclasses\/wp-json\/wp\/v2\/language?post=500"}],"curies":[{"name":"wp","href":"https:\/\/api.w.org\/{rel}","templated":true}]}}