{"id":511,"date":"2017-07-10T17:30:39","date_gmt":"2017-07-10T17:30:39","guid":{"rendered":"http:\/\/blogs.magicjudges.org\/judgeclasses\/?page_id=511"},"modified":"2017-07-10T17:30:39","modified_gmt":"2017-07-10T17:30:39","slug":"class-8-questions-fr","status":"publish","type":"page","link":"https:\/\/blogs.magicjudges.org\/judgeclasses\/french\/class-8-questions-fr\/","title":{"rendered":"Cours 8 &#8211; Questions"},"content":{"rendered":"<ol>\n<li><strong> Antoine contr\u00f4le une Trinisph\u00e8re d\u00e9gag\u00e9e et lance un Gardien de la Porte de Malakir avec le Kick. Combien Antoine doit-il payer pour lancer le Gardien ? <\/strong><\/li>\n<\/ol>\n<p><strong>\u00a0<\/strong><\/p>\n<ol start=\"2\">\n<li><strong> Nancy contr\u00f4le un Plieur de volont\u00e9 face cach\u00e9e, et Agn\u00e8s lance un Choc soudain, ciblant le Plieur de volont\u00e9. Nancy peut-elle retourner le Plieur face visible ? Si oui, peut-elle changer la cible du Choc soudain ?<\/strong><\/li>\n<\/ol>\n<p><strong>\u00a0<\/strong><\/p>\n<ol start=\"3\">\n<li><strong> Alexandre contr\u00f4le un Polukranos, d\u00e9voreur de mondes, et active sa capacit\u00e9 en payant 4G. Une fois celle-ci r\u00e9solue, sa deuxi\u00e8me capacit\u00e9 de se d\u00e9clenche et Alexandre d\u00e9cide d\u2019infliger une blessure aux deux jetons 1\/1 Gobelin que No\u00e9mie contr\u00f4le. Combien de blessure recevra chaque jeton si, en r\u00e9ponse \u00e0 la capacit\u00e9 d\u00e9clench\u00e9e, No\u00e9mie lance une lame du destin sur l\u2019hydre ? Et si, en r\u00e9ponse \u00e0 la capacit\u00e9 d\u00e9clench\u00e9e, l\u2019un des jetons est sacrifi\u00e9, combien de blessures seront inflig\u00e9es \u00e0 l\u2019autre jeton ?<\/strong><\/li>\n<\/ol>\n<p><strong>\u00a0<\/strong><\/p>\n<ol start=\"4\">\n<li><strong> Anson et Arthur sont une \u00e9quipe en Troll \u00e0 deux t\u00eates. Anson contr\u00f4le un Noble hi\u00e9rarche et Arthur attaque avec un Chercheur de gloire, qui est la seule cr\u00e9ature attaquante. Combien de blessures inflige le chercheur de gloire ?<\/strong><\/li>\n<\/ol>\n<p><strong>\u00a0<\/strong><\/p>\n<ol start=\"5\">\n<li><strong> Adam lance un Hurlegueule en payant son co\u00fbt d\u2019\u00c9vocation. Quand il entre sur le champ de bataille, un fois les capacit\u00e9s mises en pile, Nadine lance une Domination, ciblant le Hurlegueule. Que se passe-t-il quand les capacit\u00e9s se r\u00e9solvent ?<\/strong><\/li>\n<\/ol>\n<p><strong>\u00a0<\/strong><\/p>\n<ol start=\"6\">\n<li><strong> Alexandre contr\u00f4le quatre For\u00eat et une Chantresse sauvage. Quelle est la valeur maximale possible pour X si Alexandre lance un Corde d\u2019adjuration ?<\/strong><\/li>\n<\/ol>\n<p><strong>\u00a0<\/strong><\/p>\n<ol start=\"7\">\n<li><strong> Adam lance P\u00e9ch\u00e9s du pass\u00e9, en ciblant Chuchotements de la muse. Adam peut-il payer le co\u00fbt de Rappel des Chuchotements ? S\u2019il le peut, combien doit-il payer, et que se passe-t-il \u00e0 la r\u00e9solution ?<\/strong><\/li>\n<\/ol>\n<p><strong>\u00a0<\/strong><\/p>\n<ol start=\"8\">\n<li><strong> Anne a sur la champ de bataille un Terrain de pr\u00e9dilection, un Marais, une Fontaine sacr\u00e9e et des Rivages inconnus. Ayant une Trinisph\u00e8re en jeu, pourra-t-il lancer des Explosifs artificiels qui entreront en jeu avec un seul marqueur ?<\/strong><\/li>\n<\/ol>\n<p><strong>\u00a0<\/strong><\/p>\n<ol start=\"9\">\n<li><strong> Amanda peut-elle activer la capacit\u00e9 de Recyclage des Steppes retir\u00e9es pr\u00e9sentes dans son cimeti\u00e8re ?<\/strong><\/li>\n<\/ol>\n<p><strong>\u00a0<\/strong><\/p>\n<ol start=\"10\">\n<li><strong> Nathalie contr\u00f4le une Iona, bouclier d\u2019\u00c9m\u00e9ria, et a choisi Rouge. Puis-je lancer une Akroma, ange de la Fureur pour son co\u00fbt de Mue ? Et puis-je la lancer de fa\u00e7on normale ?<\/strong><\/li>\n<\/ol>\n<p><strong>\u00a0<\/strong><\/p>\n<ol start=\"11\">\n<li><strong> Agata utilise la capacit\u00e9 d\u2019Exhumation d\u2019un Anath\u00e8mancien qu\u2019elle a dans son cimeti\u00e8re, puis lance un Ange de la Restauration, ciblant l\u2019Anath\u00e8mancien avec sa capacit\u00e9. Que se passe-t-il par la suite ?<\/strong><\/li>\n<\/ol>\n<p><strong>\u00a0<\/strong><\/p>\n<ol start=\"12\">\n<li><strong> Durant ta premi\u00e8re phase principale, tu lances un \u00c9clater au grand jour en payant 3 manas blanc, un vert et un bleu. \u00c0 sa r\u00e9solution, tu trouves une Fissure encercleuse, l\u2019exiles, m\u00e9langes ta biblioth\u00e8que, puis lances ladite fissure. Peux-tu le faire pour son co\u00fbt d\u2019\u00e9veil ?<\/strong><\/li>\n<\/ol>\n<p><strong>\u00a0<\/strong><\/p>\n<ol start=\"13\">\n<li><strong> Durant l\u2019une de tes phases principales, tu lances un Abb\u00e9 de la forteresse de Keral. Quand sa capacit\u00e9 d\u00e9clench\u00e9e se r\u00e9sout, la carte que tu exiles est un Berserker d\u2019\u00e9clairs. Peux-tu le lancer pour son co\u00fbt de Pr\u00e9cipitation?<\/strong><\/li>\n<\/ol>\n<p><strong>\u00a0<\/strong><\/p>\n<ol start=\"14\">\n<li><strong> Tu as sur le champ de bataille Fumerolles titubantes, pr\u00e9alablement cibl\u00e9es avec la capacit\u00e9 d\u2019\u00c9veil d\u2019un \u00c9veil du Ondu. Quelles sont les caract\u00e9ristiques des Fumerolles ? Peux-tu les d\u00e9finir, tant avant qu\u2019apr\u00e8s activation de sa capacit\u00e9 ?<\/strong><\/li>\n<\/ol>\n<p><strong>\u00a0<\/strong><\/p>\n<ol start=\"15\">\n<li><strong> Tu contr\u00f4les deux Cavalier de Smilodon. Durant l\u2019\u00c9tape de d\u00e9claration des attaquants, tu confirmes que tu vas attaquer avec les deux cr\u00e9atures, et ainsi la capacit\u00e9 de chacun d\u2019entre elle se d\u00e9clenche et va en pile. En r\u00e9ponse aux capacit\u00e9s d\u00e9clench\u00e9es, ton adversaire tue l\u2019un de tes Cavalier avec un Droit \u00e0 la gorge. Que se passe-t-il \u00e0 la r\u00e9solution de chacune des capacit\u00e9s d\u00e9clench\u00e9es qui sont en pile ?<\/strong><\/li>\n<\/ol>\n<p><strong>\u00a0<\/strong><\/p>\n<ol start=\"16\">\n<li><strong> Tu contr\u00f4les un Shamane des traditions oubli\u00e9es, un Honneur des purs et 3 jetons de cr\u00e9atures blancs avec le Vol. Ton adversaire contr\u00f4le deux Aberration insecto\u00efde. Durant ta premi\u00e8re phase principale, tu actives la capacit\u00e9 Formidable de ton Shamane. En r\u00e9ponse, ton adversaire lance une Faille cyclonique en payant son co\u00fbt de Surcharge, laquelle se r\u00e9sout. Que se passe-t-il \u00e0 la r\u00e9solution de la capacit\u00e9 du Shamane ?<\/strong><\/li>\n<\/ol>\n<p><strong>\u00a0<\/strong><\/p>\n<ol start=\"17\">\n<li><strong> Tu contr\u00f4les une Narset Transcendante et un Jace T\u00e9l\u00e9pathe lib\u00e9r\u00e9. Tu actives la capacit\u00e9 de co\u00fbt -2 de Narset pour donner le Rebond \u00e0 ton prochain sort d\u2019\u00e9ph\u00e9m\u00e8re ou de rituel. Quand elle est r\u00e9solu, tu actives le -3 de Jace en ciblant Disperser aux quatre vents que tu as au cimeti\u00e8re. Aura-t-il le Rebond? Peux-tu le lancer pour son co\u00fbt d\u2019\u00c9veil?<\/strong><\/li>\n<\/ol>\n<p><strong>\u00a0<\/strong><\/p>\n<ol start=\"18\">\n<li><strong> Tu contr\u00f4les un Fourbes de cuisine et un Oiseaux de paradis. Tu lances un Avantage Abzan en ciblant ton adversaire et en d\u00e9clarant que tu vas Renforcer les Oiseaux de paradis. En r\u00e9ponse, ton adversaire active la capacit\u00e9 de son Shamane anabaane en ciblant les Oiseaux de paradis, luis infligeant des blessures l\u00e9tales. Peux-tu utiliser Renforcer sur tes Fourbes de Cuisines ?<\/strong><\/li>\n<\/ol>\n<p><strong>\u00a0<\/strong><\/p>\n<ol start=\"19\">\n<li><strong> Tu lances une Elfe aux Nattes sanguinolentes. Quand sa Cascade se r\u00e9sout, la premi\u00e8re carte qui ne soit pas un terrain avec un co\u00fbt de mana inf\u00e9rieur \u00e0 l\u2019Elfe, apr\u00e8s avoir exil\u00e9 5 cartes, est un \u00e9ph\u00e9m\u00e8re que tu ne souhaites pas lancer car c\u2019est contre-productif \u00e0 ce moment de la partie. Que se passe-t-il ?<\/strong><\/li>\n<\/ol>\n<p><strong>\u00a0<\/strong><\/p>\n<ol start=\"20\">\n<li><strong> Albert d\u00e9clare qu\u2019il attaque avec un Nexus des encrimites, transform\u00e9 durant sa premi\u00e8re phase principale, et un Gobelin de Coupenoire. Nicolas lance une Corde d\u2019adjuration avec X=2, et \u00e0 sa r\u00e9solution r\u00e9v\u00e8le une M\u00e9lira, proscrite sylvoke, et la met en jeu. Que se passe-t-il avec les blessures du Nexus et du Gobelin ? Et si Albert active \u00e0 nouveau la capacit\u00e9 du Nexus, qu\u2019en sera-t-il de ses blessures ?<\/strong><\/li>\n<\/ol>\n<p><strong>\u00a0<\/strong><\/p>\n<ol start=\"21\">\n<li><strong> Tu contr\u00f4les Zada, broyeuse d\u2019H\u00e8dron, deux Vive-lance du monast\u00e8re, et une Solifuge g\u00e9ante. Durant ta premi\u00e8re phase principale tu lances une Force de titan, en ciblant Zada, ce qui d\u00e9clenche sa capacit\u00e9. Comment va-t-elle aller en pile ? Comment le Regard va-t-il se r\u00e9soudre ? Combien de fois la Prouesse va-t-elle se d\u00e9clencher ?<\/strong><\/li>\n<\/ol>\n<p><strong>\u00a0<\/strong><\/p>\n<ol start=\"22\">\n<li><strong> Antoine contr\u00f4le un Morguesort et un D\u00e9vastateur entravarc. Son adversaire, Nelson, lance une \u00c9lectrolyse en ciblant les deux cr\u00e9atures. Antoine peut-il activer la capacit\u00e9 du Morguesort pour rediriger sur cette cr\u00e9ature les deux blessures ? Cela changerait-il quelque chose si c\u2019\u00e9tait un Commandement de Kolaghan \u00e0 la place de l\u2019\u00c9lectrolyse ? Et dans le cas d\u2019un Trace d\u2019arc \u00e9lectrique ?<\/strong><\/li>\n<\/ol>\n<p><strong>\u00a0<\/strong><\/p>\n<ol start=\"23\">\n<li><strong> Abdul contr\u00f4le un Bogle insaisissable, enchant\u00e9 par deux Rancoeur, et lance sur celui-ci une Armure \u00e9th\u00e9r\u00e9e. Nashif, en r\u00e9ponse, active la capacit\u00e9 de son Morguesort pour rediriger l\u2019Armure \u00e9th\u00e9r\u00e9e sur celui-ci. Que se passe-t-il par la suite ? <\/strong><\/li>\n<\/ol>\n<p>&nbsp;<\/p>\n","protected":false},"excerpt":{"rendered":"<p>Antoine contr\u00f4le une Trinisph\u00e8re d\u00e9gag\u00e9e et lance un Gardien de la Porte de Malakir avec le Kick. Combien Antoine doit-il payer pour lancer le Gardien ? \u00a0 Nancy contr\u00f4le un Plieur de volont\u00e9 face cach\u00e9e, et Agn\u00e8s lance un Choc soudain, ciblant le Plieur de volont\u00e9. Nancy peut-elle retourner le Plieur face visible ? Si [&hellip;]<\/p>\n","protected":false},"author":28,"featured_media":0,"parent":430,"menu_order":0,"comment_status":"closed","ping_status":"closed","template":"","meta":{"footnotes":"","_links_to":"","_links_to_target":""},"language":[4],"class_list":["post-511","page","type-page","status-publish","hentry","language-fr_fr"],"_links":{"self":[{"href":"https:\/\/blogs.magicjudges.org\/judgeclasses\/wp-json\/wp\/v2\/pages\/511","targetHints":{"allow":["GET"]}}],"collection":[{"href":"https:\/\/blogs.magicjudges.org\/judgeclasses\/wp-json\/wp\/v2\/pages"}],"about":[{"href":"https:\/\/blogs.magicjudges.org\/judgeclasses\/wp-json\/wp\/v2\/types\/page"}],"author":[{"embeddable":true,"href":"https:\/\/blogs.magicjudges.org\/judgeclasses\/wp-json\/wp\/v2\/users\/28"}],"replies":[{"embeddable":true,"href":"https:\/\/blogs.magicjudges.org\/judgeclasses\/wp-json\/wp\/v2\/comments?post=511"}],"version-history":[{"count":2,"href":"https:\/\/blogs.magicjudges.org\/judgeclasses\/wp-json\/wp\/v2\/pages\/511\/revisions"}],"predecessor-version":[{"id":520,"href":"https:\/\/blogs.magicjudges.org\/judgeclasses\/wp-json\/wp\/v2\/pages\/511\/revisions\/520"}],"up":[{"embeddable":true,"href":"https:\/\/blogs.magicjudges.org\/judgeclasses\/wp-json\/wp\/v2\/pages\/430"}],"wp:attachment":[{"href":"https:\/\/blogs.magicjudges.org\/judgeclasses\/wp-json\/wp\/v2\/media?parent=511"}],"wp:term":[{"taxonomy":"language","embeddable":true,"href":"https:\/\/blogs.magicjudges.org\/judgeclasses\/wp-json\/wp\/v2\/language?post=511"}],"curies":[{"name":"wp","href":"https:\/\/api.w.org\/{rel}","templated":true}]}}