{"id":512,"date":"2017-07-10T17:30:55","date_gmt":"2017-07-10T17:30:55","guid":{"rendered":"http:\/\/blogs.magicjudges.org\/judgeclasses\/?page_id=512"},"modified":"2017-07-10T17:30:55","modified_gmt":"2017-07-10T17:30:55","slug":"class-8-answers-fr","status":"publish","type":"page","link":"https:\/\/blogs.magicjudges.org\/judgeclasses\/french\/class-8-answers-fr\/","title":{"rendered":"Cours 8 &#8211; R\u00e9ponses"},"content":{"rendered":"<ol>\n<li><strong> Antoine contr\u00f4le une Trinisph\u00e8re d\u00e9gag\u00e9e et lance un Gardien de la Porte de Malakir avec le Kick. Combien Antoine doit-il payer pour lancer le Gardien ? <\/strong><\/li>\n<\/ol>\n<p><em>Trois manas noirs. \u00c0 la d\u00e9termination du co\u00fbt total, le kick est pris en compte, et la Trinisph\u00e8re n\u2019impactera donc pas le Gardien dans la mesure o\u00f9 il ne co\u00fbte pas moins de trois manas.<\/em><\/p>\n<p><em>\u00a0<\/em><\/p>\n<ol start=\"2\">\n<li><strong> Nancy contr\u00f4le un Plieur de volont\u00e9 face cach\u00e9e, et Agn\u00e8s lance un Choc soudain, ciblant le Plieur de volont\u00e9. Nancy peut-elle retourner le Plieur face visible ? Si oui, peut-elle changer la cible du Choc soudain ?<\/strong><\/li>\n<\/ol>\n<p><em>Oui, et oui ! Retourner face visible une cr\u00e9ature avec la Mue est une action sp\u00e9ciale qui ne passe pas par la pile, le Plieur peut donc \u00eatre retourn\u00e9. Sa capacit\u00e9 se d\u00e9clenche quand il se retourne, et la fraction de seconde n\u2019emp\u00eache pas les capacit\u00e9s d\u00e9clench\u00e9es d\u2019aller en pile, la cible peut donc \u00eatre chang\u00e9e. <\/em><\/p>\n<p><strong>\u00a0<\/strong><\/p>\n<ol start=\"3\">\n<li><strong> Alexandre contr\u00f4le un Polukranos, d\u00e9voreur de mondes, et active sa capacit\u00e9 en payant 4G. Une fois celle-ci r\u00e9solue, sa deuxi\u00e8me capacit\u00e9 de se d\u00e9clenche et Alexandre d\u00e9cide d\u2019infliger une blessure aux deux jetons 1\/1 Gobelin que No\u00e9mie contr\u00f4le. Combien de blessure recevra chaque jeton si, en r\u00e9ponse \u00e0 la capacit\u00e9 d\u00e9clench\u00e9e, No\u00e9mie lance une lame du destin sur l\u2019hydre ? Et si, en r\u00e9ponse \u00e0 la capacit\u00e9 d\u00e9clench\u00e9e, l\u2019un des jetons est sacrifi\u00e9, combien de blessures seront inflig\u00e9es \u00e0 l\u2019autre jeton ? <\/strong><\/li>\n<\/ol>\n<p><em>Chacun des jetons Gobelin recevra une blessure, puisque la quantit\u00e9 a \u00e9t\u00e9 fix\u00e9e quand la capacit\u00e9 fut mise en pile. Si la source est d\u00e9truite en r\u00e9ponse \u00e0 la capacit\u00e9 d\u00e9clench\u00e9e, le nombre de blessure inflig\u00e9 ne change pas.<\/em><\/p>\n<p><em>Pour la m\u00eame raison, la quantit\u00e9 ne changera pas non plus si, \u00e0 la r\u00e9solution, l\u2019une des cibles est ill\u00e9gale car elle n\u2019est plus sur le champ de bataille. La quantit\u00e9 de blessures se fixe \u00e0 la mise en pile de la capacit\u00e9.<\/em><\/p>\n<p><strong>\u00a0<\/strong><\/p>\n<ol start=\"4\">\n<li><strong> Anson et Arthur sont une \u00e9quipe en Troll \u00e0 deux t\u00eates. Anson contr\u00f4le un Noble hi\u00e9rarche et Arthur attaque avec un Chercheur de gloire, qui est la seule cr\u00e9ature attaquante. Combien de blessures inflige le chercheur de gloire ?<\/strong><\/li>\n<\/ol>\n<p><em>Deux blessures. L\u2019Exaltation ne se d\u00e9clenche que pour les cr\u00e9atures contr\u00f4l\u00e9es par un joueur, pas pour celle de son \u00e9quipier.<\/em><\/p>\n<p><strong>\u00a0<\/strong><\/p>\n<ol start=\"5\">\n<li><strong> Adam lance un Hurlegueule en payant son co\u00fbt d\u2019\u00c9vocation. Quand il entre sur le champ de bataille, un fois les capacit\u00e9s mises en pile, Nadine lance une Domination, ciblant le Hurlegueule. Que se passe-t-il quand les capacit\u00e9s se r\u00e9solvent ? <\/strong><\/li>\n<\/ol>\n<p><em>Quand la Domination se r\u00e9sout, Nadine gagne le contr\u00f4le du Hurlegueule. Toutefois, Adam contr\u00f4le toujours les deux capacit\u00e9s d\u00e9clench\u00e9es, par lesquelles il peut d\u00e9truire une cr\u00e9ature non-noire et non-artefact, et quand la seconde capacit\u00e9 se r\u00e9sout, le Hurlegueule est sacrifi\u00e9. Notez bien que la capacit\u00e9 d\u2019\u00c9vocation sp\u00e9cifie que la cr\u00e9ature est sacrifi\u00e9e, mais n\u2019indique pas que c\u2019est le joueur qui contr\u00f4le la capacit\u00e9 qui la sacrifie &#8211; c\u2019est ce qui explique que la cr\u00e9ature meurt malgr\u00e9 un changement de contr\u00f4leur.\u00a0 <\/em><\/p>\n<p><em>\u00a0<\/em><\/p>\n<p><strong>\u00a0<\/strong><\/p>\n<ol start=\"6\">\n<li><strong> Alexandre contr\u00f4le quatre For\u00eat et une Chanteresse sauvage. Quelle est la valeur maximale possible pour X si Alexandre lance un Corde d\u2019adjuration ?<\/strong><\/li>\n<\/ol>\n<p><em>Deux. Alexandre peut sacrifier la Chanteresse sauvage pour un mana, ou il peut l\u2019engager pour payer le co\u00fbt de Convocation, mais pas les deux, dans la mesure o\u00f9 les capacit\u00e9s de mana doivent \u00eatre activ\u00e9es avant de payer les co\u00fbts. S\u2019il active la capacit\u00e9 de la Chanteresse, il ne sera alors plus sur la table pour l\u2019engager et payer pour la Convocation. <\/em><\/p>\n<p><strong>\u00a0<\/strong><\/p>\n<ol start=\"7\">\n<li><strong> Adam lance P\u00e9ch\u00e9s du pass\u00e9, en ciblant Chuchotements de la muse. Adam peut-il payer le co\u00fbt de Rappel des Chuchotements ? S\u2019il le peut, combien doit-il payer, et que se passe-t-il \u00e0 la r\u00e9solution ?<\/strong><\/li>\n<\/ol>\n<p><em>Il peut le payer, puisque le Rappel est un co\u00fbt additionnel. Ce co\u00fbt additionnel peut s\u2019ajouter au co\u00fbt alternatif \u00abVous pouvez le jouer sans payer son co\u00fbt de mana\u00bb.<\/em><\/p>\n<p><em>Quand les Chuchotements de la muse se r\u00e9solvent, deux effets de remplacement essaient d\u2019affecter la destination de la carte, Adam peut ainsi choisir lequel appliquer.<\/em><\/p>\n<p><strong>\u00a0<\/strong><\/p>\n<ol start=\"8\">\n<li><strong> Anne a sur la champ de bataille un Terrain de pr\u00e9dilection, un Marais, une Fontaine sacr\u00e9e et des Rivages inconnus. Ayant une Trinisph\u00e8re en jeu, pourra-t-il lancer des Explosifs artificiels qui entreront en jeu avec un seul marqueur ?<\/strong><\/li>\n<\/ol>\n<p><em>Non. La Trinisph\u00e8re l\u2019obligera \u00e0 payer au moins trois manas pour chaque sort qu\u2019il lance, et m\u00eame s\u2019il choisit de lancer les Explosifs avec X=1, il n\u2019y a aucune combinaison possible avec laquelle il ne puisse payer qu\u2019avec des manas d\u2019une seule couleur. Les Explosifs entreront en jeu avec un marqueur pour chaque couleur diff\u00e9rente d\u00e9pens\u00e9e pour les payer, et comme il sera impossible d\u2019utiliser moins de deux couleurs distinctes pour le payer, ils arriveront sur le champ de bataille avec au moins deux marqueurs. <\/em><\/p>\n<p><strong>\u00a0<\/strong><\/p>\n<ol start=\"9\">\n<li><strong> Amanda peut-elle activer la capacit\u00e9 de Recyclage des Steppes retir\u00e9es pr\u00e9sentes dans son cimeti\u00e8re ?<\/strong><\/li>\n<\/ol>\n<p><em>Non, il ne peut pas, car l\u2019action de d\u00e9fausser signifie mettre une carte au cimeti\u00e8re depuis la main, de mani\u00e8re \u00e0 ce que la capacit\u00e9 de Recyclage ne fonctionne que depuis la main.<\/em><\/p>\n<p><strong>\u00a0<\/strong><\/p>\n<ol start=\"10\">\n<li><strong> Nathalie contr\u00f4le une Iona, bouclier d\u2019\u00c9m\u00e9ria, et a choisi Rouge. Puis-je lancer une Akroma, ange de la Fureur pour son co\u00fbt de Mue ? Et puis-je la lancer de fa\u00e7on normale ?<\/strong><\/li>\n<\/ol>\n<p><em>Avec son co\u00fbt de Mue, il sera possible de lancer Akroma, car elle sera mise en pile comme un sort incolore, entre autres caract\u00e9ristiques.<\/em><\/p>\n<p><em>Cependant, l\u2019Ange ne pourra pas \u00eatre lanc\u00e9e de mani\u00e8re normale, car m\u00eame si elle ne peut pas \u00eatre contrecarr\u00e9e, Iona emp\u00eache qu\u2019elle soit lanc\u00e9e. <\/em><\/p>\n<p><strong>\u00a0<\/strong><\/p>\n<ol start=\"11\">\n<li><strong> Agata utilise la capacit\u00e9 d\u2019Exhumation d\u2019un Anath\u00e8mancien qu\u2019elle a dans son cimeti\u00e8re, puis lance un Ange de la Restauration, ciblant l\u2019Anath\u00e8mancien avec sa capacit\u00e9. Que se passe-t-il par la suite ?<\/strong><\/li>\n<\/ol>\n<p><em>L\u2019Anath\u00e8mancien est exil\u00e9 puis revient sur le champ de bataille, les capacit\u00e9s disparaissant alors.<\/em><\/p>\n<p><em>La capacit\u00e9 d\u2019Exhumation pr\u00e9cise \u00abSi la cr\u00e9ature quitte le champ de bataille, exilez-la \u00e0 la place\u00bb, dans la mesure o\u00f9 la capacit\u00e9 de l\u2019Ange exile, il n\u2019y a pas conflit sur sa destination, et la cr\u00e9ature revient donc sur le champ de bataille.<\/em><\/p>\n<p><em>\u00a0<\/em><\/p>\n<p><strong>\u00a0<\/strong><\/p>\n<ol start=\"12\">\n<li><strong> Durant ta premi\u00e8re phase principale, tu lances un \u00c9clater au grand jour en payant 3 manas blancs, un vert et un bleu. \u00c0 sa r\u00e9solution, tu trouves une Fissure encercleuse, l\u2019exiles, m\u00e9langes ta biblioth\u00e8que, puis lances ladite fissure. Peux-tu le faire pour son co\u00fbt d\u2019\u00e9veil ?<\/strong><\/li>\n<\/ol>\n<p><em>Non, tu ne peux pas. \u00c9clater au grand jour fait que tu lances la carte sans payer son co\u00fbt de mana. Ceci est un co\u00fbt alternatif, ce qui fait que tu ne peux pas choisir de payer avec un autre co\u00fbt alternatif distinct. En revanche, vous pourriez payer des co\u00fbts additionnels. Si la carte a un co\u00fbt suppl\u00e9mentaire obligatoire, tu devras le payer.<\/em><\/p>\n<p><strong>\u00a0<\/strong><\/p>\n<ol start=\"13\">\n<li><strong> Durant l\u2019une de tes phases principales, tu lances un Abb\u00e9 de la forteresse de Keral. Quand sa capacit\u00e9 d\u00e9clench\u00e9e se r\u00e9sout, la carte que tu exiles est un Berserker d\u2019\u00e9clairs. Peux-tu le lancer pour son co\u00fbt de Pr\u00e9cipitation?<\/strong><\/li>\n<\/ol>\n<p><em>Oui.\u00a0 L\u2019Abb\u00e9 pr\u00e9cise que tu peux lancer la carte \u00e9xil\u00e9e, sans instruction suppl\u00e9mentaire. Ainsi, tu peux le lancer selon le processus habituel, en payant ses co\u00fbts et en pouvant choisir un co\u00fbt alternatif durant le processus.<\/em><\/p>\n<p><strong>\u00a0<\/strong><\/p>\n<ol start=\"14\">\n<li><strong> Tu as sur le champ de bataille Fumerolles titubantes, pr\u00e9alablement cibl\u00e9es avec la capacit\u00e9 d\u2019\u00c9veil d\u2019un \u00c9veil du Ondu. Quelles sont les caract\u00e9ristiques des Fumerolles ? Peux-tu les d\u00e9finir, tant avant qu\u2019apr\u00e8s activation de sa capacit\u00e9 ?<\/strong><\/li>\n<\/ol>\n<p><em>Sans activer : Son nom est Fumerolles titubantes, sans co\u00fbt de mana, incolore, types terrain et cr\u00e9ature, sous-type \u00e9l\u00e9mental, son texte de r\u00e8gles (entre en jeu engag\u00e9 et tout le texte imprim\u00e9\u00a0 dans le cadre de texte), ses capacit\u00e9s (ses deux capacit\u00e9s activ\u00e9es et la C\u00e9l\u00e9rit\u00e9 les trois capacit\u00e9s en plus de la C\u00e9l\u00e9rit\u00e9, Force (0)4 et Endurance (0)4.<\/em><\/p>\n<p><em>Activ\u00e9: Son nom est Fumerolles titubantes, sans co\u00fbt de mana, couleurs noires et blanches, son texte de r\u00e8gles (entre en jeu engag\u00e9 et tout le texte imprim\u00e9\u00a0 dans le cadre de texte), ses capacit\u00e9s (ses deux capacit\u00e9s activ\u00e9es et la C\u00e9l\u00e9rit\u00e9 et le Lien de vie\u00a0 les trois capacit\u00e9s en plus de la C\u00e9l\u00e9rit\u00e9 et du Lien de vie).<\/em><\/p>\n<p><strong>\u00a0<\/strong><\/p>\n<ol start=\"15\">\n<li><strong> Tu contr\u00f4les deux Cavalier de Smilodon. Durant l\u2019\u00c9tape de d\u00e9claration des attaquants, tu confirmes que tu vas attaquer avec les deux cr\u00e9atures, et ainsi la capacit\u00e9 de chacun d\u2019entre elle se d\u00e9clenche et va en pile. En r\u00e9ponse aux capacit\u00e9s d\u00e9clench\u00e9es, ton adversaire tue l\u2019un de tes Cavalier avec un Droit \u00e0 la gorge. Que se passe-t-il \u00e0 la r\u00e9solution de chacune des capacit\u00e9s d\u00e9clench\u00e9es qui sont en pile ? <\/strong><\/li>\n<\/ol>\n<p><em>\u00c0 la r\u00e9solution, chacune d\u2019entre elle v\u00e9rifie que les conditions pour Formidable sont remplies. Comme \u00e7a n\u2019est pas le cas, aucune des deux capacit\u00e9s n\u2019aura d\u2019effet.<\/em><\/p>\n<p><strong>\u00a0<\/strong><\/p>\n<p><strong>\u00a0<\/strong><\/p>\n<p><strong>\u00a0<\/strong><\/p>\n<ol start=\"16\">\n<li><strong> Tu contr\u00f4les un Shamane des traditions oubli\u00e9es, un Honneur des purs et 3 jetons de cr\u00e9atures blancs avec le Vol. Ton adversaire contr\u00f4le deux Aberration insecto\u00efde. Durant ta premi\u00e8re phase principale, tu actives la capacit\u00e9 Formidable de ton Shamane. En r\u00e9ponse, ton adversaire lance une Faille cyclonique en payant son co\u00fbt de Surcharge, laquelle se r\u00e9sout. Que se passe-t-il \u00e0 la r\u00e9solution de la capacit\u00e9 du Shamane ?<\/strong><\/li>\n<\/ol>\n<p><em>Le Shamane des traditions oubli\u00e9es v\u00e9rifie seulement les conditions de Formidable \u00e0 l\u2019activation et, par cons\u00e9quent, quand le moment arrivera, la capacit\u00e9 se r\u00e9soudra normalement. Ton adversaire contr\u00f4le deux cr\u00e9atures, il perdra ainsi des points de vie jusqu\u2019\u00e0 atteindre 2.<\/em><\/p>\n<p><em>Tu ne contr\u00f4les aucune cr\u00e9ature, tes points de vie baisseront \u00e0 0. Quand un joueur recevra la priorit\u00e9, tu perdras la partie comme action bas\u00e9e sur un \u00e9tat.<\/em><\/p>\n<p><strong>\u00a0<\/strong><\/p>\n<ol start=\"17\">\n<li><strong> Tu contr\u00f4les une Narset Transcendante et un Jace T\u00e9l\u00e9pathe lib\u00e9r\u00e9. Tu actives la capacit\u00e9 de co\u00fbt -2 de Narset pour donner le Rebond \u00e0 ton prochain sort d\u2019\u00e9ph\u00e9m\u00e8re ou de rituel. Quand elle est r\u00e9solu, tu actives le -3 de Jace en ciblant Disperser aux quatre vents que tu as au cimeti\u00e8re. Aura-t-il le Rebond? Peux-tu le lancer pour son co\u00fbt d\u2019\u00c9veil?<\/strong><\/li>\n<\/ol>\n<p><em>Non, il ne gagnera pas le Rebond car il n\u2019est pas lanc\u00e9 depuis la main. En revanche, tu peux le paye pour son co\u00fbt d\u2019\u00c9veil, puisque Jace te permet de lancer le sort, sans plus de pr\u00e9cision et en payant les co\u00fbts, ce qui signifie que tu choisir un co\u00fbt alternatif.<\/em><\/p>\n<p><strong>\u00a0<\/strong><\/p>\n<ol start=\"18\">\n<li><strong> Tu contr\u00f4les un Fourbes de cuisine et un Oiseaux de paradis. Tu lances un Avantage Abzan en ciblant ton adversaire et en d\u00e9clarant que tu vas Renforcer les Oiseaux de paradis. En r\u00e9ponse, ton adversaire active la capacit\u00e9 de son Shamane anabaane en ciblant les Oiseaux de paradis, luis infligeant des blessures l\u00e9tales. Peux-tu utiliser Renforcement sur tes Fourbes de Cuisines ?<\/strong><\/li>\n<\/ol>\n<p><em>Oui, Renforcement te fait choisir la cr\u00e9ature \u00e0 la r\u00e9solution (cela ne cible pas). Si tu as fait ton choix avant, tu dois maintenir celui-ci \u00e0 moins que ton adversaire ne fasse quelque chose en r\u00e9ponse. Comme c\u2019est ici le cas, tu pourras Renforcer tes Fourbes de cuisine. <\/em><\/p>\n<p><strong>\u00a0<\/strong><\/p>\n<ol start=\"19\">\n<li><strong> Tu lances une Elfe aux Nattes sanguinolentes. Quand sa Cascade se r\u00e9sout, la premi\u00e8re carte qui ne soit pas un terrain avec un co\u00fbt de mana inf\u00e9rieur \u00e0 l\u2019Elfe, apr\u00e8s avoir exil\u00e9 5 cartes, est un \u00e9ph\u00e9m\u00e8re que tu ne souhaites pas lancer car c\u2019est contre-productif \u00e0 ce moment de la partie. Que se passe-t-il ?<\/strong><\/li>\n<\/ol>\n<p><em>Tu n\u2019es pas oblig\u00e9 de le lancer. Cascade pr\u00e9cise que tu PEUX lancer le sort, pas que tu en as l\u2019obligation. Si tu choisis de ne pas le lancer, cette carte ira avec les autres cartes exil\u00e9es, au-dessous de ta biblioth\u00e8que dans un ordre al\u00e9atoire.<\/em><\/p>\n<p><strong>\u00a0<\/strong><\/p>\n<ol start=\"20\">\n<li><strong> Albert d\u00e9clare qu\u2019il attaque avec un Nexus des encrimites, transform\u00e9 durant sa premi\u00e8re phase principale, et un Gobelin de Coupenoire. Nicolas lance une Corde d\u2019adjuration avec X=2, et \u00e0 sa r\u00e9solution r\u00e9v\u00e8le une M\u00e9lira, proscrite sylvoke, et la met en jeu. Que se passe-t-il avec les blessures du Nexus et du Gobelin ? Et si Albert active \u00e0 nouveau la capacit\u00e9 du Nexus, qu\u2019en sera-t-il de ses blessures ?<\/strong><\/li>\n<\/ol>\n<p><em>Le Gobelin de Coupenoire infligera des blessures normales, puisque l\u2019effet continu de Melira fait qu\u2019il perdra l\u2019Infection en couche 6, et fera donc perdre deux points de vie \u00e0 Nicolas.<\/em><\/p>\n<p><em>Les blessures du Nexus seront \u00e9galement normales, puisque nous avons en couche 6 deux effets continus : celui de M\u00e9lira retirant l\u2019Infection, et celui du Nexus lui donnant le Vol et l\u2019Infection. Par ordre d\u2019arriv\u00e9e, l\u2019effet de M\u00e9lira est le plus r\u00e9cent, et c\u2019est donc lui qui va s\u2019appliquer en dernier, le Nexus perdant ainsi l\u2019Infection.<\/em><\/p>\n<p><em>Si Albert active une nouvelle fois la capacit\u00e9 du Nexus des encrimites, nous aurons trois effets continus en couche 6 : Celui de M\u00e9lira faisant perdre l\u2019infection, puis deux fois celui du Nexus en lui-m\u00eame faisant gagner le Vol et l\u2019Infection. Par ordre d\u2019arriv\u00e9e, il gagne le Vol et l\u2019Infection, puis perd l\u2019Infection pour finalement regagner le Vol et l\u2019Infection.\u00a0 Lorsque les blessures sont inflig\u00e9es, nous voyons que M\u00e9lira a un effet continu qui emp\u00eache son contr\u00f4leur d\u2019avoir des marqueurs Poison. Comme les blessures inflig\u00e9es par le Nexus le sont sous la forme de ce type de marqueur, le Nexus ne causera aucun changement, m\u00eame si les blessures sont r\u00e9ellement inflig\u00e9es. Ainsi, s\u2019il avait le Lien de vie, Albert gagnerait un point de vie.<\/em><\/p>\n<p><strong>\u00a0<\/strong><\/p>\n<ol start=\"21\">\n<li><strong> Tu contr\u00f4les Zada, broyeuse d\u2019H\u00e8dron, deux Vive-lance du monast\u00e8re, et une Solifuge g\u00e9ante. Durant ta premi\u00e8re phase principale tu lances une Force de titan, en ciblant Zada, ce qui d\u00e9clenche sa capacit\u00e9. Comment va-t-elle aller en pile ? Comment le Regard va-t-il se r\u00e9soudre ? Combien de fois la Prouesse va-t-elle se d\u00e9clencher ?<\/strong><\/li>\n<\/ol>\n<p><em>La capacit\u00e9 d\u00e9clench\u00e9e de Zada et la Prouesse de chaque Vive-lance iront en pile au-dessus de la Force de titan, dans l\u2019ordre de ton choix puisqu\u2019elles se d\u00e9clenchent simultan\u00e9ment. Quand la capacit\u00e9 de Zada se r\u00e9sout, deux copies de la Force de titan seront mises sur le dessus de la pile (une pour chaque Vive-lance car ils peuvent \u00eatre cibl\u00e9s, ce qui n\u2019est pas le cas de la Solifuge qui a le Linceul, et ne g\u00e9n\u00e8rera donc pas de copie). Elles vont se r\u00e9soudre une par une, g\u00e9n\u00e9rant un Regard 1 pour chacune d\u2019entre elle, comme indiqu\u00e9 sur le texte de la carte. La Prouesse ne se d\u00e9clenche qu\u2019une fois, dans la mesure o\u00f9 les copies ne sont pas lanc\u00e9es, pour chaque Vive-lance pour la Force de titan originale.<\/em><\/p>\n<p><strong>\u00a0<\/strong><\/p>\n<ol start=\"22\">\n<li><strong> Antoine contr\u00f4le un Morguesort et un D\u00e9vastateur entravarc. Son adversaire, Nelson, lance une \u00c9lectrolyse en ciblant les deux cr\u00e9atures. Antoine peut-il activer la capacit\u00e9 du Morguesort pour rediriger sur cette cr\u00e9ature les deux blessures ? Cela changerait-il quelque chose si c\u2019\u00e9tait un Commandement de Kolaghan \u00e0 la place de l\u2019\u00c9lectrolyse ? Et dans le cas d\u2019un Trace d\u2019arc \u00e9lectrique ?<\/strong><\/li>\n<\/ol>\n<p><em>Au lancement de l\u2019\u00c9lectrolyse, elle est mise en pile comme un sort \u00e0 deux cibles, il est donc possible d\u2019activer la capacit\u00e9 du Morguesort, mais celle-ci ne fera rien \u00e0 sa r\u00e9solution car cela changerait le nombre de cibles de l\u2019\u00c9lectrolyse en pile, ce qui est ill\u00e9gal. De plus, il y a une autre restriction qui affecte cela : une sort ou un effet ne peut pas cibler un objet plus d\u2019un fois pour chaque occurrence du mot \u00abcible\u00bb sur son texte.<\/em><\/p>\n<p><em>Le Commandement de Kolaghan peut, lui, \u00eatre redirig\u00e9 dans la mesure o\u00f9 le Morguesort peut \u00eatre choisi deux fois.<\/em><\/p>\n<p><em>La Trace d\u2019arc \u00e9lectrique mentionne deux fois le mot \u00abcible\u00bb, mais dans ce cas, la carte poss\u00e8de une clause pr\u00e9cisant \u00abune autre cible\u00bb pour la seconde. Ainsi, la capacit\u00e9 peut \u00e9galement \u00eatre activ\u00e9e, mais ne fera rien \u00e0 sa r\u00e9solution.<\/em><\/p>\n<p><em>\u00a0<\/em><\/p>\n<p><strong>\u00a0<\/strong><\/p>\n<ol start=\"23\">\n<li><strong> Abdul contr\u00f4le un Bogle insaisissable, enchant\u00e9 par deux Rancoeur, et lance sur celui-ci une Armure \u00e9th\u00e9r\u00e9e. Nashif, en r\u00e9ponse, active la capacit\u00e9 de son Morguesort pour rediriger l\u2019Armure \u00e9th\u00e9r\u00e9e sur celui-ci. Que se passe-t-il par la suite ? <\/strong><\/li>\n<\/ol>\n<p><em>\u00c0 la r\u00e9solution de la capacit\u00e9 du Morguesort, celle-ci redirige la cible de l\u2019Armure \u00e9th\u00e9r\u00e9e, les Auras ne ciblant pas quand elles sont lanc\u00e9es. Puis l&#8217;enchantement se r\u00e9sout et est attach\u00e9 \u00e0 la cr\u00e9ature-artefact, la convertissant en une 3\/7 avec l\u2019Initiative, dans la mesure o\u00f9 le contr\u00f4leur de l\u2019enchantement reste Abdul et que le b\u00e9n\u00e9fice de l\u2019enchantement est d\u00e9pendant du nombre d\u2019enchantements que celui-ci contr\u00f4le, mais pas du contr\u00f4leur de la cr\u00e9ature recevant l\u2019Armure \u00e9th\u00e9r\u00e9e<\/em>.<\/p>\n<p>&nbsp;<\/p>\n","protected":false},"excerpt":{"rendered":"<p>Antoine contr\u00f4le une Trinisph\u00e8re d\u00e9gag\u00e9e et lance un Gardien de la Porte de Malakir avec le Kick. Combien Antoine doit-il payer pour lancer le Gardien ? Trois manas noirs. \u00c0 la d\u00e9termination du co\u00fbt total, le kick est pris en compte, et la Trinisph\u00e8re n\u2019impactera donc pas le Gardien dans la mesure o\u00f9 il ne [&hellip;]<\/p>\n","protected":false},"author":28,"featured_media":0,"parent":430,"menu_order":0,"comment_status":"closed","ping_status":"closed","template":"","meta":{"footnotes":"","_links_to":"","_links_to_target":""},"language":[4],"class_list":["post-512","page","type-page","status-publish","hentry","language-fr_fr"],"_links":{"self":[{"href":"https:\/\/blogs.magicjudges.org\/judgeclasses\/wp-json\/wp\/v2\/pages\/512","targetHints":{"allow":["GET"]}}],"collection":[{"href":"https:\/\/blogs.magicjudges.org\/judgeclasses\/wp-json\/wp\/v2\/pages"}],"about":[{"href":"https:\/\/blogs.magicjudges.org\/judgeclasses\/wp-json\/wp\/v2\/types\/page"}],"author":[{"embeddable":true,"href":"https:\/\/blogs.magicjudges.org\/judgeclasses\/wp-json\/wp\/v2\/users\/28"}],"replies":[{"embeddable":true,"href":"https:\/\/blogs.magicjudges.org\/judgeclasses\/wp-json\/wp\/v2\/comments?post=512"}],"version-history":[{"count":2,"href":"https:\/\/blogs.magicjudges.org\/judgeclasses\/wp-json\/wp\/v2\/pages\/512\/revisions"}],"predecessor-version":[{"id":517,"href":"https:\/\/blogs.magicjudges.org\/judgeclasses\/wp-json\/wp\/v2\/pages\/512\/revisions\/517"}],"up":[{"embeddable":true,"href":"https:\/\/blogs.magicjudges.org\/judgeclasses\/wp-json\/wp\/v2\/pages\/430"}],"wp:attachment":[{"href":"https:\/\/blogs.magicjudges.org\/judgeclasses\/wp-json\/wp\/v2\/media?parent=512"}],"wp:term":[{"taxonomy":"language","embeddable":true,"href":"https:\/\/blogs.magicjudges.org\/judgeclasses\/wp-json\/wp\/v2\/language?post=512"}],"curies":[{"name":"wp","href":"https:\/\/api.w.org\/{rel}","templated":true}]}}