{"id":54,"date":"2016-08-08T15:20:39","date_gmt":"2016-08-08T15:20:39","guid":{"rendered":"http:\/\/blogs.magicjudges.org\/judgeclasses\/?page_id=54"},"modified":"2017-06-28T12:24:10","modified_gmt":"2017-06-28T12:24:10","slug":"class-3-questions-es","status":"publish","type":"page","link":"https:\/\/blogs.magicjudges.org\/judgeclasses\/spanish\/class-3-questions-es\/","title":{"rendered":"Clase 3 &#8211; Preguntas"},"content":{"rendered":"<p style=\"text-align: right\"><em>\u00daltima actualizaci\u00f3n: 17 de junio de 2016<\/em><\/p>\n<ol>\n<li>Antonio copia con Vesuva una Mutab\u00f3veda encantada con Mares propagantes. \u00bfQu\u00e9 es la Vesuva?<\/li>\n<li>Lanzo una Bola de Fuego con X=3 y un solo objetivo. Mi oponente lanza un Reverberar copi\u00e1ndolo. \u00bfCu\u00e1nto da\u00f1o har\u00e1 la copia? \u00bfPodr\u00e1 elegir 2 objetivos para la copia?<\/li>\n<li>\u00c1lvaro ha lanzado 3 hechizos y luego lanza Metralla. Nuria lanza Reverberar copiando la Metralla. \u00bfCu\u00e1nto da\u00f1o har\u00e1 Nuria?<\/li>\n<li>Ana lanza Imagen Fantasmal copiando una Mutab\u00f3veda animada. \u00bfQu\u00e9 es la Imagen?<\/li>\n<li>Lanzo un Clon copiando un Presagio de Nicol Bolas. \u00bfSe disparar\u00e1 su habilidad?<\/li>\n<li>\u00bfPuedo lanzar un Clon y elegir copiar un Emrakul, los Eones desgarrados?<\/li>\n<li>Norberto lanza un Dictado cr\u00edptico eligiendo contrarrestar un hechizo m\u00edo y robar una carta. Yo lanzo Reverberar copiando el Dictado. \u00bfQu\u00e9 modos puedo elegir? \u00bfQu\u00e9 objetivos?<\/li>\n<li>Di los valores copiables que tiene un permanente.<\/li>\n<li>\u00bfQu\u00e9 pasos se crean si se ataca con una criatura con la habilidad de da\u00f1ar primero? \u00bfY con una con da\u00f1ar dos veces?<\/li>\n<li>Si ataco con una criatura con da\u00f1ar dos veces y pierde dicha habilidad despu\u00e9s de hacer el da\u00f1o del primer paso de da\u00f1o, \u00bfhar\u00e1 da\u00f1o durante el segundo paso?<\/li>\n<li>Si ataco con un 3\/3 con toque mortal y es bloqueado por 3 criaturas 2\/2. \u00bfC\u00f3mo puedo asignar los da\u00f1os? \u00bfY si la primera criatura que bloquea es indestructible?<\/li>\n<li>Si ataco con un 4\/4 con Toque mortal y Arrollar y es bloqueado por un 6\/6. \u00bfC\u00f3mo puedo asignar el da\u00f1o?<\/li>\n<li>Si bloqueo a una criatura 4\/4 con toque mortal con mi 2\/2, \u00bfCu\u00e1ntas veces tengo que regenerarlo para salvarlo?<\/li>\n<li>Si le doy a mi Magochispa astuto la habilidad de Toque mortal, \u00bfmatar\u00e1 a la criatura a la que le haga 1 da\u00f1o? \u00bfY si en respuesta me lo matan?<\/li>\n<li>\u00bfQu\u00e9 significa \u201cprotecci\u00f3n contra criaturas\u201d? Si mi criatura tiene \u201cprotecci\u00f3n contra criaturas\u201d, \u00bfpuedo utilizar sobre ella la habilidad de Empuj\u00f3n de una criatura?<\/li>\n<li>Si controlo una criatura encantada con un aura blanca y le dan la habilidad de \u201cprotecci\u00f3n contra blanco\u201d, \u00bfqu\u00e9 pasar\u00e1?<\/li>\n<li>Si ataco con un 3\/3 que arrolla y me bloquea un 2\/2 con un da\u00f1o marcado sobre \u00e9l \u00bfqu\u00e9 asignaci\u00f3n de da\u00f1o puedo hacer?<\/li>\n<li>Si mi criatura 5\/5 con v\u00ednculo vital es bloqueada por un 1\/1, \u00bfcu\u00e1nta vida gano? \u00bfY si en respuesta al bloqueo, la criatura es destruida?<\/li>\n<li>Si estoy a 3 vidas, me atacan con dos criaturas 3\/3, y yo bloqueo a una con un 1\/1 con V\u00ednculo vital, \u00bfperder\u00e9 la partida?<\/li>\n<li>Arnold lanza Vaciar los barracones, el primer hechizo lanzado este turno, y Nancy usa un Jugada gemela para crear una copia de Vaciar los barracones. \u00bfPodr\u00e1 Arnold usar Fuga de man\u00e1 para contrarrestar la copia de Vaciar los barracones de Nancy?<\/li>\n<\/ol>\n","protected":false},"excerpt":{"rendered":"<p>\u00daltima actualizaci\u00f3n: 17 de junio de 2016 Antonio copia con Vesuva una Mutab\u00f3veda encantada con Mares propagantes. \u00bfQu\u00e9 es la Vesuva? Lanzo una Bola de Fuego con X=3 y un solo objetivo. Mi oponente lanza un Reverberar copi\u00e1ndolo. \u00bfCu\u00e1nto da\u00f1o har\u00e1 la copia? \u00bfPodr\u00e1 elegir 2 objetivos para la copia? \u00c1lvaro ha lanzado 3 hechizos [&hellip;]<\/p>\n","protected":false},"author":28,"featured_media":0,"parent":188,"menu_order":0,"comment_status":"closed","ping_status":"closed","template":"","meta":{"footnotes":"","_links_to":"","_links_to_target":""},"language":[5],"class_list":["post-54","page","type-page","status-publish","hentry","language-es_es"],"_links":{"self":[{"href":"https:\/\/blogs.magicjudges.org\/judgeclasses\/wp-json\/wp\/v2\/pages\/54","targetHints":{"allow":["GET"]}}],"collection":[{"href":"https:\/\/blogs.magicjudges.org\/judgeclasses\/wp-json\/wp\/v2\/pages"}],"about":[{"href":"https:\/\/blogs.magicjudges.org\/judgeclasses\/wp-json\/wp\/v2\/types\/page"}],"author":[{"embeddable":true,"href":"https:\/\/blogs.magicjudges.org\/judgeclasses\/wp-json\/wp\/v2\/users\/28"}],"replies":[{"embeddable":true,"href":"https:\/\/blogs.magicjudges.org\/judgeclasses\/wp-json\/wp\/v2\/comments?post=54"}],"version-history":[{"count":3,"href":"https:\/\/blogs.magicjudges.org\/judgeclasses\/wp-json\/wp\/v2\/pages\/54\/revisions"}],"predecessor-version":[{"id":83,"href":"https:\/\/blogs.magicjudges.org\/judgeclasses\/wp-json\/wp\/v2\/pages\/54\/revisions\/83"}],"up":[{"embeddable":true,"href":"https:\/\/blogs.magicjudges.org\/judgeclasses\/wp-json\/wp\/v2\/pages\/188"}],"wp:attachment":[{"href":"https:\/\/blogs.magicjudges.org\/judgeclasses\/wp-json\/wp\/v2\/media?parent=54"}],"wp:term":[{"taxonomy":"language","embeddable":true,"href":"https:\/\/blogs.magicjudges.org\/judgeclasses\/wp-json\/wp\/v2\/language?post=54"}],"curies":[{"name":"wp","href":"https:\/\/api.w.org\/{rel}","templated":true}]}}