{"id":62,"date":"2016-08-08T15:24:52","date_gmt":"2016-08-08T15:24:52","guid":{"rendered":"http:\/\/blogs.magicjudges.org\/judgeclasses\/?page_id=62"},"modified":"2017-06-28T12:24:31","modified_gmt":"2017-06-28T12:24:31","slug":"class-4-questions-es","status":"publish","type":"page","link":"https:\/\/blogs.magicjudges.org\/judgeclasses\/spanish\/class-4-questions-es\/","title":{"rendered":"Clase 4 &#8211; Preguntas"},"content":{"rendered":"<p style=\"text-align: right\"><em>\u00daltima actualizaci\u00f3n: 17 de junio de 2016<\/em><\/p>\n<ol>\n<li>\u00bfCu\u00e1ntas capas y subcapas hay? \u00bfCu\u00e1les?<\/li>\n<li>Si dos efectos tratan de aplicarse en la misma capa, \u00bfc\u00f3mo determinamos habitualmente la forma en que los aplicamos? \u00bfHay algo que altere esta forma general?<\/li>\n<li>Alberto tiene unos Osos Pardos con un contador +1\/+1 sobre ellos y lanza Crecimiento Gigante haci\u00e9ndole objetivo, \u00bfcu\u00e1l es su fuerza?<\/li>\n<li>Tengo un Desgarraviento con un contador +1\/+1, y activo su habilidad de intercambiar fuerza y resistencia. \u00bfQu\u00e9 F\/R tendr\u00e1? \u00bfY si despu\u00e9s le tiro una Inversi\u00f3n sin nombre?<\/li>\n<li>Tengo una Luna de Sangre en mesa y una Fuente consagrada, una Tundra y un Cuartel Fantasmal, un Bosque y una Dr\u00edada Enramada. \u00bfQu\u00e9 son las cartas nombradas y c\u00f3mo son?<\/li>\n<li>Tengo una Meseta \u00c1rida en mesa encantada con unos Mares Propagantes y lanzo un Mago de la Luna. \u00bfQu\u00e9 ser\u00e1 la Meseta \u00c1rida? \u00bfY si el Mago estuviera en la mesa y luego lanzase los Mares Propagantes?<\/li>\n<li>Andr\u00e9s controla unos Osos Pardos, Noelia lanza una Imagen Torcida sobre los ojos Pardos. Despu\u00e9s, cuando se ha resuelto, lanza Ovinizar. \u00bfCu\u00e1les son las caracter\u00edsticas de los Osos cuando se acaban de resolver los dos?<\/li>\n<li>Adalberto tiene un Roepensamientos en campo de batalla y lanza Abundancia Nula. \u00bfCu\u00e1l ser\u00e1 su mano m\u00e1xima?<\/li>\n<li>Tengo un Tarmogoyf en campo de batalla con Conjuro, Tierra e Instant\u00e1neo en los cementerios. Lanzo Humildad. \u00bfQu\u00e9 Fuerza y Resistencia tendr\u00e1 el Tarmogoyf?<\/li>\n<li>Tengo una Opalescencia y una Luna de Sangre en mesa. Lanzo una Humildad. \u00bfQu\u00e9 \u00a0son los otros encantamientos? \u00bfY si tengo la Humildad en mesa y lanzo la Opalescencia?<\/li>\n<li>Tengo un efecto que me pone a la vez una Torre del Relicario bajo el control de mi oponente y un Jin-Gitaxias, presagio del n\u00facleo bajo el m\u00edo. \u00bfCu\u00e1l es la mano m\u00e1xima de mi oponente?<\/li>\n<li>Tengo un encantamiento que dice: \u201cTodas las criaturas son azules\u201d y lanzo un instant\u00e1neo que dice \u201cEsta criatura es verde\u201d. \u00bfDe qu\u00e9 color es la criatura?<\/li>\n<li>Tengo un Honor de los Puros en mesa y un Vanguardia de \u00e9lite con un contador +1\/+1 encima. Le lanzo un hechizo que da \u201c+2\/+0 y prisa\u201d. Mi oponente baja un Clon, copiando la Vanguardia. \u00bfC\u00f3mo es el Clon? \u00bfY si lo hubiera lanzado yo?<\/li>\n<li>Tengo un equipo que dice \u201cLa criatura equipada tiene Volar\u201d anexado a una criatura. Le tiro un hechizo que dice \u201cTodas las criaturas pierden volar\u201d. \u00bfLa criatura equipada vuela? \u00bfY si se lo anexo despu\u00e9s de ese hechizo a otra criatura que tengo, esa criatura vuela?<\/li>\n<li>Anson controla un Mago de la Luna y una Fundici\u00f3n Sagrada. Nancy lanza una Forma de V\u00edbora hacienda objetivo al Mago de la Luna. Una vez que la Forma de V\u00edbora se resolvi\u00f3, \u00bfcu\u00e1les son las caracter\u00edsticas de la Fundici\u00f3n Sagrada?<\/li>\n<li>Axel controla un Rey Trasgo y una Artiller\u00eda Trasga. Nigel lanza una Inversi\u00f3n sin Nombre haciendo objetivo a la Artiller\u00eda Trasga. \u00bfCu\u00e1les ser\u00e1n las caracter\u00edsticas de la Artiller\u00eda Trasga una se resuelva la Inversi\u00f3n sin Nombre?<\/li>\n<\/ol>\n","protected":false},"excerpt":{"rendered":"<p>\u00daltima actualizaci\u00f3n: 17 de junio de 2016 \u00bfCu\u00e1ntas capas y subcapas hay? \u00bfCu\u00e1les? Si dos efectos tratan de aplicarse en la misma capa, \u00bfc\u00f3mo determinamos habitualmente la forma en que los aplicamos? \u00bfHay algo que altere esta forma general? Alberto tiene unos Osos Pardos con un contador +1\/+1 sobre ellos y lanza Crecimiento Gigante haci\u00e9ndole [&hellip;]<\/p>\n","protected":false},"author":28,"featured_media":0,"parent":188,"menu_order":0,"comment_status":"closed","ping_status":"closed","template":"","meta":{"footnotes":"","_links_to":"","_links_to_target":""},"language":[5],"class_list":["post-62","page","type-page","status-publish","hentry","language-es_es"],"_links":{"self":[{"href":"https:\/\/blogs.magicjudges.org\/judgeclasses\/wp-json\/wp\/v2\/pages\/62","targetHints":{"allow":["GET"]}}],"collection":[{"href":"https:\/\/blogs.magicjudges.org\/judgeclasses\/wp-json\/wp\/v2\/pages"}],"about":[{"href":"https:\/\/blogs.magicjudges.org\/judgeclasses\/wp-json\/wp\/v2\/types\/page"}],"author":[{"embeddable":true,"href":"https:\/\/blogs.magicjudges.org\/judgeclasses\/wp-json\/wp\/v2\/users\/28"}],"replies":[{"embeddable":true,"href":"https:\/\/blogs.magicjudges.org\/judgeclasses\/wp-json\/wp\/v2\/comments?post=62"}],"version-history":[{"count":2,"href":"https:\/\/blogs.magicjudges.org\/judgeclasses\/wp-json\/wp\/v2\/pages\/62\/revisions"}],"predecessor-version":[{"id":82,"href":"https:\/\/blogs.magicjudges.org\/judgeclasses\/wp-json\/wp\/v2\/pages\/62\/revisions\/82"}],"up":[{"embeddable":true,"href":"https:\/\/blogs.magicjudges.org\/judgeclasses\/wp-json\/wp\/v2\/pages\/188"}],"wp:attachment":[{"href":"https:\/\/blogs.magicjudges.org\/judgeclasses\/wp-json\/wp\/v2\/media?parent=62"}],"wp:term":[{"taxonomy":"language","embeddable":true,"href":"https:\/\/blogs.magicjudges.org\/judgeclasses\/wp-json\/wp\/v2\/language?post=62"}],"curies":[{"name":"wp","href":"https:\/\/api.w.org\/{rel}","templated":true}]}}