{"id":64,"date":"2016-08-08T15:26:35","date_gmt":"2016-08-08T15:26:35","guid":{"rendered":"http:\/\/blogs.magicjudges.org\/judgeclasses\/?page_id=64"},"modified":"2017-06-28T12:24:35","modified_gmt":"2017-06-28T12:24:35","slug":"class-4-answers-es","status":"publish","type":"page","link":"https:\/\/blogs.magicjudges.org\/judgeclasses\/spanish\/class-4-answers-es\/","title":{"rendered":"Clase 4 &#8211; Respuestas"},"content":{"rendered":"<p style=\"text-align: right\"><em>\u00daltima actualizaci\u00f3n: 17 de junio de 2016<\/em><\/p>\n<p><strong>1. \u00bfCu\u00e1ntas capas y subcapas hay? \u00bfCu\u00e1les?<\/strong><\/p>\n<ol>\n<li><em>Copia<\/em><\/li>\n<li><em>Control<\/em><\/li>\n<li><em>Texto<\/em><\/li>\n<li><em>Tipo<\/em><\/li>\n<li><em>Color<\/em><\/li>\n<li><em>Habilidades (ganar\/remover)<\/em><\/li>\n<li><em>Fuerza y Resistencia<\/em>\n<ul>\n<li><em>Habilidades que Definen Caracter\u00edsticas (CDAs)<\/em><\/li>\n<li><em>Fijaci\u00f3n de Fuerza y Resistencia<\/em><\/li>\n<li><em>Modificaci\u00f3n de Fuerza y Resistencia (+X\/+X o -X\/-X)<\/em><\/li>\n<li><em>Contadores <\/em><\/li>\n<li><em>Intercambio de Fuerza y Resistencia<\/em><\/li>\n<\/ul>\n<\/li>\n<\/ol>\n<p>&nbsp;<\/p>\n<ol start=\"2\">\n<li><strong> Si dos efectos tratan de aplicarse en la misma capa, \u00bfc\u00f3mo determinamos habitualmente la forma en que los aplicamos? \u00bfHay algo que altere esta forma general?<\/strong><\/li>\n<\/ol>\n<p><em>Dentro de cada capa los efectos se aplican en orden de llegada, sin embargo cualquier dependencia que exista tendr\u00e1 precedencia sobre el orden de llegada, y siempre se aplicar\u00e1n primero las habilidades que definen caracter\u00edsticas.<\/em><\/p>\n<p>&nbsp;<\/p>\n<ol start=\"3\">\n<li><strong> Alberto tiene unos Osos Pardos con un contador +1\/+1 sobre ellos y lanza Crecimiento Gigante haci\u00e9ndole objetivo, \u00bfcu\u00e1l es su fuerza?<\/strong><\/li>\n<\/ol>\n<p><em>Si tomamos a la criatura base (2\/2) y aplicamos por orden de capas los efectos relevantes, a continuaci\u00f3n tendremos en cuenta el Crecimiento gigante (7c), y luego el contador +1\/+1 (7d), quedando por tanto un (2\/2+3\/3+1\/1) 6\/6.<\/em><\/p>\n<p>&nbsp;<\/p>\n<ol start=\"4\">\n<li><strong> Tengo un Desgarraviento con un contador +1\/+1, y activo su habilidad de intercambiar fuerza y resistencia. \u00bfQu\u00e9 F\/R tendr\u00e1? \u00bfY si despu\u00e9s le tiro una Inversi\u00f3n sin nombre?<\/strong><\/li>\n<\/ol>\n<p><em>Tras el intercambio, el Desgarraviento ser\u00e1, aplicando las capas paso a paso, un 1\/3 <\/em><em>\u2192 2\/4 <\/em><em>\u2192 4\/2.<\/em><\/p>\n<p><em>Si tras eso le lanzan un Inversi\u00f3n sin nombre, recalcularemos la F\/R de la criatura, quedando un:<\/em><\/p>\n<p><em>1\/3 <\/em><em>\u2192 4\/0 <\/em><em>\u2192 5\/1 <\/em><em>\u2192 1\/5.<\/em><\/p>\n<p>&nbsp;<\/p>\n<ol start=\"5\">\n<li><strong> Tengo una Luna de Sangre en mesa y una Fuente consagrada, una Tundra y un Cuartel Fantasmal, un Bosque y una Dr\u00edada Enramada. \u00bfQu\u00e9 son las cartas nombradas y c\u00f3mo son?<\/strong><\/li>\n<\/ol>\n<p><em>&#8211; Fuente consagrada: Tierra \u2013 Monta\u00f1a<\/em><\/p>\n<p><em>&#8211; Tundra: Tierra\u2013 Monta\u00f1a<\/em><\/p>\n<p><em>&#8211; Cuartel fantasmal: Tierra\u2013 Monta\u00f1a<\/em><\/p>\n<p><em>&#8211; Bosque: Tierra b\u00e1sica \u2013 Bosque<\/em><\/p>\n<p><em>&#8211; Dr\u00edada enramada: Criatura tierra \u2013 Monta\u00f1a Dr\u00edada 1\/1 cuyo color sigue siendo verde.<\/em><\/p>\n<p><em>Todas las que se convierten en monta\u00f1as tienen la habilidad de girar: agregar man\u00e1 rojo, y ninguna es una Tierra B\u00e1sica porque no se cambia el supertipo.<\/em><\/p>\n<ol start=\"6\">\n<li><strong> Tengo una Meseta \u00c1rida en mesa encantada con unos Mares Propagantes y lanzo un Mago de la Luna. \u00bfQu\u00e9 ser\u00e1 la Meseta \u00c1rida? \u00bfY si el Mago estuviera en la mesa y luego lanzase los Mares Propagantes?<\/strong><\/li>\n<\/ol>\n<p><em>Ambos efectos suponen un cambio de tipo (capa 4), por lo que se aplicar\u00e1n por orden de llegada:<\/em><\/p>\n<p><em>&#8211;\u00a0 Si la tierra estaba encantada por los Mares propagantes y se baja el Mago de la luna, la meseta ser\u00e1 una Tierra \u2013 Monta\u00f1a.<\/em><\/p>\n<p><em>&#8211; Si el Mago estaba en campo de batalla y baja el Mares propagantes, ser\u00e1 una Tierra \u2013 Isla. <\/em><\/p>\n<p><em>No ser\u00e1 tierra b\u00e1sica en ning\u00fan caso porque no se cambia el supertipo.<\/em><\/p>\n<p>&nbsp;<\/p>\n<ol start=\"7\">\n<li><strong> Andr\u00e9s controla unos Osos Pardos, Noelia lanza una Imagen Torcida sobre los ojos Pardos. Despu\u00e9s, cuando se ha resuelto, lanza Ovinizar. \u00bfCu\u00e1les son las caracter\u00edsticas de los Osos cuando se acaban de resolver los dos?<\/strong><\/li>\n<\/ol>\n<p><em>A pesar de que el Ovinizar haya sido lanzado en \u00faltimo lugar, al haber varios efectos sobre la criatura, se aplicar\u00e1n teniendo en cuenta el orden indicado por las capas. A la criatura base (2\/2) le aplicamos el Ovinizar (0\/1, capa 7b), y luego el Imagen torcida (1\/0, capa 7e).<\/em><\/p>\n<p><em>\u00a0<\/em><\/p>\n<ol start=\"8\">\n<li><strong> Adalberto tiene un Roepensamientos en campo de batalla y lanza Abundancia Nula. \u00bfCu\u00e1l ser\u00e1 su mano m\u00e1xima?<\/strong><\/li>\n<\/ol>\n<p><em>Tenemos dos efectos: <\/em><\/p>\n<p><em>&#8211; Roepensamientos: el tama\u00f1o de mano m\u00e1ximo se reduce en 2<\/em><\/p>\n<p><em>&#8211; Abundancia Nula: tu mano m\u00e1xima es 2<\/em><\/p>\n<p><em>Ambos efectos tienen que ver con modificar las reglas, por lo que se aplicar\u00e1 el orden de llegada: Empezamos con una mano de 7, aplicamos el Roepensamientos y la reducimos en 2, con lo que tenemos una mano m\u00e1xima de 5. Luego aplicamos la abundancia Nula que nos dice que la mano m\u00e1xima es 2.<\/em><\/p>\n<p><em>Sin embargo esto no significa que Adalberto no pueda tener m\u00e1s de 2 cartas en la mano, s\u00f3lo que en su paso de limpieza ha de descartar el excedente sobre 2.<\/em><\/p>\n<p>&nbsp;<\/p>\n<ol start=\"9\">\n<li><strong> Tengo un Tarmogoyf en campo de batalla con Conjuro, Tierra e Instant\u00e1neo en los cementerios. Lanzo Humildad. \u00bfQu\u00e9 Fuerza y Resistencia tendr\u00e1 el Tarmogoyf?<\/strong><\/li>\n<\/ol>\n<p><em>Debido al Humildad, el Tarmogoyf perder\u00e1 la habilidad que fija su F\/R en la capa 6, y luego quedar\u00e1 fijado a ser un 1\/1 en la capa 7b.<\/em><\/p>\n<p>&nbsp;<\/p>\n<ol start=\"10\">\n<li><strong> Tengo una Opalescencia y una Luna de Sangre en mesa. Lanzo una Humildad. \u00bfQu\u00e9 \u00a0son los otros encantamientos? \u00bfY si tengo la Humildad en mesa y lanzo la Opalescencia?<\/strong><\/li>\n<\/ol>\n<p><em>Tanto el efecto de la Opalescencia de convertir los encantamientos en criaturas con F\/R de su CMC, como el de la Humildad de hacerles 1\/1 se aplican en la capa 7b, as\u00ed que tendr\u00e1 prioridad el \u00faltimo en entrar en campo de batalla, y por tanto los otros encantamientos ser\u00e1n 1\/1 sin habilidades. Si ya estaba el humildad en mesa y bajo el Opalescencia, ser\u00e1 un 4\/4, y la Luna de sangre un 3\/3. En cualquier caso la habilidad de la Luna de sangre de convertir a todas las tierras no b\u00e1sicas en monta\u00f1as seguir\u00e1 aplic\u00e1ndose.<\/em><\/p>\n<ol start=\"11\">\n<li><strong> Tengo un efecto que me pone a la vez una Torre del Relicario bajo el control de mi oponente y un Jin-Gitaxias, presagio del n\u00facleo bajo el m\u00edo. \u00bfCu\u00e1l es la mano m\u00e1xima de mi oponente?<\/strong><\/li>\n<\/ol>\n<p><em>La Torre del Relicario dice que la mano m\u00e1xima no tiene l\u00edmite, es como si fuera infinito. Si ese infinito lo rebajamos en 7, seguir\u00e1 siendo infinito. En otras palabras: Infinito menos 7 = Infinito \ud83d\ude42<\/em><\/p>\n<p>&nbsp;<\/p>\n<ol start=\"12\">\n<li><strong> Tengo un encantamiento que dice: \u201cTodas las criaturas son azules\u201d y lanzo un instant\u00e1neo que dice \u201cEsta criatura es verde\u201d. \u00bfDe qu\u00e9 color es la criatura?<\/strong><\/li>\n<\/ol>\n<p><em>Verde, ya que ambos efectos se aplican a la misma propiedad de la criatura, y en la misma capa (5), as\u00ed que tendremos en cuenta la \u00faltima que ha tenido efecto.<\/em><\/p>\n<p>&nbsp;<\/p>\n<ol start=\"13\">\n<li><strong> Tengo un Honor de los Puros en mesa y un Vanguardia de \u00e9lite con un contador +1\/+1 encima. Le lanzo un hechizo que da \u201c+2\/+0 y prisa\u201d. Mi oponente baja un Clon, copiando la Vanguardia. \u00bfC\u00f3mo es el Clon? \u00bfY si lo hubiera lanzado yo?<\/strong><\/li>\n<\/ol>\n<p><em>Un 2\/1, ya que \u00fanicamente tendremos en cuenta el texto de la criatura base, ya que es el \u00fanico valor copiable a pesar de todo lo que le est\u00e1 afectando. Si lo hubiera lanzado yo ser\u00eda lo mismo, solo que una vez est\u00e1 en Campo de batalla recibir\u00e1 el bonificador de mi Honor de los puros, ya que a todos los efectos es tambi\u00e9n una Vanguardia, y por tanto, criatura blanca.<\/em><\/p>\n<p>&nbsp;<\/p>\n<ol start=\"14\">\n<li><strong> Tengo un equipo que dice \u201cLa criatura equipada tiene Volar\u201d anexado a una criatura. Le tiro un hechizo que dice \u201cTodas las criaturas pierden volar\u201d. \u00bfLa criatura equipada vuela? \u00bfY si se lo anexo despu\u00e9s de ese hechizo a otra criatura que tengo, esa criatura vuela?<\/strong><\/li>\n<\/ol>\n<p><em>Ambos efectos se aplican en la capa 6, ganar o perder habilidades, as\u00ed que se al no haber dependencia, aplicamos el orden de llegada. <\/em><\/p>\n<p><em>&#8211; El orden de llegada del efecto de un permanente es el momento en que este entra<\/em><\/p>\n<p><em>&#8211; El orden de llegada del efecto de un equipo es el momento en que es anexado.<\/em><\/p>\n<p><em>&#8211; El orden de llegada de un efecto de un hechizo es cuando este se resuelve.<\/em><\/p>\n<p><em>&#8211; En el ejemplo: empieza con el efecto de Volar del equipo y luego pierde volar por el hechizo.<\/em><\/p>\n<p><em>Si le equipo despu\u00e9s a otra criatura el equipo, esta tendr\u00e1 volar ya que para esta el orden de los efectos es: perder volar, ganar volar.<\/em><\/p>\n<p>&nbsp;<\/p>\n<ol start=\"15\">\n<li><strong> Anson controla un Mago de la Luna y una Fundici\u00f3n Sagrada. Nancy lanza una Forma de V\u00edbora hacienda objetivo al Mago de la Luna. Una vez que la Forma de V\u00edbora se resolvi\u00f3, \u00bfcu\u00e1les son las caracter\u00edsticas de la Fundici\u00f3n Sagrada?<\/strong><\/li>\n<\/ol>\n<p><em>Una Tierra no b\u00e1sica \u2013 Monta\u00f1a, pues aunque la criatura pierda sus habilidades en la capa 6, el efecto de convertir las tierras no b\u00e1sicas en monta\u00f1as ya se ha aplicado en la capa 4.<\/em><\/p>\n<p>&nbsp;<\/p>\n<ol start=\"16\">\n<li><strong> Axel controla un Rey Trasgo y una Artiller\u00eda Trasga. Nigel lanza una Inversi\u00f3n sin Nombre haciendo objetivo a la Artiller\u00eda Trasga. \u00bfCu\u00e1les ser\u00e1n las caracter\u00edsticas de la Artiller\u00eda Trasga una se resuelva la Inversi\u00f3n sin Nombre?<\/strong><\/li>\n<\/ol>\n<p><em>Ser\u00e1n una Criatura 4\/0, sin tipo de criatura alguno.<\/em><\/p>\n","protected":false},"excerpt":{"rendered":"<p>\u00daltima actualizaci\u00f3n: 17 de junio de 2016 1. \u00bfCu\u00e1ntas capas y subcapas hay? \u00bfCu\u00e1les? Copia Control Texto Tipo Color Habilidades (ganar\/remover) Fuerza y Resistencia Habilidades que Definen Caracter\u00edsticas (CDAs) Fijaci\u00f3n de Fuerza y Resistencia Modificaci\u00f3n de Fuerza y Resistencia (+X\/+X o -X\/-X) Contadores Intercambio de Fuerza y Resistencia &nbsp; Si dos efectos tratan de aplicarse [&hellip;]<\/p>\n","protected":false},"author":28,"featured_media":0,"parent":188,"menu_order":0,"comment_status":"closed","ping_status":"closed","template":"","meta":{"footnotes":"","_links_to":"","_links_to_target":""},"language":[5],"class_list":["post-64","page","type-page","status-publish","hentry","language-es_es"],"_links":{"self":[{"href":"https:\/\/blogs.magicjudges.org\/judgeclasses\/wp-json\/wp\/v2\/pages\/64","targetHints":{"allow":["GET"]}}],"collection":[{"href":"https:\/\/blogs.magicjudges.org\/judgeclasses\/wp-json\/wp\/v2\/pages"}],"about":[{"href":"https:\/\/blogs.magicjudges.org\/judgeclasses\/wp-json\/wp\/v2\/types\/page"}],"author":[{"embeddable":true,"href":"https:\/\/blogs.magicjudges.org\/judgeclasses\/wp-json\/wp\/v2\/users\/28"}],"replies":[{"embeddable":true,"href":"https:\/\/blogs.magicjudges.org\/judgeclasses\/wp-json\/wp\/v2\/comments?post=64"}],"version-history":[{"count":1,"href":"https:\/\/blogs.magicjudges.org\/judgeclasses\/wp-json\/wp\/v2\/pages\/64\/revisions"}],"predecessor-version":[{"id":65,"href":"https:\/\/blogs.magicjudges.org\/judgeclasses\/wp-json\/wp\/v2\/pages\/64\/revisions\/65"}],"up":[{"embeddable":true,"href":"https:\/\/blogs.magicjudges.org\/judgeclasses\/wp-json\/wp\/v2\/pages\/188"}],"wp:attachment":[{"href":"https:\/\/blogs.magicjudges.org\/judgeclasses\/wp-json\/wp\/v2\/media?parent=64"}],"wp:term":[{"taxonomy":"language","embeddable":true,"href":"https:\/\/blogs.magicjudges.org\/judgeclasses\/wp-json\/wp\/v2\/language?post=64"}],"curies":[{"name":"wp","href":"https:\/\/api.w.org\/{rel}","templated":true}]}}