{"id":90,"date":"2016-08-10T13:54:29","date_gmt":"2016-08-10T13:54:29","guid":{"rendered":"http:\/\/blogs.magicjudges.org\/judgeclasses\/?page_id=90"},"modified":"2017-06-28T12:25:42","modified_gmt":"2017-06-28T12:25:42","slug":"class-5-answers-es","status":"publish","type":"page","link":"https:\/\/blogs.magicjudges.org\/judgeclasses\/spanish\/class-5-answers-es\/","title":{"rendered":"Clase 5 &#8211; Respuestas"},"content":{"rendered":"<p style=\"text-align: right\"><em>\u00daltima actualizaci\u00f3n: 17 de junio de 2016<\/em><\/p>\n<ol>\n<li><strong> \u00bfCu\u00e1ntos pasos hay que seguir para lanzar un hechizo? \u00bfCu\u00e1les son esos pasos?<\/strong><\/li>\n<\/ol>\n<p><em>1) Anunciar y poner en la pila el hechizo<\/em><\/p>\n<p><em>2) Escoger modos y\/o costes adicional\/alternativo (evocar, empalmar, est\u00edmulo, recuperar)<\/em><\/p>\n<p><em>3) Elegir objetivos<\/em><\/p>\n<p><em>4) Escoger la forma en la que se distribuir\u00e1n los efectos (da\u00f1o, contadores, etc.)<\/em><\/p>\n<p><em>5) Comprobar la legalidad del hechizo<\/em><\/p>\n<p><em>6) Determinar el coste total<\/em><\/p>\n<p><em>7) Activar habilidades de man\u00e1 para pagar costes<\/em><\/p>\n<p><em>8) Pagar todos los costes en cualquier orden<\/em><\/p>\n<p>&nbsp;<\/p>\n<ol start=\"2\">\n<li><strong> \u00bfEn qu\u00e9 orden se pagan los costes?<\/strong><\/li>\n<\/ol>\n<p><em>En el orden que quieras.<\/em><\/p>\n<p>&nbsp;<\/p>\n<ol start=\"3\">\n<li><strong> Si quiero lanzar un hechizo con Retrospectiva, \u00bfa qu\u00e9 pasos afecta la Retrospectiva?<\/strong><\/li>\n<\/ol>\n<p><em>Al segundo, el de escoger costes alternativos.<\/em><\/p>\n<p><em>\u00a0<\/em><\/p>\n<ol start=\"4\">\n<li><strong> Si lanzo un Golpe salvaje, \u00bfpuedo elegir tres veces la misma criatura?<\/strong><\/li>\n<\/ol>\n<p><em>No, dado que cada para instancia de la palabra \u201cobjetivo\u201d en un hechizo o habilidad no se puede escoger a un mismo objetivo m\u00e1s de una vez.<\/em><\/p>\n<p><em>\u00a0<\/em><\/p>\n<ol start=\"5\">\n<li><strong> Si lanzo Lluvia de espinas \u00bfpuedo elegir dos veces una tierra artefacto como objetivo?<\/strong><\/li>\n<\/ol>\n<p><em>S\u00ed, dado que podemos hacer objetivo una vez por cada instancia de la palabra objetivo de su texto.<\/em><\/p>\n<p>&nbsp;<\/p>\n<ol start=\"6\">\n<li><strong> \u00bfCu\u00e1ndo elijo si estimulo o no un Destruyeruinas trasgo?<\/strong><\/li>\n<\/ol>\n<p><em>Durante el segundo paso del lanzamiento del trasgo: costes adicionales<\/em><\/p>\n<p>&nbsp;<\/p>\n<ol start=\"7\">\n<li><strong> Si lanzo un Rel\u00e1mpago arco haciendo objetivo a dos Oso fantasmal y al oponente, \u00bfcu\u00e1nto da\u00f1o recibe el oponente y por qu\u00e9?<\/strong><\/li>\n<\/ol>\n<p><em>Un punto, ya que aunque al hacer objetivo a los osos su habilidad se disparar\u00e1 y ser\u00e1n sacrificados, perdiendo el objetivo, en resoluci\u00f3n el Rel\u00e1mpago arco tendr\u00e1 al menos un objetivo v\u00e1lido.<\/em><\/p>\n<p>&nbsp;<\/p>\n<p><strong><br \/>\n<\/strong><\/p>\n<p><strong>\u00a0<\/strong><\/p>\n<ol start=\"8\">\n<li><strong> Si lanzo un Lazo com\u00fan, \u00bfpuedo poner dos contadores a la misma criatura? \u00bfY puedo poner un contador a una criatura del oponente?<\/strong><\/li>\n<\/ol>\n<p><em>S\u00ed que podemos, ya que son dos instancias de la palabra objetivo en el texto de la carta. Y claro que podemos poner uno sobre una criatura del oponente; no hay nada que nos impida hacerlo: el objetivo s\u00f3lo tiene que ser una criatura, sin ninguna caracter\u00edstica ni restricci\u00f3n adicional.<\/em><\/p>\n<p><strong>\u00a0<\/strong><\/p>\n<ol start=\"9\">\n<li><strong> \u00bfHay alguna diferencia entre lanzar un Lluvia de flechas y una Bola de fuego?<\/strong><\/li>\n<\/ol>\n<p><em>El da\u00f1o del Lluvia de Flechas es dividido en el cuarto paso de su lanzamiento, ya que nos pide una elecci\u00f3n, mientras que el da\u00f1o de la Bola de Fuego se divide en la resoluci\u00f3n de forma equitativa, sin poder distribuirlo como nosotros queramos.<\/em><\/p>\n<p><em>\u00a0<\/em><\/p>\n<ol start=\"10\">\n<li><strong> Alberto activa su Abertura temporal y al revelar la carta superior muestra un Errante meditabundo. \u00bfPuede evocar el Errante? Y si lo hace, \u00bftiene que pagar el coste de evocar?<\/strong><\/li>\n<\/ol>\n<p><em>No puede evocarlo. Tanto \u201clanzar sin pagar su coste de man\u00e1\u201d como Evocar son costes alternativos y s\u00f3lo podremos escoger uno de ellos al lanzarlo. El \u00fanico coste alternativo que nos permite la Apertura Temporal es el de lanzarlo sin pagar su coste de man\u00e1, as\u00ed que si queremos lanzar la carta, s\u00f3lo podremos escoger dicha opci\u00f3n.<\/em><\/p>\n<p>&nbsp;<\/p>\n<ol start=\"11\">\n<li><strong> Adelaida tiene un Maro en mesa y en la mano s\u00f3lo un Ca\u00edda memorable. \u00bfPuede Adelaida lanzar la Ca\u00edda y sacrificar su Maro? Si puede, \u00bfcu\u00e1ntas cartas robar\u00eda y cu\u00e1ntas vidas ganar\u00eda?<\/strong><\/li>\n<\/ol>\n<p><em>Si, puede, con lo que ganar\u00e1 0 vidas y robar\u00e1 0 cartas debido a que la fuerza y resistencia de Maro son determinadas por una Characteristic-Defining-Ability, y mientras la Ca\u00edda Memorable est\u00e9 en la pila, Angie no tendr\u00e1 cartas en la mano.<\/em><\/p>\n<p>&nbsp;<\/p>\n<ol start=\"12\">\n<li><strong> Arnold tiene una Espada de los Paruns equipando a su C\u00edclope cruento. Si Ang\u00e9lica activa la habilidad del C\u00edclope sacrific\u00e1ndolo a s\u00ed mismo y haciendo objetivo a Nancy, \u00bfcu\u00e1nto da\u00f1o recibir\u00e1 \u00e9sta?<\/strong><\/li>\n<\/ol>\n<p><em>Recibir\u00e1 6. Hay dos costes para la habilidad del C\u00edclope: girar el C\u00edclope y sacrificar una criatura. Los costes pueden pagarse en cualquier orden, pero Arnold no puede girar el C\u00edclope si lo sacrifica primero, por lo que deber\u00e1 girarlo primero y sacrificarlo despu\u00e9s, y la \u00faltima informaci\u00f3n conocida de la criatura para cuando se resuelva su habilidad ser\u00e1 de una 6\/4.<\/em><\/p>\n<p>&nbsp;<\/p>\n<ol start=\"13\">\n<li><strong> Andrea tiene s\u00f3lo una monta\u00f1a en mesa. \u00bfPuede lanzar un Arrasar para destruir la Mutab\u00f3veda de su oponente?<\/strong><\/li>\n<\/ol>\n<p><em>S\u00ed, puede. En el paso 7 se pueden activar las habilidades de man\u00e1. Luego, en el paso 8 ser\u00e1 cuando pague R y adem\u00e1s sacrifique la Monta\u00f1a.<\/em><\/p>\n<p>&nbsp;<\/p>\n<ol start=\"14\">\n<li><strong> Lanzo Arrojar, sacrificando un Tarmogoyf (con s\u00f3lo conjuro y tierra en los cementerios), a un Cazador nessiano de mi oponente. \u00bfMorir\u00e1 la criatura? \u00bfY qu\u00e9 pasar\u00e1 si el Tarmogoyf tiene equipada una Correa de basilisco?<\/strong><\/li>\n<\/ol>\n<p><em>Al resolverse el Arrojar utilizaremos la \u00faltima informaci\u00f3n conocida del Tarmo, que ser\u00e1 en este caso una fuerza de 2, as\u00ed que no, no destruir\u00eda al Cazador. Si hubiese estado equipado con la Correa tampoco lo destruir\u00eda ni ganar\u00edamos vidas ya que el Tarmo habr\u00eda tenido Toque mortal y V\u00ednculo vital en el momento de ser sacrificado, pero la fuente de da\u00f1o es el Arrojar, y no la criatura sacrificada.<\/em><\/p>\n<p>&nbsp;<\/p>\n<ol start=\"15\">\n<li><strong> Artemisa tiene una Masticore de cola fundida y un Altar de Ashnod. \u00bfPuede Artemisa sacrificar la Masticore para ayudar a pagar la habilidad? Si es as\u00ed, \u00bfpuede exiliar la Masticore de su cementerio para pagar la habilidad activada?<\/strong><\/li>\n<\/ol>\n<p><em>Si a ambas. Para activar una habilidad anuncias que se la usar\u00e1s, luego eliges objetivos, despu\u00e9s cuando actives habilidades de man\u00e1 puedes sacrificar la Masticore en el Altar para producir man\u00e1, y cuando tengas que pagar los costes en cualquier orden, la Masticore ya estar\u00e1 en el cementerio y podr\u00e1 ser exiliada.<\/em><\/p>\n<p><em>\u00a0<\/em><\/p>\n<ol start=\"16\">\n<li><strong> Antonio tiene una Estrella crom\u00e1tica, un Gran horno y un \u00c1rbol de los cuentos. \u00bfPuede lanzar un Idea expandida? \u00bfPor qu\u00e9, o por qu\u00e9 no?<\/strong><\/li>\n<\/ol>\n<p><em>S\u00ed puede. En el paso seis fijamos el coste del hechizo: con la afinidad determinamos que el coste requerido para pagar la Idea Expandida es 1U. Este coste ya es fijo y no cambiar\u00e1 aunque cambien las condiciones en el campo de batalla.<\/em><\/p>\n<p><em>\u00a0Una vez que ya fue determinado, cuando se activen habilidades de man\u00e1 en el paso siete, Antonio puede filtrar un man\u00e1 con su Estrella Crom\u00e1tica para obtener el man\u00e1 azul necesario y lanzar as\u00ed la Idea Expandida.\u00a0 Aunque la Estrella sea sacrificada el coste ya fue fijado en el paso seis y no cambia.<\/em><\/p>\n<p>&nbsp;<\/p>\n<ol start=\"17\">\n<li><strong> Tengo en el Campo de batalla un Muro de ra\u00edces con 4 contadores y cuatro bosques. \u00bfQu\u00e9 valor m\u00e1ximo podr\u00e1 tener la X de un Acorde de llamada que lance con estos recursos?<\/strong><\/li>\n<\/ol>\n<p><em>Tres, ya que durante el lanzamiento del hechizo puedo utilizar la habilidad del Muro para sacar mana, y aunque le ponga un quinto contador, hasta que no finalice el lanzamiento no comprobaremos las Acciones Basadas en el Estado, y por tanto seguir\u00e1 vivo lo suficiente como para poder ser usado para pagar mediante el Convocar.<\/em><\/p>\n<p><em>\u00a0<\/em><\/p>\n<ol start=\"18\">\n<li><strong> \u00bfCu\u00e1ntas criaturas o jugadores puede escoger como objetivo un jugador que lanza una Erupci\u00f3n Violenta?<\/strong><\/li>\n<\/ol>\n<p><em>De una a cuatro, tantas como da\u00f1os haga el hechizo, y no m\u00e1s, ya que tengo que poder asignar al menos un punto a un objetivo para poder considerarlo como objetivo.<\/em><\/p>\n<p>&nbsp;<\/p>\n<ol start=\"19\">\n<li><strong> \u00bfC\u00f3mo se determina el coste total de un hechizo? \u00bfAfecta esto el Coste de Man\u00e1 Convertido del hechizo?<\/strong><\/li>\n<\/ol>\n<p><em>El coste total se determina primero empezando por el coste del hechizo que viene por el coste de man\u00e1 de la esquina superior derecha, luego sustituimos ese coste por un coste alternativo si fuera necesario, a continuaci\u00f3n se aplican los incrementos (si un oponente tiene un Gran \u00c1rbitro Agust\u00edn IV), despu\u00e9s reducciones (como un Familiar escapanoche), y finalmente cualquier efecto que determine alg\u00fan valor fijo para el coste (tal que Triniesfera). <\/em><\/p>\n<p><em>Esto no altera el coste de man\u00e1 convertido, que es el valor que se obtiene del coste del hechizo en la esquina superior derecha.<\/em><\/p>\n","protected":false},"excerpt":{"rendered":"<p>\u00daltima actualizaci\u00f3n: 17 de junio de 2016 \u00bfCu\u00e1ntos pasos hay que seguir para lanzar un hechizo? \u00bfCu\u00e1les son esos pasos? 1) Anunciar y poner en la pila el hechizo 2) Escoger modos y\/o costes adicional\/alternativo (evocar, empalmar, est\u00edmulo, recuperar) 3) Elegir objetivos 4) Escoger la forma en la que se distribuir\u00e1n los efectos (da\u00f1o, contadores, [&hellip;]<\/p>\n","protected":false},"author":28,"featured_media":0,"parent":188,"menu_order":0,"comment_status":"closed","ping_status":"closed","template":"","meta":{"footnotes":"","_links_to":"","_links_to_target":""},"language":[5],"class_list":["post-90","page","type-page","status-publish","hentry","language-es_es"],"_links":{"self":[{"href":"https:\/\/blogs.magicjudges.org\/judgeclasses\/wp-json\/wp\/v2\/pages\/90","targetHints":{"allow":["GET"]}}],"collection":[{"href":"https:\/\/blogs.magicjudges.org\/judgeclasses\/wp-json\/wp\/v2\/pages"}],"about":[{"href":"https:\/\/blogs.magicjudges.org\/judgeclasses\/wp-json\/wp\/v2\/types\/page"}],"author":[{"embeddable":true,"href":"https:\/\/blogs.magicjudges.org\/judgeclasses\/wp-json\/wp\/v2\/users\/28"}],"replies":[{"embeddable":true,"href":"https:\/\/blogs.magicjudges.org\/judgeclasses\/wp-json\/wp\/v2\/comments?post=90"}],"version-history":[{"count":1,"href":"https:\/\/blogs.magicjudges.org\/judgeclasses\/wp-json\/wp\/v2\/pages\/90\/revisions"}],"predecessor-version":[{"id":91,"href":"https:\/\/blogs.magicjudges.org\/judgeclasses\/wp-json\/wp\/v2\/pages\/90\/revisions\/91"}],"up":[{"embeddable":true,"href":"https:\/\/blogs.magicjudges.org\/judgeclasses\/wp-json\/wp\/v2\/pages\/188"}],"wp:attachment":[{"href":"https:\/\/blogs.magicjudges.org\/judgeclasses\/wp-json\/wp\/v2\/media?parent=90"}],"wp:term":[{"taxonomy":"language","embeddable":true,"href":"https:\/\/blogs.magicjudges.org\/judgeclasses\/wp-json\/wp\/v2\/language?post=90"}],"curies":[{"name":"wp","href":"https:\/\/api.w.org\/{rel}","templated":true}]}}