{"id":96,"date":"2016-08-10T13:58:58","date_gmt":"2016-08-10T13:58:58","guid":{"rendered":"http:\/\/blogs.magicjudges.org\/judgeclasses\/?page_id=96"},"modified":"2017-06-28T12:25:52","modified_gmt":"2017-06-28T12:25:52","slug":"class-6-questions-es","status":"publish","type":"page","link":"https:\/\/blogs.magicjudges.org\/judgeclasses\/spanish\/class-6-questions-es\/","title":{"rendered":"Clase 6 &#8211; Preguntas"},"content":{"rendered":"<p style=\"text-align: right\"><em>\u00daltima actualizaci\u00f3n: 17 de junio de 2016<\/em><\/p>\n<ol>\n<li>\u00bfQu\u00e9 son las acciones basadas en estado?<\/li>\n<li>\u00bfCu\u00e1ndo se comprueban las acciones basadas en el estado? \u00bfEn qu\u00e9 orden? \u00bfEn qu\u00e9 fases o pasos no se comprueban?<\/li>\n<li>Almudena tiene una Armadura et\u00e9rea encantando unos Osos Pardos. Narciso lanza un Rel\u00e1mpago a los Osos. \u00bfQu\u00e9 suceder\u00e1, paso a paso? \u00bfY si fuese un Aura lanzada por Concesi\u00f3n en lugar de la Armadura et\u00e9rea?<\/li>\n<li>Ana tiene una criatura 1\/1 con 3 contadores +1\/+1 y se le ponen 3 contadores -1\/-1 con un C\u00e9nit del sol negro \u00bfQu\u00e9 suceder\u00e1 a continuaci\u00f3n? \u00bfY si en vez de eso le pongo 4 contadores?<\/li>\n<li>Si tengo una criatura encantada con un Rencor, y \u00e9sta gana protecci\u00f3n contra verde, \u00bfqu\u00e9 pasa a continuaci\u00f3n?<\/li>\n<li>Arturo tiene una criatura con un contador +1\/+0 y un efecto le pone un contador -1\/-1. \u00bfC\u00f3mo quedar\u00e1n los contadores?<\/li>\n<li>Amanda controla un Jace, el escultor mental y lanza otro. \u00bfQu\u00e9 suceder\u00e1 a continuaci\u00f3n? \u00bfY si es un Jace, perito de la memoria? \u00bfY si el que baja este segundo Jace es el oponente?<\/li>\n<li>Agapito tiene una Guardia fronteriza de Kinsbaile con 2 contadores +1\/+1, y se le ponen 3 contadores -1\/-1 con un C\u00e9nit del sol negro, \u00bfqu\u00e9 sucede?<\/li>\n<li>Tengo un \u00d3palo mox, una isla y un Memnita en mesa. En la mano tengo otro \u00d3palo mox y un Idea expandida. \u00bfHay alguna forma en que pueda lanzarla?<\/li>\n<li>Tengo en mesa un Geist ra\u00edz estranguladora con un contador +1\/+1 encima, y ataco. \u00c9ste es bloqueado por un Lobo p\u00fatrido. \u00bfVolver\u00e1 el Geist al campo de batalla gracias a su habilidad de Resilencia?<\/li>\n<li>Andr\u00e9s est\u00e1 a -2 vidas y tiene en mesa un \u00c1ngel de Platino y dos Osos pardos. Novak est\u00e1 a 3 vidas y tiene en mesa una criatura 4\/4 voladora. Andr\u00e9s ataca con todo y Novak bloquea al \u00c1ngel de Platino con su 4\/4 volador. \u00bfQu\u00e9 suceder\u00e1?<\/li>\n<li>Armando tiene unos Esqueletos Esclavos y se ha resuelto su habilidad de regenerar. Norma le lanza un Rayo punzante a los Esqueletos. \u00bfQu\u00e9 pasar\u00e1?<\/li>\n<li>Tengo una criatura con un contador +2\/+2 y le pongo dos contadores -1\/-1. \u00bfC\u00f3mo quedar\u00e1 una vez se comprueben las acciones basadas en estado?<\/li>\n<li>Cita tres acciones basadas en estado que involucran a un jugador perdiendo el juego. Cita tres acciones basadas en estado que involucran a un permanente (que no sea criatura) yendo a un cementerio.<\/li>\n<li>Cita 2 acciones basadas en estado que involucren a un permanente siendo desanexado.<\/li>\n<li>Cita 2 acciones basadas en estado que involucran contadores sobre un permanente.<\/li>\n<li>Cita 2 acciones basadas en estado que involucran a una criatura siendo puesta en un cementerio.<\/li>\n<li>Amy controla Gideon Jura y activa su tercera habilidad. Amy lanza un Sakashima, el Impostor, eligiendo copiar a Gideon. \u00bfQu\u00e9 pasar\u00e1 cuando Sakashima resuelve?<\/li>\n<li>Adelaida controla Osos Pardos, equipado con un Manto del para\u00edso y un Quebrantahuesos. Nikki Lanza un Marcha de las maquinas. \u00bfQu\u00e9 pasar\u00e1 cuando se resuelva la Marcha de las Maquinas?<\/li>\n<li>Arthur y Nancy ambos controlan Perseguidor abismal y est\u00e1n en 7 de vida. Arthur lanza un Hurac\u00e1n con x = 7. \u00bfQu\u00e9 pasa cuando se resuelve?<\/li>\n<\/ol>\n","protected":false},"excerpt":{"rendered":"<p>\u00daltima actualizaci\u00f3n: 17 de junio de 2016 \u00bfQu\u00e9 son las acciones basadas en estado? \u00bfCu\u00e1ndo se comprueban las acciones basadas en el estado? \u00bfEn qu\u00e9 orden? \u00bfEn qu\u00e9 fases o pasos no se comprueban? Almudena tiene una Armadura et\u00e9rea encantando unos Osos Pardos. Narciso lanza un Rel\u00e1mpago a los Osos. \u00bfQu\u00e9 suceder\u00e1, paso a paso? [&hellip;]<\/p>\n","protected":false},"author":28,"featured_media":0,"parent":188,"menu_order":0,"comment_status":"closed","ping_status":"closed","template":"","meta":{"footnotes":"","_links_to":"","_links_to_target":""},"language":[5],"class_list":["post-96","page","type-page","status-publish","hentry","language-es_es"],"_links":{"self":[{"href":"https:\/\/blogs.magicjudges.org\/judgeclasses\/wp-json\/wp\/v2\/pages\/96","targetHints":{"allow":["GET"]}}],"collection":[{"href":"https:\/\/blogs.magicjudges.org\/judgeclasses\/wp-json\/wp\/v2\/pages"}],"about":[{"href":"https:\/\/blogs.magicjudges.org\/judgeclasses\/wp-json\/wp\/v2\/types\/page"}],"author":[{"embeddable":true,"href":"https:\/\/blogs.magicjudges.org\/judgeclasses\/wp-json\/wp\/v2\/users\/28"}],"replies":[{"embeddable":true,"href":"https:\/\/blogs.magicjudges.org\/judgeclasses\/wp-json\/wp\/v2\/comments?post=96"}],"version-history":[{"count":2,"href":"https:\/\/blogs.magicjudges.org\/judgeclasses\/wp-json\/wp\/v2\/pages\/96\/revisions"}],"predecessor-version":[{"id":98,"href":"https:\/\/blogs.magicjudges.org\/judgeclasses\/wp-json\/wp\/v2\/pages\/96\/revisions\/98"}],"up":[{"embeddable":true,"href":"https:\/\/blogs.magicjudges.org\/judgeclasses\/wp-json\/wp\/v2\/pages\/188"}],"wp:attachment":[{"href":"https:\/\/blogs.magicjudges.org\/judgeclasses\/wp-json\/wp\/v2\/media?parent=96"}],"wp:term":[{"taxonomy":"language","embeddable":true,"href":"https:\/\/blogs.magicjudges.org\/judgeclasses\/wp-json\/wp\/v2\/language?post=96"}],"curies":[{"name":"wp","href":"https:\/\/api.w.org\/{rel}","templated":true}]}}