{"id":133,"date":"2015-09-15T16:25:54","date_gmt":"2015-09-15T16:25:54","guid":{"rendered":"http:\/\/blogs.magicjudges.org\/latam\/?page_id=133"},"modified":"2015-09-30T18:39:46","modified_gmt":"2015-09-30T18:39:46","slug":"bienvenido-al-programa-de-jueces","status":"publish","type":"page","link":"https:\/\/blogs.magicjudges.org\/latam\/bienvenido-al-programa-de-jueces\/","title":{"rendered":"Doorkeepers"},"content":{"rendered":"<h1><\/h1>\n<p><iframe loading=\"lazy\" width=\"980\" height=\"551\" src=\"https:\/\/www.youtube.com\/embed\/nbsPIN597KI?feature=oembed\" frameborder=\"0\" allow=\"autoplay; encrypted-media\" allowfullscreen><\/iframe><\/p>\n<h1><\/h1>\n<h1><span style=\"text-decoration: underline\"><strong>\u00a1Bienvenido al Programa de Jueces!<\/strong><\/span><\/h1>\n<p>Seguramente te acabas de certificar y te sientes un poco perdido en cuanto a qu\u00e9 debes hacer ahora. Pero no te preocupes, que nosotros estamos aqu\u00ed para ayudarte.<\/p>\n<p>Debes saber que el programa est\u00e1 dividido en regiones y t\u00fa eres parte de Latinoam\u00e9rica de habla hispana.<\/p>\n<p>Nosotros, los jueces, contamos con muchas herramientas que nos mantienen comunicados, informados y en constante aprendizaje. Es por esto que, para ayudarte, hemos dividido esas herramientas en categor\u00edas: tenemos recursos mundiales, regionales y locales.<\/p>\n<p>&nbsp;<\/p>\n<p><strong><em><u>Medios Mundiales y Recursos de Internet.<\/u><\/em><\/strong><\/p>\n<p>Aqu\u00ed se\u00f1alaremos los portales m\u00e1s importantes para que puedas desarrollarte sin ning\u00fan inconveniente. En cada uno de ellos podr\u00e1s encontrar toda la informaci\u00f3n necesaria para guiarte de aqu\u00ed en adelante, formando parte de una comunidad mundial.<\/p>\n<p>Es importante conocer algunos documentos, y es importante que entre todos trabajemos para que se apliquen de forma homog\u00e9nea, ya que eso le otorga al Programa de Jueces consistencia. En este apartado, podr\u00e1s encontrar gran parte del repertorio.<\/p>\n<p>&nbsp;<\/p>\n<p>Judge Wiki: <u><a href=\"\/\/www.google.com\/url?q=http%3A%2F%2Fwiki.magicjudges.org%2Fen%2Fw%2FMain_Page\">http:\/\/wiki.magicjudges.org\/en\/w\/Main_Page<\/a><\/u><\/p>\n<p>Seguramente lo has visitado durante tu formaci\u00f3n. Este portal engloba gran parte de los documentos, clases y notas sobre MTG. Podr\u00e1s encontrar desde los documentos de reglas, notas sobre cartas, procedimientos, y otros tantos v\u00ednculos a otras p\u00e1ginas, donde habr\u00e1 gran parte de la informaci\u00f3n ofrecida en este portal.<\/p>\n<p>&nbsp;<\/p>\n<p>Judge apps: <a href=\"http:\/\/apps.magicjudges.org\/\">http:\/\/apps.magicjudges.org\/<\/a><\/p>\n<p>Una p\u00e1gina muy \u00fatil que tienen los jueces; una vez que te certificas debes crearte una cuenta en ella. Desde Judge Apps uno puede participar de distintos foros a nivel mundial. Puedes saber qu\u00e9 jueces cercanos hay mediante un mapa que muestra sus ubicaciones y su nivel. Algo importante es que desde ah\u00ed vamos a poder ver la informaci\u00f3n de algunos torneos y mandar la solicitud de aplicaci\u00f3n para ser juez en ellos.<\/p>\n<p>&nbsp;<\/p>\n<p>Rules &amp; Documents: <a href=\"http:\/\/blogs.magicjudges.org\/o\/rules-policy-documents\/\">http:\/\/blogs.magicjudges.org\/o\/rules-policy-documents\/<\/a><\/p>\n<p>Si bien podemos acceder a trav\u00e9s de Wiki, este portal ofrece los documentos oficiales actualizados. Este sitio se encuentra \u00fanicamente en ingl\u00e9s, por lo que si te es familiar el idioma, puedes utilizarlo sin problemas, de no ser as\u00ed, los Medios Regionales podr\u00e1n guiarte mejor.<\/p>\n<p>&nbsp;<\/p>\n<p>Judge Center: <u><a href=\"\/\/www.google.com\/url?q=http%3A%2F%2Fjudge.wizards.com%2F\">http:\/\/judge.wizards.com\/<\/a><\/u><\/p>\n<p>Ya debes conocer el centro de jueces, es aqu\u00ed donde tomaste tus ex\u00e1menes de pr\u00e1ctica. Sin embargo, luego de certificado este portal adquiere otro rol importante en la vida de un juez. Aqu\u00ed podr\u00e1s continuar con tus estudios y pr\u00e1cticas para mantener tu conocimiento fresco, realizar evaluaciones del desempe\u00f1o de otros jueces o revisar las que ellos hagan de ti, y, por \u00faltimo, reportar las descalificaciones que debas realizar en alg\u00fan evento. Este portal es clave para mantenerte actualizado e ir creciendo como juez.<\/p>\n<p>&nbsp;<\/p>\n<p>Magic Judge Blog: <a href=\"http:\/\/blogs.magicjudges.org\/\">http:\/\/blogs.magicjudges.org\/<\/a><\/p>\n<p>Este Blog agrupa grandes partes del programa en sus distintas secciones. Si bien es poco intuitiva para hallar la informaci\u00f3n que quieres, aqu\u00ed te puedes enterar de los \u00faltimos acontecimientos en el mundo del juego organizado, noticias, consejos de otros jueces con mayor experiencia, escenarios, actividades, y un sin fin de propuestas que tiene el programa para mantener nuestra mente entretenida. El l\u00edmite de contenido que tiene este portal se encuentra en tus ganas de investigarlo: cuanto m\u00e1s busques, m\u00e1s material \u00fatil encontrar\u00e1s, y, como todo, su utilidad se incrementa mientras m\u00e1s avances dentro del programa.<\/p>\n<p>&nbsp;<\/p>\n<p>Judge Official Resources: <a href=\"http:\/\/blogs.magicjudges.org\/o\/\">http:\/\/blogs.magicjudges.org\/o\/<\/a><\/p>\n<p>Esta es la p\u00e1gina oficial de recursos, en ella encontrar\u00e1s las definiciones de los distintos niveles de juez, podr\u00e1s ver en qu\u00e9 consisten el proceso de certificaci\u00f3n necesario para cada nivel. Puedes encontrar informaci\u00f3n de c\u00f3mo hacer una evaluaci\u00f3n (review), cosa que te ser\u00e1 muy \u00fatil cuando empieces a escribir una. Adem\u00e1s contiene las Esferas, las cuales son macro \u00e1reas dentro del programa de jueces. Para alegr\u00eda de muchos, gran parte del contenido est\u00e1 en espa\u00f1ol.<\/p>\n<p>&nbsp;<\/p>\n<p><strong><em><u>Medios Regionales<\/u><\/em><\/strong><\/p>\n<p>Dentro de nuestra regi\u00f3n contamos con diversas herramientas para comunicarnos, informarnos y subsanar todas las dudas. Estos espacios y personas que presentaremos a continuaci\u00f3n aplican para toda la regi\u00f3n de Latinoam\u00e9rica de habla hispana.<\/p>\n<p>Existe un portal, donde se publican los reportes, notas y art\u00edculos de los jueces latinoamericanos. Tambi\u00e9n se comparten las traducciones de las notas fundamentales que hayan sido publicadas en ingl\u00e9s y aquellos anuncios importantes realizados por nuestro Coordinador Regional. Adem\u00e1s,\u00a0 encontrar\u00e1s la \u00faltima revisi\u00f3n de los documentos en espa\u00f1ol, as\u00ed como el listado de proyectos vigentes en la regi\u00f3n, el \u00e1rbol geneal\u00f3gico de jueces y el ya tradicional juego \u201cEl Erudito\u201d. Si todav\u00eda no conoces el portal, aqu\u00ed lo puedes recorrer:<\/p>\n<p><u><a href=\"http:\/\/blogs.magicjudges.org\/latam\/\">http:\/\/blogs.magicjudges.org\/latam\/<\/a><\/u><\/p>\n<p>Contamos, a su vez, con un grupo de Facebook. En el mismo nos actualizamos sobre proyectos, torneos y art\u00edculos, y planteamos las dudas que puedan surgir.<br \/>\nEl grupo se llama \u201cLiga de la Justicia Latinoamericana\u201d y aqu\u00ed est\u00e1 su enlace:<\/p>\n<p><a href=\"https:\/\/www.facebook.com\/groups\/JuecesMTGLatinoamerica\/\">Liga de la Justicia Latinoamericana<\/a><\/p>\n<p>Te mencionamos antes el Judge Apps y sus foros. Pues, dentro de la p\u00e1gina, contamos con el foro propio de los jueces de Latinoam\u00e9rica donde podr\u00e1s encontrar anuncios importantes sobre la regi\u00f3n.<\/p>\n<p><a href=\"http:\/\/apps.magicjudges.org\/forum\/3915\/\">http:\/\/apps.magicjudges.org\/forum\/3915\/<\/a><\/p>\n<p>Por \u00faltimo, debes saber que cada regi\u00f3n cuenta con un Coordinador Regional, el cual es el nexo principal entre cada juez y su regi\u00f3n, as\u00ed tambi\u00e9n entre la regi\u00f3n y Wizards en general. Nuestro coordinador regional es Adri\u00e1n Estoup y puedes contactarlo escribi\u00e9ndole a:<\/p>\n<p><u>Aestoup@gmail.com<\/u><\/p>\n<p>(<a href=\"http:\/\/blogs.magicjudges.org\/latam\/2015\/09\/16\/entrevista-a-adrian-estoup\/\">aqu\u00ed<\/a> una breve entrevista con \u00e9l)<\/p>\n<p><strong><em><u>Medios locales<\/u><\/em><\/strong><\/p>\n<p>En cada uno de los pa\u00edses de Latinoam\u00e9rica, generalmente se cuenta con un grupo de Facebook en el cual los Jueces mantienen el contacto. Si bien no son canales oficiales, los jueces hemos ido formando grupos privados de Facebook, listas de correo y grupos de Whats App, entre otros. Recuerda que puedes contactar a los encargados de cada grupo por medio del Judge Apps, en la pesta\u00f1a \u201cJudges\u201d.<\/p>\n<ul>\n<li>ARGENTINA: posee un grupo de Facebook y un grupo de Whats App, a los cuales se puede acceder contactando a cualquier L2+ del pa\u00eds. El grupo de Facebook incluye tambi\u00e9n a los jueces de Uruguay y su link es:<\/li>\n<\/ul>\n<p><u><a href=\"https:\/\/www.facebook.com\/groups\/693492164023601\">https:\/\/www.facebook.com\/groups\/693492164023601<\/a><\/u><\/p>\n<ul>\n<li>BOLIVIA: cuenta con un grupo de Whats App, el cual es administrado por \u00c1lvaro Monasterios. Su grupo de Facebook es:<\/li>\n<\/ul>\n<p><u><a href=\"https:\/\/www.facebook.com\/groups\/240051752779714\/\">https:\/\/www.facebook.com\/groups\/240051752779714\/<\/a><\/u><\/p>\n<ul>\n<li>CENTROAM\u00c9RICA NORTE (GUATEMALA, EL SALVADOR, NICARAGUA y HONDURAS): cuentan con un grupo de Facebook a cargo de Javier Castellan.<\/li>\n<li>CHILE: posee dos grupos de Facebook, pensados para abarcar las diferentes regiones. Nemesio Bola\u00f1os administra el grupo de Facebook para la regi\u00f3n tripartita (<u><a href=\"https:\/\/www.facebook.com\/groups\/630935763641564\/\">https:\/\/www.facebook.com\/groups\/630935763641564\/<\/a><\/u>), y Esteban V\u00e1squez administra el grupo que cubre el sur del pa\u00eds (<u><a href=\"https:\/\/www.facebook.com\/groups\/184234145098350\/\">https:\/\/www.facebook.com\/groups\/184234145098350\/<\/a><\/u>). Christian S\u00e1nchez administra al grupo de Whats App, y Alexander de la Carrera lo hace para la cadena de correo.<\/li>\n<li>COLOMBIA: tienen un grupo de Facebook, el cual es administrado por Jorge Yukio y al que se puede ingresar contactando a cualquier L2.<\/li>\n<li>ECUADOR: cuenta con algunos pocos jueces L1 y con una comunidad relativamente peque\u00f1a; por el momento no cuentan con medios locales oficiales.<\/li>\n<li>M\u00c9XICO: se une a los pa\u00edses centroamericanos bajo la tutela de su L3, H\u00e9ctor Fuentes.<\/li>\n<li>PER\u00da: cuentan con un grupo de Facebook, y basta con contactar a Diego Sotomayor para acceder a \u00e9l.<\/li>\n<li>URUGUAY: trabaja principalmente con su lista de correo propia y el grupo de Facebook de Argentina, adem\u00e1s de la comunicaci\u00f3n directa debido a la estructura de su comunidad.<\/li>\n<li>VENEZUELA: cuenta con un grupo de Facebook a cargo de Carlos Rada y Mary Davila, al cual puedes ingresar aqu\u00ed: <u><a href=\"https:\/\/www.facebook.com\/groups\/juecesmagicve\/\">https:\/\/www.facebook.com\/groups\/juecesmagicve\/<\/a><\/u>.<\/li>\n<\/ul>\n<p>&nbsp;<\/p>\n<p>&nbsp;<\/p>\n<p>Nuevamente, \u00a1bienvenido a la comunidad de Jueces de Latinoam\u00e9rica! Te deseamos la m\u00e1s grata experiencia y estamos aqu\u00ed para que puedas consultarnos durante tu recorrido en el programa. Si todav\u00eda tienes algunas consultas, puedes revisar <a href=\"http:\/\/blogs.magicjudges.org\/latam\/2015\/09\/30\/lista-de-faq-para-jueces-nuevos\/\">aqu\u00ed (FAQ)<\/a> donde desarrollamos algunas respuestas a las preguntas m\u00e1s frecuentes, aunque siempre puedes tambi\u00e9n enviarnos un correo a <em>doorkeepers.latam@gmail.com<\/em>.<\/p>\n","protected":false},"excerpt":{"rendered":"<p>\u00a1Bienvenido al Programa de Jueces! Seguramente te acabas de certificar y te sientes un poco perdido en cuanto a qu\u00e9 debes hacer ahora. Pero no te preocupes, que nosotros estamos aqu\u00ed para ayudarte. Debes saber que el programa est\u00e1 dividido en regiones y t\u00fa eres parte de Latinoam\u00e9rica de habla hispana. Nosotros, los jueces, contamos [&hellip;]<\/p>\n","protected":false},"author":227,"featured_media":0,"parent":0,"menu_order":0,"comment_status":"closed","ping_status":"closed","template":"","meta":{"footnotes":"","_links_to":"","_links_to_target":""},"language":[],"class_list":["post-133","page","type-page","status-publish","hentry"],"_links":{"self":[{"href":"https:\/\/blogs.magicjudges.org\/latam\/wp-json\/wp\/v2\/pages\/133","targetHints":{"allow":["GET"]}}],"collection":[{"href":"https:\/\/blogs.magicjudges.org\/latam\/wp-json\/wp\/v2\/pages"}],"about":[{"href":"https:\/\/blogs.magicjudges.org\/latam\/wp-json\/wp\/v2\/types\/page"}],"author":[{"embeddable":true,"href":"https:\/\/blogs.magicjudges.org\/latam\/wp-json\/wp\/v2\/users\/227"}],"replies":[{"embeddable":true,"href":"https:\/\/blogs.magicjudges.org\/latam\/wp-json\/wp\/v2\/comments?post=133"}],"version-history":[{"count":13,"href":"https:\/\/blogs.magicjudges.org\/latam\/wp-json\/wp\/v2\/pages\/133\/revisions"}],"predecessor-version":[{"id":216,"href":"https:\/\/blogs.magicjudges.org\/latam\/wp-json\/wp\/v2\/pages\/133\/revisions\/216"}],"wp:attachment":[{"href":"https:\/\/blogs.magicjudges.org\/latam\/wp-json\/wp\/v2\/media?parent=133"}],"wp:term":[{"taxonomy":"language","embeddable":true,"href":"https:\/\/blogs.magicjudges.org\/latam\/wp-json\/wp\/v2\/language?post=133"}],"curies":[{"name":"wp","href":"https:\/\/api.w.org\/{rel}","templated":true}]}}