{"id":1741,"date":"2017-04-22T00:35:20","date_gmt":"2017-04-22T00:35:20","guid":{"rendered":"http:\/\/blogs.magicjudges.org\/latam\/?page_id=1741"},"modified":"2017-12-30T17:30:53","modified_gmt":"2017-12-30T17:30:53","slug":"conoce-a-los-l3-norte","status":"publish","type":"page","link":"https:\/\/blogs.magicjudges.org\/latam\/conoce-a-los-l3-norte\/","title":{"rendered":"Conoce a los L3: NORTE"},"content":{"rendered":"<p><strong><a href=\"http:\/\/apps.magicjudges.org\/judges\/Carlitox\/\">Carlos V. Ho Di\u00e9gue<\/a><a href=\"http:\/\/blogs.magicjudges.org\/latam\/files\/2015\/09\/carlos.jpg\"><img loading=\"lazy\" decoding=\"async\" class=\"wp-image-37 alignleft\" src=\"http:\/\/blogs.magicjudges.org\/latam\/files\/2015\/09\/carlos.jpg\" alt=\"carlos\" width=\"225\" height=\"225\" srcset=\"https:\/\/blogs.magicjudges.org\/latam\/files\/2015\/09\/carlos.jpg 300w, https:\/\/blogs.magicjudges.org\/latam\/files\/2015\/09\/carlos-150x150.jpg 150w\" sizes=\"auto, (max-width: 225px) 100vw, 225px\" \/><\/a><a href=\"http:\/\/apps.magicjudges.org\/judges\/Carlitox\/\">z<\/a><\/strong>\u00a0 &#8211; \u00a0 Coordinador Regional<br \/>\nNacido en 1981 en\u00a0<em><strong>Panam\u00e1<\/strong><\/em>, donde actualmente reside.<br \/>\n<em><strong>Jugador<\/strong><\/em> de Magic desde 1999 (6th Edition). Se certific\u00f3 como <em><strong>juez<\/strong><\/em> en el 2001, para el prerelease de Legions.<br \/>\n<em><strong>Programa:<\/strong><\/em> Su funci\u00f3n principal es la de Coordinador Regional de la regi\u00f3n Hispanoam\u00e9rica Norte.<br \/>\n<em><strong>Carta preferida<\/strong><strong>:<\/strong><\/em> <a href=\"https:\/\/blogs.magicjudges.org\/latam\/wp-content\/plugins\/lems-mtg-helper\/lems-mtg-helper-cardfinder.php?find=Spiritmonger&width=223&height=310\" class=\"jTip\" name=\"\">Spiritmonger<\/a>.<br \/>\nAcusa no jugar\u00a0Commander.<br \/>\n(<a href=\"http:\/\/blogs.magicjudges.org\/latam\/2016\/10\/10\/circulo-de-historias-carlos-ho\/\">Entrevista<\/a>)<\/p>\n<p>&nbsp;<\/p>\n<p>&nbsp;<\/p>\n<p><a href=\"http:\/\/blogs.magicjudges.org\/latam\/files\/2015\/09\/Hector.jpg\"><img loading=\"lazy\" decoding=\"async\" class=\"alignleft wp-image-76\" src=\"http:\/\/blogs.magicjudges.org\/latam\/files\/2015\/09\/Hector.jpg\" alt=\"Hector\" width=\"225\" height=\"225\" srcset=\"https:\/\/blogs.magicjudges.org\/latam\/files\/2015\/09\/Hector.jpg 300w, https:\/\/blogs.magicjudges.org\/latam\/files\/2015\/09\/Hector-150x150.jpg 150w\" sizes=\"auto, (max-width: 225px) 100vw, 225px\" \/><\/a><strong><a href=\"http:\/\/apps.magicjudges.org\/judges\/hfuentes\/\">Hector Fuentes<\/a> <\/strong><br \/>\nNacido en 1984, vive en <em><strong>Coyoaca, Distrito Federal, M\u00e9xico.<\/strong><\/em><br \/>\n<em><strong>Jugador<\/strong><\/em> de Magic desde 1997 (Weatherlight) y <em><strong>juez<\/strong> <\/em>desde 2001 (Prelanzamiento de Odisea).<br \/>\n<em><strong>Programa:<\/strong><\/em>\u00a0Se ocupa principalmente de las necesidades de la comunidad al norte de la regi\u00f3n.<br \/>\n<em><strong>Carta Preferida:<\/strong><\/em> \u00a0<a href=\"https:\/\/blogs.magicjudges.org\/latam\/wp-content\/plugins\/lems-mtg-helper\/lems-mtg-helper-cardfinder.php?find=Balance&width=223&height=310\" class=\"jTip\" name=\"\">Balance<\/a><br \/>\n<em><strong>Comandante Favorito:<\/strong><\/em> \u00a0<a href=\"https:\/\/blogs.magicjudges.org\/latam\/wp-content\/plugins\/lems-mtg-helper\/lems-mtg-helper-cardfinder.php?find=Eternal+Witness&width=223&height=310\" class=\"jTip\" name=\"\">Eternal Witness<\/a> \u00a0(&#8220;Solo tengo a <a href=\"https:\/\/blogs.magicjudges.org\/latam\/wp-content\/plugins\/lems-mtg-helper\/lems-mtg-helper-cardfinder.php?find=Riku+of+two+reflections&width=223&height=310\" class=\"jTip\" name=\"\">Riku of two reflections<\/a> como comandante&#8221;).<\/p>\n","protected":false},"excerpt":{"rendered":"<p>Carlos V. Ho Di\u00e9guez\u00a0 &#8211; \u00a0 Coordinador Regional Nacido en 1981 en\u00a0Panam\u00e1, donde actualmente reside. Jugador de Magic desde 1999 (6th Edition). Se certific\u00f3 como juez en el 2001, para el prerelease de Legions. Programa: Su funci\u00f3n principal es la de Coordinador Regional de la regi\u00f3n Hispanoam\u00e9rica Norte. Carta preferida: . Acusa no jugar\u00a0Commander. (Entrevista) [&hellip;]<\/p>\n","protected":false},"author":276,"featured_media":0,"parent":0,"menu_order":0,"comment_status":"closed","ping_status":"closed","template":"","meta":{"footnotes":"","_links_to":"","_links_to_target":""},"language":[],"class_list":["post-1741","page","type-page","status-publish","hentry"],"_links":{"self":[{"href":"https:\/\/blogs.magicjudges.org\/latam\/wp-json\/wp\/v2\/pages\/1741","targetHints":{"allow":["GET"]}}],"collection":[{"href":"https:\/\/blogs.magicjudges.org\/latam\/wp-json\/wp\/v2\/pages"}],"about":[{"href":"https:\/\/blogs.magicjudges.org\/latam\/wp-json\/wp\/v2\/types\/page"}],"author":[{"embeddable":true,"href":"https:\/\/blogs.magicjudges.org\/latam\/wp-json\/wp\/v2\/users\/276"}],"replies":[{"embeddable":true,"href":"https:\/\/blogs.magicjudges.org\/latam\/wp-json\/wp\/v2\/comments?post=1741"}],"version-history":[{"count":4,"href":"https:\/\/blogs.magicjudges.org\/latam\/wp-json\/wp\/v2\/pages\/1741\/revisions"}],"predecessor-version":[{"id":2405,"href":"https:\/\/blogs.magicjudges.org\/latam\/wp-json\/wp\/v2\/pages\/1741\/revisions\/2405"}],"wp:attachment":[{"href":"https:\/\/blogs.magicjudges.org\/latam\/wp-json\/wp\/v2\/media?parent=1741"}],"wp:term":[{"taxonomy":"language","embeddable":true,"href":"https:\/\/blogs.magicjudges.org\/latam\/wp-json\/wp\/v2\/language?post=1741"}],"curies":[{"name":"wp","href":"https:\/\/api.w.org\/{rel}","templated":true}]}}