{"id":18,"date":"2015-09-07T16:37:02","date_gmt":"2015-09-07T16:37:02","guid":{"rendered":"http:\/\/blogs.magicjudges.org\/latam\/?page_id=18"},"modified":"2018-09-17T20:51:35","modified_gmt":"2018-09-17T20:51:35","slug":"bienvenido-a-latam","status":"publish","type":"page","link":"https:\/\/blogs.magicjudges.org\/latam\/","title":{"rendered":"Bienvenido a Latam"},"content":{"rendered":"<div>\n<p>Bienvenido a la comunidad latinoamericana de jueces. Este Blog nuclear\u00e1 tanto los anuncios oficiales como lo que necesites conocer acerca de tu comunidad tanto para la regi\u00f3n Hispanoam\u00e9rica Norte como Hispanoam\u00e9rica Sur.<\/p>\n<p>Puedes buscar aqu\u00ed los\u00a0<a href=\"http:\/\/blogs.magicjudges.org\/latam\/documentos\/\" target=\"_blank\" rel=\"noopener\">documentos<\/a>\u00a0en espa\u00f1ol y los\u00a0<a href=\"http:\/\/blogs.magicjudges.org\/latam\/category\/articulos\/\" target=\"_blank\" rel=\"noopener\">art\u00edculos<\/a>\u00a0hechos por jueces de ambas regiones, as\u00ed como\u00a0descubrir qui\u00e9nes son los <a href=\"https:\/\/blogs.magicjudges.org\/latam\/conoce-a-los-niveles-3\/\" target=\"_blank\" rel=\"noopener\">jueces nivel 3\u00a0del Sur<\/a> y qui\u00e9nes los<a href=\"https:\/\/blogs.magicjudges.org\/latam\/conoce-a-los-l3-norte\/\" target=\"_blank\" rel=\"noopener\"> jueces nivel 3 del Norte<\/a>. Tambi\u00e9n encontrar\u00e1s en esta p\u00e1gina los\u00a0anuncios hechos por los coordinadores regionales: <a href=\"https:\/\/blogs.magicjudges.org\/latam\/category\/anuncios-rc\/rc-norte\/\" target=\"_blank\" rel=\"noopener\">Carlos Ho<\/a> y <a href=\"https:\/\/blogs.magicjudges.org\/latam\/category\/anuncios-rc\/rc-sur\/\" target=\"_blank\" rel=\"noopener\">Adri\u00e1n Estoup<\/a>.<\/p>\n<p>Gracias a los equipos de Comunidad, tambi\u00e9n podr\u00e1s ver los\u00a0<a href=\"http:\/\/blogs.magicjudges.org\/latam\/category\/reportes\/\" target=\"_blank\" rel=\"noopener\">Reportes<\/a>,\u00a0<a href=\"http:\/\/blogs.magicjudges.org\/latam\/category\/circulo-de-historias\/\" target=\"_blank\" rel=\"noopener\">C\u00edrculos de Historias<\/a>\u00a0y\u00a0<a href=\"http:\/\/blogs.magicjudges.org\/latam\/category\/juez-de-oro\/\" target=\"_blank\" rel=\"noopener\">Juez de Oro<\/a>\u00a0de parte del Sur, as\u00ed como seguir los pasos de Tamiyo por el Norte en su <a href=\"http:\/\/blogs.magicjudges.org\/latam\/diariotamiyo\/\">Diario<\/a>.<\/p>\n<p>Esperamos que la p\u00e1gina te sirva para mantenerte informado de los \u00faltimos procedimientos, entender la filosof\u00eda de algunos documentos, conocer a los jueces de tu regi\u00f3n y saber qu\u00e9 est\u00e1 pasando en tu comunidad.<\/p>\n<\/div>\n","protected":false},"excerpt":{"rendered":"<p>Bienvenido a la comunidad latinoamericana de jueces. Este Blog nuclear\u00e1 tanto los anuncios oficiales como lo que necesites conocer acerca de tu comunidad tanto para la regi\u00f3n Hispanoam\u00e9rica Norte como Hispanoam\u00e9rica Sur. Puedes buscar aqu\u00ed los\u00a0documentos\u00a0en espa\u00f1ol y los\u00a0art\u00edculos\u00a0hechos por jueces de ambas regiones, as\u00ed como\u00a0descubrir qui\u00e9nes son los jueces nivel 3\u00a0del Sur y qui\u00e9nes [&hellip;]<\/p>\n","protected":false},"author":227,"featured_media":0,"parent":0,"menu_order":1,"comment_status":"closed","ping_status":"closed","template":"","meta":{"footnotes":"","_links_to":"","_links_to_target":""},"language":[],"class_list":["post-18","page","type-page","status-publish","hentry"],"_links":{"self":[{"href":"https:\/\/blogs.magicjudges.org\/latam\/wp-json\/wp\/v2\/pages\/18","targetHints":{"allow":["GET"]}}],"collection":[{"href":"https:\/\/blogs.magicjudges.org\/latam\/wp-json\/wp\/v2\/pages"}],"about":[{"href":"https:\/\/blogs.magicjudges.org\/latam\/wp-json\/wp\/v2\/types\/page"}],"author":[{"embeddable":true,"href":"https:\/\/blogs.magicjudges.org\/latam\/wp-json\/wp\/v2\/users\/227"}],"replies":[{"embeddable":true,"href":"https:\/\/blogs.magicjudges.org\/latam\/wp-json\/wp\/v2\/comments?post=18"}],"version-history":[{"count":21,"href":"https:\/\/blogs.magicjudges.org\/latam\/wp-json\/wp\/v2\/pages\/18\/revisions"}],"predecessor-version":[{"id":2877,"href":"https:\/\/blogs.magicjudges.org\/latam\/wp-json\/wp\/v2\/pages\/18\/revisions\/2877"}],"wp:attachment":[{"href":"https:\/\/blogs.magicjudges.org\/latam\/wp-json\/wp\/v2\/media?parent=18"}],"wp:term":[{"taxonomy":"language","embeddable":true,"href":"https:\/\/blogs.magicjudges.org\/latam\/wp-json\/wp\/v2\/language?post=18"}],"curies":[{"name":"wp","href":"https:\/\/api.w.org\/{rel}","templated":true}]}}