{"id":2571,"date":"2018-04-20T20:48:44","date_gmt":"2018-04-20T20:48:44","guid":{"rendered":"http:\/\/blogs.magicjudges.org\/latam\/?page_id=2571"},"modified":"2018-08-20T20:20:36","modified_gmt":"2018-08-20T20:20:36","slug":"diariotamiyo","status":"publish","type":"page","link":"https:\/\/blogs.magicjudges.org\/latam\/diariotamiyo\/","title":{"rendered":"Diario de Tamiyo"},"content":{"rendered":"<h2><b>Entrada 0:<\/b> <strong><i>\u201cLa aut\u00e9ntica riqueza se encuentra en los laberintos de la mente\u201d<\/i><\/strong><\/h2>\n<p>&nbsp;<\/p>\n<h3 style=\"text-align: center\"><i><span style=\"font-weight: 400\">&#8220;Entro a un nuevo plano, uno de colores tropicales y mentes brillantes, a\u00fan no s\u00e9 su nombre, pues sus habitantes le llaman de modos distintos, pero creo que yo por un tiempo lo llamar\u00e9&#8230; hogar&#8230;&#8221;<\/span><\/i><\/h3>\n<p>&nbsp;<\/p>\n<p><img loading=\"lazy\" decoding=\"async\" class=\"size-medium wp-image-2573 aligncenter\" src=\"http:\/\/blogs.magicjudges.org\/latam\/files\/2018\/04\/Tamiyos-Journal-215x300.jpg\" alt=\"\" width=\"215\" height=\"300\" srcset=\"https:\/\/blogs.magicjudges.org\/latam\/files\/2018\/04\/Tamiyos-Journal-215x300.jpg 215w, https:\/\/blogs.magicjudges.org\/latam\/files\/2018\/04\/Tamiyos-Journal-90x125.jpg 90w, https:\/\/blogs.magicjudges.org\/latam\/files\/2018\/04\/Tamiyos-Journal.jpg 223w\" sizes=\"auto, (max-width: 215px) 100vw, 215px\" \/><\/p>\n<p>&nbsp;<\/p>\n<p><span style=\"font-weight: 400\">Hola a todos y bienvenidos a nuestra<\/span><b>\u00a0<\/b><b>Entrada 0<\/b><span style=\"font-weight: 400\"> del \u201c<\/span><em><b>Dia<\/b><b>rio de Tamiyo<\/b><\/em><span style=\"font-weight: 400\">\u201d,\u00a0<\/span><span style=\"font-weight: 400\">pero que es el \u201c<\/span><em><b>Diario de\u00a0<\/b><b>Tamiyo<\/b><\/em><span style=\"font-weight: 400\">\u201d?<\/span><\/p>\n<p><span style=\"font-weight: 400\">El Diario de Tamiyo es el nuevo proyecto de la Regi\u00f3n Hispanoam\u00e9rica Norte, por medio del cual queremos generar <\/span>comunidad<b> <\/b><span style=\"font-weight: 400\">en toda la Regi\u00f3n, mediante entrevistas, reportajes y art\u00edculos de inter\u00e9s, entre otros.<\/span><\/p>\n<p><b>Objetivo General:<\/b><\/p>\n<p><span style=\"font-weight: 400\">Ser un medio de comunicaci\u00f3n peri\u00f3dico, para jueces y jugadores, que brinde noticias e informaci\u00f3n de los Jueces, Proyectos y Eventos en la Regi\u00f3n Hispanoam\u00e9rica Norte.<\/span><\/p>\n<p><b>Objetivos Espec\u00edficos:<\/b><\/p>\n<ul>\n<li><span style=\"font-weight: 400\"> \u00a0\u00a0\u00a0\u00a0\u00a0\u00a0\u00a0\u00a0Informar de los proyectos de la Regi\u00f3n, avances, logros necesidades, etc.<\/span><\/li>\n<li><span style=\"font-weight: 400\"> \u00a0\u00a0\u00a0\u00a0\u00a0\u00a0\u00a0\u00a0Estrechar lazos entre jueces y jugadores.<\/span><\/li>\n<li><span style=\"font-weight: 400\"> \u00a0\u00a0\u00a0\u00a0\u00a0\u00a0\u00a0\u00a0Dar a conocer a los diferentes jueces de la regi\u00f3n.<\/span><\/li>\n<li><span style=\"font-weight: 400\"> \u00a0\u00a0\u00a0\u00a0\u00a0\u00a0\u00a0\u00a0Dar a conocer el programa de jueces a los jugadores.<\/span><\/li>\n<\/ul>\n<p><span style=\"font-weight: 400\">Tendremos para esto varios tipos de contenido, a saber:<\/span><\/p>\n<ul>\n<li><span style=\"font-weight: 400\"> \u00a0\u00a0\u00a0\u00a0\u00a0\u00a0\u00a0\u00a0<\/span><b>Escribas<\/b><span style=\"font-weight: 400\"> (entrevista al juez)<\/span><\/li>\n<\/ul>\n<p><span style=\"font-weight: 400\">Queremos conocerte y que la Regi\u00f3n te conozca, crees que debemos conocer a alg\u00fan Juez en especial y su trabajo? Recomi\u00e9ndalo!.<\/span><\/p>\n<ul>\n<li><span style=\"font-weight: 400\"> \u00a0\u00a0\u00a0\u00a0\u00a0\u00a0\u00a0\u00a0<\/span><b>Juez, Comandante, Amigo<\/b><span style=\"font-weight: 400\"> (expl\u00edcanos tu deck)<\/span><\/li>\n<\/ul>\n<p><span style=\"font-weight: 400\">Ens\u00e9\u00f1anos c\u00f3mo enfrentas a tus enemigos y c\u00f3mo los llevas a la destrucci\u00f3n total con ayuda de tu Comandante.<\/span><\/p>\n<ul>\n<li><span style=\"font-weight: 400\"> \u00a0\u00a0\u00a0\u00a0\u00a0\u00a0\u00a0\u00a0<\/span><b>Habla con Tamiyo<\/b><span style=\"font-weight: 400\"> (proyectos dentro y fuera de la Regi\u00f3n)<\/span><\/li>\n<\/ul>\n<p><span style=\"font-weight: 400\">Habla con Tamiyo de tus proyectos y anhelos, crees que falta alg\u00fan proyecto en la regi\u00f3n?, Dile cual y juntos lo haremos realidad.<\/span><\/p>\n<ul>\n<li><span style=\"font-weight: 400\"> \u00a0\u00a0\u00a0\u00a0\u00a0\u00a0\u00a0\u00a0<\/span><b>Pergaminos Perdidos<\/b><span style=\"font-weight: 400\"> (art\u00edculos libres)<\/span><\/li>\n<\/ul>\n<p><strong><i>\u201cLa aut\u00e9ntica riqueza se encuentra en los laberintos de la mente\u201d<\/i><\/strong><span style=\"font-weight: 400\"> comparte esa riqueza con todos nosotros, escribe lo que quieras, desde reportes hasta chistes, desde vivencias hasta cuentos M\u00e1gicos, escribelo y nosotros lo publicamos por ti.<\/span><\/p>\n<p><span style=\"font-weight: 400\">Este diario es de todos nosotros y es por eso que extendemos una invitaci\u00f3n a toda la Regi\u00f3n para que el que desee participar en alguna de las secciones nos hagan llegar sus solicitudes o comentarios por medio de este formulario: <\/span><a href=\"https:\/\/docs.google.com\/forms\/d\/e\/1FAIpQLSdBgPSMaJy3H2JcJWjwik29Tge9lkF0DiZu-9DtqrX-tM8Twg\/viewform?usp=sf_link\" target=\"_blank\" rel=\"noopener\"><b>Diario de Tamiyo<\/b><\/a><\/p>\n<p><span style=\"font-weight: 400\">Nos vemos en nuestra siguiente <strong>Entrada<\/strong>&#8230;<\/span><\/p>\n<hr \/>\n<pre>Escrito por: <a href=\"https:\/\/apps.magicjudges.org\/judges\/Magetacr\/\" target=\"_blank\" rel=\"noopener\">Jos\u00e9 Rojas<\/a> y <a href=\"https:\/\/apps.magicjudges.org\/judges\/ninjascroll85\/\" target=\"_blank\" rel=\"noopener\">Jorge Solano<\/a>.<\/pre>\n","protected":false},"excerpt":{"rendered":"<p>Entrada 0: \u201cLa aut\u00e9ntica riqueza se encuentra en los laberintos de la mente\u201d &nbsp; &#8220;Entro a un nuevo plano, uno de colores tropicales y mentes brillantes, a\u00fan no s\u00e9 su nombre, pues sus habitantes le llaman de modos distintos, pero creo que yo por un tiempo lo llamar\u00e9&#8230; hogar&#8230;&#8221; &nbsp; &nbsp; Hola a todos y [&hellip;]<\/p>\n","protected":false},"author":400,"featured_media":0,"parent":0,"menu_order":0,"comment_status":"closed","ping_status":"closed","template":"page_width-index.php","meta":{"footnotes":"","_links_to":"","_links_to_target":""},"language":[],"class_list":["post-2571","page","type-page","status-publish","hentry"],"_links":{"self":[{"href":"https:\/\/blogs.magicjudges.org\/latam\/wp-json\/wp\/v2\/pages\/2571","targetHints":{"allow":["GET"]}}],"collection":[{"href":"https:\/\/blogs.magicjudges.org\/latam\/wp-json\/wp\/v2\/pages"}],"about":[{"href":"https:\/\/blogs.magicjudges.org\/latam\/wp-json\/wp\/v2\/types\/page"}],"author":[{"embeddable":true,"href":"https:\/\/blogs.magicjudges.org\/latam\/wp-json\/wp\/v2\/users\/400"}],"replies":[{"embeddable":true,"href":"https:\/\/blogs.magicjudges.org\/latam\/wp-json\/wp\/v2\/comments?post=2571"}],"version-history":[{"count":16,"href":"https:\/\/blogs.magicjudges.org\/latam\/wp-json\/wp\/v2\/pages\/2571\/revisions"}],"predecessor-version":[{"id":2844,"href":"https:\/\/blogs.magicjudges.org\/latam\/wp-json\/wp\/v2\/pages\/2571\/revisions\/2844"}],"wp:attachment":[{"href":"https:\/\/blogs.magicjudges.org\/latam\/wp-json\/wp\/v2\/media?parent=2571"}],"wp:term":[{"taxonomy":"language","embeddable":true,"href":"https:\/\/blogs.magicjudges.org\/latam\/wp-json\/wp\/v2\/language?post=2571"}],"curies":[{"name":"wp","href":"https:\/\/api.w.org\/{rel}","templated":true}]}}